{"id":19486,"date":"2023-11-21T11:38:58","date_gmt":"2023-11-21T11:38:58","guid":{"rendered":"https:\/\/www.tekkiesstore.cz\/product\/supreme-hanes-boxer-black\/"},"modified":"2025-11-28T09:18:31","modified_gmt":"2025-11-28T09:18:31","slug":"supreme-hanes-boxer-black","status":"publish","type":"product","link":"https:\/\/www.tekkiesstore.cz\/en\/product\/supreme-hanes-boxer-black\/","title":{"rendered":"SUPREME\u00ae\/HANES\u00ae BOXER (BLACK)"},"content":{"rendered":"<p><strong>Supreme Hanes Boxer Briefs Black<\/strong> bring together the legendary streetwear brand Supreme and the proven quality of Hanes in an elegant black color. The pack contains four pairs of men&#8217;s boxer shorts made of soft, breathable cotton that guarantees all-day comfort, a perfect fit, and durability even with frequent wear. The elastic waistband with contrasting Supreme logo adds an iconic look that every streetwear fashion lover will appreciate. The ideal choice for everyday wear or as a collector&#8217;s item.<\/p>\n","protected":false},"excerpt":{"rendered":"<p>Supreme Hanes Boxer Briefs Black bring together the legendary streetwear brand Supreme and the proven quality of Hanes in an elegant black color. The pack contains four pairs of men&#8217;s boxer shorts made of soft, breathable cotton that guarantees all-day comfort, a perfect fit, and durability even with frequent wear. The elastic waistband with contrasting [&hellip;]<\/p>\n","protected":false},"featured_media":73507,"template":"","meta":{"_acf_changed":false},"product_brand":[],"product_cat":[261,557],"product_tag":[],"woo-feed-brand":[],"class_list":{"0":"post-19486","1":"product","2":"type-product","3":"status-publish","4":"has-post-thumbnail","6":"product_cat-clothing","7":"product_cat-supreme","9":"first","10":"onbackorder","11":"shipping-taxable","12":"purchasable","13":"product-type-variable"},"acf":[],"yoast_head":"<!-- This site is optimized with the Yoast SEO plugin v26.6 - https:\/\/yoast.com\/wordpress\/plugins\/seo\/ -->\n<title>SUPREME\u00ae\/HANES\u00ae BOXER (BLACK) | Tekkies Store<\/title>\n<meta name=\"robots\" content=\"index, follow, max-snippet:-1, max-image-preview:large, max-video-preview:-1\" \/>\n<link rel=\"canonical\" href=\"https:\/\/www.tekkiesstore.cz\/en\/product\/supreme-hanes-boxer-black\/\" \/>\n<meta property=\"og:locale\" content=\"en_US\" \/>\n<meta property=\"og:type\" content=\"article\" \/>\n<meta property=\"og:title\" content=\"SUPREME\u00ae\/HANES\u00ae BOXER (BLACK) | Tekkies Store\" \/>\n<meta property=\"og:description\" content=\"Supreme Hanes Boxer Briefs Black bring together the legendary streetwear brand Supreme and the proven quality of Hanes in an elegant black color. The pack contains four pairs of men&#8217;s boxer shorts made of soft, breathable cotton that guarantees all-day comfort, a perfect fit, and durability even with frequent wear. The elastic waistband with contrasting [&hellip;]\" \/>\n<meta property=\"og:url\" content=\"https:\/\/www.tekkiesstore.cz\/en\/product\/supreme-hanes-boxer-black\/\" \/>\n<meta property=\"og:site_name\" content=\"Tekkies Store\" \/>\n<meta property=\"article:publisher\" content=\"https:\/\/www.facebook.com\/profile.php?id=100090575808845\" \/>\n<meta property=\"article:modified_time\" content=\"2025-11-28T09:18:31+00:00\" \/>\n<meta property=\"og:image\" content=\"https:\/\/www.tekkiesstore.cz\/wp-content\/uploads\/2024\/12\/SupremeHanesBoxer_4Pack_BriefsBlack.webp\" \/>\n\t<meta property=\"og:image:width\" content=\"1200\" \/>\n\t<meta property=\"og:image:height\" content=\"1024\" \/>\n\t<meta property=\"og:image:type\" content=\"image\/webp\" \/>\n<meta name=\"twitter:card\" content=\"summary_large_image\" \/>\n<script type=\"application\/ld+json\" class=\"yoast-schema-graph\">{\"@context\":\"https:\/\/schema.org\",\"@graph\":[{\"@type\":\"WebPage\",\"@id\":\"https:\/\/www.tekkiesstore.cz\/en\/product\/supreme-hanes-boxer-black\/\",\"url\":\"https:\/\/www.tekkiesstore.cz\/en\/product\/supreme-hanes-boxer-black\/\",\"name\":\"SUPREME\u00ae\/HANES\u00ae BOXER (BLACK) | Tekkies Store\",\"isPartOf\":{\"@id\":\"https:\/\/www.tekkiesstore.cz\/#website\"},\"primaryImageOfPage\":{\"@id\":\"https:\/\/www.tekkiesstore.cz\/en\/product\/supreme-hanes-boxer-black\/#primaryimage\"},\"image\":{\"@id\":\"https:\/\/www.tekkiesstore.cz\/en\/product\/supreme-hanes-boxer-black\/#primaryimage\"},\"thumbnailUrl\":\"https:\/\/www.tekkiesstore.cz\/wp-content\/uploads\/2024\/12\/SupremeHanesBoxer_4Pack_BriefsBlack.webp\",\"datePublished\":\"2023-11-21T11:38:58+00:00\",\"dateModified\":\"2025-11-28T09:18:31+00:00\",\"breadcrumb\":{\"@id\":\"https:\/\/www.tekkiesstore.cz\/en\/product\/supreme-hanes-boxer-black\/#breadcrumb\"},\"inLanguage\":\"en-US\",\"potentialAction\":[{\"@type\":\"ReadAction\",\"target\":[\"https:\/\/www.tekkiesstore.cz\/en\/product\/supreme-hanes-boxer-black\/\"]}]},{\"@type\":\"ImageObject\",\"inLanguage\":\"en-US\",\"@id\":\"https:\/\/www.tekkiesstore.cz\/en\/product\/supreme-hanes-boxer-black\/#primaryimage\",\"url\":\"https:\/\/www.tekkiesstore.cz\/wp-content\/uploads\/2024\/12\/SupremeHanesBoxer_4Pack_BriefsBlack.webp\",\"contentUrl\":\"https:\/\/www.tekkiesstore.cz\/wp-content\/uploads\/2024\/12\/SupremeHanesBoxer_4Pack_BriefsBlack.webp\",\"width\":1200,\"height\":1024},{\"@type\":\"BreadcrumbList\",\"@id\":\"https:\/\/www.tekkiesstore.cz\/en\/product\/supreme-hanes-boxer-black\/#breadcrumb\",\"itemListElement\":[{\"@type\":\"ListItem\",\"position\":1,\"name\":\"Home\",\"item\":\"https:\/\/www.tekkiesstore.cz\/en\/\"},{\"@type\":\"ListItem\",\"position\":2,\"name\":\"Produkty\",\"item\":\"https:\/\/www.tekkiesstore.cz\/obchod\/\"},{\"@type\":\"ListItem\",\"position\":3,\"name\":\"SUPREME\u00ae\/HANES\u00ae BOXER (BLACK)\"}]},{\"@type\":\"WebSite\",\"@id\":\"https:\/\/www.tekkiesstore.cz\/#website\",\"url\":\"https:\/\/www.tekkiesstore.cz\/\",\"name\":\"Tekkies Store\",\"description\":\"Zna\u010dkov\u00e9 tenisky &amp; oble\u010den\u00ed\",\"publisher\":{\"@id\":\"https:\/\/www.tekkiesstore.cz\/#organization\"},\"potentialAction\":[{\"@type\":\"SearchAction\",\"target\":{\"@type\":\"EntryPoint\",\"urlTemplate\":\"https:\/\/www.tekkiesstore.cz\/?s={search_term_string}\"},\"query-input\":{\"@type\":\"PropertyValueSpecification\",\"valueRequired\":true,\"valueName\":\"search_term_string\"}}],\"inLanguage\":\"en-US\"},{\"@type\":\"Organization\",\"@id\":\"https:\/\/www.tekkiesstore.cz\/#organization\",\"name\":\"Tekkies Store\",\"url\":\"https:\/\/www.tekkiesstore.cz\/\",\"logo\":{\"@type\":\"ImageObject\",\"inLanguage\":\"en-US\",\"@id\":\"https:\/\/www.tekkiesstore.cz\/#\/schema\/logo\/image\/\",\"url\":\"https:\/\/www.tekkiesstore.cz\/wp-content\/uploads\/2023\/11\/logo.png\",\"contentUrl\":\"https:\/\/www.tekkiesstore.cz\/wp-content\/uploads\/2023\/11\/logo.png\",\"width\":165,\"height\":58,\"caption\":\"Tekkies Store\"},\"image\":{\"@id\":\"https:\/\/www.tekkiesstore.cz\/#\/schema\/logo\/image\/\"},\"sameAs\":[\"https:\/\/www.facebook.com\/profile.php?id=100090575808845\"]}]}<\/script>\n<!-- \/ Yoast SEO plugin. -->","yoast_head_json":{"title":"SUPREME\u00ae\/HANES\u00ae BOXER (BLACK) | Tekkies Store","robots":{"index":"index","follow":"follow","max-snippet":"max-snippet:-1","max-image-preview":"max-image-preview:large","max-video-preview":"max-video-preview:-1"},"canonical":"https:\/\/www.tekkiesstore.cz\/en\/product\/supreme-hanes-boxer-black\/","og_locale":"en_US","og_type":"article","og_title":"SUPREME\u00ae\/HANES\u00ae BOXER (BLACK) | Tekkies Store","og_description":"Supreme Hanes Boxer Briefs Black bring together the legendary streetwear brand Supreme and the proven quality of Hanes in an elegant black color. The pack contains four pairs of men&#8217;s boxer shorts made of soft, breathable cotton that guarantees all-day comfort, a perfect fit, and durability even with frequent wear. The elastic waistband with contrasting [&hellip;]","og_url":"https:\/\/www.tekkiesstore.cz\/en\/product\/supreme-hanes-boxer-black\/","og_site_name":"Tekkies Store","article_publisher":"https:\/\/www.facebook.com\/profile.php?id=100090575808845","article_modified_time":"2025-11-28T09:18:31+00:00","og_image":[{"width":1200,"height":1024,"url":"https:\/\/www.tekkiesstore.cz\/wp-content\/uploads\/2024\/12\/SupremeHanesBoxer_4Pack_BriefsBlack.webp","type":"image\/webp"}],"twitter_card":"summary_large_image","schema":{"@context":"https:\/\/schema.org","@graph":[{"@type":"WebPage","@id":"https:\/\/www.tekkiesstore.cz\/en\/product\/supreme-hanes-boxer-black\/","url":"https:\/\/www.tekkiesstore.cz\/en\/product\/supreme-hanes-boxer-black\/","name":"SUPREME\u00ae\/HANES\u00ae BOXER (BLACK) | Tekkies Store","isPartOf":{"@id":"https:\/\/www.tekkiesstore.cz\/#website"},"primaryImageOfPage":{"@id":"https:\/\/www.tekkiesstore.cz\/en\/product\/supreme-hanes-boxer-black\/#primaryimage"},"image":{"@id":"https:\/\/www.tekkiesstore.cz\/en\/product\/supreme-hanes-boxer-black\/#primaryimage"},"thumbnailUrl":"https:\/\/www.tekkiesstore.cz\/wp-content\/uploads\/2024\/12\/SupremeHanesBoxer_4Pack_BriefsBlack.webp","datePublished":"2023-11-21T11:38:58+00:00","dateModified":"2025-11-28T09:18:31+00:00","breadcrumb":{"@id":"https:\/\/www.tekkiesstore.cz\/en\/product\/supreme-hanes-boxer-black\/#breadcrumb"},"inLanguage":"en-US","potentialAction":[{"@type":"ReadAction","target":["https:\/\/www.tekkiesstore.cz\/en\/product\/supreme-hanes-boxer-black\/"]}]},{"@type":"ImageObject","inLanguage":"en-US","@id":"https:\/\/www.tekkiesstore.cz\/en\/product\/supreme-hanes-boxer-black\/#primaryimage","url":"https:\/\/www.tekkiesstore.cz\/wp-content\/uploads\/2024\/12\/SupremeHanesBoxer_4Pack_BriefsBlack.webp","contentUrl":"https:\/\/www.tekkiesstore.cz\/wp-content\/uploads\/2024\/12\/SupremeHanesBoxer_4Pack_BriefsBlack.webp","width":1200,"height":1024},{"@type":"BreadcrumbList","@id":"https:\/\/www.tekkiesstore.cz\/en\/product\/supreme-hanes-boxer-black\/#breadcrumb","itemListElement":[{"@type":"ListItem","position":1,"name":"Home","item":"https:\/\/www.tekkiesstore.cz\/en\/"},{"@type":"ListItem","position":2,"name":"Produkty","item":"https:\/\/www.tekkiesstore.cz\/obchod\/"},{"@type":"ListItem","position":3,"name":"SUPREME\u00ae\/HANES\u00ae BOXER (BLACK)"}]},{"@type":"WebSite","@id":"https:\/\/www.tekkiesstore.cz\/#website","url":"https:\/\/www.tekkiesstore.cz\/","name":"Tekkies Store","description":"Zna\u010dkov\u00e9 tenisky &amp; oble\u010den\u00ed","publisher":{"@id":"https:\/\/www.tekkiesstore.cz\/#organization"},"potentialAction":[{"@type":"SearchAction","target":{"@type":"EntryPoint","urlTemplate":"https:\/\/www.tekkiesstore.cz\/?s={search_term_string}"},"query-input":{"@type":"PropertyValueSpecification","valueRequired":true,"valueName":"search_term_string"}}],"inLanguage":"en-US"},{"@type":"Organization","@id":"https:\/\/www.tekkiesstore.cz\/#organization","name":"Tekkies Store","url":"https:\/\/www.tekkiesstore.cz\/","logo":{"@type":"ImageObject","inLanguage":"en-US","@id":"https:\/\/www.tekkiesstore.cz\/#\/schema\/logo\/image\/","url":"https:\/\/www.tekkiesstore.cz\/wp-content\/uploads\/2023\/11\/logo.png","contentUrl":"https:\/\/www.tekkiesstore.cz\/wp-content\/uploads\/2023\/11\/logo.png","width":165,"height":58,"caption":"Tekkies Store"},"image":{"@id":"https:\/\/www.tekkiesstore.cz\/#\/schema\/logo\/image\/"},"sameAs":["https:\/\/www.facebook.com\/profile.php?id=100090575808845"]}]}},"_links":{"self":[{"href":"https:\/\/www.tekkiesstore.cz\/en\/wp-json\/wp\/v2\/product\/19486","targetHints":{"allow":["GET"]}}],"collection":[{"href":"https:\/\/www.tekkiesstore.cz\/en\/wp-json\/wp\/v2\/product"}],"about":[{"href":"https:\/\/www.tekkiesstore.cz\/en\/wp-json\/wp\/v2\/types\/product"}],"wp:featuredmedia":[{"embeddable":true,"href":"https:\/\/www.tekkiesstore.cz\/en\/wp-json\/wp\/v2\/media\/73507"}],"wp:attachment":[{"href":"https:\/\/www.tekkiesstore.cz\/en\/wp-json\/wp\/v2\/media?parent=19486"}],"wp:term":[{"taxonomy":"product_brand","embeddable":true,"href":"https:\/\/www.tekkiesstore.cz\/en\/wp-json\/wp\/v2\/product_brand?post=19486"},{"taxonomy":"product_cat","embeddable":true,"href":"https:\/\/www.tekkiesstore.cz\/en\/wp-json\/wp\/v2\/product_cat?post=19486"},{"taxonomy":"product_tag","embeddable":true,"href":"https:\/\/www.tekkiesstore.cz\/en\/wp-json\/wp\/v2\/product_tag?post=19486"},{"taxonomy":"woo-feed-brand","embeddable":true,"href":"https:\/\/www.tekkiesstore.cz\/en\/wp-json\/wp\/v2\/woo-feed-brand?post=19486"}],"curies":[{"name":"wp","href":"https:\/\/api.w.org\/{rel}","templated":true}]}}