{"id":20980,"date":"2023-10-25T07:38:19","date_gmt":"2023-11-22T20:11:46","guid":{"rendered":"https:\/\/www.tekkiesstore.cz\/product\/adidas-yeezy-slate-grey\/"},"modified":"2025-12-01T11:46:44","modified_gmt":"2025-12-01T11:46:44","slug":"adidas-yeezy-slate-grey","status":"publish","type":"product","link":"https:\/\/www.tekkiesstore.cz\/en\/product\/adidas-yeezy-slate-grey\/","title":{"rendered":"ADIDAS YEEZY SLATE GREY"},"content":{"rendered":"<p><strong>Yeezy Slide Slate Grey<\/strong> features a monochromatic design in a medium grey palette. The one-piece EVA foam upper offers a lightweight and durable design. The breathable slide design includes strategic cutouts. The textured outsole provides traction and stability.<\/p>\n<p>The Yeezy Slide has a comfortable slip-on design for easy use.<\/p>\n<p><strong>We recommend choosing a size half a number larger than you normally wear. For a regular size 44, we recommend choosing 44 2\/3.<\/strong><\/p>\n","protected":false},"excerpt":{"rendered":"<p>Yeezy Slide Slate Grey features a monochromatic design in a medium grey palette. The one-piece EVA foam upper offers a lightweight and durable design. The breathable slide design includes strategic cutouts. The textured outsole provides traction and stability. The Yeezy Slide has a comfortable slip-on design for easy use. We recommend choosing a size half [&hellip;]<\/p>\n","protected":false},"featured_media":79679,"template":"","meta":{"_acf_changed":false},"product_brand":[],"product_cat":[51,185,345],"product_tag":[],"woo-feed-brand":[],"class_list":{"0":"post-20980","1":"product","2":"type-product","3":"status-publish","4":"has-post-thumbnail","6":"product_cat-sneakers","7":"product_cat-adidas","8":"product_cat-yeezy-slide","10":"first","11":"onbackorder","12":"sale","13":"shipping-taxable","14":"purchasable","15":"product-type-variable"},"acf":[],"yoast_head":"<!-- This site is optimized with the Yoast SEO plugin v26.6 - https:\/\/yoast.com\/wordpress\/plugins\/seo\/ -->\n<title>ADIDAS YEEZY SLATE GREY | Tekkies Store<\/title>\n<meta name=\"robots\" content=\"index, follow, max-snippet:-1, max-image-preview:large, max-video-preview:-1\" \/>\n<link rel=\"canonical\" href=\"https:\/\/www.tekkiesstore.cz\/en\/product\/adidas-yeezy-slate-grey\/\" \/>\n<meta property=\"og:locale\" content=\"en_US\" \/>\n<meta property=\"og:type\" content=\"article\" \/>\n<meta property=\"og:title\" content=\"ADIDAS YEEZY SLATE GREY | Tekkies Store\" \/>\n<meta property=\"og:description\" content=\"Yeezy Slide Slate Grey features a monochromatic design in a medium grey palette. The one-piece EVA foam upper offers a lightweight and durable design. The breathable slide design includes strategic cutouts. The textured outsole provides traction and stability. The Yeezy Slide has a comfortable slip-on design for easy use. We recommend choosing a size half [&hellip;]\" \/>\n<meta property=\"og:url\" content=\"https:\/\/www.tekkiesstore.cz\/en\/product\/adidas-yeezy-slate-grey\/\" \/>\n<meta property=\"og:site_name\" content=\"Tekkies Store\" \/>\n<meta property=\"article:publisher\" content=\"https:\/\/www.facebook.com\/profile.php?id=100090575808845\" \/>\n<meta property=\"article:modified_time\" content=\"2025-12-01T11:46:44+00:00\" \/>\n<meta property=\"og:image\" content=\"https:\/\/www.tekkiesstore.cz\/wp-content\/uploads\/2023\/10\/Adidas-Yeezy-Slide-Slate-Grey.webp\" \/>\n\t<meta property=\"og:image:width\" content=\"823\" \/>\n\t<meta property=\"og:image:height\" content=\"494\" \/>\n\t<meta property=\"og:image:type\" content=\"image\/webp\" \/>\n<meta name=\"twitter:card\" content=\"summary_large_image\" \/>\n<script type=\"application\/ld+json\" class=\"yoast-schema-graph\">{\"@context\":\"https:\/\/schema.org\",\"@graph\":[{\"@type\":\"WebPage\",\"@id\":\"https:\/\/www.tekkiesstore.cz\/en\/product\/adidas-yeezy-slate-grey\/\",\"url\":\"https:\/\/www.tekkiesstore.cz\/en\/product\/adidas-yeezy-slate-grey\/\",\"name\":\"ADIDAS YEEZY SLATE GREY | Tekkies Store\",\"isPartOf\":{\"@id\":\"https:\/\/www.tekkiesstore.cz\/#website\"},\"primaryImageOfPage\":{\"@id\":\"https:\/\/www.tekkiesstore.cz\/en\/product\/adidas-yeezy-slate-grey\/#primaryimage\"},\"image\":{\"@id\":\"https:\/\/www.tekkiesstore.cz\/en\/product\/adidas-yeezy-slate-grey\/#primaryimage\"},\"thumbnailUrl\":\"https:\/\/www.tekkiesstore.cz\/wp-content\/uploads\/2023\/10\/Adidas-Yeezy-Slide-Slate-Grey.webp\",\"datePublished\":\"2023-11-22T20:11:46+00:00\",\"dateModified\":\"2025-12-01T11:46:44+00:00\",\"breadcrumb\":{\"@id\":\"https:\/\/www.tekkiesstore.cz\/en\/product\/adidas-yeezy-slate-grey\/#breadcrumb\"},\"inLanguage\":\"en-US\",\"potentialAction\":[{\"@type\":\"ReadAction\",\"target\":[\"https:\/\/www.tekkiesstore.cz\/en\/product\/adidas-yeezy-slate-grey\/\"]}]},{\"@type\":\"ImageObject\",\"inLanguage\":\"en-US\",\"@id\":\"https:\/\/www.tekkiesstore.cz\/en\/product\/adidas-yeezy-slate-grey\/#primaryimage\",\"url\":\"https:\/\/www.tekkiesstore.cz\/wp-content\/uploads\/2023\/10\/Adidas-Yeezy-Slide-Slate-Grey.webp\",\"contentUrl\":\"https:\/\/www.tekkiesstore.cz\/wp-content\/uploads\/2023\/10\/Adidas-Yeezy-Slide-Slate-Grey.webp\",\"width\":823,\"height\":494},{\"@type\":\"BreadcrumbList\",\"@id\":\"https:\/\/www.tekkiesstore.cz\/en\/product\/adidas-yeezy-slate-grey\/#breadcrumb\",\"itemListElement\":[{\"@type\":\"ListItem\",\"position\":1,\"name\":\"Home\",\"item\":\"https:\/\/www.tekkiesstore.cz\/en\/\"},{\"@type\":\"ListItem\",\"position\":2,\"name\":\"Produkty\",\"item\":\"https:\/\/www.tekkiesstore.cz\/obchod\/\"},{\"@type\":\"ListItem\",\"position\":3,\"name\":\"ADIDAS YEEZY SLATE GREY\"}]},{\"@type\":\"WebSite\",\"@id\":\"https:\/\/www.tekkiesstore.cz\/#website\",\"url\":\"https:\/\/www.tekkiesstore.cz\/\",\"name\":\"Tekkies Store\",\"description\":\"Zna\u010dkov\u00e9 tenisky &amp; oble\u010den\u00ed\",\"publisher\":{\"@id\":\"https:\/\/www.tekkiesstore.cz\/#organization\"},\"potentialAction\":[{\"@type\":\"SearchAction\",\"target\":{\"@type\":\"EntryPoint\",\"urlTemplate\":\"https:\/\/www.tekkiesstore.cz\/?s={search_term_string}\"},\"query-input\":{\"@type\":\"PropertyValueSpecification\",\"valueRequired\":true,\"valueName\":\"search_term_string\"}}],\"inLanguage\":\"en-US\"},{\"@type\":\"Organization\",\"@id\":\"https:\/\/www.tekkiesstore.cz\/#organization\",\"name\":\"Tekkies Store\",\"url\":\"https:\/\/www.tekkiesstore.cz\/\",\"logo\":{\"@type\":\"ImageObject\",\"inLanguage\":\"en-US\",\"@id\":\"https:\/\/www.tekkiesstore.cz\/#\/schema\/logo\/image\/\",\"url\":\"https:\/\/www.tekkiesstore.cz\/wp-content\/uploads\/2023\/11\/logo.png\",\"contentUrl\":\"https:\/\/www.tekkiesstore.cz\/wp-content\/uploads\/2023\/11\/logo.png\",\"width\":165,\"height\":58,\"caption\":\"Tekkies Store\"},\"image\":{\"@id\":\"https:\/\/www.tekkiesstore.cz\/#\/schema\/logo\/image\/\"},\"sameAs\":[\"https:\/\/www.facebook.com\/profile.php?id=100090575808845\"]}]}<\/script>\n<!-- \/ Yoast SEO plugin. -->","yoast_head_json":{"title":"ADIDAS YEEZY SLATE GREY | Tekkies Store","robots":{"index":"index","follow":"follow","max-snippet":"max-snippet:-1","max-image-preview":"max-image-preview:large","max-video-preview":"max-video-preview:-1"},"canonical":"https:\/\/www.tekkiesstore.cz\/en\/product\/adidas-yeezy-slate-grey\/","og_locale":"en_US","og_type":"article","og_title":"ADIDAS YEEZY SLATE GREY | Tekkies Store","og_description":"Yeezy Slide Slate Grey features a monochromatic design in a medium grey palette. The one-piece EVA foam upper offers a lightweight and durable design. The breathable slide design includes strategic cutouts. The textured outsole provides traction and stability. The Yeezy Slide has a comfortable slip-on design for easy use. We recommend choosing a size half [&hellip;]","og_url":"https:\/\/www.tekkiesstore.cz\/en\/product\/adidas-yeezy-slate-grey\/","og_site_name":"Tekkies Store","article_publisher":"https:\/\/www.facebook.com\/profile.php?id=100090575808845","article_modified_time":"2025-12-01T11:46:44+00:00","og_image":[{"width":823,"height":494,"url":"https:\/\/www.tekkiesstore.cz\/wp-content\/uploads\/2023\/10\/Adidas-Yeezy-Slide-Slate-Grey.webp","type":"image\/webp"}],"twitter_card":"summary_large_image","schema":{"@context":"https:\/\/schema.org","@graph":[{"@type":"WebPage","@id":"https:\/\/www.tekkiesstore.cz\/en\/product\/adidas-yeezy-slate-grey\/","url":"https:\/\/www.tekkiesstore.cz\/en\/product\/adidas-yeezy-slate-grey\/","name":"ADIDAS YEEZY SLATE GREY | Tekkies Store","isPartOf":{"@id":"https:\/\/www.tekkiesstore.cz\/#website"},"primaryImageOfPage":{"@id":"https:\/\/www.tekkiesstore.cz\/en\/product\/adidas-yeezy-slate-grey\/#primaryimage"},"image":{"@id":"https:\/\/www.tekkiesstore.cz\/en\/product\/adidas-yeezy-slate-grey\/#primaryimage"},"thumbnailUrl":"https:\/\/www.tekkiesstore.cz\/wp-content\/uploads\/2023\/10\/Adidas-Yeezy-Slide-Slate-Grey.webp","datePublished":"2023-11-22T20:11:46+00:00","dateModified":"2025-12-01T11:46:44+00:00","breadcrumb":{"@id":"https:\/\/www.tekkiesstore.cz\/en\/product\/adidas-yeezy-slate-grey\/#breadcrumb"},"inLanguage":"en-US","potentialAction":[{"@type":"ReadAction","target":["https:\/\/www.tekkiesstore.cz\/en\/product\/adidas-yeezy-slate-grey\/"]}]},{"@type":"ImageObject","inLanguage":"en-US","@id":"https:\/\/www.tekkiesstore.cz\/en\/product\/adidas-yeezy-slate-grey\/#primaryimage","url":"https:\/\/www.tekkiesstore.cz\/wp-content\/uploads\/2023\/10\/Adidas-Yeezy-Slide-Slate-Grey.webp","contentUrl":"https:\/\/www.tekkiesstore.cz\/wp-content\/uploads\/2023\/10\/Adidas-Yeezy-Slide-Slate-Grey.webp","width":823,"height":494},{"@type":"BreadcrumbList","@id":"https:\/\/www.tekkiesstore.cz\/en\/product\/adidas-yeezy-slate-grey\/#breadcrumb","itemListElement":[{"@type":"ListItem","position":1,"name":"Home","item":"https:\/\/www.tekkiesstore.cz\/en\/"},{"@type":"ListItem","position":2,"name":"Produkty","item":"https:\/\/www.tekkiesstore.cz\/obchod\/"},{"@type":"ListItem","position":3,"name":"ADIDAS YEEZY SLATE GREY"}]},{"@type":"WebSite","@id":"https:\/\/www.tekkiesstore.cz\/#website","url":"https:\/\/www.tekkiesstore.cz\/","name":"Tekkies Store","description":"Zna\u010dkov\u00e9 tenisky &amp; oble\u010den\u00ed","publisher":{"@id":"https:\/\/www.tekkiesstore.cz\/#organization"},"potentialAction":[{"@type":"SearchAction","target":{"@type":"EntryPoint","urlTemplate":"https:\/\/www.tekkiesstore.cz\/?s={search_term_string}"},"query-input":{"@type":"PropertyValueSpecification","valueRequired":true,"valueName":"search_term_string"}}],"inLanguage":"en-US"},{"@type":"Organization","@id":"https:\/\/www.tekkiesstore.cz\/#organization","name":"Tekkies Store","url":"https:\/\/www.tekkiesstore.cz\/","logo":{"@type":"ImageObject","inLanguage":"en-US","@id":"https:\/\/www.tekkiesstore.cz\/#\/schema\/logo\/image\/","url":"https:\/\/www.tekkiesstore.cz\/wp-content\/uploads\/2023\/11\/logo.png","contentUrl":"https:\/\/www.tekkiesstore.cz\/wp-content\/uploads\/2023\/11\/logo.png","width":165,"height":58,"caption":"Tekkies Store"},"image":{"@id":"https:\/\/www.tekkiesstore.cz\/#\/schema\/logo\/image\/"},"sameAs":["https:\/\/www.facebook.com\/profile.php?id=100090575808845"]}]}},"_links":{"self":[{"href":"https:\/\/www.tekkiesstore.cz\/en\/wp-json\/wp\/v2\/product\/20980","targetHints":{"allow":["GET"]}}],"collection":[{"href":"https:\/\/www.tekkiesstore.cz\/en\/wp-json\/wp\/v2\/product"}],"about":[{"href":"https:\/\/www.tekkiesstore.cz\/en\/wp-json\/wp\/v2\/types\/product"}],"wp:featuredmedia":[{"embeddable":true,"href":"https:\/\/www.tekkiesstore.cz\/en\/wp-json\/wp\/v2\/media\/79679"}],"wp:attachment":[{"href":"https:\/\/www.tekkiesstore.cz\/en\/wp-json\/wp\/v2\/media?parent=20980"}],"wp:term":[{"taxonomy":"product_brand","embeddable":true,"href":"https:\/\/www.tekkiesstore.cz\/en\/wp-json\/wp\/v2\/product_brand?post=20980"},{"taxonomy":"product_cat","embeddable":true,"href":"https:\/\/www.tekkiesstore.cz\/en\/wp-json\/wp\/v2\/product_cat?post=20980"},{"taxonomy":"product_tag","embeddable":true,"href":"https:\/\/www.tekkiesstore.cz\/en\/wp-json\/wp\/v2\/product_tag?post=20980"},{"taxonomy":"woo-feed-brand","embeddable":true,"href":"https:\/\/www.tekkiesstore.cz\/en\/wp-json\/wp\/v2\/woo-feed-brand?post=20980"}],"curies":[{"name":"wp","href":"https:\/\/api.w.org\/{rel}","templated":true}]}}