{"id":27052,"date":"2023-10-25T07:23:09","date_gmt":"2023-10-25T07:23:09","guid":{"rendered":"https:\/\/www.tekkiesstore.cz\/product\/air-jordan-4-psg-paris-saint-germain-neutral-grey-bordeaux\/"},"modified":"2024-12-11T19:12:18","modified_gmt":"2024-12-11T19:12:18","slug":"jordan-4-retro-psg-paris-saint-germain","status":"publish","type":"product","link":"https:\/\/www.tekkiesstore.cz\/en\/product\/jordan-4-retro-psg-paris-saint-germain\/","title":{"rendered":"JORDAN 4 RETRO PSG PARIS SAINT-GERMAIN"},"content":{"rendered":"<p>The visible air cushion in the heel, popularized by Hatfield on the Air Max 1 and Jordan 3, is also present on this iconic model. The Jordan brand has collaborated with many well-known designers, artists and brands such as Off-White, Supreme and Travis Scott. Add the iconic Air Jordan 4 to your collection, available at Tekkiesstore. Regularly clean the surface of the sneakers with a soft damp cloth to keep them looking like new.<\/p>\n","protected":false},"excerpt":{"rendered":"<p>The visible air cushion in the heel, popularized by Hatfield on the Air Max 1 and Jordan 3, is also present on this iconic model. The Jordan brand has collaborated with many well-known designers, artists and brands such as Off-White, Supreme and Travis Scott. Add the iconic Air Jordan 4 to your collection, available at [&hellip;]<\/p>\n","protected":false},"featured_media":5465,"template":"","meta":{"_acf_changed":false},"product_brand":[],"product_cat":[51,49,50],"product_tag":[],"woo-feed-brand":[],"class_list":{"0":"post-27052","1":"product","2":"type-product","3":"status-publish","4":"has-post-thumbnail","6":"product_cat-sneakers","7":"product_cat-air-jordan","8":"product_cat-air-jordan-4","10":"first","11":"onbackorder","12":"shipping-taxable","13":"purchasable","14":"product-type-variable"},"acf":[],"yoast_head":"<!-- This site is optimized with the Yoast SEO plugin v26.6 - https:\/\/yoast.com\/wordpress\/plugins\/seo\/ -->\n<title>JORDAN 4 RETRO PSG PARIS SAINT-GERMAIN | Tekkies Store<\/title>\n<meta name=\"robots\" content=\"index, follow, max-snippet:-1, max-image-preview:large, max-video-preview:-1\" \/>\n<link rel=\"canonical\" href=\"https:\/\/www.tekkiesstore.cz\/en\/product\/jordan-4-retro-psg-paris-saint-germain\/\" \/>\n<meta property=\"og:locale\" content=\"en_US\" \/>\n<meta property=\"og:type\" content=\"article\" \/>\n<meta property=\"og:title\" content=\"JORDAN 4 RETRO PSG PARIS SAINT-GERMAIN | Tekkies Store\" \/>\n<meta property=\"og:description\" content=\"The visible air cushion in the heel, popularized by Hatfield on the Air Max 1 and Jordan 3, is also present on this iconic model. The Jordan brand has collaborated with many well-known designers, artists and brands such as Off-White, Supreme and Travis Scott. Add the iconic Air Jordan 4 to your collection, available at [&hellip;]\" \/>\n<meta property=\"og:url\" content=\"https:\/\/www.tekkiesstore.cz\/en\/product\/jordan-4-retro-psg-paris-saint-germain\/\" \/>\n<meta property=\"og:site_name\" content=\"Tekkies Store\" \/>\n<meta property=\"article:publisher\" content=\"https:\/\/www.facebook.com\/profile.php?id=100090575808845\" \/>\n<meta property=\"article:modified_time\" content=\"2024-12-11T19:12:18+00:00\" \/>\n<meta property=\"og:image\" content=\"https:\/\/www.tekkiesstore.cz\/wp-content\/uploads\/2023\/10\/15817631_43088662_2048.webp\" \/>\n\t<meta property=\"og:image:width\" content=\"1100\" \/>\n\t<meta property=\"og:image:height\" content=\"660\" \/>\n\t<meta property=\"og:image:type\" content=\"image\/webp\" \/>\n<meta name=\"twitter:card\" content=\"summary_large_image\" \/>\n<meta name=\"twitter:label1\" content=\"Est. reading time\" \/>\n\t<meta name=\"twitter:data1\" content=\"1 minute\" \/>\n<script type=\"application\/ld+json\" class=\"yoast-schema-graph\">{\"@context\":\"https:\/\/schema.org\",\"@graph\":[{\"@type\":\"WebPage\",\"@id\":\"https:\/\/www.tekkiesstore.cz\/en\/product\/jordan-4-retro-psg-paris-saint-germain\/\",\"url\":\"https:\/\/www.tekkiesstore.cz\/en\/product\/jordan-4-retro-psg-paris-saint-germain\/\",\"name\":\"JORDAN 4 RETRO PSG PARIS SAINT-GERMAIN | Tekkies Store\",\"isPartOf\":{\"@id\":\"https:\/\/www.tekkiesstore.cz\/#website\"},\"primaryImageOfPage\":{\"@id\":\"https:\/\/www.tekkiesstore.cz\/en\/product\/jordan-4-retro-psg-paris-saint-germain\/#primaryimage\"},\"image\":{\"@id\":\"https:\/\/www.tekkiesstore.cz\/en\/product\/jordan-4-retro-psg-paris-saint-germain\/#primaryimage\"},\"thumbnailUrl\":\"https:\/\/www.tekkiesstore.cz\/wp-content\/uploads\/2023\/10\/15817631_43088662_2048.webp\",\"datePublished\":\"2023-10-25T07:23:09+00:00\",\"dateModified\":\"2024-12-11T19:12:18+00:00\",\"breadcrumb\":{\"@id\":\"https:\/\/www.tekkiesstore.cz\/en\/product\/jordan-4-retro-psg-paris-saint-germain\/#breadcrumb\"},\"inLanguage\":\"en-US\",\"potentialAction\":[{\"@type\":\"ReadAction\",\"target\":[\"https:\/\/www.tekkiesstore.cz\/en\/product\/jordan-4-retro-psg-paris-saint-germain\/\"]}]},{\"@type\":\"ImageObject\",\"inLanguage\":\"en-US\",\"@id\":\"https:\/\/www.tekkiesstore.cz\/en\/product\/jordan-4-retro-psg-paris-saint-germain\/#primaryimage\",\"url\":\"https:\/\/www.tekkiesstore.cz\/wp-content\/uploads\/2023\/10\/15817631_43088662_2048.webp\",\"contentUrl\":\"https:\/\/www.tekkiesstore.cz\/wp-content\/uploads\/2023\/10\/15817631_43088662_2048.webp\",\"width\":1100,\"height\":660},{\"@type\":\"BreadcrumbList\",\"@id\":\"https:\/\/www.tekkiesstore.cz\/en\/product\/jordan-4-retro-psg-paris-saint-germain\/#breadcrumb\",\"itemListElement\":[{\"@type\":\"ListItem\",\"position\":1,\"name\":\"Home\",\"item\":\"https:\/\/www.tekkiesstore.cz\/en\/\"},{\"@type\":\"ListItem\",\"position\":2,\"name\":\"Produkty\",\"item\":\"https:\/\/www.tekkiesstore.cz\/obchod\/\"},{\"@type\":\"ListItem\",\"position\":3,\"name\":\"JORDAN 4 RETRO PSG PARIS SAINT-GERMAIN\"}]},{\"@type\":\"WebSite\",\"@id\":\"https:\/\/www.tekkiesstore.cz\/#website\",\"url\":\"https:\/\/www.tekkiesstore.cz\/\",\"name\":\"Tekkies Store\",\"description\":\"Zna\u010dkov\u00e9 tenisky &amp; oble\u010den\u00ed\",\"publisher\":{\"@id\":\"https:\/\/www.tekkiesstore.cz\/#organization\"},\"potentialAction\":[{\"@type\":\"SearchAction\",\"target\":{\"@type\":\"EntryPoint\",\"urlTemplate\":\"https:\/\/www.tekkiesstore.cz\/?s={search_term_string}\"},\"query-input\":{\"@type\":\"PropertyValueSpecification\",\"valueRequired\":true,\"valueName\":\"search_term_string\"}}],\"inLanguage\":\"en-US\"},{\"@type\":\"Organization\",\"@id\":\"https:\/\/www.tekkiesstore.cz\/#organization\",\"name\":\"Tekkies Store\",\"url\":\"https:\/\/www.tekkiesstore.cz\/\",\"logo\":{\"@type\":\"ImageObject\",\"inLanguage\":\"en-US\",\"@id\":\"https:\/\/www.tekkiesstore.cz\/#\/schema\/logo\/image\/\",\"url\":\"https:\/\/www.tekkiesstore.cz\/wp-content\/uploads\/2023\/11\/logo.png\",\"contentUrl\":\"https:\/\/www.tekkiesstore.cz\/wp-content\/uploads\/2023\/11\/logo.png\",\"width\":165,\"height\":58,\"caption\":\"Tekkies Store\"},\"image\":{\"@id\":\"https:\/\/www.tekkiesstore.cz\/#\/schema\/logo\/image\/\"},\"sameAs\":[\"https:\/\/www.facebook.com\/profile.php?id=100090575808845\"]}]}<\/script>\n<!-- \/ Yoast SEO plugin. -->","yoast_head_json":{"title":"JORDAN 4 RETRO PSG PARIS SAINT-GERMAIN | Tekkies Store","robots":{"index":"index","follow":"follow","max-snippet":"max-snippet:-1","max-image-preview":"max-image-preview:large","max-video-preview":"max-video-preview:-1"},"canonical":"https:\/\/www.tekkiesstore.cz\/en\/product\/jordan-4-retro-psg-paris-saint-germain\/","og_locale":"en_US","og_type":"article","og_title":"JORDAN 4 RETRO PSG PARIS SAINT-GERMAIN | Tekkies Store","og_description":"The visible air cushion in the heel, popularized by Hatfield on the Air Max 1 and Jordan 3, is also present on this iconic model. The Jordan brand has collaborated with many well-known designers, artists and brands such as Off-White, Supreme and Travis Scott. Add the iconic Air Jordan 4 to your collection, available at [&hellip;]","og_url":"https:\/\/www.tekkiesstore.cz\/en\/product\/jordan-4-retro-psg-paris-saint-germain\/","og_site_name":"Tekkies Store","article_publisher":"https:\/\/www.facebook.com\/profile.php?id=100090575808845","article_modified_time":"2024-12-11T19:12:18+00:00","og_image":[{"width":1100,"height":660,"url":"https:\/\/www.tekkiesstore.cz\/wp-content\/uploads\/2023\/10\/15817631_43088662_2048.webp","type":"image\/webp"}],"twitter_card":"summary_large_image","twitter_misc":{"Est. reading time":"1 minute"},"schema":{"@context":"https:\/\/schema.org","@graph":[{"@type":"WebPage","@id":"https:\/\/www.tekkiesstore.cz\/en\/product\/jordan-4-retro-psg-paris-saint-germain\/","url":"https:\/\/www.tekkiesstore.cz\/en\/product\/jordan-4-retro-psg-paris-saint-germain\/","name":"JORDAN 4 RETRO PSG PARIS SAINT-GERMAIN | Tekkies Store","isPartOf":{"@id":"https:\/\/www.tekkiesstore.cz\/#website"},"primaryImageOfPage":{"@id":"https:\/\/www.tekkiesstore.cz\/en\/product\/jordan-4-retro-psg-paris-saint-germain\/#primaryimage"},"image":{"@id":"https:\/\/www.tekkiesstore.cz\/en\/product\/jordan-4-retro-psg-paris-saint-germain\/#primaryimage"},"thumbnailUrl":"https:\/\/www.tekkiesstore.cz\/wp-content\/uploads\/2023\/10\/15817631_43088662_2048.webp","datePublished":"2023-10-25T07:23:09+00:00","dateModified":"2024-12-11T19:12:18+00:00","breadcrumb":{"@id":"https:\/\/www.tekkiesstore.cz\/en\/product\/jordan-4-retro-psg-paris-saint-germain\/#breadcrumb"},"inLanguage":"en-US","potentialAction":[{"@type":"ReadAction","target":["https:\/\/www.tekkiesstore.cz\/en\/product\/jordan-4-retro-psg-paris-saint-germain\/"]}]},{"@type":"ImageObject","inLanguage":"en-US","@id":"https:\/\/www.tekkiesstore.cz\/en\/product\/jordan-4-retro-psg-paris-saint-germain\/#primaryimage","url":"https:\/\/www.tekkiesstore.cz\/wp-content\/uploads\/2023\/10\/15817631_43088662_2048.webp","contentUrl":"https:\/\/www.tekkiesstore.cz\/wp-content\/uploads\/2023\/10\/15817631_43088662_2048.webp","width":1100,"height":660},{"@type":"BreadcrumbList","@id":"https:\/\/www.tekkiesstore.cz\/en\/product\/jordan-4-retro-psg-paris-saint-germain\/#breadcrumb","itemListElement":[{"@type":"ListItem","position":1,"name":"Home","item":"https:\/\/www.tekkiesstore.cz\/en\/"},{"@type":"ListItem","position":2,"name":"Produkty","item":"https:\/\/www.tekkiesstore.cz\/obchod\/"},{"@type":"ListItem","position":3,"name":"JORDAN 4 RETRO PSG PARIS SAINT-GERMAIN"}]},{"@type":"WebSite","@id":"https:\/\/www.tekkiesstore.cz\/#website","url":"https:\/\/www.tekkiesstore.cz\/","name":"Tekkies Store","description":"Zna\u010dkov\u00e9 tenisky &amp; oble\u010den\u00ed","publisher":{"@id":"https:\/\/www.tekkiesstore.cz\/#organization"},"potentialAction":[{"@type":"SearchAction","target":{"@type":"EntryPoint","urlTemplate":"https:\/\/www.tekkiesstore.cz\/?s={search_term_string}"},"query-input":{"@type":"PropertyValueSpecification","valueRequired":true,"valueName":"search_term_string"}}],"inLanguage":"en-US"},{"@type":"Organization","@id":"https:\/\/www.tekkiesstore.cz\/#organization","name":"Tekkies Store","url":"https:\/\/www.tekkiesstore.cz\/","logo":{"@type":"ImageObject","inLanguage":"en-US","@id":"https:\/\/www.tekkiesstore.cz\/#\/schema\/logo\/image\/","url":"https:\/\/www.tekkiesstore.cz\/wp-content\/uploads\/2023\/11\/logo.png","contentUrl":"https:\/\/www.tekkiesstore.cz\/wp-content\/uploads\/2023\/11\/logo.png","width":165,"height":58,"caption":"Tekkies Store"},"image":{"@id":"https:\/\/www.tekkiesstore.cz\/#\/schema\/logo\/image\/"},"sameAs":["https:\/\/www.facebook.com\/profile.php?id=100090575808845"]}]}},"_links":{"self":[{"href":"https:\/\/www.tekkiesstore.cz\/en\/wp-json\/wp\/v2\/product\/27052","targetHints":{"allow":["GET"]}}],"collection":[{"href":"https:\/\/www.tekkiesstore.cz\/en\/wp-json\/wp\/v2\/product"}],"about":[{"href":"https:\/\/www.tekkiesstore.cz\/en\/wp-json\/wp\/v2\/types\/product"}],"wp:featuredmedia":[{"embeddable":true,"href":"https:\/\/www.tekkiesstore.cz\/en\/wp-json\/wp\/v2\/media\/5465"}],"wp:attachment":[{"href":"https:\/\/www.tekkiesstore.cz\/en\/wp-json\/wp\/v2\/media?parent=27052"}],"wp:term":[{"taxonomy":"product_brand","embeddable":true,"href":"https:\/\/www.tekkiesstore.cz\/en\/wp-json\/wp\/v2\/product_brand?post=27052"},{"taxonomy":"product_cat","embeddable":true,"href":"https:\/\/www.tekkiesstore.cz\/en\/wp-json\/wp\/v2\/product_cat?post=27052"},{"taxonomy":"product_tag","embeddable":true,"href":"https:\/\/www.tekkiesstore.cz\/en\/wp-json\/wp\/v2\/product_tag?post=27052"},{"taxonomy":"woo-feed-brand","embeddable":true,"href":"https:\/\/www.tekkiesstore.cz\/en\/wp-json\/wp\/v2\/woo-feed-brand?post=27052"}],"curies":[{"name":"wp","href":"https:\/\/api.w.org\/{rel}","templated":true}]}}