{"id":37879,"date":"2023-10-25T06:58:50","date_gmt":"2023-10-25T06:58:50","guid":{"rendered":"https:\/\/www.tekkiesstore.cz\/product\/air-jordan-1-high-chicago-lost-found\/"},"modified":"2024-11-20T22:20:29","modified_gmt":"2024-11-20T22:20:29","slug":"air-jordan-1-retro-high-chicago-lost-and-found","status":"publish","type":"product","link":"https:\/\/www.tekkiesstore.cz\/en\/product\/air-jordan-1-retro-high-chicago-lost-and-found\/","title":{"rendered":"AIR JORDAN 1 HIGH CHICAGO LOST &#038; FOUND"},"content":{"rendered":"<p><strong>The Air Jordan 1 High Chicago Lost And Found<\/strong> brings a new take on a classic model to the game. Its white leather base bears superficial cracks that are also reflected on the black leather collar. This design brings back memories of the legendary <strong>Chicago Bulls<\/strong> team colors.<\/p>\n<p>The red leather overlays add charm and pizzazz that evokes the team&#8217;s famous color code. The off-white tongue gives this model a retro look, creating the perfect contrast with the midsole. To make matters worse, the entire sneaker set rests on a red outsole with a patina, taking us back to the original 1985 models.<\/p>\n<p>This is a unique fusion between past and present that is guaranteed to catch the attention of any sneakerhead. Get a sneaker that combines classic design with new elements, bringing a whole new dimension to your sneaker collection.<\/p>\n","protected":false},"excerpt":{"rendered":"<p>The Air Jordan 1 High Chicago Lost And Found brings a new take on a classic model to the game. Its white leather base bears superficial cracks that are also reflected on the black leather collar. This design brings back memories of the legendary Chicago Bulls team colors. The red leather overlays add charm and [&hellip;]<\/p>\n","protected":false},"featured_media":55901,"template":"","meta":{"_acf_changed":false},"product_brand":[],"product_cat":[51,49,343],"product_tag":[],"woo-feed-brand":[],"class_list":{"0":"post-37879","1":"product","2":"type-product","3":"status-publish","4":"has-post-thumbnail","6":"product_cat-sneakers","7":"product_cat-air-jordan","8":"product_cat-air-jordan-1-high","10":"first","11":"onbackorder","12":"sale","13":"shipping-taxable","14":"purchasable","15":"product-type-variable"},"acf":[],"yoast_head":"<!-- This site is optimized with the Yoast SEO plugin v26.6 - https:\/\/yoast.com\/wordpress\/plugins\/seo\/ -->\n<title>AIR JORDAN 1 HIGH CHICAGO LOST &amp; FOUND | Tekkies Store<\/title>\n<meta name=\"robots\" content=\"index, follow, max-snippet:-1, max-image-preview:large, max-video-preview:-1\" \/>\n<link rel=\"canonical\" href=\"https:\/\/www.tekkiesstore.cz\/en\/product\/air-jordan-1-retro-high-chicago-lost-and-found\/\" \/>\n<meta property=\"og:locale\" content=\"en_US\" \/>\n<meta property=\"og:type\" content=\"article\" \/>\n<meta property=\"og:title\" content=\"AIR JORDAN 1 HIGH CHICAGO LOST &amp; FOUND | Tekkies Store\" \/>\n<meta property=\"og:description\" content=\"The Air Jordan 1 High Chicago Lost And Found brings a new take on a classic model to the game. Its white leather base bears superficial cracks that are also reflected on the black leather collar. This design brings back memories of the legendary Chicago Bulls team colors. The red leather overlays add charm and [&hellip;]\" \/>\n<meta property=\"og:url\" content=\"https:\/\/www.tekkiesstore.cz\/en\/product\/air-jordan-1-retro-high-chicago-lost-and-found\/\" \/>\n<meta property=\"og:site_name\" content=\"Tekkies Store\" \/>\n<meta property=\"article:publisher\" content=\"https:\/\/www.facebook.com\/profile.php?id=100090575808845\" \/>\n<meta property=\"article:modified_time\" content=\"2024-11-20T22:20:29+00:00\" \/>\n<meta property=\"og:image\" content=\"https:\/\/www.tekkiesstore.cz\/wp-content\/uploads\/2023\/10\/J1HighLostAndFound.webp\" \/>\n\t<meta property=\"og:image:width\" content=\"1000\" \/>\n\t<meta property=\"og:image:height\" content=\"600\" \/>\n\t<meta property=\"og:image:type\" content=\"image\/webp\" \/>\n<meta name=\"twitter:card\" content=\"summary_large_image\" \/>\n<meta name=\"twitter:label1\" content=\"Est. reading time\" \/>\n\t<meta name=\"twitter:data1\" content=\"1 minute\" \/>\n<script type=\"application\/ld+json\" class=\"yoast-schema-graph\">{\"@context\":\"https:\/\/schema.org\",\"@graph\":[{\"@type\":\"WebPage\",\"@id\":\"https:\/\/www.tekkiesstore.cz\/en\/product\/air-jordan-1-retro-high-chicago-lost-and-found\/\",\"url\":\"https:\/\/www.tekkiesstore.cz\/en\/product\/air-jordan-1-retro-high-chicago-lost-and-found\/\",\"name\":\"AIR JORDAN 1 HIGH CHICAGO LOST & FOUND | Tekkies Store\",\"isPartOf\":{\"@id\":\"https:\/\/www.tekkiesstore.cz\/#website\"},\"primaryImageOfPage\":{\"@id\":\"https:\/\/www.tekkiesstore.cz\/en\/product\/air-jordan-1-retro-high-chicago-lost-and-found\/#primaryimage\"},\"image\":{\"@id\":\"https:\/\/www.tekkiesstore.cz\/en\/product\/air-jordan-1-retro-high-chicago-lost-and-found\/#primaryimage\"},\"thumbnailUrl\":\"https:\/\/www.tekkiesstore.cz\/wp-content\/uploads\/2023\/10\/J1HighLostAndFound.webp\",\"datePublished\":\"2023-10-25T06:58:50+00:00\",\"dateModified\":\"2024-11-20T22:20:29+00:00\",\"breadcrumb\":{\"@id\":\"https:\/\/www.tekkiesstore.cz\/en\/product\/air-jordan-1-retro-high-chicago-lost-and-found\/#breadcrumb\"},\"inLanguage\":\"en-US\",\"potentialAction\":[{\"@type\":\"ReadAction\",\"target\":[\"https:\/\/www.tekkiesstore.cz\/en\/product\/air-jordan-1-retro-high-chicago-lost-and-found\/\"]}]},{\"@type\":\"ImageObject\",\"inLanguage\":\"en-US\",\"@id\":\"https:\/\/www.tekkiesstore.cz\/en\/product\/air-jordan-1-retro-high-chicago-lost-and-found\/#primaryimage\",\"url\":\"https:\/\/www.tekkiesstore.cz\/wp-content\/uploads\/2023\/10\/J1HighLostAndFound.webp\",\"contentUrl\":\"https:\/\/www.tekkiesstore.cz\/wp-content\/uploads\/2023\/10\/J1HighLostAndFound.webp\",\"width\":1000,\"height\":600},{\"@type\":\"BreadcrumbList\",\"@id\":\"https:\/\/www.tekkiesstore.cz\/en\/product\/air-jordan-1-retro-high-chicago-lost-and-found\/#breadcrumb\",\"itemListElement\":[{\"@type\":\"ListItem\",\"position\":1,\"name\":\"Home\",\"item\":\"https:\/\/www.tekkiesstore.cz\/en\/\"},{\"@type\":\"ListItem\",\"position\":2,\"name\":\"Produkty\",\"item\":\"https:\/\/www.tekkiesstore.cz\/obchod\/\"},{\"@type\":\"ListItem\",\"position\":3,\"name\":\"AIR JORDAN 1 HIGH CHICAGO LOST &#038; FOUND\"}]},{\"@type\":\"WebSite\",\"@id\":\"https:\/\/www.tekkiesstore.cz\/#website\",\"url\":\"https:\/\/www.tekkiesstore.cz\/\",\"name\":\"Tekkies Store\",\"description\":\"Zna\u010dkov\u00e9 tenisky &amp; oble\u010den\u00ed\",\"publisher\":{\"@id\":\"https:\/\/www.tekkiesstore.cz\/#organization\"},\"potentialAction\":[{\"@type\":\"SearchAction\",\"target\":{\"@type\":\"EntryPoint\",\"urlTemplate\":\"https:\/\/www.tekkiesstore.cz\/?s={search_term_string}\"},\"query-input\":{\"@type\":\"PropertyValueSpecification\",\"valueRequired\":true,\"valueName\":\"search_term_string\"}}],\"inLanguage\":\"en-US\"},{\"@type\":\"Organization\",\"@id\":\"https:\/\/www.tekkiesstore.cz\/#organization\",\"name\":\"Tekkies Store\",\"url\":\"https:\/\/www.tekkiesstore.cz\/\",\"logo\":{\"@type\":\"ImageObject\",\"inLanguage\":\"en-US\",\"@id\":\"https:\/\/www.tekkiesstore.cz\/#\/schema\/logo\/image\/\",\"url\":\"https:\/\/www.tekkiesstore.cz\/wp-content\/uploads\/2023\/11\/logo.png\",\"contentUrl\":\"https:\/\/www.tekkiesstore.cz\/wp-content\/uploads\/2023\/11\/logo.png\",\"width\":165,\"height\":58,\"caption\":\"Tekkies Store\"},\"image\":{\"@id\":\"https:\/\/www.tekkiesstore.cz\/#\/schema\/logo\/image\/\"},\"sameAs\":[\"https:\/\/www.facebook.com\/profile.php?id=100090575808845\"]}]}<\/script>\n<!-- \/ Yoast SEO plugin. -->","yoast_head_json":{"title":"AIR JORDAN 1 HIGH CHICAGO LOST & FOUND | Tekkies Store","robots":{"index":"index","follow":"follow","max-snippet":"max-snippet:-1","max-image-preview":"max-image-preview:large","max-video-preview":"max-video-preview:-1"},"canonical":"https:\/\/www.tekkiesstore.cz\/en\/product\/air-jordan-1-retro-high-chicago-lost-and-found\/","og_locale":"en_US","og_type":"article","og_title":"AIR JORDAN 1 HIGH CHICAGO LOST & FOUND | Tekkies Store","og_description":"The Air Jordan 1 High Chicago Lost And Found brings a new take on a classic model to the game. Its white leather base bears superficial cracks that are also reflected on the black leather collar. This design brings back memories of the legendary Chicago Bulls team colors. The red leather overlays add charm and [&hellip;]","og_url":"https:\/\/www.tekkiesstore.cz\/en\/product\/air-jordan-1-retro-high-chicago-lost-and-found\/","og_site_name":"Tekkies Store","article_publisher":"https:\/\/www.facebook.com\/profile.php?id=100090575808845","article_modified_time":"2024-11-20T22:20:29+00:00","og_image":[{"width":1000,"height":600,"url":"https:\/\/www.tekkiesstore.cz\/wp-content\/uploads\/2023\/10\/J1HighLostAndFound.webp","type":"image\/webp"}],"twitter_card":"summary_large_image","twitter_misc":{"Est. reading time":"1 minute"},"schema":{"@context":"https:\/\/schema.org","@graph":[{"@type":"WebPage","@id":"https:\/\/www.tekkiesstore.cz\/en\/product\/air-jordan-1-retro-high-chicago-lost-and-found\/","url":"https:\/\/www.tekkiesstore.cz\/en\/product\/air-jordan-1-retro-high-chicago-lost-and-found\/","name":"AIR JORDAN 1 HIGH CHICAGO LOST & FOUND | Tekkies Store","isPartOf":{"@id":"https:\/\/www.tekkiesstore.cz\/#website"},"primaryImageOfPage":{"@id":"https:\/\/www.tekkiesstore.cz\/en\/product\/air-jordan-1-retro-high-chicago-lost-and-found\/#primaryimage"},"image":{"@id":"https:\/\/www.tekkiesstore.cz\/en\/product\/air-jordan-1-retro-high-chicago-lost-and-found\/#primaryimage"},"thumbnailUrl":"https:\/\/www.tekkiesstore.cz\/wp-content\/uploads\/2023\/10\/J1HighLostAndFound.webp","datePublished":"2023-10-25T06:58:50+00:00","dateModified":"2024-11-20T22:20:29+00:00","breadcrumb":{"@id":"https:\/\/www.tekkiesstore.cz\/en\/product\/air-jordan-1-retro-high-chicago-lost-and-found\/#breadcrumb"},"inLanguage":"en-US","potentialAction":[{"@type":"ReadAction","target":["https:\/\/www.tekkiesstore.cz\/en\/product\/air-jordan-1-retro-high-chicago-lost-and-found\/"]}]},{"@type":"ImageObject","inLanguage":"en-US","@id":"https:\/\/www.tekkiesstore.cz\/en\/product\/air-jordan-1-retro-high-chicago-lost-and-found\/#primaryimage","url":"https:\/\/www.tekkiesstore.cz\/wp-content\/uploads\/2023\/10\/J1HighLostAndFound.webp","contentUrl":"https:\/\/www.tekkiesstore.cz\/wp-content\/uploads\/2023\/10\/J1HighLostAndFound.webp","width":1000,"height":600},{"@type":"BreadcrumbList","@id":"https:\/\/www.tekkiesstore.cz\/en\/product\/air-jordan-1-retro-high-chicago-lost-and-found\/#breadcrumb","itemListElement":[{"@type":"ListItem","position":1,"name":"Home","item":"https:\/\/www.tekkiesstore.cz\/en\/"},{"@type":"ListItem","position":2,"name":"Produkty","item":"https:\/\/www.tekkiesstore.cz\/obchod\/"},{"@type":"ListItem","position":3,"name":"AIR JORDAN 1 HIGH CHICAGO LOST &#038; FOUND"}]},{"@type":"WebSite","@id":"https:\/\/www.tekkiesstore.cz\/#website","url":"https:\/\/www.tekkiesstore.cz\/","name":"Tekkies Store","description":"Zna\u010dkov\u00e9 tenisky &amp; oble\u010den\u00ed","publisher":{"@id":"https:\/\/www.tekkiesstore.cz\/#organization"},"potentialAction":[{"@type":"SearchAction","target":{"@type":"EntryPoint","urlTemplate":"https:\/\/www.tekkiesstore.cz\/?s={search_term_string}"},"query-input":{"@type":"PropertyValueSpecification","valueRequired":true,"valueName":"search_term_string"}}],"inLanguage":"en-US"},{"@type":"Organization","@id":"https:\/\/www.tekkiesstore.cz\/#organization","name":"Tekkies Store","url":"https:\/\/www.tekkiesstore.cz\/","logo":{"@type":"ImageObject","inLanguage":"en-US","@id":"https:\/\/www.tekkiesstore.cz\/#\/schema\/logo\/image\/","url":"https:\/\/www.tekkiesstore.cz\/wp-content\/uploads\/2023\/11\/logo.png","contentUrl":"https:\/\/www.tekkiesstore.cz\/wp-content\/uploads\/2023\/11\/logo.png","width":165,"height":58,"caption":"Tekkies Store"},"image":{"@id":"https:\/\/www.tekkiesstore.cz\/#\/schema\/logo\/image\/"},"sameAs":["https:\/\/www.facebook.com\/profile.php?id=100090575808845"]}]}},"_links":{"self":[{"href":"https:\/\/www.tekkiesstore.cz\/en\/wp-json\/wp\/v2\/product\/37879","targetHints":{"allow":["GET"]}}],"collection":[{"href":"https:\/\/www.tekkiesstore.cz\/en\/wp-json\/wp\/v2\/product"}],"about":[{"href":"https:\/\/www.tekkiesstore.cz\/en\/wp-json\/wp\/v2\/types\/product"}],"wp:featuredmedia":[{"embeddable":true,"href":"https:\/\/www.tekkiesstore.cz\/en\/wp-json\/wp\/v2\/media\/55901"}],"wp:attachment":[{"href":"https:\/\/www.tekkiesstore.cz\/en\/wp-json\/wp\/v2\/media?parent=37879"}],"wp:term":[{"taxonomy":"product_brand","embeddable":true,"href":"https:\/\/www.tekkiesstore.cz\/en\/wp-json\/wp\/v2\/product_brand?post=37879"},{"taxonomy":"product_cat","embeddable":true,"href":"https:\/\/www.tekkiesstore.cz\/en\/wp-json\/wp\/v2\/product_cat?post=37879"},{"taxonomy":"product_tag","embeddable":true,"href":"https:\/\/www.tekkiesstore.cz\/en\/wp-json\/wp\/v2\/product_tag?post=37879"},{"taxonomy":"woo-feed-brand","embeddable":true,"href":"https:\/\/www.tekkiesstore.cz\/en\/wp-json\/wp\/v2\/woo-feed-brand?post=37879"}],"curies":[{"name":"wp","href":"https:\/\/api.w.org\/{rel}","templated":true}]}}