{"id":38213,"date":"2023-10-25T06:51:11","date_gmt":"2023-11-24T15:31:37","guid":{"rendered":"https:\/\/www.tekkiesstore.cz\/product\/adidas-yeezy-slide-onyx\/"},"modified":"2023-11-24T15:31:37","modified_gmt":"2023-11-24T15:31:37","slug":"adidas-yeezy-slide-onyx","status":"publish","type":"product","link":"https:\/\/www.tekkiesstore.cz\/en\/product\/adidas-yeezy-slide-onyx\/","title":{"rendered":"ADIDAS YEEZY SLIDE ONYX"},"content":{"rendered":"<p>Although simple and minimalistic, the Yeezy Slide has become a modern fashion icon and its popularity continues to grow. Limited editions and exclusive Yeezy brand collaborations often generate a lot of interest and hype in the sneakerhead and fashion enthusiast community. Experience the unique feeling of lightness and comfort while walking, order the Yeezy Slide today. Regularly clean the surface of the sneakers with a soft damp cloth to keep them looking like new.<\/p>\n<p><strong>We recommend choosing a size larger than you are normally used to. In case of normal size 42 we recommend to take 43.<\/strong><\/p>\n<p>&nbsp;<\/p>\n","protected":false},"excerpt":{"rendered":"<p>Although simple and minimalistic, the Yeezy Slide has become a modern fashion icon and its popularity continues to grow. Limited editions and exclusive Yeezy brand collaborations often generate a lot of interest and hype in the sneakerhead and fashion enthusiast community. Experience the unique feeling of lightness and comfort while walking, order the Yeezy Slide [&hellip;]<\/p>\n","protected":false},"featured_media":485,"template":"","meta":{"_acf_changed":false},"product_brand":[],"product_cat":[51,185,345],"product_tag":[],"woo-feed-brand":[],"class_list":{"0":"post-38213","1":"product","2":"type-product","3":"status-publish","4":"has-post-thumbnail","6":"product_cat-sneakers","7":"product_cat-adidas","8":"product_cat-yeezy-slide","10":"first","11":"onbackorder","12":"sale","13":"shipping-taxable","14":"purchasable","15":"product-type-variable"},"acf":[],"yoast_head":"<!-- This site is optimized with the Yoast SEO plugin v26.6 - https:\/\/yoast.com\/wordpress\/plugins\/seo\/ -->\n<title>ADIDAS YEEZY SLIDE ONYX | Tekkies Store<\/title>\n<meta name=\"robots\" content=\"index, follow, max-snippet:-1, max-image-preview:large, max-video-preview:-1\" \/>\n<link rel=\"canonical\" href=\"https:\/\/www.tekkiesstore.cz\/en\/product\/adidas-yeezy-slide-onyx\/\" \/>\n<meta property=\"og:locale\" content=\"en_US\" \/>\n<meta property=\"og:type\" content=\"article\" \/>\n<meta property=\"og:title\" content=\"ADIDAS YEEZY SLIDE ONYX | Tekkies Store\" \/>\n<meta property=\"og:description\" content=\"Although simple and minimalistic, the Yeezy Slide has become a modern fashion icon and its popularity continues to grow. Limited editions and exclusive Yeezy brand collaborations often generate a lot of interest and hype in the sneakerhead and fashion enthusiast community. Experience the unique feeling of lightness and comfort while walking, order the Yeezy Slide [&hellip;]\" \/>\n<meta property=\"og:url\" content=\"https:\/\/www.tekkiesstore.cz\/en\/product\/adidas-yeezy-slide-onyx\/\" \/>\n<meta property=\"og:site_name\" content=\"Tekkies Store\" \/>\n<meta property=\"article:publisher\" content=\"https:\/\/www.facebook.com\/profile.php?id=100090575808845\" \/>\n<meta property=\"og:image\" content=\"https:\/\/www.tekkiesstore.cz\/wp-content\/uploads\/2023\/10\/adidas-yeezy-slide-black-onyx-1-1000.webp\" \/>\n\t<meta property=\"og:image:width\" content=\"1000\" \/>\n\t<meta property=\"og:image:height\" content=\"600\" \/>\n\t<meta property=\"og:image:type\" content=\"image\/webp\" \/>\n<meta name=\"twitter:card\" content=\"summary_large_image\" \/>\n<script type=\"application\/ld+json\" class=\"yoast-schema-graph\">{\"@context\":\"https:\/\/schema.org\",\"@graph\":[{\"@type\":\"WebPage\",\"@id\":\"https:\/\/www.tekkiesstore.cz\/en\/product\/adidas-yeezy-slide-onyx\/\",\"url\":\"https:\/\/www.tekkiesstore.cz\/en\/product\/adidas-yeezy-slide-onyx\/\",\"name\":\"ADIDAS YEEZY SLIDE ONYX | Tekkies Store\",\"isPartOf\":{\"@id\":\"https:\/\/www.tekkiesstore.cz\/#website\"},\"primaryImageOfPage\":{\"@id\":\"https:\/\/www.tekkiesstore.cz\/en\/product\/adidas-yeezy-slide-onyx\/#primaryimage\"},\"image\":{\"@id\":\"https:\/\/www.tekkiesstore.cz\/en\/product\/adidas-yeezy-slide-onyx\/#primaryimage\"},\"thumbnailUrl\":\"https:\/\/www.tekkiesstore.cz\/wp-content\/uploads\/2023\/10\/adidas-yeezy-slide-black-onyx-1-1000.webp\",\"datePublished\":\"2023-11-24T15:31:37+00:00\",\"breadcrumb\":{\"@id\":\"https:\/\/www.tekkiesstore.cz\/en\/product\/adidas-yeezy-slide-onyx\/#breadcrumb\"},\"inLanguage\":\"en-US\",\"potentialAction\":[{\"@type\":\"ReadAction\",\"target\":[\"https:\/\/www.tekkiesstore.cz\/en\/product\/adidas-yeezy-slide-onyx\/\"]}]},{\"@type\":\"ImageObject\",\"inLanguage\":\"en-US\",\"@id\":\"https:\/\/www.tekkiesstore.cz\/en\/product\/adidas-yeezy-slide-onyx\/#primaryimage\",\"url\":\"https:\/\/www.tekkiesstore.cz\/wp-content\/uploads\/2023\/10\/adidas-yeezy-slide-black-onyx-1-1000.webp\",\"contentUrl\":\"https:\/\/www.tekkiesstore.cz\/wp-content\/uploads\/2023\/10\/adidas-yeezy-slide-black-onyx-1-1000.webp\",\"width\":1000,\"height\":600},{\"@type\":\"BreadcrumbList\",\"@id\":\"https:\/\/www.tekkiesstore.cz\/en\/product\/adidas-yeezy-slide-onyx\/#breadcrumb\",\"itemListElement\":[{\"@type\":\"ListItem\",\"position\":1,\"name\":\"Home\",\"item\":\"https:\/\/www.tekkiesstore.cz\/en\/\"},{\"@type\":\"ListItem\",\"position\":2,\"name\":\"Produkty\",\"item\":\"https:\/\/www.tekkiesstore.cz\/obchod\/\"},{\"@type\":\"ListItem\",\"position\":3,\"name\":\"ADIDAS YEEZY SLIDE ONYX\"}]},{\"@type\":\"WebSite\",\"@id\":\"https:\/\/www.tekkiesstore.cz\/#website\",\"url\":\"https:\/\/www.tekkiesstore.cz\/\",\"name\":\"Tekkies Store\",\"description\":\"Zna\u010dkov\u00e9 tenisky &amp; oble\u010den\u00ed\",\"publisher\":{\"@id\":\"https:\/\/www.tekkiesstore.cz\/#organization\"},\"potentialAction\":[{\"@type\":\"SearchAction\",\"target\":{\"@type\":\"EntryPoint\",\"urlTemplate\":\"https:\/\/www.tekkiesstore.cz\/?s={search_term_string}\"},\"query-input\":{\"@type\":\"PropertyValueSpecification\",\"valueRequired\":true,\"valueName\":\"search_term_string\"}}],\"inLanguage\":\"en-US\"},{\"@type\":\"Organization\",\"@id\":\"https:\/\/www.tekkiesstore.cz\/#organization\",\"name\":\"Tekkies Store\",\"url\":\"https:\/\/www.tekkiesstore.cz\/\",\"logo\":{\"@type\":\"ImageObject\",\"inLanguage\":\"en-US\",\"@id\":\"https:\/\/www.tekkiesstore.cz\/#\/schema\/logo\/image\/\",\"url\":\"https:\/\/www.tekkiesstore.cz\/wp-content\/uploads\/2023\/11\/logo.png\",\"contentUrl\":\"https:\/\/www.tekkiesstore.cz\/wp-content\/uploads\/2023\/11\/logo.png\",\"width\":165,\"height\":58,\"caption\":\"Tekkies Store\"},\"image\":{\"@id\":\"https:\/\/www.tekkiesstore.cz\/#\/schema\/logo\/image\/\"},\"sameAs\":[\"https:\/\/www.facebook.com\/profile.php?id=100090575808845\"]}]}<\/script>\n<!-- \/ Yoast SEO plugin. -->","yoast_head_json":{"title":"ADIDAS YEEZY SLIDE ONYX | Tekkies Store","robots":{"index":"index","follow":"follow","max-snippet":"max-snippet:-1","max-image-preview":"max-image-preview:large","max-video-preview":"max-video-preview:-1"},"canonical":"https:\/\/www.tekkiesstore.cz\/en\/product\/adidas-yeezy-slide-onyx\/","og_locale":"en_US","og_type":"article","og_title":"ADIDAS YEEZY SLIDE ONYX | Tekkies Store","og_description":"Although simple and minimalistic, the Yeezy Slide has become a modern fashion icon and its popularity continues to grow. Limited editions and exclusive Yeezy brand collaborations often generate a lot of interest and hype in the sneakerhead and fashion enthusiast community. Experience the unique feeling of lightness and comfort while walking, order the Yeezy Slide [&hellip;]","og_url":"https:\/\/www.tekkiesstore.cz\/en\/product\/adidas-yeezy-slide-onyx\/","og_site_name":"Tekkies Store","article_publisher":"https:\/\/www.facebook.com\/profile.php?id=100090575808845","og_image":[{"width":1000,"height":600,"url":"https:\/\/www.tekkiesstore.cz\/wp-content\/uploads\/2023\/10\/adidas-yeezy-slide-black-onyx-1-1000.webp","type":"image\/webp"}],"twitter_card":"summary_large_image","schema":{"@context":"https:\/\/schema.org","@graph":[{"@type":"WebPage","@id":"https:\/\/www.tekkiesstore.cz\/en\/product\/adidas-yeezy-slide-onyx\/","url":"https:\/\/www.tekkiesstore.cz\/en\/product\/adidas-yeezy-slide-onyx\/","name":"ADIDAS YEEZY SLIDE ONYX | Tekkies Store","isPartOf":{"@id":"https:\/\/www.tekkiesstore.cz\/#website"},"primaryImageOfPage":{"@id":"https:\/\/www.tekkiesstore.cz\/en\/product\/adidas-yeezy-slide-onyx\/#primaryimage"},"image":{"@id":"https:\/\/www.tekkiesstore.cz\/en\/product\/adidas-yeezy-slide-onyx\/#primaryimage"},"thumbnailUrl":"https:\/\/www.tekkiesstore.cz\/wp-content\/uploads\/2023\/10\/adidas-yeezy-slide-black-onyx-1-1000.webp","datePublished":"2023-11-24T15:31:37+00:00","breadcrumb":{"@id":"https:\/\/www.tekkiesstore.cz\/en\/product\/adidas-yeezy-slide-onyx\/#breadcrumb"},"inLanguage":"en-US","potentialAction":[{"@type":"ReadAction","target":["https:\/\/www.tekkiesstore.cz\/en\/product\/adidas-yeezy-slide-onyx\/"]}]},{"@type":"ImageObject","inLanguage":"en-US","@id":"https:\/\/www.tekkiesstore.cz\/en\/product\/adidas-yeezy-slide-onyx\/#primaryimage","url":"https:\/\/www.tekkiesstore.cz\/wp-content\/uploads\/2023\/10\/adidas-yeezy-slide-black-onyx-1-1000.webp","contentUrl":"https:\/\/www.tekkiesstore.cz\/wp-content\/uploads\/2023\/10\/adidas-yeezy-slide-black-onyx-1-1000.webp","width":1000,"height":600},{"@type":"BreadcrumbList","@id":"https:\/\/www.tekkiesstore.cz\/en\/product\/adidas-yeezy-slide-onyx\/#breadcrumb","itemListElement":[{"@type":"ListItem","position":1,"name":"Home","item":"https:\/\/www.tekkiesstore.cz\/en\/"},{"@type":"ListItem","position":2,"name":"Produkty","item":"https:\/\/www.tekkiesstore.cz\/obchod\/"},{"@type":"ListItem","position":3,"name":"ADIDAS YEEZY SLIDE ONYX"}]},{"@type":"WebSite","@id":"https:\/\/www.tekkiesstore.cz\/#website","url":"https:\/\/www.tekkiesstore.cz\/","name":"Tekkies Store","description":"Zna\u010dkov\u00e9 tenisky &amp; oble\u010den\u00ed","publisher":{"@id":"https:\/\/www.tekkiesstore.cz\/#organization"},"potentialAction":[{"@type":"SearchAction","target":{"@type":"EntryPoint","urlTemplate":"https:\/\/www.tekkiesstore.cz\/?s={search_term_string}"},"query-input":{"@type":"PropertyValueSpecification","valueRequired":true,"valueName":"search_term_string"}}],"inLanguage":"en-US"},{"@type":"Organization","@id":"https:\/\/www.tekkiesstore.cz\/#organization","name":"Tekkies Store","url":"https:\/\/www.tekkiesstore.cz\/","logo":{"@type":"ImageObject","inLanguage":"en-US","@id":"https:\/\/www.tekkiesstore.cz\/#\/schema\/logo\/image\/","url":"https:\/\/www.tekkiesstore.cz\/wp-content\/uploads\/2023\/11\/logo.png","contentUrl":"https:\/\/www.tekkiesstore.cz\/wp-content\/uploads\/2023\/11\/logo.png","width":165,"height":58,"caption":"Tekkies Store"},"image":{"@id":"https:\/\/www.tekkiesstore.cz\/#\/schema\/logo\/image\/"},"sameAs":["https:\/\/www.facebook.com\/profile.php?id=100090575808845"]}]}},"_links":{"self":[{"href":"https:\/\/www.tekkiesstore.cz\/en\/wp-json\/wp\/v2\/product\/38213","targetHints":{"allow":["GET"]}}],"collection":[{"href":"https:\/\/www.tekkiesstore.cz\/en\/wp-json\/wp\/v2\/product"}],"about":[{"href":"https:\/\/www.tekkiesstore.cz\/en\/wp-json\/wp\/v2\/types\/product"}],"wp:featuredmedia":[{"embeddable":true,"href":"https:\/\/www.tekkiesstore.cz\/en\/wp-json\/wp\/v2\/media\/485"}],"wp:attachment":[{"href":"https:\/\/www.tekkiesstore.cz\/en\/wp-json\/wp\/v2\/media?parent=38213"}],"wp:term":[{"taxonomy":"product_brand","embeddable":true,"href":"https:\/\/www.tekkiesstore.cz\/en\/wp-json\/wp\/v2\/product_brand?post=38213"},{"taxonomy":"product_cat","embeddable":true,"href":"https:\/\/www.tekkiesstore.cz\/en\/wp-json\/wp\/v2\/product_cat?post=38213"},{"taxonomy":"product_tag","embeddable":true,"href":"https:\/\/www.tekkiesstore.cz\/en\/wp-json\/wp\/v2\/product_tag?post=38213"},{"taxonomy":"woo-feed-brand","embeddable":true,"href":"https:\/\/www.tekkiesstore.cz\/en\/wp-json\/wp\/v2\/woo-feed-brand?post=38213"}],"curies":[{"name":"wp","href":"https:\/\/api.w.org\/{rel}","templated":true}]}}