{"id":50914,"date":"2024-05-12T10:25:10","date_gmt":"2024-05-12T10:25:10","guid":{"rendered":"https:\/\/www.tekkiesstore.cz\/?post_type=product&#038;p=50914"},"modified":"2026-03-10T19:33:45","modified_gmt":"2026-03-10T19:33:45","slug":"air-jordan-4-metallic-gold-w","status":"publish","type":"product","link":"https:\/\/www.tekkiesstore.cz\/en\/product\/air-jordan-4-metallic-gold-w\/","title":{"rendered":"AIR JORDAN 4 METALLIC GOLD (W)"},"content":{"rendered":"<p><strong>Jordan 4 Retro &#8220;Metallic Gold&#8221;<\/strong> is a significant model with a luxurious design. The gold hue gives the sneakers an exclusive and attractive look. It combines elements of classic design with modern innovations. It retains the original silhouette with flexible mesh panels and an air unit in the sole. Black details and a white sole add contrast. It is sought after by collectors and fans of sneaker culture. It remains an iconic part of the Air Jordan collection.<\/p>\n","protected":false},"excerpt":{"rendered":"<p>Jordan 4 Retro &#8220;Metallic Gold&#8221; is a significant model with a luxurious design. The gold hue gives the sneakers an exclusive and attractive look. It combines elements of classic design with modern innovations. It retains the original silhouette with flexible mesh panels and an air unit in the sole. Black details and a white sole [&hellip;]<\/p>\n","protected":false},"featured_media":50951,"template":"","meta":{"_acf_changed":false},"product_brand":[],"product_cat":[51,49,50],"product_tag":[],"woo-feed-brand":[],"class_list":{"0":"post-50914","1":"product","2":"type-product","3":"status-publish","4":"has-post-thumbnail","6":"product_cat-sneakers","7":"product_cat-air-jordan","8":"product_cat-air-jordan-4","10":"first","11":"onbackorder","12":"sale","13":"shipping-taxable","14":"purchasable","15":"product-type-variable"},"acf":[],"yoast_head":"<!-- This site is optimized with the Yoast SEO plugin v26.6 - https:\/\/yoast.com\/wordpress\/plugins\/seo\/ -->\n<title>AIR JORDAN 4 METALLIC GOLD (W) | Tekkies Store<\/title>\n<meta name=\"robots\" content=\"index, follow, max-snippet:-1, max-image-preview:large, max-video-preview:-1\" \/>\n<link rel=\"canonical\" href=\"https:\/\/www.tekkiesstore.cz\/en\/product\/air-jordan-4-metallic-gold-w\/\" \/>\n<meta property=\"og:locale\" content=\"en_US\" \/>\n<meta property=\"og:type\" content=\"article\" \/>\n<meta property=\"og:title\" content=\"AIR JORDAN 4 METALLIC GOLD (W) | Tekkies Store\" \/>\n<meta property=\"og:description\" content=\"Jordan 4 Retro &#8220;Metallic Gold&#8221; is a significant model with a luxurious design. The gold hue gives the sneakers an exclusive and attractive look. It combines elements of classic design with modern innovations. It retains the original silhouette with flexible mesh panels and an air unit in the sole. Black details and a white sole [&hellip;]\" \/>\n<meta property=\"og:url\" content=\"https:\/\/www.tekkiesstore.cz\/en\/product\/air-jordan-4-metallic-gold-w\/\" \/>\n<meta property=\"og:site_name\" content=\"Tekkies Store\" \/>\n<meta property=\"article:publisher\" content=\"https:\/\/www.facebook.com\/profile.php?id=100090575808845\" \/>\n<meta property=\"article:modified_time\" content=\"2026-03-10T19:33:45+00:00\" \/>\n<meta property=\"og:image\" content=\"https:\/\/www.tekkiesstore.cz\/wp-content\/uploads\/2024\/05\/jordan-air-jordan-4-wmns-sail_23053658_48924893_2048.webp\" \/>\n\t<meta property=\"og:image:width\" content=\"823\" \/>\n\t<meta property=\"og:image:height\" content=\"494\" \/>\n\t<meta property=\"og:image:type\" content=\"image\/webp\" \/>\n<meta name=\"twitter:card\" content=\"summary_large_image\" \/>\n<meta name=\"twitter:label1\" content=\"Est. reading time\" \/>\n\t<meta name=\"twitter:data1\" content=\"1 minute\" \/>\n<script type=\"application\/ld+json\" class=\"yoast-schema-graph\">{\"@context\":\"https:\/\/schema.org\",\"@graph\":[{\"@type\":\"WebPage\",\"@id\":\"https:\/\/www.tekkiesstore.cz\/en\/product\/air-jordan-4-metallic-gold-w\/\",\"url\":\"https:\/\/www.tekkiesstore.cz\/en\/product\/air-jordan-4-metallic-gold-w\/\",\"name\":\"AIR JORDAN 4 METALLIC GOLD (W) | Tekkies Store\",\"isPartOf\":{\"@id\":\"https:\/\/www.tekkiesstore.cz\/#website\"},\"primaryImageOfPage\":{\"@id\":\"https:\/\/www.tekkiesstore.cz\/en\/product\/air-jordan-4-metallic-gold-w\/#primaryimage\"},\"image\":{\"@id\":\"https:\/\/www.tekkiesstore.cz\/en\/product\/air-jordan-4-metallic-gold-w\/#primaryimage\"},\"thumbnailUrl\":\"https:\/\/www.tekkiesstore.cz\/wp-content\/uploads\/2024\/05\/jordan-air-jordan-4-wmns-sail_23053658_48924893_2048.webp\",\"datePublished\":\"2024-05-12T10:25:10+00:00\",\"dateModified\":\"2026-03-10T19:33:45+00:00\",\"breadcrumb\":{\"@id\":\"https:\/\/www.tekkiesstore.cz\/en\/product\/air-jordan-4-metallic-gold-w\/#breadcrumb\"},\"inLanguage\":\"en-US\",\"potentialAction\":[{\"@type\":\"ReadAction\",\"target\":[\"https:\/\/www.tekkiesstore.cz\/en\/product\/air-jordan-4-metallic-gold-w\/\"]}]},{\"@type\":\"ImageObject\",\"inLanguage\":\"en-US\",\"@id\":\"https:\/\/www.tekkiesstore.cz\/en\/product\/air-jordan-4-metallic-gold-w\/#primaryimage\",\"url\":\"https:\/\/www.tekkiesstore.cz\/wp-content\/uploads\/2024\/05\/jordan-air-jordan-4-wmns-sail_23053658_48924893_2048.webp\",\"contentUrl\":\"https:\/\/www.tekkiesstore.cz\/wp-content\/uploads\/2024\/05\/jordan-air-jordan-4-wmns-sail_23053658_48924893_2048.webp\",\"width\":823,\"height\":494},{\"@type\":\"BreadcrumbList\",\"@id\":\"https:\/\/www.tekkiesstore.cz\/en\/product\/air-jordan-4-metallic-gold-w\/#breadcrumb\",\"itemListElement\":[{\"@type\":\"ListItem\",\"position\":1,\"name\":\"Home\",\"item\":\"https:\/\/www.tekkiesstore.cz\/en\/\"},{\"@type\":\"ListItem\",\"position\":2,\"name\":\"Produkty\",\"item\":\"https:\/\/www.tekkiesstore.cz\/obchod\/\"},{\"@type\":\"ListItem\",\"position\":3,\"name\":\"AIR JORDAN 4 METALLIC GOLD (W)\"}]},{\"@type\":\"WebSite\",\"@id\":\"https:\/\/www.tekkiesstore.cz\/#website\",\"url\":\"https:\/\/www.tekkiesstore.cz\/\",\"name\":\"Tekkies Store\",\"description\":\"Zna\u010dkov\u00e9 tenisky &amp; oble\u010den\u00ed\",\"publisher\":{\"@id\":\"https:\/\/www.tekkiesstore.cz\/#organization\"},\"potentialAction\":[{\"@type\":\"SearchAction\",\"target\":{\"@type\":\"EntryPoint\",\"urlTemplate\":\"https:\/\/www.tekkiesstore.cz\/?s={search_term_string}\"},\"query-input\":{\"@type\":\"PropertyValueSpecification\",\"valueRequired\":true,\"valueName\":\"search_term_string\"}}],\"inLanguage\":\"en-US\"},{\"@type\":\"Organization\",\"@id\":\"https:\/\/www.tekkiesstore.cz\/#organization\",\"name\":\"Tekkies Store\",\"url\":\"https:\/\/www.tekkiesstore.cz\/\",\"logo\":{\"@type\":\"ImageObject\",\"inLanguage\":\"en-US\",\"@id\":\"https:\/\/www.tekkiesstore.cz\/#\/schema\/logo\/image\/\",\"url\":\"https:\/\/www.tekkiesstore.cz\/wp-content\/uploads\/2023\/11\/logo.png\",\"contentUrl\":\"https:\/\/www.tekkiesstore.cz\/wp-content\/uploads\/2023\/11\/logo.png\",\"width\":165,\"height\":58,\"caption\":\"Tekkies Store\"},\"image\":{\"@id\":\"https:\/\/www.tekkiesstore.cz\/#\/schema\/logo\/image\/\"},\"sameAs\":[\"https:\/\/www.facebook.com\/profile.php?id=100090575808845\"]}]}<\/script>\n<!-- \/ Yoast SEO plugin. -->","yoast_head_json":{"title":"AIR JORDAN 4 METALLIC GOLD (W) | Tekkies Store","robots":{"index":"index","follow":"follow","max-snippet":"max-snippet:-1","max-image-preview":"max-image-preview:large","max-video-preview":"max-video-preview:-1"},"canonical":"https:\/\/www.tekkiesstore.cz\/en\/product\/air-jordan-4-metallic-gold-w\/","og_locale":"en_US","og_type":"article","og_title":"AIR JORDAN 4 METALLIC GOLD (W) | Tekkies Store","og_description":"Jordan 4 Retro &#8220;Metallic Gold&#8221; is a significant model with a luxurious design. The gold hue gives the sneakers an exclusive and attractive look. It combines elements of classic design with modern innovations. It retains the original silhouette with flexible mesh panels and an air unit in the sole. Black details and a white sole [&hellip;]","og_url":"https:\/\/www.tekkiesstore.cz\/en\/product\/air-jordan-4-metallic-gold-w\/","og_site_name":"Tekkies Store","article_publisher":"https:\/\/www.facebook.com\/profile.php?id=100090575808845","article_modified_time":"2026-03-10T19:33:45+00:00","og_image":[{"width":823,"height":494,"url":"https:\/\/www.tekkiesstore.cz\/wp-content\/uploads\/2024\/05\/jordan-air-jordan-4-wmns-sail_23053658_48924893_2048.webp","type":"image\/webp"}],"twitter_card":"summary_large_image","twitter_misc":{"Est. reading time":"1 minute"},"schema":{"@context":"https:\/\/schema.org","@graph":[{"@type":"WebPage","@id":"https:\/\/www.tekkiesstore.cz\/en\/product\/air-jordan-4-metallic-gold-w\/","url":"https:\/\/www.tekkiesstore.cz\/en\/product\/air-jordan-4-metallic-gold-w\/","name":"AIR JORDAN 4 METALLIC GOLD (W) | Tekkies Store","isPartOf":{"@id":"https:\/\/www.tekkiesstore.cz\/#website"},"primaryImageOfPage":{"@id":"https:\/\/www.tekkiesstore.cz\/en\/product\/air-jordan-4-metallic-gold-w\/#primaryimage"},"image":{"@id":"https:\/\/www.tekkiesstore.cz\/en\/product\/air-jordan-4-metallic-gold-w\/#primaryimage"},"thumbnailUrl":"https:\/\/www.tekkiesstore.cz\/wp-content\/uploads\/2024\/05\/jordan-air-jordan-4-wmns-sail_23053658_48924893_2048.webp","datePublished":"2024-05-12T10:25:10+00:00","dateModified":"2026-03-10T19:33:45+00:00","breadcrumb":{"@id":"https:\/\/www.tekkiesstore.cz\/en\/product\/air-jordan-4-metallic-gold-w\/#breadcrumb"},"inLanguage":"en-US","potentialAction":[{"@type":"ReadAction","target":["https:\/\/www.tekkiesstore.cz\/en\/product\/air-jordan-4-metallic-gold-w\/"]}]},{"@type":"ImageObject","inLanguage":"en-US","@id":"https:\/\/www.tekkiesstore.cz\/en\/product\/air-jordan-4-metallic-gold-w\/#primaryimage","url":"https:\/\/www.tekkiesstore.cz\/wp-content\/uploads\/2024\/05\/jordan-air-jordan-4-wmns-sail_23053658_48924893_2048.webp","contentUrl":"https:\/\/www.tekkiesstore.cz\/wp-content\/uploads\/2024\/05\/jordan-air-jordan-4-wmns-sail_23053658_48924893_2048.webp","width":823,"height":494},{"@type":"BreadcrumbList","@id":"https:\/\/www.tekkiesstore.cz\/en\/product\/air-jordan-4-metallic-gold-w\/#breadcrumb","itemListElement":[{"@type":"ListItem","position":1,"name":"Home","item":"https:\/\/www.tekkiesstore.cz\/en\/"},{"@type":"ListItem","position":2,"name":"Produkty","item":"https:\/\/www.tekkiesstore.cz\/obchod\/"},{"@type":"ListItem","position":3,"name":"AIR JORDAN 4 METALLIC GOLD (W)"}]},{"@type":"WebSite","@id":"https:\/\/www.tekkiesstore.cz\/#website","url":"https:\/\/www.tekkiesstore.cz\/","name":"Tekkies Store","description":"Zna\u010dkov\u00e9 tenisky &amp; oble\u010den\u00ed","publisher":{"@id":"https:\/\/www.tekkiesstore.cz\/#organization"},"potentialAction":[{"@type":"SearchAction","target":{"@type":"EntryPoint","urlTemplate":"https:\/\/www.tekkiesstore.cz\/?s={search_term_string}"},"query-input":{"@type":"PropertyValueSpecification","valueRequired":true,"valueName":"search_term_string"}}],"inLanguage":"en-US"},{"@type":"Organization","@id":"https:\/\/www.tekkiesstore.cz\/#organization","name":"Tekkies Store","url":"https:\/\/www.tekkiesstore.cz\/","logo":{"@type":"ImageObject","inLanguage":"en-US","@id":"https:\/\/www.tekkiesstore.cz\/#\/schema\/logo\/image\/","url":"https:\/\/www.tekkiesstore.cz\/wp-content\/uploads\/2023\/11\/logo.png","contentUrl":"https:\/\/www.tekkiesstore.cz\/wp-content\/uploads\/2023\/11\/logo.png","width":165,"height":58,"caption":"Tekkies Store"},"image":{"@id":"https:\/\/www.tekkiesstore.cz\/#\/schema\/logo\/image\/"},"sameAs":["https:\/\/www.facebook.com\/profile.php?id=100090575808845"]}]}},"_links":{"self":[{"href":"https:\/\/www.tekkiesstore.cz\/en\/wp-json\/wp\/v2\/product\/50914","targetHints":{"allow":["GET"]}}],"collection":[{"href":"https:\/\/www.tekkiesstore.cz\/en\/wp-json\/wp\/v2\/product"}],"about":[{"href":"https:\/\/www.tekkiesstore.cz\/en\/wp-json\/wp\/v2\/types\/product"}],"wp:featuredmedia":[{"embeddable":true,"href":"https:\/\/www.tekkiesstore.cz\/en\/wp-json\/wp\/v2\/media\/50951"}],"wp:attachment":[{"href":"https:\/\/www.tekkiesstore.cz\/en\/wp-json\/wp\/v2\/media?parent=50914"}],"wp:term":[{"taxonomy":"product_brand","embeddable":true,"href":"https:\/\/www.tekkiesstore.cz\/en\/wp-json\/wp\/v2\/product_brand?post=50914"},{"taxonomy":"product_cat","embeddable":true,"href":"https:\/\/www.tekkiesstore.cz\/en\/wp-json\/wp\/v2\/product_cat?post=50914"},{"taxonomy":"product_tag","embeddable":true,"href":"https:\/\/www.tekkiesstore.cz\/en\/wp-json\/wp\/v2\/product_tag?post=50914"},{"taxonomy":"woo-feed-brand","embeddable":true,"href":"https:\/\/www.tekkiesstore.cz\/en\/wp-json\/wp\/v2\/woo-feed-brand?post=50914"}],"curies":[{"name":"wp","href":"https:\/\/api.w.org\/{rel}","templated":true}]}}