{"id":75874,"date":"2025-03-06T15:00:35","date_gmt":"2025-03-06T15:00:35","guid":{"rendered":"https:\/\/www.tekkiesstore.cz\/?post_type=product&#038;p=75874"},"modified":"2025-11-21T10:39:12","modified_gmt":"2025-11-21T10:39:12","slug":"air-jordan-4-retro-seafoam-sail","status":"publish","type":"product","link":"https:\/\/www.tekkiesstore.cz\/en\/product\/air-jordan-4-retro-seafoam-sail\/","title":{"rendered":"AIR JORDAN 4 RETRO &#8220;SEAFOAM SAIL&#8221;"},"content":{"rendered":"<p>The <strong>Air Jordan 4 Retro Seafoam Sai<\/strong>l ankle sneakers combine light green and cream on their upper. The Air Jordan 4 first came out back in 1989 and the silhouette immediately garnered huge success with collectors. It was also the first Jordan sneaker to hit the global market, and its popularity was further boosted by Michael Jordan&#8217;s legendary appearance in Spike Lee&#8217;s Do the Right Thing.<\/p>\n","protected":false},"excerpt":{"rendered":"<p>The Air Jordan 4 Retro Seafoam Sail ankle sneakers combine light green and cream on their upper. The Air Jordan 4 first came out back in 1989 and the silhouette immediately garnered huge success with collectors. It was also the first Jordan sneaker to hit the global market, and its popularity was further boosted by [&hellip;]<\/p>\n","protected":false},"featured_media":76098,"template":"","meta":{"_acf_changed":false},"product_brand":[],"product_cat":[51,49,50],"product_tag":[],"woo-feed-brand":[],"class_list":{"0":"post-75874","1":"product","2":"type-product","3":"status-publish","4":"has-post-thumbnail","6":"product_cat-sneakers","7":"product_cat-air-jordan","8":"product_cat-air-jordan-4","10":"first","11":"onbackorder","12":"shipping-taxable","13":"purchasable","14":"product-type-variable"},"acf":[],"yoast_head":"<!-- This site is optimized with the Yoast SEO plugin v26.6 - https:\/\/yoast.com\/wordpress\/plugins\/seo\/ -->\n<title>AIR JORDAN 4 RETRO &quot;SEAFOAM SAIL&quot; | Tekkies Store<\/title>\n<meta name=\"robots\" content=\"index, follow, max-snippet:-1, max-image-preview:large, max-video-preview:-1\" \/>\n<link rel=\"canonical\" href=\"https:\/\/www.tekkiesstore.cz\/en\/product\/air-jordan-4-retro-seafoam-sail\/\" \/>\n<meta property=\"og:locale\" content=\"en_US\" \/>\n<meta property=\"og:type\" content=\"article\" \/>\n<meta property=\"og:title\" content=\"AIR JORDAN 4 RETRO &quot;SEAFOAM SAIL&quot; | Tekkies Store\" \/>\n<meta property=\"og:description\" content=\"The Air Jordan 4 Retro Seafoam Sail ankle sneakers combine light green and cream on their upper. The Air Jordan 4 first came out back in 1989 and the silhouette immediately garnered huge success with collectors. It was also the first Jordan sneaker to hit the global market, and its popularity was further boosted by [&hellip;]\" \/>\n<meta property=\"og:url\" content=\"https:\/\/www.tekkiesstore.cz\/en\/product\/air-jordan-4-retro-seafoam-sail\/\" \/>\n<meta property=\"og:site_name\" content=\"Tekkies Store\" \/>\n<meta property=\"article:publisher\" content=\"https:\/\/www.facebook.com\/profile.php?id=100090575808845\" \/>\n<meta property=\"article:modified_time\" content=\"2025-11-21T10:39:12+00:00\" \/>\n<meta property=\"og:image\" content=\"https:\/\/www.tekkiesstore.cz\/wp-content\/uploads\/2025\/03\/AIR-JORDAN-4-RETRO-SEAFOAM-SAIL.webp\" \/>\n\t<meta property=\"og:image:width\" content=\"1000\" \/>\n\t<meta property=\"og:image:height\" content=\"600\" \/>\n\t<meta property=\"og:image:type\" content=\"image\/webp\" \/>\n<meta name=\"twitter:card\" content=\"summary_large_image\" \/>\n<meta name=\"twitter:label1\" content=\"Est. reading time\" \/>\n\t<meta name=\"twitter:data1\" content=\"1 minute\" \/>\n<script type=\"application\/ld+json\" class=\"yoast-schema-graph\">{\"@context\":\"https:\/\/schema.org\",\"@graph\":[{\"@type\":\"WebPage\",\"@id\":\"https:\/\/www.tekkiesstore.cz\/en\/product\/air-jordan-4-retro-seafoam-sail\/\",\"url\":\"https:\/\/www.tekkiesstore.cz\/en\/product\/air-jordan-4-retro-seafoam-sail\/\",\"name\":\"AIR JORDAN 4 RETRO \\\"SEAFOAM SAIL\\\" | Tekkies Store\",\"isPartOf\":{\"@id\":\"https:\/\/www.tekkiesstore.cz\/#website\"},\"primaryImageOfPage\":{\"@id\":\"https:\/\/www.tekkiesstore.cz\/en\/product\/air-jordan-4-retro-seafoam-sail\/#primaryimage\"},\"image\":{\"@id\":\"https:\/\/www.tekkiesstore.cz\/en\/product\/air-jordan-4-retro-seafoam-sail\/#primaryimage\"},\"thumbnailUrl\":\"https:\/\/www.tekkiesstore.cz\/wp-content\/uploads\/2025\/03\/AIR-JORDAN-4-RETRO-SEAFOAM-SAIL.webp\",\"datePublished\":\"2025-03-06T15:00:35+00:00\",\"dateModified\":\"2025-11-21T10:39:12+00:00\",\"breadcrumb\":{\"@id\":\"https:\/\/www.tekkiesstore.cz\/en\/product\/air-jordan-4-retro-seafoam-sail\/#breadcrumb\"},\"inLanguage\":\"en-US\",\"potentialAction\":[{\"@type\":\"ReadAction\",\"target\":[\"https:\/\/www.tekkiesstore.cz\/en\/product\/air-jordan-4-retro-seafoam-sail\/\"]}]},{\"@type\":\"ImageObject\",\"inLanguage\":\"en-US\",\"@id\":\"https:\/\/www.tekkiesstore.cz\/en\/product\/air-jordan-4-retro-seafoam-sail\/#primaryimage\",\"url\":\"https:\/\/www.tekkiesstore.cz\/wp-content\/uploads\/2025\/03\/AIR-JORDAN-4-RETRO-SEAFOAM-SAIL.webp\",\"contentUrl\":\"https:\/\/www.tekkiesstore.cz\/wp-content\/uploads\/2025\/03\/AIR-JORDAN-4-RETRO-SEAFOAM-SAIL.webp\",\"width\":1000,\"height\":600,\"caption\":\"AIR JORDAN 4 RETRO SEAFOAM SAIL\"},{\"@type\":\"BreadcrumbList\",\"@id\":\"https:\/\/www.tekkiesstore.cz\/en\/product\/air-jordan-4-retro-seafoam-sail\/#breadcrumb\",\"itemListElement\":[{\"@type\":\"ListItem\",\"position\":1,\"name\":\"Home\",\"item\":\"https:\/\/www.tekkiesstore.cz\/en\/\"},{\"@type\":\"ListItem\",\"position\":2,\"name\":\"Produkty\",\"item\":\"https:\/\/www.tekkiesstore.cz\/obchod\/\"},{\"@type\":\"ListItem\",\"position\":3,\"name\":\"AIR JORDAN 4 RETRO &#8220;SEAFOAM SAIL&#8221;\"}]},{\"@type\":\"WebSite\",\"@id\":\"https:\/\/www.tekkiesstore.cz\/#website\",\"url\":\"https:\/\/www.tekkiesstore.cz\/\",\"name\":\"Tekkies Store\",\"description\":\"Zna\u010dkov\u00e9 tenisky &amp; oble\u010den\u00ed\",\"publisher\":{\"@id\":\"https:\/\/www.tekkiesstore.cz\/#organization\"},\"potentialAction\":[{\"@type\":\"SearchAction\",\"target\":{\"@type\":\"EntryPoint\",\"urlTemplate\":\"https:\/\/www.tekkiesstore.cz\/?s={search_term_string}\"},\"query-input\":{\"@type\":\"PropertyValueSpecification\",\"valueRequired\":true,\"valueName\":\"search_term_string\"}}],\"inLanguage\":\"en-US\"},{\"@type\":\"Organization\",\"@id\":\"https:\/\/www.tekkiesstore.cz\/#organization\",\"name\":\"Tekkies Store\",\"url\":\"https:\/\/www.tekkiesstore.cz\/\",\"logo\":{\"@type\":\"ImageObject\",\"inLanguage\":\"en-US\",\"@id\":\"https:\/\/www.tekkiesstore.cz\/#\/schema\/logo\/image\/\",\"url\":\"https:\/\/www.tekkiesstore.cz\/wp-content\/uploads\/2023\/11\/logo.png\",\"contentUrl\":\"https:\/\/www.tekkiesstore.cz\/wp-content\/uploads\/2023\/11\/logo.png\",\"width\":165,\"height\":58,\"caption\":\"Tekkies Store\"},\"image\":{\"@id\":\"https:\/\/www.tekkiesstore.cz\/#\/schema\/logo\/image\/\"},\"sameAs\":[\"https:\/\/www.facebook.com\/profile.php?id=100090575808845\"]}]}<\/script>\n<!-- \/ Yoast SEO plugin. -->","yoast_head_json":{"title":"AIR JORDAN 4 RETRO \"SEAFOAM SAIL\" | Tekkies Store","robots":{"index":"index","follow":"follow","max-snippet":"max-snippet:-1","max-image-preview":"max-image-preview:large","max-video-preview":"max-video-preview:-1"},"canonical":"https:\/\/www.tekkiesstore.cz\/en\/product\/air-jordan-4-retro-seafoam-sail\/","og_locale":"en_US","og_type":"article","og_title":"AIR JORDAN 4 RETRO \"SEAFOAM SAIL\" | Tekkies Store","og_description":"The Air Jordan 4 Retro Seafoam Sail ankle sneakers combine light green and cream on their upper. The Air Jordan 4 first came out back in 1989 and the silhouette immediately garnered huge success with collectors. It was also the first Jordan sneaker to hit the global market, and its popularity was further boosted by [&hellip;]","og_url":"https:\/\/www.tekkiesstore.cz\/en\/product\/air-jordan-4-retro-seafoam-sail\/","og_site_name":"Tekkies Store","article_publisher":"https:\/\/www.facebook.com\/profile.php?id=100090575808845","article_modified_time":"2025-11-21T10:39:12+00:00","og_image":[{"width":1000,"height":600,"url":"https:\/\/www.tekkiesstore.cz\/wp-content\/uploads\/2025\/03\/AIR-JORDAN-4-RETRO-SEAFOAM-SAIL.webp","type":"image\/webp"}],"twitter_card":"summary_large_image","twitter_misc":{"Est. reading time":"1 minute"},"schema":{"@context":"https:\/\/schema.org","@graph":[{"@type":"WebPage","@id":"https:\/\/www.tekkiesstore.cz\/en\/product\/air-jordan-4-retro-seafoam-sail\/","url":"https:\/\/www.tekkiesstore.cz\/en\/product\/air-jordan-4-retro-seafoam-sail\/","name":"AIR JORDAN 4 RETRO \"SEAFOAM SAIL\" | Tekkies Store","isPartOf":{"@id":"https:\/\/www.tekkiesstore.cz\/#website"},"primaryImageOfPage":{"@id":"https:\/\/www.tekkiesstore.cz\/en\/product\/air-jordan-4-retro-seafoam-sail\/#primaryimage"},"image":{"@id":"https:\/\/www.tekkiesstore.cz\/en\/product\/air-jordan-4-retro-seafoam-sail\/#primaryimage"},"thumbnailUrl":"https:\/\/www.tekkiesstore.cz\/wp-content\/uploads\/2025\/03\/AIR-JORDAN-4-RETRO-SEAFOAM-SAIL.webp","datePublished":"2025-03-06T15:00:35+00:00","dateModified":"2025-11-21T10:39:12+00:00","breadcrumb":{"@id":"https:\/\/www.tekkiesstore.cz\/en\/product\/air-jordan-4-retro-seafoam-sail\/#breadcrumb"},"inLanguage":"en-US","potentialAction":[{"@type":"ReadAction","target":["https:\/\/www.tekkiesstore.cz\/en\/product\/air-jordan-4-retro-seafoam-sail\/"]}]},{"@type":"ImageObject","inLanguage":"en-US","@id":"https:\/\/www.tekkiesstore.cz\/en\/product\/air-jordan-4-retro-seafoam-sail\/#primaryimage","url":"https:\/\/www.tekkiesstore.cz\/wp-content\/uploads\/2025\/03\/AIR-JORDAN-4-RETRO-SEAFOAM-SAIL.webp","contentUrl":"https:\/\/www.tekkiesstore.cz\/wp-content\/uploads\/2025\/03\/AIR-JORDAN-4-RETRO-SEAFOAM-SAIL.webp","width":1000,"height":600,"caption":"AIR JORDAN 4 RETRO SEAFOAM SAIL"},{"@type":"BreadcrumbList","@id":"https:\/\/www.tekkiesstore.cz\/en\/product\/air-jordan-4-retro-seafoam-sail\/#breadcrumb","itemListElement":[{"@type":"ListItem","position":1,"name":"Home","item":"https:\/\/www.tekkiesstore.cz\/en\/"},{"@type":"ListItem","position":2,"name":"Produkty","item":"https:\/\/www.tekkiesstore.cz\/obchod\/"},{"@type":"ListItem","position":3,"name":"AIR JORDAN 4 RETRO &#8220;SEAFOAM SAIL&#8221;"}]},{"@type":"WebSite","@id":"https:\/\/www.tekkiesstore.cz\/#website","url":"https:\/\/www.tekkiesstore.cz\/","name":"Tekkies Store","description":"Zna\u010dkov\u00e9 tenisky &amp; oble\u010den\u00ed","publisher":{"@id":"https:\/\/www.tekkiesstore.cz\/#organization"},"potentialAction":[{"@type":"SearchAction","target":{"@type":"EntryPoint","urlTemplate":"https:\/\/www.tekkiesstore.cz\/?s={search_term_string}"},"query-input":{"@type":"PropertyValueSpecification","valueRequired":true,"valueName":"search_term_string"}}],"inLanguage":"en-US"},{"@type":"Organization","@id":"https:\/\/www.tekkiesstore.cz\/#organization","name":"Tekkies Store","url":"https:\/\/www.tekkiesstore.cz\/","logo":{"@type":"ImageObject","inLanguage":"en-US","@id":"https:\/\/www.tekkiesstore.cz\/#\/schema\/logo\/image\/","url":"https:\/\/www.tekkiesstore.cz\/wp-content\/uploads\/2023\/11\/logo.png","contentUrl":"https:\/\/www.tekkiesstore.cz\/wp-content\/uploads\/2023\/11\/logo.png","width":165,"height":58,"caption":"Tekkies Store"},"image":{"@id":"https:\/\/www.tekkiesstore.cz\/#\/schema\/logo\/image\/"},"sameAs":["https:\/\/www.facebook.com\/profile.php?id=100090575808845"]}]}},"_links":{"self":[{"href":"https:\/\/www.tekkiesstore.cz\/en\/wp-json\/wp\/v2\/product\/75874","targetHints":{"allow":["GET"]}}],"collection":[{"href":"https:\/\/www.tekkiesstore.cz\/en\/wp-json\/wp\/v2\/product"}],"about":[{"href":"https:\/\/www.tekkiesstore.cz\/en\/wp-json\/wp\/v2\/types\/product"}],"wp:featuredmedia":[{"embeddable":true,"href":"https:\/\/www.tekkiesstore.cz\/en\/wp-json\/wp\/v2\/media\/76098"}],"wp:attachment":[{"href":"https:\/\/www.tekkiesstore.cz\/en\/wp-json\/wp\/v2\/media?parent=75874"}],"wp:term":[{"taxonomy":"product_brand","embeddable":true,"href":"https:\/\/www.tekkiesstore.cz\/en\/wp-json\/wp\/v2\/product_brand?post=75874"},{"taxonomy":"product_cat","embeddable":true,"href":"https:\/\/www.tekkiesstore.cz\/en\/wp-json\/wp\/v2\/product_cat?post=75874"},{"taxonomy":"product_tag","embeddable":true,"href":"https:\/\/www.tekkiesstore.cz\/en\/wp-json\/wp\/v2\/product_tag?post=75874"},{"taxonomy":"woo-feed-brand","embeddable":true,"href":"https:\/\/www.tekkiesstore.cz\/en\/wp-json\/wp\/v2\/woo-feed-brand?post=75874"}],"curies":[{"name":"wp","href":"https:\/\/api.w.org\/{rel}","templated":true}]}}