{"id":80568,"date":"2026-02-03T12:57:28","date_gmt":"2026-02-03T12:57:28","guid":{"rendered":"https:\/\/www.tekkiesstore.cz\/?post_type=product&#038;p=80568"},"modified":"2026-02-03T13:01:04","modified_gmt":"2026-02-03T13:01:04","slug":"fear-of-god-essentials-hoodie-ss22-dark-oatmeal","status":"publish","type":"product","link":"https:\/\/www.tekkiesstore.cz\/en\/product\/fear-of-god-essentials-hoodie-ss22-dark-oatmeal\/","title":{"rendered":"FEAR OF GOD ESSENTIALS HOODIE (SS22) DARK OATMEAL"},"content":{"rendered":"<p><strong>Fear of God Essentials Hoodie (2022) in Dark Oatmeal<\/strong> is the embodiment of modern minimalism, comfort, and timeless style. Premium cotton, an oversized fit, and the distinctive Essentials logo on the chest and hood make this hoodie a versatile and highly prized piece that is a must-have for lovers of quality fashion.<\/p>\n","protected":false},"excerpt":{"rendered":"<p>Fear of God Essentials Hoodie (2022) in Dark Oatmeal is the embodiment of modern minimalism, comfort, and timeless style. Premium cotton, an oversized fit, and the distinctive Essentials logo on the chest and hood make this hoodie a versatile and highly prized piece that is a must-have for lovers of quality fashion.<\/p>\n","protected":false},"featured_media":80581,"template":"","meta":{"_acf_changed":false},"product_brand":[],"product_cat":[261,548],"product_tag":[],"woo-feed-brand":[],"class_list":{"0":"post-80568","1":"product","2":"type-product","3":"status-publish","4":"has-post-thumbnail","6":"product_cat-clothing","7":"product_cat-hoodie","9":"first","10":"onbackorder","11":"shipping-taxable","12":"purchasable","13":"product-type-variable"},"acf":[],"yoast_head":"<!-- This site is optimized with the Yoast SEO plugin v26.6 - https:\/\/yoast.com\/wordpress\/plugins\/seo\/ -->\n<title>FEAR OF GOD ESSENTIALS HOODIE (SS22) DARK OATMEAL | Tekkies Store<\/title>\n<meta name=\"robots\" content=\"index, follow, max-snippet:-1, max-image-preview:large, max-video-preview:-1\" \/>\n<link rel=\"canonical\" href=\"https:\/\/www.tekkiesstore.cz\/sk\/?post_type=product&p=80574\" \/>\n<meta property=\"og:locale\" content=\"en_US\" \/>\n<meta property=\"og:type\" content=\"article\" \/>\n<meta property=\"og:title\" content=\"FEAR OF GOD ESSENTIALS HOODIE (SS22) DARK OATMEAL | Tekkies Store\" \/>\n<meta property=\"og:description\" content=\"Fear of God Essentials Hoodie (2022) in Dark Oatmeal is the embodiment of modern minimalism, comfort, and timeless style. Premium cotton, an oversized fit, and the distinctive Essentials logo on the chest and hood make this hoodie a versatile and highly prized piece that is a must-have for lovers of quality fashion.\" \/>\n<meta property=\"og:url\" content=\"https:\/\/www.tekkiesstore.cz\/sk\/?post_type=product&amp;p=80574\" \/>\n<meta property=\"og:site_name\" content=\"Tekkies Store\" \/>\n<meta property=\"article:publisher\" content=\"https:\/\/www.facebook.com\/profile.php?id=100090575808845\" \/>\n<meta property=\"article:modified_time\" content=\"2026-02-03T13:01:04+00:00\" \/>\n<meta property=\"og:image\" content=\"https:\/\/www.tekkiesstore.cz\/wp-content\/uploads\/2026\/02\/Fear-of-God-Essentials-Hoodie-SS22-Dark-Oatmeal1.webp\" \/>\n\t<meta property=\"og:image:width\" content=\"1024\" \/>\n\t<meta property=\"og:image:height\" content=\"768\" \/>\n\t<meta property=\"og:image:type\" content=\"image\/webp\" \/>\n<meta name=\"twitter:card\" content=\"summary_large_image\" \/>\n<meta name=\"twitter:label1\" content=\"Est. reading time\" \/>\n\t<meta name=\"twitter:data1\" content=\"1 minute\" \/>\n<script type=\"application\/ld+json\" class=\"yoast-schema-graph\">{\"@context\":\"https:\/\/schema.org\",\"@graph\":[{\"@type\":\"WebPage\",\"@id\":\"https:\/\/www.tekkiesstore.cz\/sk\/?post_type=product&p=80574\",\"url\":\"https:\/\/www.tekkiesstore.cz\/sk\/?post_type=product&p=80574\",\"name\":\"FEAR OF GOD ESSENTIALS HOODIE (SS22) DARK OATMEAL | Tekkies Store\",\"isPartOf\":{\"@id\":\"https:\/\/www.tekkiesstore.cz\/#website\"},\"primaryImageOfPage\":{\"@id\":\"https:\/\/www.tekkiesstore.cz\/sk\/?post_type=product&p=80574#primaryimage\"},\"image\":{\"@id\":\"https:\/\/www.tekkiesstore.cz\/sk\/?post_type=product&p=80574#primaryimage\"},\"thumbnailUrl\":\"https:\/\/www.tekkiesstore.cz\/wp-content\/uploads\/2026\/02\/Fear-of-God-Essentials-Hoodie-SS22-Dark-Oatmeal1.webp\",\"datePublished\":\"2026-02-03T12:57:28+00:00\",\"dateModified\":\"2026-02-03T13:01:04+00:00\",\"breadcrumb\":{\"@id\":\"https:\/\/www.tekkiesstore.cz\/sk\/?post_type=product&p=80574#breadcrumb\"},\"inLanguage\":\"en-US\",\"potentialAction\":[{\"@type\":\"ReadAction\",\"target\":[\"https:\/\/www.tekkiesstore.cz\/sk\/?post_type=product&p=80574\"]}]},{\"@type\":\"ImageObject\",\"inLanguage\":\"en-US\",\"@id\":\"https:\/\/www.tekkiesstore.cz\/sk\/?post_type=product&p=80574#primaryimage\",\"url\":\"https:\/\/www.tekkiesstore.cz\/wp-content\/uploads\/2026\/02\/Fear-of-God-Essentials-Hoodie-SS22-Dark-Oatmeal1.webp\",\"contentUrl\":\"https:\/\/www.tekkiesstore.cz\/wp-content\/uploads\/2026\/02\/Fear-of-God-Essentials-Hoodie-SS22-Dark-Oatmeal1.webp\",\"width\":1024,\"height\":768,\"caption\":\"Fear of God Essentials Hoodie (SS22) Dark Oatmeal\"},{\"@type\":\"BreadcrumbList\",\"@id\":\"https:\/\/www.tekkiesstore.cz\/sk\/?post_type=product&p=80574#breadcrumb\",\"itemListElement\":[{\"@type\":\"ListItem\",\"position\":1,\"name\":\"Home\",\"item\":\"https:\/\/www.tekkiesstore.cz\/en\/\"},{\"@type\":\"ListItem\",\"position\":2,\"name\":\"Produkty\",\"item\":\"https:\/\/www.tekkiesstore.cz\/obchod\/\"},{\"@type\":\"ListItem\",\"position\":3,\"name\":\"FEAR OF GOD ESSENTIALS HOODIE (SS22) DARK OATMEAL\"}]},{\"@type\":\"WebSite\",\"@id\":\"https:\/\/www.tekkiesstore.cz\/#website\",\"url\":\"https:\/\/www.tekkiesstore.cz\/\",\"name\":\"Tekkies Store\",\"description\":\"Zna\u010dkov\u00e9 tenisky &amp; oble\u010den\u00ed\",\"publisher\":{\"@id\":\"https:\/\/www.tekkiesstore.cz\/#organization\"},\"potentialAction\":[{\"@type\":\"SearchAction\",\"target\":{\"@type\":\"EntryPoint\",\"urlTemplate\":\"https:\/\/www.tekkiesstore.cz\/?s={search_term_string}\"},\"query-input\":{\"@type\":\"PropertyValueSpecification\",\"valueRequired\":true,\"valueName\":\"search_term_string\"}}],\"inLanguage\":\"en-US\"},{\"@type\":\"Organization\",\"@id\":\"https:\/\/www.tekkiesstore.cz\/#organization\",\"name\":\"Tekkies Store\",\"url\":\"https:\/\/www.tekkiesstore.cz\/\",\"logo\":{\"@type\":\"ImageObject\",\"inLanguage\":\"en-US\",\"@id\":\"https:\/\/www.tekkiesstore.cz\/#\/schema\/logo\/image\/\",\"url\":\"https:\/\/www.tekkiesstore.cz\/wp-content\/uploads\/2023\/11\/logo.png\",\"contentUrl\":\"https:\/\/www.tekkiesstore.cz\/wp-content\/uploads\/2023\/11\/logo.png\",\"width\":165,\"height\":58,\"caption\":\"Tekkies Store\"},\"image\":{\"@id\":\"https:\/\/www.tekkiesstore.cz\/#\/schema\/logo\/image\/\"},\"sameAs\":[\"https:\/\/www.facebook.com\/profile.php?id=100090575808845\"]}]}<\/script>\n<!-- \/ Yoast SEO plugin. -->","yoast_head_json":{"title":"FEAR OF GOD ESSENTIALS HOODIE (SS22) DARK OATMEAL | Tekkies Store","robots":{"index":"index","follow":"follow","max-snippet":"max-snippet:-1","max-image-preview":"max-image-preview:large","max-video-preview":"max-video-preview:-1"},"canonical":"https:\/\/www.tekkiesstore.cz\/sk\/?post_type=product&p=80574","og_locale":"en_US","og_type":"article","og_title":"FEAR OF GOD ESSENTIALS HOODIE (SS22) DARK OATMEAL | Tekkies Store","og_description":"Fear of God Essentials Hoodie (2022) in Dark Oatmeal is the embodiment of modern minimalism, comfort, and timeless style. Premium cotton, an oversized fit, and the distinctive Essentials logo on the chest and hood make this hoodie a versatile and highly prized piece that is a must-have for lovers of quality fashion.","og_url":"https:\/\/www.tekkiesstore.cz\/sk\/?post_type=product&p=80574","og_site_name":"Tekkies Store","article_publisher":"https:\/\/www.facebook.com\/profile.php?id=100090575808845","article_modified_time":"2026-02-03T13:01:04+00:00","og_image":[{"width":1024,"height":768,"url":"https:\/\/www.tekkiesstore.cz\/wp-content\/uploads\/2026\/02\/Fear-of-God-Essentials-Hoodie-SS22-Dark-Oatmeal1.webp","type":"image\/webp"}],"twitter_card":"summary_large_image","twitter_misc":{"Est. reading time":"1 minute"},"schema":{"@context":"https:\/\/schema.org","@graph":[{"@type":"WebPage","@id":"https:\/\/www.tekkiesstore.cz\/sk\/?post_type=product&p=80574","url":"https:\/\/www.tekkiesstore.cz\/sk\/?post_type=product&p=80574","name":"FEAR OF GOD ESSENTIALS HOODIE (SS22) DARK OATMEAL | Tekkies Store","isPartOf":{"@id":"https:\/\/www.tekkiesstore.cz\/#website"},"primaryImageOfPage":{"@id":"https:\/\/www.tekkiesstore.cz\/sk\/?post_type=product&p=80574#primaryimage"},"image":{"@id":"https:\/\/www.tekkiesstore.cz\/sk\/?post_type=product&p=80574#primaryimage"},"thumbnailUrl":"https:\/\/www.tekkiesstore.cz\/wp-content\/uploads\/2026\/02\/Fear-of-God-Essentials-Hoodie-SS22-Dark-Oatmeal1.webp","datePublished":"2026-02-03T12:57:28+00:00","dateModified":"2026-02-03T13:01:04+00:00","breadcrumb":{"@id":"https:\/\/www.tekkiesstore.cz\/sk\/?post_type=product&p=80574#breadcrumb"},"inLanguage":"en-US","potentialAction":[{"@type":"ReadAction","target":["https:\/\/www.tekkiesstore.cz\/sk\/?post_type=product&p=80574"]}]},{"@type":"ImageObject","inLanguage":"en-US","@id":"https:\/\/www.tekkiesstore.cz\/sk\/?post_type=product&p=80574#primaryimage","url":"https:\/\/www.tekkiesstore.cz\/wp-content\/uploads\/2026\/02\/Fear-of-God-Essentials-Hoodie-SS22-Dark-Oatmeal1.webp","contentUrl":"https:\/\/www.tekkiesstore.cz\/wp-content\/uploads\/2026\/02\/Fear-of-God-Essentials-Hoodie-SS22-Dark-Oatmeal1.webp","width":1024,"height":768,"caption":"Fear of God Essentials Hoodie (SS22) Dark Oatmeal"},{"@type":"BreadcrumbList","@id":"https:\/\/www.tekkiesstore.cz\/sk\/?post_type=product&p=80574#breadcrumb","itemListElement":[{"@type":"ListItem","position":1,"name":"Home","item":"https:\/\/www.tekkiesstore.cz\/en\/"},{"@type":"ListItem","position":2,"name":"Produkty","item":"https:\/\/www.tekkiesstore.cz\/obchod\/"},{"@type":"ListItem","position":3,"name":"FEAR OF GOD ESSENTIALS HOODIE (SS22) DARK OATMEAL"}]},{"@type":"WebSite","@id":"https:\/\/www.tekkiesstore.cz\/#website","url":"https:\/\/www.tekkiesstore.cz\/","name":"Tekkies Store","description":"Zna\u010dkov\u00e9 tenisky &amp; oble\u010den\u00ed","publisher":{"@id":"https:\/\/www.tekkiesstore.cz\/#organization"},"potentialAction":[{"@type":"SearchAction","target":{"@type":"EntryPoint","urlTemplate":"https:\/\/www.tekkiesstore.cz\/?s={search_term_string}"},"query-input":{"@type":"PropertyValueSpecification","valueRequired":true,"valueName":"search_term_string"}}],"inLanguage":"en-US"},{"@type":"Organization","@id":"https:\/\/www.tekkiesstore.cz\/#organization","name":"Tekkies Store","url":"https:\/\/www.tekkiesstore.cz\/","logo":{"@type":"ImageObject","inLanguage":"en-US","@id":"https:\/\/www.tekkiesstore.cz\/#\/schema\/logo\/image\/","url":"https:\/\/www.tekkiesstore.cz\/wp-content\/uploads\/2023\/11\/logo.png","contentUrl":"https:\/\/www.tekkiesstore.cz\/wp-content\/uploads\/2023\/11\/logo.png","width":165,"height":58,"caption":"Tekkies Store"},"image":{"@id":"https:\/\/www.tekkiesstore.cz\/#\/schema\/logo\/image\/"},"sameAs":["https:\/\/www.facebook.com\/profile.php?id=100090575808845"]}]}},"_links":{"self":[{"href":"https:\/\/www.tekkiesstore.cz\/en\/wp-json\/wp\/v2\/product\/80568","targetHints":{"allow":["GET"]}}],"collection":[{"href":"https:\/\/www.tekkiesstore.cz\/en\/wp-json\/wp\/v2\/product"}],"about":[{"href":"https:\/\/www.tekkiesstore.cz\/en\/wp-json\/wp\/v2\/types\/product"}],"wp:featuredmedia":[{"embeddable":true,"href":"https:\/\/www.tekkiesstore.cz\/en\/wp-json\/wp\/v2\/media\/80581"}],"wp:attachment":[{"href":"https:\/\/www.tekkiesstore.cz\/en\/wp-json\/wp\/v2\/media?parent=80568"}],"wp:term":[{"taxonomy":"product_brand","embeddable":true,"href":"https:\/\/www.tekkiesstore.cz\/en\/wp-json\/wp\/v2\/product_brand?post=80568"},{"taxonomy":"product_cat","embeddable":true,"href":"https:\/\/www.tekkiesstore.cz\/en\/wp-json\/wp\/v2\/product_cat?post=80568"},{"taxonomy":"product_tag","embeddable":true,"href":"https:\/\/www.tekkiesstore.cz\/en\/wp-json\/wp\/v2\/product_tag?post=80568"},{"taxonomy":"woo-feed-brand","embeddable":true,"href":"https:\/\/www.tekkiesstore.cz\/en\/wp-json\/wp\/v2\/woo-feed-brand?post=80568"}],"curies":[{"name":"wp","href":"https:\/\/api.w.org\/{rel}","templated":true}]}}