{"id":84221,"date":"2026-04-16T13:17:04","date_gmt":"2026-04-16T13:17:04","guid":{"rendered":"https:\/\/www.tekkiesstore.cz\/?post_type=product&#038;p=84221"},"modified":"2026-04-16T13:35:41","modified_gmt":"2026-04-16T13:35:41","slug":"nike-air-max-tn-plus-white","status":"publish","type":"product","link":"https:\/\/www.tekkiesstore.cz\/en\/product\/nike-air-max-tn-plus-white\/","title":{"rendered":"NIKE AIR MAX TN PLUS WHITE"},"content":{"rendered":"<p class=\"\" data-start=\"108\" data-end=\"471\"><strong>Nike Air Max TN Plus White<\/strong> features an iconic design in an all-black colorway that perfectly complements any streetwear outfit. The breathable synthetic upper with TPU reinforcements and a reinforced toe box ensures durability and comfort for everyday wear. Thanks to <strong>Tuned Air<\/strong> and <strong>Max Air<\/strong> technology in the midsole, <strong>Nike Air Max TN PlusWhite<\/strong> offers excellent cushioning, stability, and maximum comfort.<\/p>\n","protected":false},"excerpt":{"rendered":"<p>Nike Air Max TN Plus White features an iconic design in an all-black colorway that perfectly complements any streetwear outfit. The breathable synthetic upper with TPU reinforcements and a reinforced toe box ensures durability and comfort for everyday wear. Thanks to Tuned Air and Max Air technology in the midsole, Nike Air Max TN PlusWhite [&hellip;]<\/p>\n","protected":false},"featured_media":84260,"template":"","meta":{"_acf_changed":false},"product_brand":[],"product_cat":[51,322,562],"product_tag":[],"woo-feed-brand":[],"class_list":{"0":"post-84221","1":"product","2":"type-product","3":"status-publish","4":"has-post-thumbnail","6":"product_cat-sneakers","7":"product_cat-nike","8":"product_cat-nike-air-max","10":"first","11":"onbackorder","12":"shipping-taxable","13":"purchasable","14":"product-type-variable"},"acf":[],"yoast_head":"<!-- This site is optimized with the Yoast SEO plugin v26.6 - https:\/\/yoast.com\/wordpress\/plugins\/seo\/ -->\n<title>Nike Air Max TN Plus Triple Black | Tekkies Store<\/title>\n<meta name=\"description\" content=\"Nike Air Max TN Plus Triple Black \u2013 ikonick\u00e9 \u010dern\u00e9 tenisky s technologi\u00ed Tuned Air pro maxim\u00e1ln\u00ed pohodl\u00ed a streetwear styl.\" \/>\n<meta name=\"robots\" content=\"index, follow, max-snippet:-1, max-image-preview:large, max-video-preview:-1\" \/>\n<link rel=\"canonical\" href=\"https:\/\/www.tekkiesstore.cz\/sk\/?post_type=product&p=84240\" \/>\n<meta property=\"og:locale\" content=\"en_US\" \/>\n<meta property=\"og:type\" content=\"article\" \/>\n<meta property=\"og:title\" content=\"Nike Air Max TN Plus Triple Black | Tekkies Store\" \/>\n<meta property=\"og:description\" content=\"Nike Air Max TN Plus Triple Black \u2013 ikonick\u00e9 \u010dern\u00e9 tenisky s technologi\u00ed Tuned Air pro maxim\u00e1ln\u00ed pohodl\u00ed a streetwear styl.\" \/>\n<meta property=\"og:url\" content=\"https:\/\/www.tekkiesstore.cz\/sk\/?post_type=product&amp;p=84240\" \/>\n<meta property=\"og:site_name\" content=\"Tekkies Store\" \/>\n<meta property=\"article:publisher\" content=\"https:\/\/www.facebook.com\/profile.php?id=100090575808845\" \/>\n<meta property=\"article:modified_time\" content=\"2026-04-16T13:35:41+00:00\" \/>\n<meta property=\"og:image\" content=\"https:\/\/www.tekkiesstore.cz\/wp-content\/uploads\/2026\/04\/8_ddc88aa3-47fe-4d8b-abdf-b9b188400418.webp\" \/>\n\t<meta property=\"og:image:width\" content=\"1000\" \/>\n\t<meta property=\"og:image:height\" content=\"600\" \/>\n\t<meta property=\"og:image:type\" content=\"image\/webp\" \/>\n<meta name=\"twitter:card\" content=\"summary_large_image\" \/>\n<meta name=\"twitter:label1\" content=\"Est. reading time\" \/>\n\t<meta name=\"twitter:data1\" content=\"1 minute\" \/>\n<script type=\"application\/ld+json\" class=\"yoast-schema-graph\">{\"@context\":\"https:\/\/schema.org\",\"@graph\":[{\"@type\":\"WebPage\",\"@id\":\"https:\/\/www.tekkiesstore.cz\/sk\/?post_type=product&p=84240\",\"url\":\"https:\/\/www.tekkiesstore.cz\/sk\/?post_type=product&p=84240\",\"name\":\"Nike Air Max TN Plus Triple Black | Tekkies Store\",\"isPartOf\":{\"@id\":\"https:\/\/www.tekkiesstore.cz\/#website\"},\"primaryImageOfPage\":{\"@id\":\"https:\/\/www.tekkiesstore.cz\/sk\/?post_type=product&p=84240#primaryimage\"},\"image\":{\"@id\":\"https:\/\/www.tekkiesstore.cz\/sk\/?post_type=product&p=84240#primaryimage\"},\"thumbnailUrl\":\"https:\/\/www.tekkiesstore.cz\/wp-content\/uploads\/2026\/04\/8_ddc88aa3-47fe-4d8b-abdf-b9b188400418.webp\",\"datePublished\":\"2026-04-16T13:17:04+00:00\",\"dateModified\":\"2026-04-16T13:35:41+00:00\",\"description\":\"Nike Air Max TN Plus Triple Black \u2013 ikonick\u00e9 \u010dern\u00e9 tenisky s technologi\u00ed Tuned Air pro maxim\u00e1ln\u00ed pohodl\u00ed a streetwear styl.\",\"breadcrumb\":{\"@id\":\"https:\/\/www.tekkiesstore.cz\/sk\/?post_type=product&p=84240#breadcrumb\"},\"inLanguage\":\"en-US\",\"potentialAction\":[{\"@type\":\"ReadAction\",\"target\":[\"https:\/\/www.tekkiesstore.cz\/sk\/?post_type=product&p=84240\"]}]},{\"@type\":\"ImageObject\",\"inLanguage\":\"en-US\",\"@id\":\"https:\/\/www.tekkiesstore.cz\/sk\/?post_type=product&p=84240#primaryimage\",\"url\":\"https:\/\/www.tekkiesstore.cz\/wp-content\/uploads\/2026\/04\/8_ddc88aa3-47fe-4d8b-abdf-b9b188400418.webp\",\"contentUrl\":\"https:\/\/www.tekkiesstore.cz\/wp-content\/uploads\/2026\/04\/8_ddc88aa3-47fe-4d8b-abdf-b9b188400418.webp\",\"width\":1000,\"height\":600,\"caption\":\"NIKE AIR MAX TN PLUS WHITE\"},{\"@type\":\"BreadcrumbList\",\"@id\":\"https:\/\/www.tekkiesstore.cz\/sk\/?post_type=product&p=84240#breadcrumb\",\"itemListElement\":[{\"@type\":\"ListItem\",\"position\":1,\"name\":\"Home\",\"item\":\"https:\/\/www.tekkiesstore.cz\/en\/\"},{\"@type\":\"ListItem\",\"position\":2,\"name\":\"Produkty\",\"item\":\"https:\/\/www.tekkiesstore.cz\/obchod\/\"},{\"@type\":\"ListItem\",\"position\":3,\"name\":\"NIKE AIR MAX TN PLUS WHITE\"}]},{\"@type\":\"WebSite\",\"@id\":\"https:\/\/www.tekkiesstore.cz\/#website\",\"url\":\"https:\/\/www.tekkiesstore.cz\/\",\"name\":\"Tekkies Store\",\"description\":\"Zna\u010dkov\u00e9 tenisky &amp; oble\u010den\u00ed\",\"publisher\":{\"@id\":\"https:\/\/www.tekkiesstore.cz\/#organization\"},\"potentialAction\":[{\"@type\":\"SearchAction\",\"target\":{\"@type\":\"EntryPoint\",\"urlTemplate\":\"https:\/\/www.tekkiesstore.cz\/?s={search_term_string}\"},\"query-input\":{\"@type\":\"PropertyValueSpecification\",\"valueRequired\":true,\"valueName\":\"search_term_string\"}}],\"inLanguage\":\"en-US\"},{\"@type\":\"Organization\",\"@id\":\"https:\/\/www.tekkiesstore.cz\/#organization\",\"name\":\"Tekkies Store\",\"url\":\"https:\/\/www.tekkiesstore.cz\/\",\"logo\":{\"@type\":\"ImageObject\",\"inLanguage\":\"en-US\",\"@id\":\"https:\/\/www.tekkiesstore.cz\/#\/schema\/logo\/image\/\",\"url\":\"https:\/\/www.tekkiesstore.cz\/wp-content\/uploads\/2023\/11\/logo.png\",\"contentUrl\":\"https:\/\/www.tekkiesstore.cz\/wp-content\/uploads\/2023\/11\/logo.png\",\"width\":165,\"height\":58,\"caption\":\"Tekkies Store\"},\"image\":{\"@id\":\"https:\/\/www.tekkiesstore.cz\/#\/schema\/logo\/image\/\"},\"sameAs\":[\"https:\/\/www.facebook.com\/profile.php?id=100090575808845\"]}]}<\/script>\n<!-- \/ Yoast SEO plugin. -->","yoast_head_json":{"title":"Nike Air Max TN Plus Triple Black | Tekkies Store","description":"Nike Air Max TN Plus Triple Black \u2013 ikonick\u00e9 \u010dern\u00e9 tenisky s technologi\u00ed Tuned Air pro maxim\u00e1ln\u00ed pohodl\u00ed a streetwear styl.","robots":{"index":"index","follow":"follow","max-snippet":"max-snippet:-1","max-image-preview":"max-image-preview:large","max-video-preview":"max-video-preview:-1"},"canonical":"https:\/\/www.tekkiesstore.cz\/sk\/?post_type=product&p=84240","og_locale":"en_US","og_type":"article","og_title":"Nike Air Max TN Plus Triple Black | Tekkies Store","og_description":"Nike Air Max TN Plus Triple Black \u2013 ikonick\u00e9 \u010dern\u00e9 tenisky s technologi\u00ed Tuned Air pro maxim\u00e1ln\u00ed pohodl\u00ed a streetwear styl.","og_url":"https:\/\/www.tekkiesstore.cz\/sk\/?post_type=product&p=84240","og_site_name":"Tekkies Store","article_publisher":"https:\/\/www.facebook.com\/profile.php?id=100090575808845","article_modified_time":"2026-04-16T13:35:41+00:00","og_image":[{"width":1000,"height":600,"url":"https:\/\/www.tekkiesstore.cz\/wp-content\/uploads\/2026\/04\/8_ddc88aa3-47fe-4d8b-abdf-b9b188400418.webp","type":"image\/webp"}],"twitter_card":"summary_large_image","twitter_misc":{"Est. reading time":"1 minute"},"schema":{"@context":"https:\/\/schema.org","@graph":[{"@type":"WebPage","@id":"https:\/\/www.tekkiesstore.cz\/sk\/?post_type=product&p=84240","url":"https:\/\/www.tekkiesstore.cz\/sk\/?post_type=product&p=84240","name":"Nike Air Max TN Plus Triple Black | Tekkies Store","isPartOf":{"@id":"https:\/\/www.tekkiesstore.cz\/#website"},"primaryImageOfPage":{"@id":"https:\/\/www.tekkiesstore.cz\/sk\/?post_type=product&p=84240#primaryimage"},"image":{"@id":"https:\/\/www.tekkiesstore.cz\/sk\/?post_type=product&p=84240#primaryimage"},"thumbnailUrl":"https:\/\/www.tekkiesstore.cz\/wp-content\/uploads\/2026\/04\/8_ddc88aa3-47fe-4d8b-abdf-b9b188400418.webp","datePublished":"2026-04-16T13:17:04+00:00","dateModified":"2026-04-16T13:35:41+00:00","description":"Nike Air Max TN Plus Triple Black \u2013 ikonick\u00e9 \u010dern\u00e9 tenisky s technologi\u00ed Tuned Air pro maxim\u00e1ln\u00ed pohodl\u00ed a streetwear styl.","breadcrumb":{"@id":"https:\/\/www.tekkiesstore.cz\/sk\/?post_type=product&p=84240#breadcrumb"},"inLanguage":"en-US","potentialAction":[{"@type":"ReadAction","target":["https:\/\/www.tekkiesstore.cz\/sk\/?post_type=product&p=84240"]}]},{"@type":"ImageObject","inLanguage":"en-US","@id":"https:\/\/www.tekkiesstore.cz\/sk\/?post_type=product&p=84240#primaryimage","url":"https:\/\/www.tekkiesstore.cz\/wp-content\/uploads\/2026\/04\/8_ddc88aa3-47fe-4d8b-abdf-b9b188400418.webp","contentUrl":"https:\/\/www.tekkiesstore.cz\/wp-content\/uploads\/2026\/04\/8_ddc88aa3-47fe-4d8b-abdf-b9b188400418.webp","width":1000,"height":600,"caption":"NIKE AIR MAX TN PLUS WHITE"},{"@type":"BreadcrumbList","@id":"https:\/\/www.tekkiesstore.cz\/sk\/?post_type=product&p=84240#breadcrumb","itemListElement":[{"@type":"ListItem","position":1,"name":"Home","item":"https:\/\/www.tekkiesstore.cz\/en\/"},{"@type":"ListItem","position":2,"name":"Produkty","item":"https:\/\/www.tekkiesstore.cz\/obchod\/"},{"@type":"ListItem","position":3,"name":"NIKE AIR MAX TN PLUS WHITE"}]},{"@type":"WebSite","@id":"https:\/\/www.tekkiesstore.cz\/#website","url":"https:\/\/www.tekkiesstore.cz\/","name":"Tekkies Store","description":"Zna\u010dkov\u00e9 tenisky &amp; oble\u010den\u00ed","publisher":{"@id":"https:\/\/www.tekkiesstore.cz\/#organization"},"potentialAction":[{"@type":"SearchAction","target":{"@type":"EntryPoint","urlTemplate":"https:\/\/www.tekkiesstore.cz\/?s={search_term_string}"},"query-input":{"@type":"PropertyValueSpecification","valueRequired":true,"valueName":"search_term_string"}}],"inLanguage":"en-US"},{"@type":"Organization","@id":"https:\/\/www.tekkiesstore.cz\/#organization","name":"Tekkies Store","url":"https:\/\/www.tekkiesstore.cz\/","logo":{"@type":"ImageObject","inLanguage":"en-US","@id":"https:\/\/www.tekkiesstore.cz\/#\/schema\/logo\/image\/","url":"https:\/\/www.tekkiesstore.cz\/wp-content\/uploads\/2023\/11\/logo.png","contentUrl":"https:\/\/www.tekkiesstore.cz\/wp-content\/uploads\/2023\/11\/logo.png","width":165,"height":58,"caption":"Tekkies Store"},"image":{"@id":"https:\/\/www.tekkiesstore.cz\/#\/schema\/logo\/image\/"},"sameAs":["https:\/\/www.facebook.com\/profile.php?id=100090575808845"]}]}},"_links":{"self":[{"href":"https:\/\/www.tekkiesstore.cz\/en\/wp-json\/wp\/v2\/product\/84221","targetHints":{"allow":["GET"]}}],"collection":[{"href":"https:\/\/www.tekkiesstore.cz\/en\/wp-json\/wp\/v2\/product"}],"about":[{"href":"https:\/\/www.tekkiesstore.cz\/en\/wp-json\/wp\/v2\/types\/product"}],"wp:featuredmedia":[{"embeddable":true,"href":"https:\/\/www.tekkiesstore.cz\/en\/wp-json\/wp\/v2\/media\/84260"}],"wp:attachment":[{"href":"https:\/\/www.tekkiesstore.cz\/en\/wp-json\/wp\/v2\/media?parent=84221"}],"wp:term":[{"taxonomy":"product_brand","embeddable":true,"href":"https:\/\/www.tekkiesstore.cz\/en\/wp-json\/wp\/v2\/product_brand?post=84221"},{"taxonomy":"product_cat","embeddable":true,"href":"https:\/\/www.tekkiesstore.cz\/en\/wp-json\/wp\/v2\/product_cat?post=84221"},{"taxonomy":"product_tag","embeddable":true,"href":"https:\/\/www.tekkiesstore.cz\/en\/wp-json\/wp\/v2\/product_tag?post=84221"},{"taxonomy":"woo-feed-brand","embeddable":true,"href":"https:\/\/www.tekkiesstore.cz\/en\/wp-json\/wp\/v2\/woo-feed-brand?post=84221"}],"curies":[{"name":"wp","href":"https:\/\/api.w.org\/{rel}","templated":true}]}}