{"id":84452,"date":"2026-04-19T21:02:03","date_gmt":"2026-04-19T21:02:03","guid":{"rendered":"https:\/\/www.tekkiesstore.cz\/?post_type=product&#038;p=84452"},"modified":"2026-04-19T21:06:18","modified_gmt":"2026-04-19T21:06:18","slug":"adidas-campus-00s-wonder-white-gum","status":"publish","type":"product","link":"https:\/\/www.tekkiesstore.cz\/en\/product\/adidas-campus-00s-wonder-white-gum\/","title":{"rendered":"ADIDAS CAMPUS 00S WONDER WHITE GUM"},"content":{"rendered":"<p>Adidas Campus sneakers are among the iconic models that first appeared in the 1980s as basketball shoes. Thanks to their timeless design, however, they quickly found their way into streetwear culture. They\u2019ve been making a real comeback since the second half of 2023, when their popularity skyrocketed and continues to grow.<br \/>\nThe Adidas Campus model stands out primarily for its rugged look\u2014featuring wide laces, a thickly padded tongue, and an overall wider silhouette. If you\u2019re looking for comfortable and stylish sneakers with a retro vibe that perfectly complement a modern outfit, the Adidas Campus is a great choice.<\/p>\n","protected":false},"excerpt":{"rendered":"<p>Adidas Campus sneakers are among the iconic models that first appeared in the 1980s as basketball shoes. Thanks to their timeless design, however, they quickly found their way into streetwear culture. They\u2019ve been making a real comeback since the second half of 2023, when their popularity skyrocketed and continues to grow. The Adidas Campus model [&hellip;]<\/p>\n","protected":false},"featured_media":84473,"template":"","meta":{"_acf_changed":false},"product_brand":[],"product_cat":[51,185,407],"product_tag":[],"woo-feed-brand":[],"class_list":{"0":"post-84452","1":"product","2":"type-product","3":"status-publish","4":"has-post-thumbnail","6":"product_cat-sneakers","7":"product_cat-adidas","8":"product_cat-campus","10":"first","11":"onbackorder","12":"shipping-taxable","13":"purchasable","14":"product-type-variable"},"acf":[],"yoast_head":"<!-- This site is optimized with the Yoast SEO plugin v26.6 - https:\/\/yoast.com\/wordpress\/plugins\/seo\/ -->\n<title>ADIDAS CAMPUS 00S WONDER WHITE GUM | Tekkies Store<\/title>\n<meta name=\"robots\" content=\"index, follow, max-snippet:-1, max-image-preview:large, max-video-preview:-1\" \/>\n<link rel=\"canonical\" href=\"https:\/\/www.tekkiesstore.cz\/en\/product\/adidas-campus-00s-wonder-white-gum\/\" \/>\n<meta property=\"og:locale\" content=\"en_US\" \/>\n<meta property=\"og:type\" content=\"article\" \/>\n<meta property=\"og:title\" content=\"ADIDAS CAMPUS 00S WONDER WHITE GUM | Tekkies Store\" \/>\n<meta property=\"og:description\" content=\"Adidas Campus sneakers are among the iconic models that first appeared in the 1980s as basketball shoes. Thanks to their timeless design, however, they quickly found their way into streetwear culture. They\u2019ve been making a real comeback since the second half of 2023, when their popularity skyrocketed and continues to grow. The Adidas Campus model [&hellip;]\" \/>\n<meta property=\"og:url\" content=\"https:\/\/www.tekkiesstore.cz\/en\/product\/adidas-campus-00s-wonder-white-gum\/\" \/>\n<meta property=\"og:site_name\" content=\"Tekkies Store\" \/>\n<meta property=\"article:publisher\" content=\"https:\/\/www.facebook.com\/profile.php?id=100090575808845\" \/>\n<meta property=\"article:modified_time\" content=\"2026-04-19T21:06:18+00:00\" \/>\n<meta property=\"og:image\" content=\"https:\/\/www.tekkiesstore.cz\/wp-content\/uploads\/2026\/04\/86_28e793c6-2def-4783-a473-d7920bb90531.webp\" \/>\n\t<meta property=\"og:image:width\" content=\"1000\" \/>\n\t<meta property=\"og:image:height\" content=\"600\" \/>\n\t<meta property=\"og:image:type\" content=\"image\/webp\" \/>\n<meta name=\"twitter:card\" content=\"summary_large_image\" \/>\n<meta name=\"twitter:label1\" content=\"Est. reading time\" \/>\n\t<meta name=\"twitter:data1\" content=\"1 minute\" \/>\n<script type=\"application\/ld+json\" class=\"yoast-schema-graph\">{\"@context\":\"https:\/\/schema.org\",\"@graph\":[{\"@type\":\"WebPage\",\"@id\":\"https:\/\/www.tekkiesstore.cz\/en\/product\/adidas-campus-00s-wonder-white-gum\/\",\"url\":\"https:\/\/www.tekkiesstore.cz\/en\/product\/adidas-campus-00s-wonder-white-gum\/\",\"name\":\"ADIDAS CAMPUS 00S WONDER WHITE GUM | Tekkies Store\",\"isPartOf\":{\"@id\":\"https:\/\/www.tekkiesstore.cz\/#website\"},\"primaryImageOfPage\":{\"@id\":\"https:\/\/www.tekkiesstore.cz\/en\/product\/adidas-campus-00s-wonder-white-gum\/#primaryimage\"},\"image\":{\"@id\":\"https:\/\/www.tekkiesstore.cz\/en\/product\/adidas-campus-00s-wonder-white-gum\/#primaryimage\"},\"thumbnailUrl\":\"https:\/\/www.tekkiesstore.cz\/wp-content\/uploads\/2026\/04\/86_28e793c6-2def-4783-a473-d7920bb90531.webp\",\"datePublished\":\"2026-04-19T21:02:03+00:00\",\"dateModified\":\"2026-04-19T21:06:18+00:00\",\"breadcrumb\":{\"@id\":\"https:\/\/www.tekkiesstore.cz\/en\/product\/adidas-campus-00s-wonder-white-gum\/#breadcrumb\"},\"inLanguage\":\"en-US\",\"potentialAction\":[{\"@type\":\"ReadAction\",\"target\":[\"https:\/\/www.tekkiesstore.cz\/en\/product\/adidas-campus-00s-wonder-white-gum\/\"]}]},{\"@type\":\"ImageObject\",\"inLanguage\":\"en-US\",\"@id\":\"https:\/\/www.tekkiesstore.cz\/en\/product\/adidas-campus-00s-wonder-white-gum\/#primaryimage\",\"url\":\"https:\/\/www.tekkiesstore.cz\/wp-content\/uploads\/2026\/04\/86_28e793c6-2def-4783-a473-d7920bb90531.webp\",\"contentUrl\":\"https:\/\/www.tekkiesstore.cz\/wp-content\/uploads\/2026\/04\/86_28e793c6-2def-4783-a473-d7920bb90531.webp\",\"width\":1000,\"height\":600,\"caption\":\"Adidas Campus 00s Wonder White Gum\"},{\"@type\":\"BreadcrumbList\",\"@id\":\"https:\/\/www.tekkiesstore.cz\/en\/product\/adidas-campus-00s-wonder-white-gum\/#breadcrumb\",\"itemListElement\":[{\"@type\":\"ListItem\",\"position\":1,\"name\":\"Home\",\"item\":\"https:\/\/www.tekkiesstore.cz\/en\/\"},{\"@type\":\"ListItem\",\"position\":2,\"name\":\"Produkty\",\"item\":\"https:\/\/www.tekkiesstore.cz\/obchod\/\"},{\"@type\":\"ListItem\",\"position\":3,\"name\":\"ADIDAS CAMPUS 00S WONDER WHITE GUM\"}]},{\"@type\":\"WebSite\",\"@id\":\"https:\/\/www.tekkiesstore.cz\/#website\",\"url\":\"https:\/\/www.tekkiesstore.cz\/\",\"name\":\"Tekkies Store\",\"description\":\"Zna\u010dkov\u00e9 tenisky &amp; oble\u010den\u00ed\",\"publisher\":{\"@id\":\"https:\/\/www.tekkiesstore.cz\/#organization\"},\"potentialAction\":[{\"@type\":\"SearchAction\",\"target\":{\"@type\":\"EntryPoint\",\"urlTemplate\":\"https:\/\/www.tekkiesstore.cz\/?s={search_term_string}\"},\"query-input\":{\"@type\":\"PropertyValueSpecification\",\"valueRequired\":true,\"valueName\":\"search_term_string\"}}],\"inLanguage\":\"en-US\"},{\"@type\":\"Organization\",\"@id\":\"https:\/\/www.tekkiesstore.cz\/#organization\",\"name\":\"Tekkies Store\",\"url\":\"https:\/\/www.tekkiesstore.cz\/\",\"logo\":{\"@type\":\"ImageObject\",\"inLanguage\":\"en-US\",\"@id\":\"https:\/\/www.tekkiesstore.cz\/#\/schema\/logo\/image\/\",\"url\":\"https:\/\/www.tekkiesstore.cz\/wp-content\/uploads\/2023\/11\/logo.png\",\"contentUrl\":\"https:\/\/www.tekkiesstore.cz\/wp-content\/uploads\/2023\/11\/logo.png\",\"width\":165,\"height\":58,\"caption\":\"Tekkies Store\"},\"image\":{\"@id\":\"https:\/\/www.tekkiesstore.cz\/#\/schema\/logo\/image\/\"},\"sameAs\":[\"https:\/\/www.facebook.com\/profile.php?id=100090575808845\"]}]}<\/script>\n<!-- \/ Yoast SEO plugin. -->","yoast_head_json":{"title":"ADIDAS CAMPUS 00S WONDER WHITE GUM | Tekkies Store","robots":{"index":"index","follow":"follow","max-snippet":"max-snippet:-1","max-image-preview":"max-image-preview:large","max-video-preview":"max-video-preview:-1"},"canonical":"https:\/\/www.tekkiesstore.cz\/en\/product\/adidas-campus-00s-wonder-white-gum\/","og_locale":"en_US","og_type":"article","og_title":"ADIDAS CAMPUS 00S WONDER WHITE GUM | Tekkies Store","og_description":"Adidas Campus sneakers are among the iconic models that first appeared in the 1980s as basketball shoes. Thanks to their timeless design, however, they quickly found their way into streetwear culture. They\u2019ve been making a real comeback since the second half of 2023, when their popularity skyrocketed and continues to grow. The Adidas Campus model [&hellip;]","og_url":"https:\/\/www.tekkiesstore.cz\/en\/product\/adidas-campus-00s-wonder-white-gum\/","og_site_name":"Tekkies Store","article_publisher":"https:\/\/www.facebook.com\/profile.php?id=100090575808845","article_modified_time":"2026-04-19T21:06:18+00:00","og_image":[{"width":1000,"height":600,"url":"https:\/\/www.tekkiesstore.cz\/wp-content\/uploads\/2026\/04\/86_28e793c6-2def-4783-a473-d7920bb90531.webp","type":"image\/webp"}],"twitter_card":"summary_large_image","twitter_misc":{"Est. reading time":"1 minute"},"schema":{"@context":"https:\/\/schema.org","@graph":[{"@type":"WebPage","@id":"https:\/\/www.tekkiesstore.cz\/en\/product\/adidas-campus-00s-wonder-white-gum\/","url":"https:\/\/www.tekkiesstore.cz\/en\/product\/adidas-campus-00s-wonder-white-gum\/","name":"ADIDAS CAMPUS 00S WONDER WHITE GUM | Tekkies Store","isPartOf":{"@id":"https:\/\/www.tekkiesstore.cz\/#website"},"primaryImageOfPage":{"@id":"https:\/\/www.tekkiesstore.cz\/en\/product\/adidas-campus-00s-wonder-white-gum\/#primaryimage"},"image":{"@id":"https:\/\/www.tekkiesstore.cz\/en\/product\/adidas-campus-00s-wonder-white-gum\/#primaryimage"},"thumbnailUrl":"https:\/\/www.tekkiesstore.cz\/wp-content\/uploads\/2026\/04\/86_28e793c6-2def-4783-a473-d7920bb90531.webp","datePublished":"2026-04-19T21:02:03+00:00","dateModified":"2026-04-19T21:06:18+00:00","breadcrumb":{"@id":"https:\/\/www.tekkiesstore.cz\/en\/product\/adidas-campus-00s-wonder-white-gum\/#breadcrumb"},"inLanguage":"en-US","potentialAction":[{"@type":"ReadAction","target":["https:\/\/www.tekkiesstore.cz\/en\/product\/adidas-campus-00s-wonder-white-gum\/"]}]},{"@type":"ImageObject","inLanguage":"en-US","@id":"https:\/\/www.tekkiesstore.cz\/en\/product\/adidas-campus-00s-wonder-white-gum\/#primaryimage","url":"https:\/\/www.tekkiesstore.cz\/wp-content\/uploads\/2026\/04\/86_28e793c6-2def-4783-a473-d7920bb90531.webp","contentUrl":"https:\/\/www.tekkiesstore.cz\/wp-content\/uploads\/2026\/04\/86_28e793c6-2def-4783-a473-d7920bb90531.webp","width":1000,"height":600,"caption":"Adidas Campus 00s Wonder White Gum"},{"@type":"BreadcrumbList","@id":"https:\/\/www.tekkiesstore.cz\/en\/product\/adidas-campus-00s-wonder-white-gum\/#breadcrumb","itemListElement":[{"@type":"ListItem","position":1,"name":"Home","item":"https:\/\/www.tekkiesstore.cz\/en\/"},{"@type":"ListItem","position":2,"name":"Produkty","item":"https:\/\/www.tekkiesstore.cz\/obchod\/"},{"@type":"ListItem","position":3,"name":"ADIDAS CAMPUS 00S WONDER WHITE GUM"}]},{"@type":"WebSite","@id":"https:\/\/www.tekkiesstore.cz\/#website","url":"https:\/\/www.tekkiesstore.cz\/","name":"Tekkies Store","description":"Zna\u010dkov\u00e9 tenisky &amp; oble\u010den\u00ed","publisher":{"@id":"https:\/\/www.tekkiesstore.cz\/#organization"},"potentialAction":[{"@type":"SearchAction","target":{"@type":"EntryPoint","urlTemplate":"https:\/\/www.tekkiesstore.cz\/?s={search_term_string}"},"query-input":{"@type":"PropertyValueSpecification","valueRequired":true,"valueName":"search_term_string"}}],"inLanguage":"en-US"},{"@type":"Organization","@id":"https:\/\/www.tekkiesstore.cz\/#organization","name":"Tekkies Store","url":"https:\/\/www.tekkiesstore.cz\/","logo":{"@type":"ImageObject","inLanguage":"en-US","@id":"https:\/\/www.tekkiesstore.cz\/#\/schema\/logo\/image\/","url":"https:\/\/www.tekkiesstore.cz\/wp-content\/uploads\/2023\/11\/logo.png","contentUrl":"https:\/\/www.tekkiesstore.cz\/wp-content\/uploads\/2023\/11\/logo.png","width":165,"height":58,"caption":"Tekkies Store"},"image":{"@id":"https:\/\/www.tekkiesstore.cz\/#\/schema\/logo\/image\/"},"sameAs":["https:\/\/www.facebook.com\/profile.php?id=100090575808845"]}]}},"_links":{"self":[{"href":"https:\/\/www.tekkiesstore.cz\/en\/wp-json\/wp\/v2\/product\/84452","targetHints":{"allow":["GET"]}}],"collection":[{"href":"https:\/\/www.tekkiesstore.cz\/en\/wp-json\/wp\/v2\/product"}],"about":[{"href":"https:\/\/www.tekkiesstore.cz\/en\/wp-json\/wp\/v2\/types\/product"}],"wp:featuredmedia":[{"embeddable":true,"href":"https:\/\/www.tekkiesstore.cz\/en\/wp-json\/wp\/v2\/media\/84473"}],"wp:attachment":[{"href":"https:\/\/www.tekkiesstore.cz\/en\/wp-json\/wp\/v2\/media?parent=84452"}],"wp:term":[{"taxonomy":"product_brand","embeddable":true,"href":"https:\/\/www.tekkiesstore.cz\/en\/wp-json\/wp\/v2\/product_brand?post=84452"},{"taxonomy":"product_cat","embeddable":true,"href":"https:\/\/www.tekkiesstore.cz\/en\/wp-json\/wp\/v2\/product_cat?post=84452"},{"taxonomy":"product_tag","embeddable":true,"href":"https:\/\/www.tekkiesstore.cz\/en\/wp-json\/wp\/v2\/product_tag?post=84452"},{"taxonomy":"woo-feed-brand","embeddable":true,"href":"https:\/\/www.tekkiesstore.cz\/en\/wp-json\/wp\/v2\/woo-feed-brand?post=84452"}],"curies":[{"name":"wp","href":"https:\/\/api.w.org\/{rel}","templated":true}]}}