{"id":19706,"date":"2023-11-20T18:14:15","date_gmt":"2023-11-22T06:24:41","guid":{"rendered":"https:\/\/www.tekkiesstore.cz\/product\/crocs-classic-clog-dreamworks-shrek\/"},"modified":"2025-12-01T10:16:35","modified_gmt":"2025-12-01T10:16:35","slug":"crocs-classic-clog-dreamworks-shrek","status":"publish","type":"product","link":"https:\/\/www.tekkiesstore.cz\/sk\/produkt\/crocs-classic-clog-dreamworks-shrek\/","title":{"rendered":"CROCS CLASSIC CLOG DREAMWORKS SHREK"},"content":{"rendered":"<p>Crocs Classic Clog DreamWorks Shrek prin\u00e1\u0161a rozpr\u00e1vkov\u00fd n\u00e1dych v\u010faka ofici\u00e1lnej spolupr\u00e1ci so spolo\u010dnos\u0165ou DreamWorks. Zeleno-hned\u00fd dizajn pripom\u00edna Shrekovo mo\u010diarne kr\u00e1\u013eovstvo a detaily, ako napr\u00edklad ikonick\u00fd nos a u\u0161i na \u0161pi\u010dke, dod\u00e1vaj\u00fa t\u00fdmto tenisk\u00e1m nezamenite\u013en\u00fd charakter. Ide\u00e1lna vo\u013eba pre fan\u00fa\u0161ikov a milovn\u00edkov origin\u00e1lneho \u0161t\u00fdlu.<\/p>\n<p><strong>V\u017edy si vyberajte o jednu ve\u013ekos\u0165 v\u00e4\u010d\u0161iu, ako be\u017ene nos\u00edte.<\/strong><\/p>\n","protected":false},"excerpt":{"rendered":"<p>Crocs Classic Clog DreamWorks Shrek prin\u00e1\u0161a rozpr\u00e1vkov\u00fd n\u00e1dych v\u010faka ofici\u00e1lnej spolupr\u00e1ci so spolo\u010dnos\u0165ou DreamWorks. Zeleno-hned\u00fd dizajn pripom\u00edna Shrekovo mo\u010diarne kr\u00e1\u013eovstvo a detaily, ako napr\u00edklad ikonick\u00fd nos a u\u0161i na \u0161pi\u010dke, dod\u00e1vaj\u00fa t\u00fdmto tenisk\u00e1m nezamenite\u013en\u00fd charakter. Ide\u00e1lna vo\u013eba pre fan\u00fa\u0161ikov a milovn\u00edkov origin\u00e1lneho \u0161t\u00fdlu. V\u017edy si vyberajte o jednu ve\u013ekos\u0165 v\u00e4\u010d\u0161iu, ako be\u017ene nos\u00edte.<\/p>\n","protected":false},"featured_media":19056,"template":"","meta":{"_acf_changed":false},"product_brand":[],"product_cat":[59,235],"product_tag":[],"woo-feed-brand":[],"class_list":{"0":"post-19706","1":"product","2":"type-product","3":"status-publish","4":"has-post-thumbnail","6":"product_cat-tenisky","7":"product_cat-crocs","9":"first","10":"onbackorder","11":"shipping-taxable","12":"purchasable","13":"product-type-variable"},"acf":[],"yoast_head":"<!-- This site is optimized with the Yoast SEO plugin v26.6 - https:\/\/yoast.com\/wordpress\/plugins\/seo\/ -->\n<title>CROCS CLASSIC CLOG DREAMWORKS SHREK | Tekkies Store<\/title>\n<meta name=\"robots\" content=\"index, follow, max-snippet:-1, max-image-preview:large, max-video-preview:-1\" \/>\n<link rel=\"canonical\" href=\"https:\/\/www.tekkiesstore.cz\/sk\/produkt\/crocs-classic-clog-dreamworks-shrek\/\" \/>\n<meta property=\"og:locale\" content=\"sk_SK\" \/>\n<meta property=\"og:type\" content=\"article\" \/>\n<meta property=\"og:title\" content=\"CROCS CLASSIC CLOG DREAMWORKS SHREK | Tekkies Store\" \/>\n<meta property=\"og:description\" content=\"Crocs Classic Clog DreamWorks Shrek prin\u00e1\u0161a rozpr\u00e1vkov\u00fd n\u00e1dych v\u010faka ofici\u00e1lnej spolupr\u00e1ci so spolo\u010dnos\u0165ou DreamWorks. Zeleno-hned\u00fd dizajn pripom\u00edna Shrekovo mo\u010diarne kr\u00e1\u013eovstvo a detaily, ako napr\u00edklad ikonick\u00fd nos a u\u0161i na \u0161pi\u010dke, dod\u00e1vaj\u00fa t\u00fdmto tenisk\u00e1m nezamenite\u013en\u00fd charakter. Ide\u00e1lna vo\u013eba pre fan\u00fa\u0161ikov a milovn\u00edkov origin\u00e1lneho \u0161t\u00fdlu. V\u017edy si vyberajte o jednu ve\u013ekos\u0165 v\u00e4\u010d\u0161iu, ako be\u017ene nos\u00edte.\" \/>\n<meta property=\"og:url\" content=\"https:\/\/www.tekkiesstore.cz\/sk\/produkt\/crocs-classic-clog-dreamworks-shrek\/\" \/>\n<meta property=\"og:site_name\" content=\"Tekkies Store\" \/>\n<meta property=\"article:publisher\" content=\"https:\/\/www.facebook.com\/profile.php?id=100090575808845\" \/>\n<meta property=\"article:modified_time\" content=\"2025-12-01T10:16:35+00:00\" \/>\n<meta property=\"og:image\" content=\"https:\/\/www.tekkiesstore.cz\/wp-content\/uploads\/2023\/11\/acb9fa943de0f247db7b287df3d815e7.webp\" \/>\n\t<meta property=\"og:image:width\" content=\"823\" \/>\n\t<meta property=\"og:image:height\" content=\"494\" \/>\n\t<meta property=\"og:image:type\" content=\"image\/webp\" \/>\n<meta name=\"twitter:card\" content=\"summary_large_image\" \/>\n<script type=\"application\/ld+json\" class=\"yoast-schema-graph\">{\"@context\":\"https:\/\/schema.org\",\"@graph\":[{\"@type\":\"WebPage\",\"@id\":\"https:\/\/www.tekkiesstore.cz\/sk\/produkt\/crocs-classic-clog-dreamworks-shrek\/\",\"url\":\"https:\/\/www.tekkiesstore.cz\/sk\/produkt\/crocs-classic-clog-dreamworks-shrek\/\",\"name\":\"CROCS CLASSIC CLOG DREAMWORKS SHREK | Tekkies Store\",\"isPartOf\":{\"@id\":\"https:\/\/www.tekkiesstore.cz\/#website\"},\"primaryImageOfPage\":{\"@id\":\"https:\/\/www.tekkiesstore.cz\/sk\/produkt\/crocs-classic-clog-dreamworks-shrek\/#primaryimage\"},\"image\":{\"@id\":\"https:\/\/www.tekkiesstore.cz\/sk\/produkt\/crocs-classic-clog-dreamworks-shrek\/#primaryimage\"},\"thumbnailUrl\":\"https:\/\/www.tekkiesstore.cz\/wp-content\/uploads\/2023\/11\/acb9fa943de0f247db7b287df3d815e7.webp\",\"datePublished\":\"2023-11-22T06:24:41+00:00\",\"dateModified\":\"2025-12-01T10:16:35+00:00\",\"breadcrumb\":{\"@id\":\"https:\/\/www.tekkiesstore.cz\/sk\/produkt\/crocs-classic-clog-dreamworks-shrek\/#breadcrumb\"},\"inLanguage\":\"sk-SK\",\"potentialAction\":[{\"@type\":\"ReadAction\",\"target\":[\"https:\/\/www.tekkiesstore.cz\/sk\/produkt\/crocs-classic-clog-dreamworks-shrek\/\"]}]},{\"@type\":\"ImageObject\",\"inLanguage\":\"sk-SK\",\"@id\":\"https:\/\/www.tekkiesstore.cz\/sk\/produkt\/crocs-classic-clog-dreamworks-shrek\/#primaryimage\",\"url\":\"https:\/\/www.tekkiesstore.cz\/wp-content\/uploads\/2023\/11\/acb9fa943de0f247db7b287df3d815e7.webp\",\"contentUrl\":\"https:\/\/www.tekkiesstore.cz\/wp-content\/uploads\/2023\/11\/acb9fa943de0f247db7b287df3d815e7.webp\",\"width\":823,\"height\":494},{\"@type\":\"BreadcrumbList\",\"@id\":\"https:\/\/www.tekkiesstore.cz\/sk\/produkt\/crocs-classic-clog-dreamworks-shrek\/#breadcrumb\",\"itemListElement\":[{\"@type\":\"ListItem\",\"position\":1,\"name\":\"Home\",\"item\":\"https:\/\/www.tekkiesstore.cz\/sk\/\"},{\"@type\":\"ListItem\",\"position\":2,\"name\":\"Produkty\",\"item\":\"https:\/\/www.tekkiesstore.cz\/obchod\/\"},{\"@type\":\"ListItem\",\"position\":3,\"name\":\"CROCS CLASSIC CLOG DREAMWORKS SHREK\"}]},{\"@type\":\"WebSite\",\"@id\":\"https:\/\/www.tekkiesstore.cz\/#website\",\"url\":\"https:\/\/www.tekkiesstore.cz\/\",\"name\":\"Tekkies Store\",\"description\":\"Zna\u010dkov\u00e9 tenisky &amp; oble\u010den\u00ed\",\"publisher\":{\"@id\":\"https:\/\/www.tekkiesstore.cz\/#organization\"},\"potentialAction\":[{\"@type\":\"SearchAction\",\"target\":{\"@type\":\"EntryPoint\",\"urlTemplate\":\"https:\/\/www.tekkiesstore.cz\/?s={search_term_string}\"},\"query-input\":{\"@type\":\"PropertyValueSpecification\",\"valueRequired\":true,\"valueName\":\"search_term_string\"}}],\"inLanguage\":\"sk-SK\"},{\"@type\":\"Organization\",\"@id\":\"https:\/\/www.tekkiesstore.cz\/#organization\",\"name\":\"Tekkies Store\",\"url\":\"https:\/\/www.tekkiesstore.cz\/\",\"logo\":{\"@type\":\"ImageObject\",\"inLanguage\":\"sk-SK\",\"@id\":\"https:\/\/www.tekkiesstore.cz\/#\/schema\/logo\/image\/\",\"url\":\"https:\/\/www.tekkiesstore.cz\/wp-content\/uploads\/2023\/11\/logo.png\",\"contentUrl\":\"https:\/\/www.tekkiesstore.cz\/wp-content\/uploads\/2023\/11\/logo.png\",\"width\":165,\"height\":58,\"caption\":\"Tekkies Store\"},\"image\":{\"@id\":\"https:\/\/www.tekkiesstore.cz\/#\/schema\/logo\/image\/\"},\"sameAs\":[\"https:\/\/www.facebook.com\/profile.php?id=100090575808845\"]}]}<\/script>\n<!-- \/ Yoast SEO plugin. -->","yoast_head_json":{"title":"CROCS CLASSIC CLOG DREAMWORKS SHREK | Tekkies Store","robots":{"index":"index","follow":"follow","max-snippet":"max-snippet:-1","max-image-preview":"max-image-preview:large","max-video-preview":"max-video-preview:-1"},"canonical":"https:\/\/www.tekkiesstore.cz\/sk\/produkt\/crocs-classic-clog-dreamworks-shrek\/","og_locale":"sk_SK","og_type":"article","og_title":"CROCS CLASSIC CLOG DREAMWORKS SHREK | Tekkies Store","og_description":"Crocs Classic Clog DreamWorks Shrek prin\u00e1\u0161a rozpr\u00e1vkov\u00fd n\u00e1dych v\u010faka ofici\u00e1lnej spolupr\u00e1ci so spolo\u010dnos\u0165ou DreamWorks. Zeleno-hned\u00fd dizajn pripom\u00edna Shrekovo mo\u010diarne kr\u00e1\u013eovstvo a detaily, ako napr\u00edklad ikonick\u00fd nos a u\u0161i na \u0161pi\u010dke, dod\u00e1vaj\u00fa t\u00fdmto tenisk\u00e1m nezamenite\u013en\u00fd charakter. Ide\u00e1lna vo\u013eba pre fan\u00fa\u0161ikov a milovn\u00edkov origin\u00e1lneho \u0161t\u00fdlu. V\u017edy si vyberajte o jednu ve\u013ekos\u0165 v\u00e4\u010d\u0161iu, ako be\u017ene nos\u00edte.","og_url":"https:\/\/www.tekkiesstore.cz\/sk\/produkt\/crocs-classic-clog-dreamworks-shrek\/","og_site_name":"Tekkies Store","article_publisher":"https:\/\/www.facebook.com\/profile.php?id=100090575808845","article_modified_time":"2025-12-01T10:16:35+00:00","og_image":[{"width":823,"height":494,"url":"https:\/\/www.tekkiesstore.cz\/wp-content\/uploads\/2023\/11\/acb9fa943de0f247db7b287df3d815e7.webp","type":"image\/webp"}],"twitter_card":"summary_large_image","schema":{"@context":"https:\/\/schema.org","@graph":[{"@type":"WebPage","@id":"https:\/\/www.tekkiesstore.cz\/sk\/produkt\/crocs-classic-clog-dreamworks-shrek\/","url":"https:\/\/www.tekkiesstore.cz\/sk\/produkt\/crocs-classic-clog-dreamworks-shrek\/","name":"CROCS CLASSIC CLOG DREAMWORKS SHREK | Tekkies Store","isPartOf":{"@id":"https:\/\/www.tekkiesstore.cz\/#website"},"primaryImageOfPage":{"@id":"https:\/\/www.tekkiesstore.cz\/sk\/produkt\/crocs-classic-clog-dreamworks-shrek\/#primaryimage"},"image":{"@id":"https:\/\/www.tekkiesstore.cz\/sk\/produkt\/crocs-classic-clog-dreamworks-shrek\/#primaryimage"},"thumbnailUrl":"https:\/\/www.tekkiesstore.cz\/wp-content\/uploads\/2023\/11\/acb9fa943de0f247db7b287df3d815e7.webp","datePublished":"2023-11-22T06:24:41+00:00","dateModified":"2025-12-01T10:16:35+00:00","breadcrumb":{"@id":"https:\/\/www.tekkiesstore.cz\/sk\/produkt\/crocs-classic-clog-dreamworks-shrek\/#breadcrumb"},"inLanguage":"sk-SK","potentialAction":[{"@type":"ReadAction","target":["https:\/\/www.tekkiesstore.cz\/sk\/produkt\/crocs-classic-clog-dreamworks-shrek\/"]}]},{"@type":"ImageObject","inLanguage":"sk-SK","@id":"https:\/\/www.tekkiesstore.cz\/sk\/produkt\/crocs-classic-clog-dreamworks-shrek\/#primaryimage","url":"https:\/\/www.tekkiesstore.cz\/wp-content\/uploads\/2023\/11\/acb9fa943de0f247db7b287df3d815e7.webp","contentUrl":"https:\/\/www.tekkiesstore.cz\/wp-content\/uploads\/2023\/11\/acb9fa943de0f247db7b287df3d815e7.webp","width":823,"height":494},{"@type":"BreadcrumbList","@id":"https:\/\/www.tekkiesstore.cz\/sk\/produkt\/crocs-classic-clog-dreamworks-shrek\/#breadcrumb","itemListElement":[{"@type":"ListItem","position":1,"name":"Home","item":"https:\/\/www.tekkiesstore.cz\/sk\/"},{"@type":"ListItem","position":2,"name":"Produkty","item":"https:\/\/www.tekkiesstore.cz\/obchod\/"},{"@type":"ListItem","position":3,"name":"CROCS CLASSIC CLOG DREAMWORKS SHREK"}]},{"@type":"WebSite","@id":"https:\/\/www.tekkiesstore.cz\/#website","url":"https:\/\/www.tekkiesstore.cz\/","name":"Tekkies Store","description":"Zna\u010dkov\u00e9 tenisky &amp; oble\u010den\u00ed","publisher":{"@id":"https:\/\/www.tekkiesstore.cz\/#organization"},"potentialAction":[{"@type":"SearchAction","target":{"@type":"EntryPoint","urlTemplate":"https:\/\/www.tekkiesstore.cz\/?s={search_term_string}"},"query-input":{"@type":"PropertyValueSpecification","valueRequired":true,"valueName":"search_term_string"}}],"inLanguage":"sk-SK"},{"@type":"Organization","@id":"https:\/\/www.tekkiesstore.cz\/#organization","name":"Tekkies Store","url":"https:\/\/www.tekkiesstore.cz\/","logo":{"@type":"ImageObject","inLanguage":"sk-SK","@id":"https:\/\/www.tekkiesstore.cz\/#\/schema\/logo\/image\/","url":"https:\/\/www.tekkiesstore.cz\/wp-content\/uploads\/2023\/11\/logo.png","contentUrl":"https:\/\/www.tekkiesstore.cz\/wp-content\/uploads\/2023\/11\/logo.png","width":165,"height":58,"caption":"Tekkies Store"},"image":{"@id":"https:\/\/www.tekkiesstore.cz\/#\/schema\/logo\/image\/"},"sameAs":["https:\/\/www.facebook.com\/profile.php?id=100090575808845"]}]}},"_links":{"self":[{"href":"https:\/\/www.tekkiesstore.cz\/sk\/wp-json\/wp\/v2\/product\/19706","targetHints":{"allow":["GET"]}}],"collection":[{"href":"https:\/\/www.tekkiesstore.cz\/sk\/wp-json\/wp\/v2\/product"}],"about":[{"href":"https:\/\/www.tekkiesstore.cz\/sk\/wp-json\/wp\/v2\/types\/product"}],"wp:featuredmedia":[{"embeddable":true,"href":"https:\/\/www.tekkiesstore.cz\/sk\/wp-json\/wp\/v2\/media\/19056"}],"wp:attachment":[{"href":"https:\/\/www.tekkiesstore.cz\/sk\/wp-json\/wp\/v2\/media?parent=19706"}],"wp:term":[{"taxonomy":"product_brand","embeddable":true,"href":"https:\/\/www.tekkiesstore.cz\/sk\/wp-json\/wp\/v2\/product_brand?post=19706"},{"taxonomy":"product_cat","embeddable":true,"href":"https:\/\/www.tekkiesstore.cz\/sk\/wp-json\/wp\/v2\/product_cat?post=19706"},{"taxonomy":"product_tag","embeddable":true,"href":"https:\/\/www.tekkiesstore.cz\/sk\/wp-json\/wp\/v2\/product_tag?post=19706"},{"taxonomy":"woo-feed-brand","embeddable":true,"href":"https:\/\/www.tekkiesstore.cz\/sk\/wp-json\/wp\/v2\/woo-feed-brand?post=19706"}],"curies":[{"name":"wp","href":"https:\/\/api.w.org\/{rel}","templated":true}]}}