{"id":19814,"date":"2023-11-19T12:24:03","date_gmt":"2023-11-22T06:30:34","guid":{"rendered":"https:\/\/www.tekkiesstore.cz\/product\/nike-air-force-1-low-supreme-baroque-brown\/"},"modified":"2025-12-01T10:21:28","modified_gmt":"2025-12-01T10:21:28","slug":"nike-air-force-1-low-supreme-baroque-brown","status":"publish","type":"product","link":"https:\/\/www.tekkiesstore.cz\/sk\/produkt\/nike-air-force-1-low-supreme-baroque-brown\/","title":{"rendered":"NIKE AIR FORCE 1 LOW SUPREME BAROQUE BROWN"},"content":{"rendered":"<p>Supreme Air Force 1 je sp\u00e4\u0165, tentoraz v klasickom hnedom dizajne, ktor\u00fd sa hod\u00ed k v\u00e1\u0161mu ka\u017edodenn\u00e9mu \u0161t\u00fdlu. Supreme m\u00e1 bohat\u00fa hist\u00f3riu spolupr\u00e1ce so zna\u010dkou Nike, vr\u00e1tane r\u00f4znych modelov Air Force 1, ktor\u00e9 sa sez\u00f3nne uv\u00e1dzaj\u00fa na trh ako s\u00fa\u010das\u0165 kolekci\u00ed zna\u010dky. T\u00e1to varianta <strong>Nike Air Force 1 Low Supreme Baroque Brown<\/strong> v barokovej hnedej farbe bola prv\u00fdkr\u00e1t predstaven\u00e1 po\u010das jesenn\u00e1\/zimnej sez\u00f3ny Supreme v roku 2023.<\/p>\n","protected":false},"excerpt":{"rendered":"<p>Supreme Air Force 1 je sp\u00e4\u0165, tentoraz v klasickom hnedom dizajne, ktor\u00fd sa hod\u00ed k v\u00e1\u0161mu ka\u017edodenn\u00e9mu \u0161t\u00fdlu. Supreme m\u00e1 bohat\u00fa hist\u00f3riu spolupr\u00e1ce so zna\u010dkou Nike, vr\u00e1tane r\u00f4znych modelov Air Force 1, ktor\u00e9 sa sez\u00f3nne uv\u00e1dzaj\u00fa na trh ako s\u00fa\u010das\u0165 kolekci\u00ed zna\u010dky. T\u00e1to varianta Nike Air Force 1 Low Supreme Baroque Brown v barokovej hnedej [&hellip;]<\/p>\n","protected":false},"featured_media":18177,"template":"","meta":{"_acf_changed":false},"product_brand":[],"product_cat":[59,325,326],"product_tag":[],"woo-feed-brand":[],"class_list":{"0":"post-19814","1":"product","2":"type-product","3":"status-publish","4":"has-post-thumbnail","6":"product_cat-tenisky","7":"product_cat-nike","8":"product_cat-nike-air-force-1","10":"first","11":"onbackorder","12":"shipping-taxable","13":"purchasable","14":"product-type-variable"},"acf":[],"yoast_head":"<!-- This site is optimized with the Yoast SEO plugin v26.6 - https:\/\/yoast.com\/wordpress\/plugins\/seo\/ -->\n<title>NIKE AIR FORCE 1 LOW SUPREME BAROQUE BROWN | Tekkies Store<\/title>\n<meta name=\"robots\" content=\"index, follow, max-snippet:-1, max-image-preview:large, max-video-preview:-1\" \/>\n<link rel=\"canonical\" href=\"https:\/\/www.tekkiesstore.cz\/sk\/produkt\/nike-air-force-1-low-supreme-baroque-brown\/\" \/>\n<meta property=\"og:locale\" content=\"sk_SK\" \/>\n<meta property=\"og:type\" content=\"article\" \/>\n<meta property=\"og:title\" content=\"NIKE AIR FORCE 1 LOW SUPREME BAROQUE BROWN | Tekkies Store\" \/>\n<meta property=\"og:description\" content=\"Supreme Air Force 1 je sp\u00e4\u0165, tentoraz v klasickom hnedom dizajne, ktor\u00fd sa hod\u00ed k v\u00e1\u0161mu ka\u017edodenn\u00e9mu \u0161t\u00fdlu. Supreme m\u00e1 bohat\u00fa hist\u00f3riu spolupr\u00e1ce so zna\u010dkou Nike, vr\u00e1tane r\u00f4znych modelov Air Force 1, ktor\u00e9 sa sez\u00f3nne uv\u00e1dzaj\u00fa na trh ako s\u00fa\u010das\u0165 kolekci\u00ed zna\u010dky. T\u00e1to varianta Nike Air Force 1 Low Supreme Baroque Brown v barokovej hnedej [&hellip;]\" \/>\n<meta property=\"og:url\" content=\"https:\/\/www.tekkiesstore.cz\/sk\/produkt\/nike-air-force-1-low-supreme-baroque-brown\/\" \/>\n<meta property=\"og:site_name\" content=\"Tekkies Store\" \/>\n<meta property=\"article:publisher\" content=\"https:\/\/www.facebook.com\/profile.php?id=100090575808845\" \/>\n<meta property=\"article:modified_time\" content=\"2025-12-01T10:21:28+00:00\" \/>\n<meta property=\"og:image\" content=\"https:\/\/www.tekkiesstore.cz\/wp-content\/uploads\/2023\/11\/7b2577527e092297707c48d10c9f53c2.webp\" \/>\n\t<meta property=\"og:image:width\" content=\"823\" \/>\n\t<meta property=\"og:image:height\" content=\"494\" \/>\n\t<meta property=\"og:image:type\" content=\"image\/webp\" \/>\n<meta name=\"twitter:card\" content=\"summary_large_image\" \/>\n<script type=\"application\/ld+json\" class=\"yoast-schema-graph\">{\"@context\":\"https:\/\/schema.org\",\"@graph\":[{\"@type\":\"WebPage\",\"@id\":\"https:\/\/www.tekkiesstore.cz\/sk\/produkt\/nike-air-force-1-low-supreme-baroque-brown\/\",\"url\":\"https:\/\/www.tekkiesstore.cz\/sk\/produkt\/nike-air-force-1-low-supreme-baroque-brown\/\",\"name\":\"NIKE AIR FORCE 1 LOW SUPREME BAROQUE BROWN | Tekkies Store\",\"isPartOf\":{\"@id\":\"https:\/\/www.tekkiesstore.cz\/#website\"},\"primaryImageOfPage\":{\"@id\":\"https:\/\/www.tekkiesstore.cz\/sk\/produkt\/nike-air-force-1-low-supreme-baroque-brown\/#primaryimage\"},\"image\":{\"@id\":\"https:\/\/www.tekkiesstore.cz\/sk\/produkt\/nike-air-force-1-low-supreme-baroque-brown\/#primaryimage\"},\"thumbnailUrl\":\"https:\/\/www.tekkiesstore.cz\/wp-content\/uploads\/2023\/11\/7b2577527e092297707c48d10c9f53c2.webp\",\"datePublished\":\"2023-11-22T06:30:34+00:00\",\"dateModified\":\"2025-12-01T10:21:28+00:00\",\"breadcrumb\":{\"@id\":\"https:\/\/www.tekkiesstore.cz\/sk\/produkt\/nike-air-force-1-low-supreme-baroque-brown\/#breadcrumb\"},\"inLanguage\":\"sk-SK\",\"potentialAction\":[{\"@type\":\"ReadAction\",\"target\":[\"https:\/\/www.tekkiesstore.cz\/sk\/produkt\/nike-air-force-1-low-supreme-baroque-brown\/\"]}]},{\"@type\":\"ImageObject\",\"inLanguage\":\"sk-SK\",\"@id\":\"https:\/\/www.tekkiesstore.cz\/sk\/produkt\/nike-air-force-1-low-supreme-baroque-brown\/#primaryimage\",\"url\":\"https:\/\/www.tekkiesstore.cz\/wp-content\/uploads\/2023\/11\/7b2577527e092297707c48d10c9f53c2.webp\",\"contentUrl\":\"https:\/\/www.tekkiesstore.cz\/wp-content\/uploads\/2023\/11\/7b2577527e092297707c48d10c9f53c2.webp\",\"width\":823,\"height\":494},{\"@type\":\"BreadcrumbList\",\"@id\":\"https:\/\/www.tekkiesstore.cz\/sk\/produkt\/nike-air-force-1-low-supreme-baroque-brown\/#breadcrumb\",\"itemListElement\":[{\"@type\":\"ListItem\",\"position\":1,\"name\":\"Home\",\"item\":\"https:\/\/www.tekkiesstore.cz\/sk\/\"},{\"@type\":\"ListItem\",\"position\":2,\"name\":\"Produkty\",\"item\":\"https:\/\/www.tekkiesstore.cz\/obchod\/\"},{\"@type\":\"ListItem\",\"position\":3,\"name\":\"NIKE AIR FORCE 1 LOW SUPREME BAROQUE BROWN\"}]},{\"@type\":\"WebSite\",\"@id\":\"https:\/\/www.tekkiesstore.cz\/#website\",\"url\":\"https:\/\/www.tekkiesstore.cz\/\",\"name\":\"Tekkies Store\",\"description\":\"Zna\u010dkov\u00e9 tenisky &amp; oble\u010den\u00ed\",\"publisher\":{\"@id\":\"https:\/\/www.tekkiesstore.cz\/#organization\"},\"potentialAction\":[{\"@type\":\"SearchAction\",\"target\":{\"@type\":\"EntryPoint\",\"urlTemplate\":\"https:\/\/www.tekkiesstore.cz\/?s={search_term_string}\"},\"query-input\":{\"@type\":\"PropertyValueSpecification\",\"valueRequired\":true,\"valueName\":\"search_term_string\"}}],\"inLanguage\":\"sk-SK\"},{\"@type\":\"Organization\",\"@id\":\"https:\/\/www.tekkiesstore.cz\/#organization\",\"name\":\"Tekkies Store\",\"url\":\"https:\/\/www.tekkiesstore.cz\/\",\"logo\":{\"@type\":\"ImageObject\",\"inLanguage\":\"sk-SK\",\"@id\":\"https:\/\/www.tekkiesstore.cz\/#\/schema\/logo\/image\/\",\"url\":\"https:\/\/www.tekkiesstore.cz\/wp-content\/uploads\/2023\/11\/logo.png\",\"contentUrl\":\"https:\/\/www.tekkiesstore.cz\/wp-content\/uploads\/2023\/11\/logo.png\",\"width\":165,\"height\":58,\"caption\":\"Tekkies Store\"},\"image\":{\"@id\":\"https:\/\/www.tekkiesstore.cz\/#\/schema\/logo\/image\/\"},\"sameAs\":[\"https:\/\/www.facebook.com\/profile.php?id=100090575808845\"]}]}<\/script>\n<!-- \/ Yoast SEO plugin. -->","yoast_head_json":{"title":"NIKE AIR FORCE 1 LOW SUPREME BAROQUE BROWN | Tekkies Store","robots":{"index":"index","follow":"follow","max-snippet":"max-snippet:-1","max-image-preview":"max-image-preview:large","max-video-preview":"max-video-preview:-1"},"canonical":"https:\/\/www.tekkiesstore.cz\/sk\/produkt\/nike-air-force-1-low-supreme-baroque-brown\/","og_locale":"sk_SK","og_type":"article","og_title":"NIKE AIR FORCE 1 LOW SUPREME BAROQUE BROWN | Tekkies Store","og_description":"Supreme Air Force 1 je sp\u00e4\u0165, tentoraz v klasickom hnedom dizajne, ktor\u00fd sa hod\u00ed k v\u00e1\u0161mu ka\u017edodenn\u00e9mu \u0161t\u00fdlu. Supreme m\u00e1 bohat\u00fa hist\u00f3riu spolupr\u00e1ce so zna\u010dkou Nike, vr\u00e1tane r\u00f4znych modelov Air Force 1, ktor\u00e9 sa sez\u00f3nne uv\u00e1dzaj\u00fa na trh ako s\u00fa\u010das\u0165 kolekci\u00ed zna\u010dky. T\u00e1to varianta Nike Air Force 1 Low Supreme Baroque Brown v barokovej hnedej [&hellip;]","og_url":"https:\/\/www.tekkiesstore.cz\/sk\/produkt\/nike-air-force-1-low-supreme-baroque-brown\/","og_site_name":"Tekkies Store","article_publisher":"https:\/\/www.facebook.com\/profile.php?id=100090575808845","article_modified_time":"2025-12-01T10:21:28+00:00","og_image":[{"width":823,"height":494,"url":"https:\/\/www.tekkiesstore.cz\/wp-content\/uploads\/2023\/11\/7b2577527e092297707c48d10c9f53c2.webp","type":"image\/webp"}],"twitter_card":"summary_large_image","schema":{"@context":"https:\/\/schema.org","@graph":[{"@type":"WebPage","@id":"https:\/\/www.tekkiesstore.cz\/sk\/produkt\/nike-air-force-1-low-supreme-baroque-brown\/","url":"https:\/\/www.tekkiesstore.cz\/sk\/produkt\/nike-air-force-1-low-supreme-baroque-brown\/","name":"NIKE AIR FORCE 1 LOW SUPREME BAROQUE BROWN | Tekkies Store","isPartOf":{"@id":"https:\/\/www.tekkiesstore.cz\/#website"},"primaryImageOfPage":{"@id":"https:\/\/www.tekkiesstore.cz\/sk\/produkt\/nike-air-force-1-low-supreme-baroque-brown\/#primaryimage"},"image":{"@id":"https:\/\/www.tekkiesstore.cz\/sk\/produkt\/nike-air-force-1-low-supreme-baroque-brown\/#primaryimage"},"thumbnailUrl":"https:\/\/www.tekkiesstore.cz\/wp-content\/uploads\/2023\/11\/7b2577527e092297707c48d10c9f53c2.webp","datePublished":"2023-11-22T06:30:34+00:00","dateModified":"2025-12-01T10:21:28+00:00","breadcrumb":{"@id":"https:\/\/www.tekkiesstore.cz\/sk\/produkt\/nike-air-force-1-low-supreme-baroque-brown\/#breadcrumb"},"inLanguage":"sk-SK","potentialAction":[{"@type":"ReadAction","target":["https:\/\/www.tekkiesstore.cz\/sk\/produkt\/nike-air-force-1-low-supreme-baroque-brown\/"]}]},{"@type":"ImageObject","inLanguage":"sk-SK","@id":"https:\/\/www.tekkiesstore.cz\/sk\/produkt\/nike-air-force-1-low-supreme-baroque-brown\/#primaryimage","url":"https:\/\/www.tekkiesstore.cz\/wp-content\/uploads\/2023\/11\/7b2577527e092297707c48d10c9f53c2.webp","contentUrl":"https:\/\/www.tekkiesstore.cz\/wp-content\/uploads\/2023\/11\/7b2577527e092297707c48d10c9f53c2.webp","width":823,"height":494},{"@type":"BreadcrumbList","@id":"https:\/\/www.tekkiesstore.cz\/sk\/produkt\/nike-air-force-1-low-supreme-baroque-brown\/#breadcrumb","itemListElement":[{"@type":"ListItem","position":1,"name":"Home","item":"https:\/\/www.tekkiesstore.cz\/sk\/"},{"@type":"ListItem","position":2,"name":"Produkty","item":"https:\/\/www.tekkiesstore.cz\/obchod\/"},{"@type":"ListItem","position":3,"name":"NIKE AIR FORCE 1 LOW SUPREME BAROQUE BROWN"}]},{"@type":"WebSite","@id":"https:\/\/www.tekkiesstore.cz\/#website","url":"https:\/\/www.tekkiesstore.cz\/","name":"Tekkies Store","description":"Zna\u010dkov\u00e9 tenisky &amp; oble\u010den\u00ed","publisher":{"@id":"https:\/\/www.tekkiesstore.cz\/#organization"},"potentialAction":[{"@type":"SearchAction","target":{"@type":"EntryPoint","urlTemplate":"https:\/\/www.tekkiesstore.cz\/?s={search_term_string}"},"query-input":{"@type":"PropertyValueSpecification","valueRequired":true,"valueName":"search_term_string"}}],"inLanguage":"sk-SK"},{"@type":"Organization","@id":"https:\/\/www.tekkiesstore.cz\/#organization","name":"Tekkies Store","url":"https:\/\/www.tekkiesstore.cz\/","logo":{"@type":"ImageObject","inLanguage":"sk-SK","@id":"https:\/\/www.tekkiesstore.cz\/#\/schema\/logo\/image\/","url":"https:\/\/www.tekkiesstore.cz\/wp-content\/uploads\/2023\/11\/logo.png","contentUrl":"https:\/\/www.tekkiesstore.cz\/wp-content\/uploads\/2023\/11\/logo.png","width":165,"height":58,"caption":"Tekkies Store"},"image":{"@id":"https:\/\/www.tekkiesstore.cz\/#\/schema\/logo\/image\/"},"sameAs":["https:\/\/www.facebook.com\/profile.php?id=100090575808845"]}]}},"_links":{"self":[{"href":"https:\/\/www.tekkiesstore.cz\/sk\/wp-json\/wp\/v2\/product\/19814","targetHints":{"allow":["GET"]}}],"collection":[{"href":"https:\/\/www.tekkiesstore.cz\/sk\/wp-json\/wp\/v2\/product"}],"about":[{"href":"https:\/\/www.tekkiesstore.cz\/sk\/wp-json\/wp\/v2\/types\/product"}],"wp:featuredmedia":[{"embeddable":true,"href":"https:\/\/www.tekkiesstore.cz\/sk\/wp-json\/wp\/v2\/media\/18177"}],"wp:attachment":[{"href":"https:\/\/www.tekkiesstore.cz\/sk\/wp-json\/wp\/v2\/media?parent=19814"}],"wp:term":[{"taxonomy":"product_brand","embeddable":true,"href":"https:\/\/www.tekkiesstore.cz\/sk\/wp-json\/wp\/v2\/product_brand?post=19814"},{"taxonomy":"product_cat","embeddable":true,"href":"https:\/\/www.tekkiesstore.cz\/sk\/wp-json\/wp\/v2\/product_cat?post=19814"},{"taxonomy":"product_tag","embeddable":true,"href":"https:\/\/www.tekkiesstore.cz\/sk\/wp-json\/wp\/v2\/product_tag?post=19814"},{"taxonomy":"woo-feed-brand","embeddable":true,"href":"https:\/\/www.tekkiesstore.cz\/sk\/wp-json\/wp\/v2\/woo-feed-brand?post=19814"}],"curies":[{"name":"wp","href":"https:\/\/api.w.org\/{rel}","templated":true}]}}