{"id":19975,"date":"2023-11-15T23:40:56","date_gmt":"2023-11-22T06:41:27","guid":{"rendered":"https:\/\/www.tekkiesstore.cz\/product\/crocs-classic-clog-mater\/"},"modified":"2025-12-01T10:26:32","modified_gmt":"2025-12-01T10:26:32","slug":"crocs-classic-clog-mater","status":"publish","type":"product","link":"https:\/\/www.tekkiesstore.cz\/sk\/produkt\/crocs-classic-clog-mater\/","title":{"rendered":"CROCS CLASSIC CLOG MATER"},"content":{"rendered":"<p>Crocs Classic Clog Mater je hrav\u00e1 limitovan\u00e1 ed\u00edcia in\u0161pirovan\u00e1 postavou Mater z filmu Cars od Disney Pixar. Ikona dizajnu je Materov \u00fasmev z materi\u00e1lu TPU na \u0161pi\u010dke a h\u00e1\u010dik na p\u00e4tnom remienku. Na \u0161pi\u010dke je tie\u017e mot\u00edv motora. Tento model kombinuje pohodlie Crocs s vesel\u00fdm vzh\u013eadom a je ide\u00e1lny pre fan\u00fa\u0161ikov v\u0161etk\u00fdch vekov\u00fdch kateg\u00f3ri\u00ed.<\/p>\n<p><strong>V\u017edy si vyberajte o jednu ve\u013ekos\u0165 v\u00e4\u010d\u0161iu, ako be\u017ene nos\u00edte.<\/strong><\/p>\n","protected":false},"excerpt":{"rendered":"<p>Crocs Classic Clog Mater je hrav\u00e1 limitovan\u00e1 ed\u00edcia in\u0161pirovan\u00e1 postavou Mater z filmu Cars od Disney Pixar. Ikona dizajnu je Materov \u00fasmev z materi\u00e1lu TPU na \u0161pi\u010dke a h\u00e1\u010dik na p\u00e4tnom remienku. Na \u0161pi\u010dke je tie\u017e mot\u00edv motora. Tento model kombinuje pohodlie Crocs s vesel\u00fdm vzh\u013eadom a je ide\u00e1lny pre fan\u00fa\u0161ikov v\u0161etk\u00fdch vekov\u00fdch kateg\u00f3ri\u00ed. V\u017edy [&hellip;]<\/p>\n","protected":false},"featured_media":15995,"template":"","meta":{"_acf_changed":false},"product_brand":[],"product_cat":[59,235],"product_tag":[],"woo-feed-brand":[],"class_list":{"0":"post-19975","1":"product","2":"type-product","3":"status-publish","4":"has-post-thumbnail","6":"product_cat-tenisky","7":"product_cat-crocs","9":"first","10":"onbackorder","11":"sale","12":"shipping-taxable","13":"purchasable","14":"product-type-variable"},"acf":[],"yoast_head":"<!-- This site is optimized with the Yoast SEO plugin v26.6 - https:\/\/yoast.com\/wordpress\/plugins\/seo\/ -->\n<title>CROCS CLASSIC CLOG MATER | Tekkies Store<\/title>\n<meta name=\"robots\" content=\"index, follow, max-snippet:-1, max-image-preview:large, max-video-preview:-1\" \/>\n<link rel=\"canonical\" href=\"https:\/\/www.tekkiesstore.cz\/sk\/produkt\/crocs-classic-clog-mater\/\" \/>\n<meta property=\"og:locale\" content=\"sk_SK\" \/>\n<meta property=\"og:type\" content=\"article\" \/>\n<meta property=\"og:title\" content=\"CROCS CLASSIC CLOG MATER | Tekkies Store\" \/>\n<meta property=\"og:description\" content=\"Crocs Classic Clog Mater je hrav\u00e1 limitovan\u00e1 ed\u00edcia in\u0161pirovan\u00e1 postavou Mater z filmu Cars od Disney Pixar. Ikona dizajnu je Materov \u00fasmev z materi\u00e1lu TPU na \u0161pi\u010dke a h\u00e1\u010dik na p\u00e4tnom remienku. Na \u0161pi\u010dke je tie\u017e mot\u00edv motora. Tento model kombinuje pohodlie Crocs s vesel\u00fdm vzh\u013eadom a je ide\u00e1lny pre fan\u00fa\u0161ikov v\u0161etk\u00fdch vekov\u00fdch kateg\u00f3ri\u00ed. V\u017edy [&hellip;]\" \/>\n<meta property=\"og:url\" content=\"https:\/\/www.tekkiesstore.cz\/sk\/produkt\/crocs-classic-clog-mater\/\" \/>\n<meta property=\"og:site_name\" content=\"Tekkies Store\" \/>\n<meta property=\"article:publisher\" content=\"https:\/\/www.facebook.com\/profile.php?id=100090575808845\" \/>\n<meta property=\"article:modified_time\" content=\"2025-12-01T10:26:32+00:00\" \/>\n<meta property=\"og:image\" content=\"https:\/\/www.tekkiesstore.cz\/wp-content\/uploads\/2023\/11\/0fad67ac26a16d9c9ecbd902d6a1aa98.webp\" \/>\n\t<meta property=\"og:image:width\" content=\"823\" \/>\n\t<meta property=\"og:image:height\" content=\"494\" \/>\n\t<meta property=\"og:image:type\" content=\"image\/webp\" \/>\n<meta name=\"twitter:card\" content=\"summary_large_image\" \/>\n<script type=\"application\/ld+json\" class=\"yoast-schema-graph\">{\"@context\":\"https:\/\/schema.org\",\"@graph\":[{\"@type\":\"WebPage\",\"@id\":\"https:\/\/www.tekkiesstore.cz\/sk\/produkt\/crocs-classic-clog-mater\/\",\"url\":\"https:\/\/www.tekkiesstore.cz\/sk\/produkt\/crocs-classic-clog-mater\/\",\"name\":\"CROCS CLASSIC CLOG MATER | Tekkies Store\",\"isPartOf\":{\"@id\":\"https:\/\/www.tekkiesstore.cz\/#website\"},\"primaryImageOfPage\":{\"@id\":\"https:\/\/www.tekkiesstore.cz\/sk\/produkt\/crocs-classic-clog-mater\/#primaryimage\"},\"image\":{\"@id\":\"https:\/\/www.tekkiesstore.cz\/sk\/produkt\/crocs-classic-clog-mater\/#primaryimage\"},\"thumbnailUrl\":\"https:\/\/www.tekkiesstore.cz\/wp-content\/uploads\/2023\/11\/0fad67ac26a16d9c9ecbd902d6a1aa98.webp\",\"datePublished\":\"2023-11-22T06:41:27+00:00\",\"dateModified\":\"2025-12-01T10:26:32+00:00\",\"breadcrumb\":{\"@id\":\"https:\/\/www.tekkiesstore.cz\/sk\/produkt\/crocs-classic-clog-mater\/#breadcrumb\"},\"inLanguage\":\"sk-SK\",\"potentialAction\":[{\"@type\":\"ReadAction\",\"target\":[\"https:\/\/www.tekkiesstore.cz\/sk\/produkt\/crocs-classic-clog-mater\/\"]}]},{\"@type\":\"ImageObject\",\"inLanguage\":\"sk-SK\",\"@id\":\"https:\/\/www.tekkiesstore.cz\/sk\/produkt\/crocs-classic-clog-mater\/#primaryimage\",\"url\":\"https:\/\/www.tekkiesstore.cz\/wp-content\/uploads\/2023\/11\/0fad67ac26a16d9c9ecbd902d6a1aa98.webp\",\"contentUrl\":\"https:\/\/www.tekkiesstore.cz\/wp-content\/uploads\/2023\/11\/0fad67ac26a16d9c9ecbd902d6a1aa98.webp\",\"width\":823,\"height\":494},{\"@type\":\"BreadcrumbList\",\"@id\":\"https:\/\/www.tekkiesstore.cz\/sk\/produkt\/crocs-classic-clog-mater\/#breadcrumb\",\"itemListElement\":[{\"@type\":\"ListItem\",\"position\":1,\"name\":\"Home\",\"item\":\"https:\/\/www.tekkiesstore.cz\/sk\/\"},{\"@type\":\"ListItem\",\"position\":2,\"name\":\"Produkty\",\"item\":\"https:\/\/www.tekkiesstore.cz\/obchod\/\"},{\"@type\":\"ListItem\",\"position\":3,\"name\":\"CROCS CLASSIC CLOG MATER\"}]},{\"@type\":\"WebSite\",\"@id\":\"https:\/\/www.tekkiesstore.cz\/#website\",\"url\":\"https:\/\/www.tekkiesstore.cz\/\",\"name\":\"Tekkies Store\",\"description\":\"Zna\u010dkov\u00e9 tenisky &amp; oble\u010den\u00ed\",\"publisher\":{\"@id\":\"https:\/\/www.tekkiesstore.cz\/#organization\"},\"potentialAction\":[{\"@type\":\"SearchAction\",\"target\":{\"@type\":\"EntryPoint\",\"urlTemplate\":\"https:\/\/www.tekkiesstore.cz\/?s={search_term_string}\"},\"query-input\":{\"@type\":\"PropertyValueSpecification\",\"valueRequired\":true,\"valueName\":\"search_term_string\"}}],\"inLanguage\":\"sk-SK\"},{\"@type\":\"Organization\",\"@id\":\"https:\/\/www.tekkiesstore.cz\/#organization\",\"name\":\"Tekkies Store\",\"url\":\"https:\/\/www.tekkiesstore.cz\/\",\"logo\":{\"@type\":\"ImageObject\",\"inLanguage\":\"sk-SK\",\"@id\":\"https:\/\/www.tekkiesstore.cz\/#\/schema\/logo\/image\/\",\"url\":\"https:\/\/www.tekkiesstore.cz\/wp-content\/uploads\/2023\/11\/logo.png\",\"contentUrl\":\"https:\/\/www.tekkiesstore.cz\/wp-content\/uploads\/2023\/11\/logo.png\",\"width\":165,\"height\":58,\"caption\":\"Tekkies Store\"},\"image\":{\"@id\":\"https:\/\/www.tekkiesstore.cz\/#\/schema\/logo\/image\/\"},\"sameAs\":[\"https:\/\/www.facebook.com\/profile.php?id=100090575808845\"]}]}<\/script>\n<!-- \/ Yoast SEO plugin. -->","yoast_head_json":{"title":"CROCS CLASSIC CLOG MATER | Tekkies Store","robots":{"index":"index","follow":"follow","max-snippet":"max-snippet:-1","max-image-preview":"max-image-preview:large","max-video-preview":"max-video-preview:-1"},"canonical":"https:\/\/www.tekkiesstore.cz\/sk\/produkt\/crocs-classic-clog-mater\/","og_locale":"sk_SK","og_type":"article","og_title":"CROCS CLASSIC CLOG MATER | Tekkies Store","og_description":"Crocs Classic Clog Mater je hrav\u00e1 limitovan\u00e1 ed\u00edcia in\u0161pirovan\u00e1 postavou Mater z filmu Cars od Disney Pixar. Ikona dizajnu je Materov \u00fasmev z materi\u00e1lu TPU na \u0161pi\u010dke a h\u00e1\u010dik na p\u00e4tnom remienku. Na \u0161pi\u010dke je tie\u017e mot\u00edv motora. Tento model kombinuje pohodlie Crocs s vesel\u00fdm vzh\u013eadom a je ide\u00e1lny pre fan\u00fa\u0161ikov v\u0161etk\u00fdch vekov\u00fdch kateg\u00f3ri\u00ed. V\u017edy [&hellip;]","og_url":"https:\/\/www.tekkiesstore.cz\/sk\/produkt\/crocs-classic-clog-mater\/","og_site_name":"Tekkies Store","article_publisher":"https:\/\/www.facebook.com\/profile.php?id=100090575808845","article_modified_time":"2025-12-01T10:26:32+00:00","og_image":[{"width":823,"height":494,"url":"https:\/\/www.tekkiesstore.cz\/wp-content\/uploads\/2023\/11\/0fad67ac26a16d9c9ecbd902d6a1aa98.webp","type":"image\/webp"}],"twitter_card":"summary_large_image","schema":{"@context":"https:\/\/schema.org","@graph":[{"@type":"WebPage","@id":"https:\/\/www.tekkiesstore.cz\/sk\/produkt\/crocs-classic-clog-mater\/","url":"https:\/\/www.tekkiesstore.cz\/sk\/produkt\/crocs-classic-clog-mater\/","name":"CROCS CLASSIC CLOG MATER | Tekkies Store","isPartOf":{"@id":"https:\/\/www.tekkiesstore.cz\/#website"},"primaryImageOfPage":{"@id":"https:\/\/www.tekkiesstore.cz\/sk\/produkt\/crocs-classic-clog-mater\/#primaryimage"},"image":{"@id":"https:\/\/www.tekkiesstore.cz\/sk\/produkt\/crocs-classic-clog-mater\/#primaryimage"},"thumbnailUrl":"https:\/\/www.tekkiesstore.cz\/wp-content\/uploads\/2023\/11\/0fad67ac26a16d9c9ecbd902d6a1aa98.webp","datePublished":"2023-11-22T06:41:27+00:00","dateModified":"2025-12-01T10:26:32+00:00","breadcrumb":{"@id":"https:\/\/www.tekkiesstore.cz\/sk\/produkt\/crocs-classic-clog-mater\/#breadcrumb"},"inLanguage":"sk-SK","potentialAction":[{"@type":"ReadAction","target":["https:\/\/www.tekkiesstore.cz\/sk\/produkt\/crocs-classic-clog-mater\/"]}]},{"@type":"ImageObject","inLanguage":"sk-SK","@id":"https:\/\/www.tekkiesstore.cz\/sk\/produkt\/crocs-classic-clog-mater\/#primaryimage","url":"https:\/\/www.tekkiesstore.cz\/wp-content\/uploads\/2023\/11\/0fad67ac26a16d9c9ecbd902d6a1aa98.webp","contentUrl":"https:\/\/www.tekkiesstore.cz\/wp-content\/uploads\/2023\/11\/0fad67ac26a16d9c9ecbd902d6a1aa98.webp","width":823,"height":494},{"@type":"BreadcrumbList","@id":"https:\/\/www.tekkiesstore.cz\/sk\/produkt\/crocs-classic-clog-mater\/#breadcrumb","itemListElement":[{"@type":"ListItem","position":1,"name":"Home","item":"https:\/\/www.tekkiesstore.cz\/sk\/"},{"@type":"ListItem","position":2,"name":"Produkty","item":"https:\/\/www.tekkiesstore.cz\/obchod\/"},{"@type":"ListItem","position":3,"name":"CROCS CLASSIC CLOG MATER"}]},{"@type":"WebSite","@id":"https:\/\/www.tekkiesstore.cz\/#website","url":"https:\/\/www.tekkiesstore.cz\/","name":"Tekkies Store","description":"Zna\u010dkov\u00e9 tenisky &amp; oble\u010den\u00ed","publisher":{"@id":"https:\/\/www.tekkiesstore.cz\/#organization"},"potentialAction":[{"@type":"SearchAction","target":{"@type":"EntryPoint","urlTemplate":"https:\/\/www.tekkiesstore.cz\/?s={search_term_string}"},"query-input":{"@type":"PropertyValueSpecification","valueRequired":true,"valueName":"search_term_string"}}],"inLanguage":"sk-SK"},{"@type":"Organization","@id":"https:\/\/www.tekkiesstore.cz\/#organization","name":"Tekkies Store","url":"https:\/\/www.tekkiesstore.cz\/","logo":{"@type":"ImageObject","inLanguage":"sk-SK","@id":"https:\/\/www.tekkiesstore.cz\/#\/schema\/logo\/image\/","url":"https:\/\/www.tekkiesstore.cz\/wp-content\/uploads\/2023\/11\/logo.png","contentUrl":"https:\/\/www.tekkiesstore.cz\/wp-content\/uploads\/2023\/11\/logo.png","width":165,"height":58,"caption":"Tekkies Store"},"image":{"@id":"https:\/\/www.tekkiesstore.cz\/#\/schema\/logo\/image\/"},"sameAs":["https:\/\/www.facebook.com\/profile.php?id=100090575808845"]}]}},"_links":{"self":[{"href":"https:\/\/www.tekkiesstore.cz\/sk\/wp-json\/wp\/v2\/product\/19975","targetHints":{"allow":["GET"]}}],"collection":[{"href":"https:\/\/www.tekkiesstore.cz\/sk\/wp-json\/wp\/v2\/product"}],"about":[{"href":"https:\/\/www.tekkiesstore.cz\/sk\/wp-json\/wp\/v2\/types\/product"}],"wp:featuredmedia":[{"embeddable":true,"href":"https:\/\/www.tekkiesstore.cz\/sk\/wp-json\/wp\/v2\/media\/15995"}],"wp:attachment":[{"href":"https:\/\/www.tekkiesstore.cz\/sk\/wp-json\/wp\/v2\/media?parent=19975"}],"wp:term":[{"taxonomy":"product_brand","embeddable":true,"href":"https:\/\/www.tekkiesstore.cz\/sk\/wp-json\/wp\/v2\/product_brand?post=19975"},{"taxonomy":"product_cat","embeddable":true,"href":"https:\/\/www.tekkiesstore.cz\/sk\/wp-json\/wp\/v2\/product_cat?post=19975"},{"taxonomy":"product_tag","embeddable":true,"href":"https:\/\/www.tekkiesstore.cz\/sk\/wp-json\/wp\/v2\/product_tag?post=19975"},{"taxonomy":"woo-feed-brand","embeddable":true,"href":"https:\/\/www.tekkiesstore.cz\/sk\/wp-json\/wp\/v2\/woo-feed-brand?post=19975"}],"curies":[{"name":"wp","href":"https:\/\/api.w.org\/{rel}","templated":true}]}}