{"id":20002,"date":"2023-11-09T15:29:34","date_gmt":"2023-11-22T06:42:52","guid":{"rendered":"https:\/\/www.tekkiesstore.cz\/product\/adidas-samba-og-cloud-white\/"},"modified":"2025-12-01T10:28:54","modified_gmt":"2025-12-01T10:28:54","slug":"adidas-samba-og-cloud-white","status":"publish","type":"product","link":"https:\/\/www.tekkiesstore.cz\/sk\/produkt\/adidas-samba-og-cloud-white\/","title":{"rendered":"ADIDAS SAMBA OG CLOUD WHITE"},"content":{"rendered":"<p>Model Adidas Samba, ktor\u00fd bol p\u00f4vodne uveden\u00fd na trh v roku 1950, pre\u0161iel v priebehu rokov mnoh\u00fdmi inov\u00e1ciami a st\u00e1le patr\u00ed medzi najpred\u00e1vanej\u0161ie modely zna\u010dky. Adidas zohr\u00e1va d\u00f4le\u017eit\u00fa \u00falohu nielen v oblasti \u0161portu, ale aj vo svete m\u00f3dy, kde v posledn\u00fdch rokoch v\u00fdrazne ovplyv\u0148uje svetov\u00e9 trendy. Objavte pohodlie a jedine\u010dn\u00fd \u0161t\u00fdl s top\u00e1nkami Adidas Samba od Tekkiesstore. Pravideln\u011b \u010dist\u011bte povrch tenisek m\u011bkk\u00fdm vlhk\u00fdm had\u0159\u00edkem, aby vypadaly jako nov\u00e9.<\/p>\n","protected":false},"excerpt":{"rendered":"<p>Model Adidas Samba, ktor\u00fd bol p\u00f4vodne uveden\u00fd na trh v roku 1950, pre\u0161iel v priebehu rokov mnoh\u00fdmi inov\u00e1ciami a st\u00e1le patr\u00ed medzi najpred\u00e1vanej\u0161ie modely zna\u010dky. Adidas zohr\u00e1va d\u00f4le\u017eit\u00fa \u00falohu nielen v oblasti \u0161portu, ale aj vo svete m\u00f3dy, kde v posledn\u00fdch rokoch v\u00fdrazne ovplyv\u0148uje svetov\u00e9 trendy. Objavte pohodlie a jedine\u010dn\u00fd \u0161t\u00fdl s top\u00e1nkami Adidas Samba [&hellip;]<\/p>\n","protected":false},"featured_media":14888,"template":"","meta":{"_acf_changed":false},"product_brand":[],"product_cat":[59,341,342],"product_tag":[],"woo-feed-brand":[],"class_list":{"0":"post-20002","1":"product","2":"type-product","3":"status-publish","4":"has-post-thumbnail","6":"product_cat-tenisky","7":"product_cat-adidas","8":"product_cat-samba","10":"first","11":"onbackorder","12":"sale","13":"shipping-taxable","14":"purchasable","15":"product-type-variable"},"acf":[],"yoast_head":"<!-- This site is optimized with the Yoast SEO plugin v26.6 - https:\/\/yoast.com\/wordpress\/plugins\/seo\/ -->\n<title>ADIDAS SAMBA OG CLOUD WHITE | Tekkies Store<\/title>\n<meta name=\"robots\" content=\"index, follow, max-snippet:-1, max-image-preview:large, max-video-preview:-1\" \/>\n<link rel=\"canonical\" href=\"https:\/\/www.tekkiesstore.cz\/sk\/produkt\/adidas-samba-og-cloud-white\/\" \/>\n<meta property=\"og:locale\" content=\"sk_SK\" \/>\n<meta property=\"og:type\" content=\"article\" \/>\n<meta property=\"og:title\" content=\"ADIDAS SAMBA OG CLOUD WHITE | Tekkies Store\" \/>\n<meta property=\"og:description\" content=\"Model Adidas Samba, ktor\u00fd bol p\u00f4vodne uveden\u00fd na trh v roku 1950, pre\u0161iel v priebehu rokov mnoh\u00fdmi inov\u00e1ciami a st\u00e1le patr\u00ed medzi najpred\u00e1vanej\u0161ie modely zna\u010dky. Adidas zohr\u00e1va d\u00f4le\u017eit\u00fa \u00falohu nielen v oblasti \u0161portu, ale aj vo svete m\u00f3dy, kde v posledn\u00fdch rokoch v\u00fdrazne ovplyv\u0148uje svetov\u00e9 trendy. Objavte pohodlie a jedine\u010dn\u00fd \u0161t\u00fdl s top\u00e1nkami Adidas Samba [&hellip;]\" \/>\n<meta property=\"og:url\" content=\"https:\/\/www.tekkiesstore.cz\/sk\/produkt\/adidas-samba-og-cloud-white\/\" \/>\n<meta property=\"og:site_name\" content=\"Tekkies Store\" \/>\n<meta property=\"article:publisher\" content=\"https:\/\/www.facebook.com\/profile.php?id=100090575808845\" \/>\n<meta property=\"article:modified_time\" content=\"2025-12-01T10:28:54+00:00\" \/>\n<meta property=\"og:image\" content=\"https:\/\/www.tekkiesstore.cz\/wp-content\/uploads\/2023\/11\/adidas-samba-og-white-black_16652247_43007002_2048.webp\" \/>\n\t<meta property=\"og:image:width\" content=\"823\" \/>\n\t<meta property=\"og:image:height\" content=\"494\" \/>\n\t<meta property=\"og:image:type\" content=\"image\/webp\" \/>\n<meta name=\"twitter:card\" content=\"summary_large_image\" \/>\n<script type=\"application\/ld+json\" class=\"yoast-schema-graph\">{\"@context\":\"https:\/\/schema.org\",\"@graph\":[{\"@type\":\"WebPage\",\"@id\":\"https:\/\/www.tekkiesstore.cz\/sk\/produkt\/adidas-samba-og-cloud-white\/\",\"url\":\"https:\/\/www.tekkiesstore.cz\/sk\/produkt\/adidas-samba-og-cloud-white\/\",\"name\":\"ADIDAS SAMBA OG CLOUD WHITE | Tekkies Store\",\"isPartOf\":{\"@id\":\"https:\/\/www.tekkiesstore.cz\/#website\"},\"primaryImageOfPage\":{\"@id\":\"https:\/\/www.tekkiesstore.cz\/sk\/produkt\/adidas-samba-og-cloud-white\/#primaryimage\"},\"image\":{\"@id\":\"https:\/\/www.tekkiesstore.cz\/sk\/produkt\/adidas-samba-og-cloud-white\/#primaryimage\"},\"thumbnailUrl\":\"https:\/\/www.tekkiesstore.cz\/wp-content\/uploads\/2023\/11\/adidas-samba-og-white-black_16652247_43007002_2048.webp\",\"datePublished\":\"2023-11-22T06:42:52+00:00\",\"dateModified\":\"2025-12-01T10:28:54+00:00\",\"breadcrumb\":{\"@id\":\"https:\/\/www.tekkiesstore.cz\/sk\/produkt\/adidas-samba-og-cloud-white\/#breadcrumb\"},\"inLanguage\":\"sk-SK\",\"potentialAction\":[{\"@type\":\"ReadAction\",\"target\":[\"https:\/\/www.tekkiesstore.cz\/sk\/produkt\/adidas-samba-og-cloud-white\/\"]}]},{\"@type\":\"ImageObject\",\"inLanguage\":\"sk-SK\",\"@id\":\"https:\/\/www.tekkiesstore.cz\/sk\/produkt\/adidas-samba-og-cloud-white\/#primaryimage\",\"url\":\"https:\/\/www.tekkiesstore.cz\/wp-content\/uploads\/2023\/11\/adidas-samba-og-white-black_16652247_43007002_2048.webp\",\"contentUrl\":\"https:\/\/www.tekkiesstore.cz\/wp-content\/uploads\/2023\/11\/adidas-samba-og-white-black_16652247_43007002_2048.webp\",\"width\":823,\"height\":494},{\"@type\":\"BreadcrumbList\",\"@id\":\"https:\/\/www.tekkiesstore.cz\/sk\/produkt\/adidas-samba-og-cloud-white\/#breadcrumb\",\"itemListElement\":[{\"@type\":\"ListItem\",\"position\":1,\"name\":\"Home\",\"item\":\"https:\/\/www.tekkiesstore.cz\/sk\/\"},{\"@type\":\"ListItem\",\"position\":2,\"name\":\"Produkty\",\"item\":\"https:\/\/www.tekkiesstore.cz\/obchod\/\"},{\"@type\":\"ListItem\",\"position\":3,\"name\":\"ADIDAS SAMBA OG CLOUD WHITE\"}]},{\"@type\":\"WebSite\",\"@id\":\"https:\/\/www.tekkiesstore.cz\/#website\",\"url\":\"https:\/\/www.tekkiesstore.cz\/\",\"name\":\"Tekkies Store\",\"description\":\"Zna\u010dkov\u00e9 tenisky &amp; oble\u010den\u00ed\",\"publisher\":{\"@id\":\"https:\/\/www.tekkiesstore.cz\/#organization\"},\"potentialAction\":[{\"@type\":\"SearchAction\",\"target\":{\"@type\":\"EntryPoint\",\"urlTemplate\":\"https:\/\/www.tekkiesstore.cz\/?s={search_term_string}\"},\"query-input\":{\"@type\":\"PropertyValueSpecification\",\"valueRequired\":true,\"valueName\":\"search_term_string\"}}],\"inLanguage\":\"sk-SK\"},{\"@type\":\"Organization\",\"@id\":\"https:\/\/www.tekkiesstore.cz\/#organization\",\"name\":\"Tekkies Store\",\"url\":\"https:\/\/www.tekkiesstore.cz\/\",\"logo\":{\"@type\":\"ImageObject\",\"inLanguage\":\"sk-SK\",\"@id\":\"https:\/\/www.tekkiesstore.cz\/#\/schema\/logo\/image\/\",\"url\":\"https:\/\/www.tekkiesstore.cz\/wp-content\/uploads\/2023\/11\/logo.png\",\"contentUrl\":\"https:\/\/www.tekkiesstore.cz\/wp-content\/uploads\/2023\/11\/logo.png\",\"width\":165,\"height\":58,\"caption\":\"Tekkies Store\"},\"image\":{\"@id\":\"https:\/\/www.tekkiesstore.cz\/#\/schema\/logo\/image\/\"},\"sameAs\":[\"https:\/\/www.facebook.com\/profile.php?id=100090575808845\"]}]}<\/script>\n<!-- \/ Yoast SEO plugin. -->","yoast_head_json":{"title":"ADIDAS SAMBA OG CLOUD WHITE | Tekkies Store","robots":{"index":"index","follow":"follow","max-snippet":"max-snippet:-1","max-image-preview":"max-image-preview:large","max-video-preview":"max-video-preview:-1"},"canonical":"https:\/\/www.tekkiesstore.cz\/sk\/produkt\/adidas-samba-og-cloud-white\/","og_locale":"sk_SK","og_type":"article","og_title":"ADIDAS SAMBA OG CLOUD WHITE | Tekkies Store","og_description":"Model Adidas Samba, ktor\u00fd bol p\u00f4vodne uveden\u00fd na trh v roku 1950, pre\u0161iel v priebehu rokov mnoh\u00fdmi inov\u00e1ciami a st\u00e1le patr\u00ed medzi najpred\u00e1vanej\u0161ie modely zna\u010dky. Adidas zohr\u00e1va d\u00f4le\u017eit\u00fa \u00falohu nielen v oblasti \u0161portu, ale aj vo svete m\u00f3dy, kde v posledn\u00fdch rokoch v\u00fdrazne ovplyv\u0148uje svetov\u00e9 trendy. Objavte pohodlie a jedine\u010dn\u00fd \u0161t\u00fdl s top\u00e1nkami Adidas Samba [&hellip;]","og_url":"https:\/\/www.tekkiesstore.cz\/sk\/produkt\/adidas-samba-og-cloud-white\/","og_site_name":"Tekkies Store","article_publisher":"https:\/\/www.facebook.com\/profile.php?id=100090575808845","article_modified_time":"2025-12-01T10:28:54+00:00","og_image":[{"width":823,"height":494,"url":"https:\/\/www.tekkiesstore.cz\/wp-content\/uploads\/2023\/11\/adidas-samba-og-white-black_16652247_43007002_2048.webp","type":"image\/webp"}],"twitter_card":"summary_large_image","schema":{"@context":"https:\/\/schema.org","@graph":[{"@type":"WebPage","@id":"https:\/\/www.tekkiesstore.cz\/sk\/produkt\/adidas-samba-og-cloud-white\/","url":"https:\/\/www.tekkiesstore.cz\/sk\/produkt\/adidas-samba-og-cloud-white\/","name":"ADIDAS SAMBA OG CLOUD WHITE | Tekkies Store","isPartOf":{"@id":"https:\/\/www.tekkiesstore.cz\/#website"},"primaryImageOfPage":{"@id":"https:\/\/www.tekkiesstore.cz\/sk\/produkt\/adidas-samba-og-cloud-white\/#primaryimage"},"image":{"@id":"https:\/\/www.tekkiesstore.cz\/sk\/produkt\/adidas-samba-og-cloud-white\/#primaryimage"},"thumbnailUrl":"https:\/\/www.tekkiesstore.cz\/wp-content\/uploads\/2023\/11\/adidas-samba-og-white-black_16652247_43007002_2048.webp","datePublished":"2023-11-22T06:42:52+00:00","dateModified":"2025-12-01T10:28:54+00:00","breadcrumb":{"@id":"https:\/\/www.tekkiesstore.cz\/sk\/produkt\/adidas-samba-og-cloud-white\/#breadcrumb"},"inLanguage":"sk-SK","potentialAction":[{"@type":"ReadAction","target":["https:\/\/www.tekkiesstore.cz\/sk\/produkt\/adidas-samba-og-cloud-white\/"]}]},{"@type":"ImageObject","inLanguage":"sk-SK","@id":"https:\/\/www.tekkiesstore.cz\/sk\/produkt\/adidas-samba-og-cloud-white\/#primaryimage","url":"https:\/\/www.tekkiesstore.cz\/wp-content\/uploads\/2023\/11\/adidas-samba-og-white-black_16652247_43007002_2048.webp","contentUrl":"https:\/\/www.tekkiesstore.cz\/wp-content\/uploads\/2023\/11\/adidas-samba-og-white-black_16652247_43007002_2048.webp","width":823,"height":494},{"@type":"BreadcrumbList","@id":"https:\/\/www.tekkiesstore.cz\/sk\/produkt\/adidas-samba-og-cloud-white\/#breadcrumb","itemListElement":[{"@type":"ListItem","position":1,"name":"Home","item":"https:\/\/www.tekkiesstore.cz\/sk\/"},{"@type":"ListItem","position":2,"name":"Produkty","item":"https:\/\/www.tekkiesstore.cz\/obchod\/"},{"@type":"ListItem","position":3,"name":"ADIDAS SAMBA OG CLOUD WHITE"}]},{"@type":"WebSite","@id":"https:\/\/www.tekkiesstore.cz\/#website","url":"https:\/\/www.tekkiesstore.cz\/","name":"Tekkies Store","description":"Zna\u010dkov\u00e9 tenisky &amp; oble\u010den\u00ed","publisher":{"@id":"https:\/\/www.tekkiesstore.cz\/#organization"},"potentialAction":[{"@type":"SearchAction","target":{"@type":"EntryPoint","urlTemplate":"https:\/\/www.tekkiesstore.cz\/?s={search_term_string}"},"query-input":{"@type":"PropertyValueSpecification","valueRequired":true,"valueName":"search_term_string"}}],"inLanguage":"sk-SK"},{"@type":"Organization","@id":"https:\/\/www.tekkiesstore.cz\/#organization","name":"Tekkies Store","url":"https:\/\/www.tekkiesstore.cz\/","logo":{"@type":"ImageObject","inLanguage":"sk-SK","@id":"https:\/\/www.tekkiesstore.cz\/#\/schema\/logo\/image\/","url":"https:\/\/www.tekkiesstore.cz\/wp-content\/uploads\/2023\/11\/logo.png","contentUrl":"https:\/\/www.tekkiesstore.cz\/wp-content\/uploads\/2023\/11\/logo.png","width":165,"height":58,"caption":"Tekkies Store"},"image":{"@id":"https:\/\/www.tekkiesstore.cz\/#\/schema\/logo\/image\/"},"sameAs":["https:\/\/www.facebook.com\/profile.php?id=100090575808845"]}]}},"_links":{"self":[{"href":"https:\/\/www.tekkiesstore.cz\/sk\/wp-json\/wp\/v2\/product\/20002","targetHints":{"allow":["GET"]}}],"collection":[{"href":"https:\/\/www.tekkiesstore.cz\/sk\/wp-json\/wp\/v2\/product"}],"about":[{"href":"https:\/\/www.tekkiesstore.cz\/sk\/wp-json\/wp\/v2\/types\/product"}],"wp:featuredmedia":[{"embeddable":true,"href":"https:\/\/www.tekkiesstore.cz\/sk\/wp-json\/wp\/v2\/media\/14888"}],"wp:attachment":[{"href":"https:\/\/www.tekkiesstore.cz\/sk\/wp-json\/wp\/v2\/media?parent=20002"}],"wp:term":[{"taxonomy":"product_brand","embeddable":true,"href":"https:\/\/www.tekkiesstore.cz\/sk\/wp-json\/wp\/v2\/product_brand?post=20002"},{"taxonomy":"product_cat","embeddable":true,"href":"https:\/\/www.tekkiesstore.cz\/sk\/wp-json\/wp\/v2\/product_cat?post=20002"},{"taxonomy":"product_tag","embeddable":true,"href":"https:\/\/www.tekkiesstore.cz\/sk\/wp-json\/wp\/v2\/product_tag?post=20002"},{"taxonomy":"woo-feed-brand","embeddable":true,"href":"https:\/\/www.tekkiesstore.cz\/sk\/wp-json\/wp\/v2\/woo-feed-brand?post=20002"}],"curies":[{"name":"wp","href":"https:\/\/api.w.org\/{rel}","templated":true}]}}