{"id":20372,"date":"2023-11-08T14:17:57","date_gmt":"2023-11-08T14:17:57","guid":{"rendered":"https:\/\/www.tekkiesstore.cz\/product\/ugg-tasman-slipper-chestnut-w\/"},"modified":"2025-12-01T10:39:21","modified_gmt":"2025-12-01T10:39:21","slug":"ugg-tasman-slipper-chestnut-w","status":"publish","type":"product","link":"https:\/\/www.tekkiesstore.cz\/sk\/produkt\/ugg-tasman-slipper-chestnut-w\/","title":{"rendered":"UGG TASMAN SLIPPER CHESTNUT (W)"},"content":{"rendered":"<p>Model <strong>UGG Tasman Slipper Chestnut<\/strong> sa stal jednou z najob\u013e\u00fabenej\u0161\u00edch farieb v katal\u00f3gu a je vyroben\u00fd z vlnenej tkaniny. S\u00fa vybaven\u00e9 penovou stielkou a podr\u00e1\u017ekou Treadlite, ako aj v\u00fd\u0161ivkou Tasman na vn\u00fatornej strane top\u00e1nky a podpisov\u00fdm logom na zvr\u0161ku. Tento model je nepremokav\u00fd a m\u00e1 vyberate\u013en\u00fa stielku UGGplush\u2122 vyroben\u00fa z recyklovanej vlny a lyocellu TENCEL\u2122. Podr\u00e1\u017eka s hviezdicov\u00fdm vzorom z\u00e1rove\u0148 poskytuje vynikaj\u00facu trakciu.<\/p>\n","protected":false},"excerpt":{"rendered":"<p>Model UGG Tasman Slipper Chestnut sa stal jednou z najob\u013e\u00fabenej\u0161\u00edch farieb v katal\u00f3gu a je vyroben\u00fd z vlnenej tkaniny. S\u00fa vybaven\u00e9 penovou stielkou a podr\u00e1\u017ekou Treadlite, ako aj v\u00fd\u0161ivkou Tasman na vn\u00fatornej strane top\u00e1nky a podpisov\u00fdm logom na zvr\u0161ku. Tento model je nepremokav\u00fd a m\u00e1 vyberate\u013en\u00fa stielku UGGplush\u2122 vyroben\u00fa z recyklovanej vlny a lyocellu TENCEL\u2122. [&hellip;]<\/p>\n","protected":false},"featured_media":13801,"template":"","meta":{"_acf_changed":false},"product_brand":[],"product_cat":[59,217,463],"product_tag":[],"woo-feed-brand":[],"class_list":{"0":"post-20372","1":"product","2":"type-product","3":"status-publish","4":"has-post-thumbnail","6":"product_cat-tenisky","7":"product_cat-ugg","8":"product_cat-ugg-tasman-slipper","10":"first","11":"onbackorder","12":"shipping-taxable","13":"purchasable","14":"product-type-variable"},"acf":[],"yoast_head":"<!-- This site is optimized with the Yoast SEO plugin v26.6 - https:\/\/yoast.com\/wordpress\/plugins\/seo\/ -->\n<title>UGG TASMAN SLIPPER CHESTNUT (W) | Tekkies Store<\/title>\n<meta name=\"robots\" content=\"index, follow, max-snippet:-1, max-image-preview:large, max-video-preview:-1\" \/>\n<link rel=\"canonical\" href=\"https:\/\/www.tekkiesstore.cz\/sk\/produkt\/ugg-tasman-slipper-chestnut-w\/\" \/>\n<meta property=\"og:locale\" content=\"sk_SK\" \/>\n<meta property=\"og:type\" content=\"article\" \/>\n<meta property=\"og:title\" content=\"UGG TASMAN SLIPPER CHESTNUT (W) | Tekkies Store\" \/>\n<meta property=\"og:description\" content=\"Model UGG Tasman Slipper Chestnut sa stal jednou z najob\u013e\u00fabenej\u0161\u00edch farieb v katal\u00f3gu a je vyroben\u00fd z vlnenej tkaniny. S\u00fa vybaven\u00e9 penovou stielkou a podr\u00e1\u017ekou Treadlite, ako aj v\u00fd\u0161ivkou Tasman na vn\u00fatornej strane top\u00e1nky a podpisov\u00fdm logom na zvr\u0161ku. Tento model je nepremokav\u00fd a m\u00e1 vyberate\u013en\u00fa stielku UGGplush\u2122 vyroben\u00fa z recyklovanej vlny a lyocellu TENCEL\u2122. [&hellip;]\" \/>\n<meta property=\"og:url\" content=\"https:\/\/www.tekkiesstore.cz\/sk\/produkt\/ugg-tasman-slipper-chestnut-w\/\" \/>\n<meta property=\"og:site_name\" content=\"Tekkies Store\" \/>\n<meta property=\"article:publisher\" content=\"https:\/\/www.facebook.com\/profile.php?id=100090575808845\" \/>\n<meta property=\"article:modified_time\" content=\"2025-12-01T10:39:21+00:00\" \/>\n<meta property=\"og:image\" content=\"https:\/\/www.tekkiesstore.cz\/wp-content\/uploads\/2023\/11\/ugg-ugg-tasman_19606190_43656888_2048.webp\" \/>\n\t<meta property=\"og:image:width\" content=\"823\" \/>\n\t<meta property=\"og:image:height\" content=\"494\" \/>\n\t<meta property=\"og:image:type\" content=\"image\/webp\" \/>\n<meta name=\"twitter:card\" content=\"summary_large_image\" \/>\n<meta name=\"twitter:label1\" content=\"Predpokladan\u00fd \u010das \u010d\u00edtania\" \/>\n\t<meta name=\"twitter:data1\" content=\"1 min\u00fata\" \/>\n<script type=\"application\/ld+json\" class=\"yoast-schema-graph\">{\"@context\":\"https:\/\/schema.org\",\"@graph\":[{\"@type\":\"WebPage\",\"@id\":\"https:\/\/www.tekkiesstore.cz\/sk\/produkt\/ugg-tasman-slipper-chestnut-w\/\",\"url\":\"https:\/\/www.tekkiesstore.cz\/sk\/produkt\/ugg-tasman-slipper-chestnut-w\/\",\"name\":\"UGG TASMAN SLIPPER CHESTNUT (W) | Tekkies Store\",\"isPartOf\":{\"@id\":\"https:\/\/www.tekkiesstore.cz\/#website\"},\"primaryImageOfPage\":{\"@id\":\"https:\/\/www.tekkiesstore.cz\/sk\/produkt\/ugg-tasman-slipper-chestnut-w\/#primaryimage\"},\"image\":{\"@id\":\"https:\/\/www.tekkiesstore.cz\/sk\/produkt\/ugg-tasman-slipper-chestnut-w\/#primaryimage\"},\"thumbnailUrl\":\"https:\/\/www.tekkiesstore.cz\/wp-content\/uploads\/2023\/11\/ugg-ugg-tasman_19606190_43656888_2048.webp\",\"datePublished\":\"2023-11-08T14:17:57+00:00\",\"dateModified\":\"2025-12-01T10:39:21+00:00\",\"breadcrumb\":{\"@id\":\"https:\/\/www.tekkiesstore.cz\/sk\/produkt\/ugg-tasman-slipper-chestnut-w\/#breadcrumb\"},\"inLanguage\":\"sk-SK\",\"potentialAction\":[{\"@type\":\"ReadAction\",\"target\":[\"https:\/\/www.tekkiesstore.cz\/sk\/produkt\/ugg-tasman-slipper-chestnut-w\/\"]}]},{\"@type\":\"ImageObject\",\"inLanguage\":\"sk-SK\",\"@id\":\"https:\/\/www.tekkiesstore.cz\/sk\/produkt\/ugg-tasman-slipper-chestnut-w\/#primaryimage\",\"url\":\"https:\/\/www.tekkiesstore.cz\/wp-content\/uploads\/2023\/11\/ugg-ugg-tasman_19606190_43656888_2048.webp\",\"contentUrl\":\"https:\/\/www.tekkiesstore.cz\/wp-content\/uploads\/2023\/11\/ugg-ugg-tasman_19606190_43656888_2048.webp\",\"width\":823,\"height\":494},{\"@type\":\"BreadcrumbList\",\"@id\":\"https:\/\/www.tekkiesstore.cz\/sk\/produkt\/ugg-tasman-slipper-chestnut-w\/#breadcrumb\",\"itemListElement\":[{\"@type\":\"ListItem\",\"position\":1,\"name\":\"Home\",\"item\":\"https:\/\/www.tekkiesstore.cz\/sk\/\"},{\"@type\":\"ListItem\",\"position\":2,\"name\":\"Produkty\",\"item\":\"https:\/\/www.tekkiesstore.cz\/obchod\/\"},{\"@type\":\"ListItem\",\"position\":3,\"name\":\"UGG TASMAN SLIPPER CHESTNUT (W)\"}]},{\"@type\":\"WebSite\",\"@id\":\"https:\/\/www.tekkiesstore.cz\/#website\",\"url\":\"https:\/\/www.tekkiesstore.cz\/\",\"name\":\"Tekkies Store\",\"description\":\"Zna\u010dkov\u00e9 tenisky &amp; oble\u010den\u00ed\",\"publisher\":{\"@id\":\"https:\/\/www.tekkiesstore.cz\/#organization\"},\"potentialAction\":[{\"@type\":\"SearchAction\",\"target\":{\"@type\":\"EntryPoint\",\"urlTemplate\":\"https:\/\/www.tekkiesstore.cz\/?s={search_term_string}\"},\"query-input\":{\"@type\":\"PropertyValueSpecification\",\"valueRequired\":true,\"valueName\":\"search_term_string\"}}],\"inLanguage\":\"sk-SK\"},{\"@type\":\"Organization\",\"@id\":\"https:\/\/www.tekkiesstore.cz\/#organization\",\"name\":\"Tekkies Store\",\"url\":\"https:\/\/www.tekkiesstore.cz\/\",\"logo\":{\"@type\":\"ImageObject\",\"inLanguage\":\"sk-SK\",\"@id\":\"https:\/\/www.tekkiesstore.cz\/#\/schema\/logo\/image\/\",\"url\":\"https:\/\/www.tekkiesstore.cz\/wp-content\/uploads\/2023\/11\/logo.png\",\"contentUrl\":\"https:\/\/www.tekkiesstore.cz\/wp-content\/uploads\/2023\/11\/logo.png\",\"width\":165,\"height\":58,\"caption\":\"Tekkies Store\"},\"image\":{\"@id\":\"https:\/\/www.tekkiesstore.cz\/#\/schema\/logo\/image\/\"},\"sameAs\":[\"https:\/\/www.facebook.com\/profile.php?id=100090575808845\"]}]}<\/script>\n<!-- \/ Yoast SEO plugin. -->","yoast_head_json":{"title":"UGG TASMAN SLIPPER CHESTNUT (W) | Tekkies Store","robots":{"index":"index","follow":"follow","max-snippet":"max-snippet:-1","max-image-preview":"max-image-preview:large","max-video-preview":"max-video-preview:-1"},"canonical":"https:\/\/www.tekkiesstore.cz\/sk\/produkt\/ugg-tasman-slipper-chestnut-w\/","og_locale":"sk_SK","og_type":"article","og_title":"UGG TASMAN SLIPPER CHESTNUT (W) | Tekkies Store","og_description":"Model UGG Tasman Slipper Chestnut sa stal jednou z najob\u013e\u00fabenej\u0161\u00edch farieb v katal\u00f3gu a je vyroben\u00fd z vlnenej tkaniny. S\u00fa vybaven\u00e9 penovou stielkou a podr\u00e1\u017ekou Treadlite, ako aj v\u00fd\u0161ivkou Tasman na vn\u00fatornej strane top\u00e1nky a podpisov\u00fdm logom na zvr\u0161ku. Tento model je nepremokav\u00fd a m\u00e1 vyberate\u013en\u00fa stielku UGGplush\u2122 vyroben\u00fa z recyklovanej vlny a lyocellu TENCEL\u2122. [&hellip;]","og_url":"https:\/\/www.tekkiesstore.cz\/sk\/produkt\/ugg-tasman-slipper-chestnut-w\/","og_site_name":"Tekkies Store","article_publisher":"https:\/\/www.facebook.com\/profile.php?id=100090575808845","article_modified_time":"2025-12-01T10:39:21+00:00","og_image":[{"width":823,"height":494,"url":"https:\/\/www.tekkiesstore.cz\/wp-content\/uploads\/2023\/11\/ugg-ugg-tasman_19606190_43656888_2048.webp","type":"image\/webp"}],"twitter_card":"summary_large_image","twitter_misc":{"Predpokladan\u00fd \u010das \u010d\u00edtania":"1 min\u00fata"},"schema":{"@context":"https:\/\/schema.org","@graph":[{"@type":"WebPage","@id":"https:\/\/www.tekkiesstore.cz\/sk\/produkt\/ugg-tasman-slipper-chestnut-w\/","url":"https:\/\/www.tekkiesstore.cz\/sk\/produkt\/ugg-tasman-slipper-chestnut-w\/","name":"UGG TASMAN SLIPPER CHESTNUT (W) | Tekkies Store","isPartOf":{"@id":"https:\/\/www.tekkiesstore.cz\/#website"},"primaryImageOfPage":{"@id":"https:\/\/www.tekkiesstore.cz\/sk\/produkt\/ugg-tasman-slipper-chestnut-w\/#primaryimage"},"image":{"@id":"https:\/\/www.tekkiesstore.cz\/sk\/produkt\/ugg-tasman-slipper-chestnut-w\/#primaryimage"},"thumbnailUrl":"https:\/\/www.tekkiesstore.cz\/wp-content\/uploads\/2023\/11\/ugg-ugg-tasman_19606190_43656888_2048.webp","datePublished":"2023-11-08T14:17:57+00:00","dateModified":"2025-12-01T10:39:21+00:00","breadcrumb":{"@id":"https:\/\/www.tekkiesstore.cz\/sk\/produkt\/ugg-tasman-slipper-chestnut-w\/#breadcrumb"},"inLanguage":"sk-SK","potentialAction":[{"@type":"ReadAction","target":["https:\/\/www.tekkiesstore.cz\/sk\/produkt\/ugg-tasman-slipper-chestnut-w\/"]}]},{"@type":"ImageObject","inLanguage":"sk-SK","@id":"https:\/\/www.tekkiesstore.cz\/sk\/produkt\/ugg-tasman-slipper-chestnut-w\/#primaryimage","url":"https:\/\/www.tekkiesstore.cz\/wp-content\/uploads\/2023\/11\/ugg-ugg-tasman_19606190_43656888_2048.webp","contentUrl":"https:\/\/www.tekkiesstore.cz\/wp-content\/uploads\/2023\/11\/ugg-ugg-tasman_19606190_43656888_2048.webp","width":823,"height":494},{"@type":"BreadcrumbList","@id":"https:\/\/www.tekkiesstore.cz\/sk\/produkt\/ugg-tasman-slipper-chestnut-w\/#breadcrumb","itemListElement":[{"@type":"ListItem","position":1,"name":"Home","item":"https:\/\/www.tekkiesstore.cz\/sk\/"},{"@type":"ListItem","position":2,"name":"Produkty","item":"https:\/\/www.tekkiesstore.cz\/obchod\/"},{"@type":"ListItem","position":3,"name":"UGG TASMAN SLIPPER CHESTNUT (W)"}]},{"@type":"WebSite","@id":"https:\/\/www.tekkiesstore.cz\/#website","url":"https:\/\/www.tekkiesstore.cz\/","name":"Tekkies Store","description":"Zna\u010dkov\u00e9 tenisky &amp; oble\u010den\u00ed","publisher":{"@id":"https:\/\/www.tekkiesstore.cz\/#organization"},"potentialAction":[{"@type":"SearchAction","target":{"@type":"EntryPoint","urlTemplate":"https:\/\/www.tekkiesstore.cz\/?s={search_term_string}"},"query-input":{"@type":"PropertyValueSpecification","valueRequired":true,"valueName":"search_term_string"}}],"inLanguage":"sk-SK"},{"@type":"Organization","@id":"https:\/\/www.tekkiesstore.cz\/#organization","name":"Tekkies Store","url":"https:\/\/www.tekkiesstore.cz\/","logo":{"@type":"ImageObject","inLanguage":"sk-SK","@id":"https:\/\/www.tekkiesstore.cz\/#\/schema\/logo\/image\/","url":"https:\/\/www.tekkiesstore.cz\/wp-content\/uploads\/2023\/11\/logo.png","contentUrl":"https:\/\/www.tekkiesstore.cz\/wp-content\/uploads\/2023\/11\/logo.png","width":165,"height":58,"caption":"Tekkies Store"},"image":{"@id":"https:\/\/www.tekkiesstore.cz\/#\/schema\/logo\/image\/"},"sameAs":["https:\/\/www.facebook.com\/profile.php?id=100090575808845"]}]}},"_links":{"self":[{"href":"https:\/\/www.tekkiesstore.cz\/sk\/wp-json\/wp\/v2\/product\/20372","targetHints":{"allow":["GET"]}}],"collection":[{"href":"https:\/\/www.tekkiesstore.cz\/sk\/wp-json\/wp\/v2\/product"}],"about":[{"href":"https:\/\/www.tekkiesstore.cz\/sk\/wp-json\/wp\/v2\/types\/product"}],"wp:featuredmedia":[{"embeddable":true,"href":"https:\/\/www.tekkiesstore.cz\/sk\/wp-json\/wp\/v2\/media\/13801"}],"wp:attachment":[{"href":"https:\/\/www.tekkiesstore.cz\/sk\/wp-json\/wp\/v2\/media?parent=20372"}],"wp:term":[{"taxonomy":"product_brand","embeddable":true,"href":"https:\/\/www.tekkiesstore.cz\/sk\/wp-json\/wp\/v2\/product_brand?post=20372"},{"taxonomy":"product_cat","embeddable":true,"href":"https:\/\/www.tekkiesstore.cz\/sk\/wp-json\/wp\/v2\/product_cat?post=20372"},{"taxonomy":"product_tag","embeddable":true,"href":"https:\/\/www.tekkiesstore.cz\/sk\/wp-json\/wp\/v2\/product_tag?post=20372"},{"taxonomy":"woo-feed-brand","embeddable":true,"href":"https:\/\/www.tekkiesstore.cz\/sk\/wp-json\/wp\/v2\/woo-feed-brand?post=20372"}],"curies":[{"name":"wp","href":"https:\/\/api.w.org\/{rel}","templated":true}]}}