{"id":20662,"date":"2023-11-08T13:27:05","date_gmt":"2023-11-08T13:27:05","guid":{"rendered":"https:\/\/www.tekkiesstore.cz\/product\/ugg-tazz-slipper-braid-natural-w\/"},"modified":"2025-11-16T14:40:25","modified_gmt":"2025-11-16T14:40:25","slug":"ugg-tazz-slipper-braid-natural","status":"publish","type":"product","link":"https:\/\/www.tekkiesstore.cz\/sk\/produkt\/ugg-tazz-slipper-braid-natural\/","title":{"rendered":"UGG TAZZ SLIPPER BRAID NATURAL"},"content":{"rendered":"<p>Papu\u010de <strong>UGG Tazz Slipper Heritage Braid Natural<\/strong> s\u00fa nad\u00fdchanou verziou ikonick\u00e9ho modelu Tazz, teraz e\u0161te pohodlnej\u0161ou. Tento model v svetl\u00fdch neutr\u00e1lnych odtie\u0148och je \u0161peci\u00e1lne navrhnut\u00fd pre \u017eeny.<\/p>\n<p>Papu\u010de <strong>UGG Tazz Slipper Heritage Braid<\/strong> v pr\u00edrodnej farbe nahr\u00e1dzaj\u00fa semi\u0161ov\u00fd zvr\u0161ok m\u00e4kkou ov\u010dou vlnou v kr\u00e9movej farbe. \u010cerven\u00e9 a \u010dierne \u0161vy okolo goliera vytv\u00e1raj\u00fa zn\u00e1my UGG Tasman braid. Leskl\u00e1 \u010derven\u00e1 zadn\u00e1 slu\u010dka u\u013eah\u010duje ob\u00favanie a vyz\u00favanie. Vn\u00fatorn\u00e1 pod\u0161\u00edvka je vyroben\u00e1 z m\u00e4kk\u00e9ho UGG ply\u0161u a lyocellu. Stielka m\u00e1 tie\u017e v\u0161it\u00fa etiketu s logom UGG.<\/p>\n","protected":false},"excerpt":{"rendered":"<p>Papu\u010de UGG Tazz Slipper Heritage Braid Natural s\u00fa nad\u00fdchanou verziou ikonick\u00e9ho modelu Tazz, teraz e\u0161te pohodlnej\u0161ou. Tento model v svetl\u00fdch neutr\u00e1lnych odtie\u0148och je \u0161peci\u00e1lne navrhnut\u00fd pre \u017eeny. Papu\u010de UGG Tazz Slipper Heritage Braid v pr\u00edrodnej farbe nahr\u00e1dzaj\u00fa semi\u0161ov\u00fd zvr\u0161ok m\u00e4kkou ov\u010dou vlnou v kr\u00e9movej farbe. \u010cerven\u00e9 a \u010dierne \u0161vy okolo goliera vytv\u00e1raj\u00fa zn\u00e1my UGG Tasman [&hellip;]<\/p>\n","protected":false},"featured_media":54139,"template":"","meta":{"_acf_changed":false},"product_brand":[],"product_cat":[59,217,467],"product_tag":[],"woo-feed-brand":[],"class_list":{"0":"post-20662","1":"product","2":"type-product","3":"status-publish","4":"has-post-thumbnail","6":"product_cat-tenisky","7":"product_cat-ugg","8":"product_cat-ugg-tazz-slipper","10":"first","11":"onbackorder","12":"shipping-taxable","13":"purchasable","14":"product-type-variable"},"acf":[],"yoast_head":"<!-- This site is optimized with the Yoast SEO plugin v26.6 - https:\/\/yoast.com\/wordpress\/plugins\/seo\/ -->\n<title>UGG TAZZ SLIPPER BRAID NATURAL | Tekkies Store<\/title>\n<meta name=\"robots\" content=\"index, follow, max-snippet:-1, max-image-preview:large, max-video-preview:-1\" \/>\n<link rel=\"canonical\" href=\"https:\/\/www.tekkiesstore.cz\/sk\/produkt\/ugg-tazz-slipper-braid-natural\/\" \/>\n<meta property=\"og:locale\" content=\"sk_SK\" \/>\n<meta property=\"og:type\" content=\"article\" \/>\n<meta property=\"og:title\" content=\"UGG TAZZ SLIPPER BRAID NATURAL | Tekkies Store\" \/>\n<meta property=\"og:description\" content=\"Papu\u010de UGG Tazz Slipper Heritage Braid Natural s\u00fa nad\u00fdchanou verziou ikonick\u00e9ho modelu Tazz, teraz e\u0161te pohodlnej\u0161ou. Tento model v svetl\u00fdch neutr\u00e1lnych odtie\u0148och je \u0161peci\u00e1lne navrhnut\u00fd pre \u017eeny. Papu\u010de UGG Tazz Slipper Heritage Braid v pr\u00edrodnej farbe nahr\u00e1dzaj\u00fa semi\u0161ov\u00fd zvr\u0161ok m\u00e4kkou ov\u010dou vlnou v kr\u00e9movej farbe. \u010cerven\u00e9 a \u010dierne \u0161vy okolo goliera vytv\u00e1raj\u00fa zn\u00e1my UGG Tasman [&hellip;]\" \/>\n<meta property=\"og:url\" content=\"https:\/\/www.tekkiesstore.cz\/sk\/produkt\/ugg-tazz-slipper-braid-natural\/\" \/>\n<meta property=\"og:site_name\" content=\"Tekkies Store\" \/>\n<meta property=\"article:publisher\" content=\"https:\/\/www.facebook.com\/profile.php?id=100090575808845\" \/>\n<meta property=\"article:modified_time\" content=\"2025-11-16T14:40:25+00:00\" \/>\n<meta property=\"og:image\" content=\"https:\/\/www.tekkiesstore.cz\/wp-content\/uploads\/2023\/11\/36_f4463ca4-7822-49bc-ae42-a53821d82ca2.webp\" \/>\n\t<meta property=\"og:image:width\" content=\"823\" \/>\n\t<meta property=\"og:image:height\" content=\"494\" \/>\n\t<meta property=\"og:image:type\" content=\"image\/webp\" \/>\n<meta name=\"twitter:card\" content=\"summary_large_image\" \/>\n<meta name=\"twitter:label1\" content=\"Predpokladan\u00fd \u010das \u010d\u00edtania\" \/>\n\t<meta name=\"twitter:data1\" content=\"1 min\u00fata\" \/>\n<script type=\"application\/ld+json\" class=\"yoast-schema-graph\">{\"@context\":\"https:\/\/schema.org\",\"@graph\":[{\"@type\":\"WebPage\",\"@id\":\"https:\/\/www.tekkiesstore.cz\/sk\/produkt\/ugg-tazz-slipper-braid-natural\/\",\"url\":\"https:\/\/www.tekkiesstore.cz\/sk\/produkt\/ugg-tazz-slipper-braid-natural\/\",\"name\":\"UGG TAZZ SLIPPER BRAID NATURAL | Tekkies Store\",\"isPartOf\":{\"@id\":\"https:\/\/www.tekkiesstore.cz\/#website\"},\"primaryImageOfPage\":{\"@id\":\"https:\/\/www.tekkiesstore.cz\/sk\/produkt\/ugg-tazz-slipper-braid-natural\/#primaryimage\"},\"image\":{\"@id\":\"https:\/\/www.tekkiesstore.cz\/sk\/produkt\/ugg-tazz-slipper-braid-natural\/#primaryimage\"},\"thumbnailUrl\":\"https:\/\/www.tekkiesstore.cz\/wp-content\/uploads\/2023\/11\/36_f4463ca4-7822-49bc-ae42-a53821d82ca2.webp\",\"datePublished\":\"2023-11-08T13:27:05+00:00\",\"dateModified\":\"2025-11-16T14:40:25+00:00\",\"breadcrumb\":{\"@id\":\"https:\/\/www.tekkiesstore.cz\/sk\/produkt\/ugg-tazz-slipper-braid-natural\/#breadcrumb\"},\"inLanguage\":\"sk-SK\",\"potentialAction\":[{\"@type\":\"ReadAction\",\"target\":[\"https:\/\/www.tekkiesstore.cz\/sk\/produkt\/ugg-tazz-slipper-braid-natural\/\"]}]},{\"@type\":\"ImageObject\",\"inLanguage\":\"sk-SK\",\"@id\":\"https:\/\/www.tekkiesstore.cz\/sk\/produkt\/ugg-tazz-slipper-braid-natural\/#primaryimage\",\"url\":\"https:\/\/www.tekkiesstore.cz\/wp-content\/uploads\/2023\/11\/36_f4463ca4-7822-49bc-ae42-a53821d82ca2.webp\",\"contentUrl\":\"https:\/\/www.tekkiesstore.cz\/wp-content\/uploads\/2023\/11\/36_f4463ca4-7822-49bc-ae42-a53821d82ca2.webp\",\"width\":823,\"height\":494},{\"@type\":\"BreadcrumbList\",\"@id\":\"https:\/\/www.tekkiesstore.cz\/sk\/produkt\/ugg-tazz-slipper-braid-natural\/#breadcrumb\",\"itemListElement\":[{\"@type\":\"ListItem\",\"position\":1,\"name\":\"Home\",\"item\":\"https:\/\/www.tekkiesstore.cz\/sk\/\"},{\"@type\":\"ListItem\",\"position\":2,\"name\":\"Produkty\",\"item\":\"https:\/\/www.tekkiesstore.cz\/obchod\/\"},{\"@type\":\"ListItem\",\"position\":3,\"name\":\"UGG TAZZ SLIPPER BRAID NATURAL\"}]},{\"@type\":\"WebSite\",\"@id\":\"https:\/\/www.tekkiesstore.cz\/#website\",\"url\":\"https:\/\/www.tekkiesstore.cz\/\",\"name\":\"Tekkies Store\",\"description\":\"Zna\u010dkov\u00e9 tenisky &amp; oble\u010den\u00ed\",\"publisher\":{\"@id\":\"https:\/\/www.tekkiesstore.cz\/#organization\"},\"potentialAction\":[{\"@type\":\"SearchAction\",\"target\":{\"@type\":\"EntryPoint\",\"urlTemplate\":\"https:\/\/www.tekkiesstore.cz\/?s={search_term_string}\"},\"query-input\":{\"@type\":\"PropertyValueSpecification\",\"valueRequired\":true,\"valueName\":\"search_term_string\"}}],\"inLanguage\":\"sk-SK\"},{\"@type\":\"Organization\",\"@id\":\"https:\/\/www.tekkiesstore.cz\/#organization\",\"name\":\"Tekkies Store\",\"url\":\"https:\/\/www.tekkiesstore.cz\/\",\"logo\":{\"@type\":\"ImageObject\",\"inLanguage\":\"sk-SK\",\"@id\":\"https:\/\/www.tekkiesstore.cz\/#\/schema\/logo\/image\/\",\"url\":\"https:\/\/www.tekkiesstore.cz\/wp-content\/uploads\/2023\/11\/logo.png\",\"contentUrl\":\"https:\/\/www.tekkiesstore.cz\/wp-content\/uploads\/2023\/11\/logo.png\",\"width\":165,\"height\":58,\"caption\":\"Tekkies Store\"},\"image\":{\"@id\":\"https:\/\/www.tekkiesstore.cz\/#\/schema\/logo\/image\/\"},\"sameAs\":[\"https:\/\/www.facebook.com\/profile.php?id=100090575808845\"]}]}<\/script>\n<!-- \/ Yoast SEO plugin. -->","yoast_head_json":{"title":"UGG TAZZ SLIPPER BRAID NATURAL | Tekkies Store","robots":{"index":"index","follow":"follow","max-snippet":"max-snippet:-1","max-image-preview":"max-image-preview:large","max-video-preview":"max-video-preview:-1"},"canonical":"https:\/\/www.tekkiesstore.cz\/sk\/produkt\/ugg-tazz-slipper-braid-natural\/","og_locale":"sk_SK","og_type":"article","og_title":"UGG TAZZ SLIPPER BRAID NATURAL | Tekkies Store","og_description":"Papu\u010de UGG Tazz Slipper Heritage Braid Natural s\u00fa nad\u00fdchanou verziou ikonick\u00e9ho modelu Tazz, teraz e\u0161te pohodlnej\u0161ou. Tento model v svetl\u00fdch neutr\u00e1lnych odtie\u0148och je \u0161peci\u00e1lne navrhnut\u00fd pre \u017eeny. Papu\u010de UGG Tazz Slipper Heritage Braid v pr\u00edrodnej farbe nahr\u00e1dzaj\u00fa semi\u0161ov\u00fd zvr\u0161ok m\u00e4kkou ov\u010dou vlnou v kr\u00e9movej farbe. \u010cerven\u00e9 a \u010dierne \u0161vy okolo goliera vytv\u00e1raj\u00fa zn\u00e1my UGG Tasman [&hellip;]","og_url":"https:\/\/www.tekkiesstore.cz\/sk\/produkt\/ugg-tazz-slipper-braid-natural\/","og_site_name":"Tekkies Store","article_publisher":"https:\/\/www.facebook.com\/profile.php?id=100090575808845","article_modified_time":"2025-11-16T14:40:25+00:00","og_image":[{"width":823,"height":494,"url":"https:\/\/www.tekkiesstore.cz\/wp-content\/uploads\/2023\/11\/36_f4463ca4-7822-49bc-ae42-a53821d82ca2.webp","type":"image\/webp"}],"twitter_card":"summary_large_image","twitter_misc":{"Predpokladan\u00fd \u010das \u010d\u00edtania":"1 min\u00fata"},"schema":{"@context":"https:\/\/schema.org","@graph":[{"@type":"WebPage","@id":"https:\/\/www.tekkiesstore.cz\/sk\/produkt\/ugg-tazz-slipper-braid-natural\/","url":"https:\/\/www.tekkiesstore.cz\/sk\/produkt\/ugg-tazz-slipper-braid-natural\/","name":"UGG TAZZ SLIPPER BRAID NATURAL | Tekkies Store","isPartOf":{"@id":"https:\/\/www.tekkiesstore.cz\/#website"},"primaryImageOfPage":{"@id":"https:\/\/www.tekkiesstore.cz\/sk\/produkt\/ugg-tazz-slipper-braid-natural\/#primaryimage"},"image":{"@id":"https:\/\/www.tekkiesstore.cz\/sk\/produkt\/ugg-tazz-slipper-braid-natural\/#primaryimage"},"thumbnailUrl":"https:\/\/www.tekkiesstore.cz\/wp-content\/uploads\/2023\/11\/36_f4463ca4-7822-49bc-ae42-a53821d82ca2.webp","datePublished":"2023-11-08T13:27:05+00:00","dateModified":"2025-11-16T14:40:25+00:00","breadcrumb":{"@id":"https:\/\/www.tekkiesstore.cz\/sk\/produkt\/ugg-tazz-slipper-braid-natural\/#breadcrumb"},"inLanguage":"sk-SK","potentialAction":[{"@type":"ReadAction","target":["https:\/\/www.tekkiesstore.cz\/sk\/produkt\/ugg-tazz-slipper-braid-natural\/"]}]},{"@type":"ImageObject","inLanguage":"sk-SK","@id":"https:\/\/www.tekkiesstore.cz\/sk\/produkt\/ugg-tazz-slipper-braid-natural\/#primaryimage","url":"https:\/\/www.tekkiesstore.cz\/wp-content\/uploads\/2023\/11\/36_f4463ca4-7822-49bc-ae42-a53821d82ca2.webp","contentUrl":"https:\/\/www.tekkiesstore.cz\/wp-content\/uploads\/2023\/11\/36_f4463ca4-7822-49bc-ae42-a53821d82ca2.webp","width":823,"height":494},{"@type":"BreadcrumbList","@id":"https:\/\/www.tekkiesstore.cz\/sk\/produkt\/ugg-tazz-slipper-braid-natural\/#breadcrumb","itemListElement":[{"@type":"ListItem","position":1,"name":"Home","item":"https:\/\/www.tekkiesstore.cz\/sk\/"},{"@type":"ListItem","position":2,"name":"Produkty","item":"https:\/\/www.tekkiesstore.cz\/obchod\/"},{"@type":"ListItem","position":3,"name":"UGG TAZZ SLIPPER BRAID NATURAL"}]},{"@type":"WebSite","@id":"https:\/\/www.tekkiesstore.cz\/#website","url":"https:\/\/www.tekkiesstore.cz\/","name":"Tekkies Store","description":"Zna\u010dkov\u00e9 tenisky &amp; oble\u010den\u00ed","publisher":{"@id":"https:\/\/www.tekkiesstore.cz\/#organization"},"potentialAction":[{"@type":"SearchAction","target":{"@type":"EntryPoint","urlTemplate":"https:\/\/www.tekkiesstore.cz\/?s={search_term_string}"},"query-input":{"@type":"PropertyValueSpecification","valueRequired":true,"valueName":"search_term_string"}}],"inLanguage":"sk-SK"},{"@type":"Organization","@id":"https:\/\/www.tekkiesstore.cz\/#organization","name":"Tekkies Store","url":"https:\/\/www.tekkiesstore.cz\/","logo":{"@type":"ImageObject","inLanguage":"sk-SK","@id":"https:\/\/www.tekkiesstore.cz\/#\/schema\/logo\/image\/","url":"https:\/\/www.tekkiesstore.cz\/wp-content\/uploads\/2023\/11\/logo.png","contentUrl":"https:\/\/www.tekkiesstore.cz\/wp-content\/uploads\/2023\/11\/logo.png","width":165,"height":58,"caption":"Tekkies Store"},"image":{"@id":"https:\/\/www.tekkiesstore.cz\/#\/schema\/logo\/image\/"},"sameAs":["https:\/\/www.facebook.com\/profile.php?id=100090575808845"]}]}},"_links":{"self":[{"href":"https:\/\/www.tekkiesstore.cz\/sk\/wp-json\/wp\/v2\/product\/20662","targetHints":{"allow":["GET"]}}],"collection":[{"href":"https:\/\/www.tekkiesstore.cz\/sk\/wp-json\/wp\/v2\/product"}],"about":[{"href":"https:\/\/www.tekkiesstore.cz\/sk\/wp-json\/wp\/v2\/types\/product"}],"wp:featuredmedia":[{"embeddable":true,"href":"https:\/\/www.tekkiesstore.cz\/sk\/wp-json\/wp\/v2\/media\/54139"}],"wp:attachment":[{"href":"https:\/\/www.tekkiesstore.cz\/sk\/wp-json\/wp\/v2\/media?parent=20662"}],"wp:term":[{"taxonomy":"product_brand","embeddable":true,"href":"https:\/\/www.tekkiesstore.cz\/sk\/wp-json\/wp\/v2\/product_brand?post=20662"},{"taxonomy":"product_cat","embeddable":true,"href":"https:\/\/www.tekkiesstore.cz\/sk\/wp-json\/wp\/v2\/product_cat?post=20662"},{"taxonomy":"product_tag","embeddable":true,"href":"https:\/\/www.tekkiesstore.cz\/sk\/wp-json\/wp\/v2\/product_tag?post=20662"},{"taxonomy":"woo-feed-brand","embeddable":true,"href":"https:\/\/www.tekkiesstore.cz\/sk\/wp-json\/wp\/v2\/woo-feed-brand?post=20662"}],"curies":[{"name":"wp","href":"https:\/\/api.w.org\/{rel}","templated":true}]}}