{"id":20715,"date":"2023-11-07T17:57:36","date_gmt":"2023-11-07T17:57:36","guid":{"rendered":"https:\/\/www.tekkiesstore.cz\/product\/ugg-tazz-slipper-chestnut-w\/"},"modified":"2025-11-16T14:39:39","modified_gmt":"2025-11-16T14:39:39","slug":"ugg-tazz-slipper-chestnut","status":"publish","type":"product","link":"https:\/\/www.tekkiesstore.cz\/sk\/produkt\/ugg-tazz-slipper-chestnut\/","title":{"rendered":"UGG TAZZ SLIPPER CHESTNUT"},"content":{"rendered":"<p>D\u00e1mske papu\u010de <strong>UGG Tazz Slipper Chestnut <\/strong>papu\u010de maj\u00fa na boku vyrazen\u00e9 logo UGG. Tento model si zachov\u00e1va ob\u013e\u00faben\u00fd dizajn pap\u00fa\u010d UGG s 1,5-palcovou platformou pre v\u00e4\u010d\u0161ie pohodlie. Vyroben\u00e9 z kvalitn\u00e9ho semi\u0161u v bordovej farbe s\u00fa pod\u0161it\u00e9 ikonick\u00fdm ply\u0161om UGG pre maxim\u00e1lnu m\u00e4kkos\u0165. Textiln\u00fd lem je vyroben\u00fd z recyklovan\u00fdch polyesterov\u00fdch vl\u00e1kien.<\/p>\n","protected":false},"excerpt":{"rendered":"<p>D\u00e1mske papu\u010de UGG Tazz Slipper Chestnut papu\u010de maj\u00fa na boku vyrazen\u00e9 logo UGG. Tento model si zachov\u00e1va ob\u013e\u00faben\u00fd dizajn pap\u00fa\u010d UGG s 1,5-palcovou platformou pre v\u00e4\u010d\u0161ie pohodlie. Vyroben\u00e9 z kvalitn\u00e9ho semi\u0161u v bordovej farbe s\u00fa pod\u0161it\u00e9 ikonick\u00fdm ply\u0161om UGG pre maxim\u00e1lnu m\u00e4kkos\u0165. Textiln\u00fd lem je vyroben\u00fd z recyklovan\u00fdch polyesterov\u00fdch vl\u00e1kien.<\/p>\n","protected":false},"featured_media":12989,"template":"","meta":{"_acf_changed":false},"product_brand":[],"product_cat":[59,217,467],"product_tag":[],"woo-feed-brand":[],"class_list":{"0":"post-20715","1":"product","2":"type-product","3":"status-publish","4":"has-post-thumbnail","6":"product_cat-tenisky","7":"product_cat-ugg","8":"product_cat-ugg-tazz-slipper","10":"first","11":"onbackorder","12":"sale","13":"shipping-taxable","14":"purchasable","15":"product-type-variable"},"acf":[],"yoast_head":"<!-- This site is optimized with the Yoast SEO plugin v26.6 - https:\/\/yoast.com\/wordpress\/plugins\/seo\/ -->\n<title>UGG TAZZ SLIPPER CHESTNUT | Tekkies Store<\/title>\n<meta name=\"robots\" content=\"index, follow, max-snippet:-1, max-image-preview:large, max-video-preview:-1\" \/>\n<link rel=\"canonical\" href=\"https:\/\/www.tekkiesstore.cz\/sk\/produkt\/ugg-tazz-slipper-chestnut\/\" \/>\n<meta property=\"og:locale\" content=\"sk_SK\" \/>\n<meta property=\"og:type\" content=\"article\" \/>\n<meta property=\"og:title\" content=\"UGG TAZZ SLIPPER CHESTNUT | Tekkies Store\" \/>\n<meta property=\"og:description\" content=\"D\u00e1mske papu\u010de UGG Tazz Slipper Chestnut papu\u010de maj\u00fa na boku vyrazen\u00e9 logo UGG. Tento model si zachov\u00e1va ob\u013e\u00faben\u00fd dizajn pap\u00fa\u010d UGG s 1,5-palcovou platformou pre v\u00e4\u010d\u0161ie pohodlie. Vyroben\u00e9 z kvalitn\u00e9ho semi\u0161u v bordovej farbe s\u00fa pod\u0161it\u00e9 ikonick\u00fdm ply\u0161om UGG pre maxim\u00e1lnu m\u00e4kkos\u0165. Textiln\u00fd lem je vyroben\u00fd z recyklovan\u00fdch polyesterov\u00fdch vl\u00e1kien.\" \/>\n<meta property=\"og:url\" content=\"https:\/\/www.tekkiesstore.cz\/sk\/produkt\/ugg-tazz-slipper-chestnut\/\" \/>\n<meta property=\"og:site_name\" content=\"Tekkies Store\" \/>\n<meta property=\"article:publisher\" content=\"https:\/\/www.facebook.com\/profile.php?id=100090575808845\" \/>\n<meta property=\"article:modified_time\" content=\"2025-11-16T14:39:39+00:00\" \/>\n<meta property=\"og:image\" content=\"https:\/\/www.tekkiesstore.cz\/wp-content\/uploads\/2023\/11\/ugg-w-tazz-chestnut_22021583_47518215_2048.webp\" \/>\n\t<meta property=\"og:image:width\" content=\"823\" \/>\n\t<meta property=\"og:image:height\" content=\"494\" \/>\n\t<meta property=\"og:image:type\" content=\"image\/webp\" \/>\n<meta name=\"twitter:card\" content=\"summary_large_image\" \/>\n<meta name=\"twitter:label1\" content=\"Predpokladan\u00fd \u010das \u010d\u00edtania\" \/>\n\t<meta name=\"twitter:data1\" content=\"1 min\u00fata\" \/>\n<script type=\"application\/ld+json\" class=\"yoast-schema-graph\">{\"@context\":\"https:\/\/schema.org\",\"@graph\":[{\"@type\":\"WebPage\",\"@id\":\"https:\/\/www.tekkiesstore.cz\/sk\/produkt\/ugg-tazz-slipper-chestnut\/\",\"url\":\"https:\/\/www.tekkiesstore.cz\/sk\/produkt\/ugg-tazz-slipper-chestnut\/\",\"name\":\"UGG TAZZ SLIPPER CHESTNUT | Tekkies Store\",\"isPartOf\":{\"@id\":\"https:\/\/www.tekkiesstore.cz\/#website\"},\"primaryImageOfPage\":{\"@id\":\"https:\/\/www.tekkiesstore.cz\/sk\/produkt\/ugg-tazz-slipper-chestnut\/#primaryimage\"},\"image\":{\"@id\":\"https:\/\/www.tekkiesstore.cz\/sk\/produkt\/ugg-tazz-slipper-chestnut\/#primaryimage\"},\"thumbnailUrl\":\"https:\/\/www.tekkiesstore.cz\/wp-content\/uploads\/2023\/11\/ugg-w-tazz-chestnut_22021583_47518215_2048.webp\",\"datePublished\":\"2023-11-07T17:57:36+00:00\",\"dateModified\":\"2025-11-16T14:39:39+00:00\",\"breadcrumb\":{\"@id\":\"https:\/\/www.tekkiesstore.cz\/sk\/produkt\/ugg-tazz-slipper-chestnut\/#breadcrumb\"},\"inLanguage\":\"sk-SK\",\"potentialAction\":[{\"@type\":\"ReadAction\",\"target\":[\"https:\/\/www.tekkiesstore.cz\/sk\/produkt\/ugg-tazz-slipper-chestnut\/\"]}]},{\"@type\":\"ImageObject\",\"inLanguage\":\"sk-SK\",\"@id\":\"https:\/\/www.tekkiesstore.cz\/sk\/produkt\/ugg-tazz-slipper-chestnut\/#primaryimage\",\"url\":\"https:\/\/www.tekkiesstore.cz\/wp-content\/uploads\/2023\/11\/ugg-w-tazz-chestnut_22021583_47518215_2048.webp\",\"contentUrl\":\"https:\/\/www.tekkiesstore.cz\/wp-content\/uploads\/2023\/11\/ugg-w-tazz-chestnut_22021583_47518215_2048.webp\",\"width\":823,\"height\":494},{\"@type\":\"BreadcrumbList\",\"@id\":\"https:\/\/www.tekkiesstore.cz\/sk\/produkt\/ugg-tazz-slipper-chestnut\/#breadcrumb\",\"itemListElement\":[{\"@type\":\"ListItem\",\"position\":1,\"name\":\"Home\",\"item\":\"https:\/\/www.tekkiesstore.cz\/sk\/\"},{\"@type\":\"ListItem\",\"position\":2,\"name\":\"Produkty\",\"item\":\"https:\/\/www.tekkiesstore.cz\/obchod\/\"},{\"@type\":\"ListItem\",\"position\":3,\"name\":\"UGG TAZZ SLIPPER CHESTNUT\"}]},{\"@type\":\"WebSite\",\"@id\":\"https:\/\/www.tekkiesstore.cz\/#website\",\"url\":\"https:\/\/www.tekkiesstore.cz\/\",\"name\":\"Tekkies Store\",\"description\":\"Zna\u010dkov\u00e9 tenisky &amp; oble\u010den\u00ed\",\"publisher\":{\"@id\":\"https:\/\/www.tekkiesstore.cz\/#organization\"},\"potentialAction\":[{\"@type\":\"SearchAction\",\"target\":{\"@type\":\"EntryPoint\",\"urlTemplate\":\"https:\/\/www.tekkiesstore.cz\/?s={search_term_string}\"},\"query-input\":{\"@type\":\"PropertyValueSpecification\",\"valueRequired\":true,\"valueName\":\"search_term_string\"}}],\"inLanguage\":\"sk-SK\"},{\"@type\":\"Organization\",\"@id\":\"https:\/\/www.tekkiesstore.cz\/#organization\",\"name\":\"Tekkies Store\",\"url\":\"https:\/\/www.tekkiesstore.cz\/\",\"logo\":{\"@type\":\"ImageObject\",\"inLanguage\":\"sk-SK\",\"@id\":\"https:\/\/www.tekkiesstore.cz\/#\/schema\/logo\/image\/\",\"url\":\"https:\/\/www.tekkiesstore.cz\/wp-content\/uploads\/2023\/11\/logo.png\",\"contentUrl\":\"https:\/\/www.tekkiesstore.cz\/wp-content\/uploads\/2023\/11\/logo.png\",\"width\":165,\"height\":58,\"caption\":\"Tekkies Store\"},\"image\":{\"@id\":\"https:\/\/www.tekkiesstore.cz\/#\/schema\/logo\/image\/\"},\"sameAs\":[\"https:\/\/www.facebook.com\/profile.php?id=100090575808845\"]}]}<\/script>\n<!-- \/ Yoast SEO plugin. -->","yoast_head_json":{"title":"UGG TAZZ SLIPPER CHESTNUT | Tekkies Store","robots":{"index":"index","follow":"follow","max-snippet":"max-snippet:-1","max-image-preview":"max-image-preview:large","max-video-preview":"max-video-preview:-1"},"canonical":"https:\/\/www.tekkiesstore.cz\/sk\/produkt\/ugg-tazz-slipper-chestnut\/","og_locale":"sk_SK","og_type":"article","og_title":"UGG TAZZ SLIPPER CHESTNUT | Tekkies Store","og_description":"D\u00e1mske papu\u010de UGG Tazz Slipper Chestnut papu\u010de maj\u00fa na boku vyrazen\u00e9 logo UGG. Tento model si zachov\u00e1va ob\u013e\u00faben\u00fd dizajn pap\u00fa\u010d UGG s 1,5-palcovou platformou pre v\u00e4\u010d\u0161ie pohodlie. Vyroben\u00e9 z kvalitn\u00e9ho semi\u0161u v bordovej farbe s\u00fa pod\u0161it\u00e9 ikonick\u00fdm ply\u0161om UGG pre maxim\u00e1lnu m\u00e4kkos\u0165. Textiln\u00fd lem je vyroben\u00fd z recyklovan\u00fdch polyesterov\u00fdch vl\u00e1kien.","og_url":"https:\/\/www.tekkiesstore.cz\/sk\/produkt\/ugg-tazz-slipper-chestnut\/","og_site_name":"Tekkies Store","article_publisher":"https:\/\/www.facebook.com\/profile.php?id=100090575808845","article_modified_time":"2025-11-16T14:39:39+00:00","og_image":[{"width":823,"height":494,"url":"https:\/\/www.tekkiesstore.cz\/wp-content\/uploads\/2023\/11\/ugg-w-tazz-chestnut_22021583_47518215_2048.webp","type":"image\/webp"}],"twitter_card":"summary_large_image","twitter_misc":{"Predpokladan\u00fd \u010das \u010d\u00edtania":"1 min\u00fata"},"schema":{"@context":"https:\/\/schema.org","@graph":[{"@type":"WebPage","@id":"https:\/\/www.tekkiesstore.cz\/sk\/produkt\/ugg-tazz-slipper-chestnut\/","url":"https:\/\/www.tekkiesstore.cz\/sk\/produkt\/ugg-tazz-slipper-chestnut\/","name":"UGG TAZZ SLIPPER CHESTNUT | Tekkies Store","isPartOf":{"@id":"https:\/\/www.tekkiesstore.cz\/#website"},"primaryImageOfPage":{"@id":"https:\/\/www.tekkiesstore.cz\/sk\/produkt\/ugg-tazz-slipper-chestnut\/#primaryimage"},"image":{"@id":"https:\/\/www.tekkiesstore.cz\/sk\/produkt\/ugg-tazz-slipper-chestnut\/#primaryimage"},"thumbnailUrl":"https:\/\/www.tekkiesstore.cz\/wp-content\/uploads\/2023\/11\/ugg-w-tazz-chestnut_22021583_47518215_2048.webp","datePublished":"2023-11-07T17:57:36+00:00","dateModified":"2025-11-16T14:39:39+00:00","breadcrumb":{"@id":"https:\/\/www.tekkiesstore.cz\/sk\/produkt\/ugg-tazz-slipper-chestnut\/#breadcrumb"},"inLanguage":"sk-SK","potentialAction":[{"@type":"ReadAction","target":["https:\/\/www.tekkiesstore.cz\/sk\/produkt\/ugg-tazz-slipper-chestnut\/"]}]},{"@type":"ImageObject","inLanguage":"sk-SK","@id":"https:\/\/www.tekkiesstore.cz\/sk\/produkt\/ugg-tazz-slipper-chestnut\/#primaryimage","url":"https:\/\/www.tekkiesstore.cz\/wp-content\/uploads\/2023\/11\/ugg-w-tazz-chestnut_22021583_47518215_2048.webp","contentUrl":"https:\/\/www.tekkiesstore.cz\/wp-content\/uploads\/2023\/11\/ugg-w-tazz-chestnut_22021583_47518215_2048.webp","width":823,"height":494},{"@type":"BreadcrumbList","@id":"https:\/\/www.tekkiesstore.cz\/sk\/produkt\/ugg-tazz-slipper-chestnut\/#breadcrumb","itemListElement":[{"@type":"ListItem","position":1,"name":"Home","item":"https:\/\/www.tekkiesstore.cz\/sk\/"},{"@type":"ListItem","position":2,"name":"Produkty","item":"https:\/\/www.tekkiesstore.cz\/obchod\/"},{"@type":"ListItem","position":3,"name":"UGG TAZZ SLIPPER CHESTNUT"}]},{"@type":"WebSite","@id":"https:\/\/www.tekkiesstore.cz\/#website","url":"https:\/\/www.tekkiesstore.cz\/","name":"Tekkies Store","description":"Zna\u010dkov\u00e9 tenisky &amp; oble\u010den\u00ed","publisher":{"@id":"https:\/\/www.tekkiesstore.cz\/#organization"},"potentialAction":[{"@type":"SearchAction","target":{"@type":"EntryPoint","urlTemplate":"https:\/\/www.tekkiesstore.cz\/?s={search_term_string}"},"query-input":{"@type":"PropertyValueSpecification","valueRequired":true,"valueName":"search_term_string"}}],"inLanguage":"sk-SK"},{"@type":"Organization","@id":"https:\/\/www.tekkiesstore.cz\/#organization","name":"Tekkies Store","url":"https:\/\/www.tekkiesstore.cz\/","logo":{"@type":"ImageObject","inLanguage":"sk-SK","@id":"https:\/\/www.tekkiesstore.cz\/#\/schema\/logo\/image\/","url":"https:\/\/www.tekkiesstore.cz\/wp-content\/uploads\/2023\/11\/logo.png","contentUrl":"https:\/\/www.tekkiesstore.cz\/wp-content\/uploads\/2023\/11\/logo.png","width":165,"height":58,"caption":"Tekkies Store"},"image":{"@id":"https:\/\/www.tekkiesstore.cz\/#\/schema\/logo\/image\/"},"sameAs":["https:\/\/www.facebook.com\/profile.php?id=100090575808845"]}]}},"_links":{"self":[{"href":"https:\/\/www.tekkiesstore.cz\/sk\/wp-json\/wp\/v2\/product\/20715","targetHints":{"allow":["GET"]}}],"collection":[{"href":"https:\/\/www.tekkiesstore.cz\/sk\/wp-json\/wp\/v2\/product"}],"about":[{"href":"https:\/\/www.tekkiesstore.cz\/sk\/wp-json\/wp\/v2\/types\/product"}],"wp:featuredmedia":[{"embeddable":true,"href":"https:\/\/www.tekkiesstore.cz\/sk\/wp-json\/wp\/v2\/media\/12989"}],"wp:attachment":[{"href":"https:\/\/www.tekkiesstore.cz\/sk\/wp-json\/wp\/v2\/media?parent=20715"}],"wp:term":[{"taxonomy":"product_brand","embeddable":true,"href":"https:\/\/www.tekkiesstore.cz\/sk\/wp-json\/wp\/v2\/product_brand?post=20715"},{"taxonomy":"product_cat","embeddable":true,"href":"https:\/\/www.tekkiesstore.cz\/sk\/wp-json\/wp\/v2\/product_cat?post=20715"},{"taxonomy":"product_tag","embeddable":true,"href":"https:\/\/www.tekkiesstore.cz\/sk\/wp-json\/wp\/v2\/product_tag?post=20715"},{"taxonomy":"woo-feed-brand","embeddable":true,"href":"https:\/\/www.tekkiesstore.cz\/sk\/wp-json\/wp\/v2\/woo-feed-brand?post=20715"}],"curies":[{"name":"wp","href":"https:\/\/api.w.org\/{rel}","templated":true}]}}