{"id":21219,"date":"2023-12-01T07:36:27","date_gmt":"2023-12-01T07:36:27","guid":{"rendered":"https:\/\/www.tekkiesstore.cz\/product\/air-jordan-4-retro-frozen-moments-w\/"},"modified":"2025-12-01T09:44:25","modified_gmt":"2025-12-01T09:44:25","slug":"air-jordan-4-retro-frozen-moments-w","status":"publish","type":"product","link":"https:\/\/www.tekkiesstore.cz\/sk\/produkt\/air-jordan-4-retro-frozen-moments-w\/","title":{"rendered":"AIR JORDAN 4 RETRO FROZEN MOMENTS (W)"},"content":{"rendered":"<p><strong>Air Jordan 4 \u201eFrozen Moments\u201c<\/strong> sp\u00e1jaj\u00fa ikonick\u00fd dizajn s nezabudnute\u013en\u00fdm momentom \u0161portovej hist\u00f3rie. Elegantn\u00e9 farby a v\u00fdrazn\u00e9 detaily modelu Air Jordan 4 zd\u00f4raz\u0148uj\u00fa chladn\u00fa atmosf\u00e9ru a v\u00e1\u017enos\u0165. Zachytenie momentu Michaela Jordana pri v\u00ed\u0165aznom ko\u0161i dod\u00e1va tenisk\u00e1m historick\u00fd rozmer.<\/p>\n<p>Tieto tenisky pon\u00fakaj\u00fa nielen estetick\u00fd z\u00e1\u017eitok, ale vyjadruj\u00fa aj v\u00e1\u0161e\u0148 pre basketbal a \u00factu k legende. Poskytuj\u00fa pohodlie a odolnos\u0165 v\u010faka kvalitn\u00fdm materi\u00e1lom a technol\u00f3gi\u00e1m od spolo\u010dnosti Jordan Brand. Tieto tenisky s\u00fa kombin\u00e1ciou elegancie a \u0161portov\u00e9ho vzru\u0161enia. Odha\u013ete nezabudnute\u013en\u00fd moment a zdokona\u013ete svoj \u0161t\u00fdl s t\u00fdmito jedine\u010dn\u00fdmi teniskami.<\/p>\n","protected":false},"excerpt":{"rendered":"<p>Air Jordan 4 \u201eFrozen Moments\u201c sp\u00e1jaj\u00fa ikonick\u00fd dizajn s nezabudnute\u013en\u00fdm momentom \u0161portovej hist\u00f3rie. Elegantn\u00e9 farby a v\u00fdrazn\u00e9 detaily modelu Air Jordan 4 zd\u00f4raz\u0148uj\u00fa chladn\u00fa atmosf\u00e9ru a v\u00e1\u017enos\u0165. Zachytenie momentu Michaela Jordana pri v\u00ed\u0165aznom ko\u0161i dod\u00e1va tenisk\u00e1m historick\u00fd rozmer. Tieto tenisky pon\u00fakaj\u00fa nielen estetick\u00fd z\u00e1\u017eitok, ale vyjadruj\u00fa aj v\u00e1\u0161e\u0148 pre basketbal a \u00factu k legende. Poskytuj\u00fa [&hellip;]<\/p>\n","protected":false},"featured_media":55896,"template":"","meta":{"_acf_changed":false},"product_brand":[],"product_cat":[59,57,58],"product_tag":[],"woo-feed-brand":[],"class_list":{"0":"post-21219","1":"product","2":"type-product","3":"status-publish","4":"has-post-thumbnail","6":"product_cat-tenisky","7":"product_cat-air-jordan","8":"product_cat-air-jordan-4","10":"first","11":"onbackorder","12":"shipping-taxable","13":"purchasable","14":"product-type-variable"},"acf":[],"yoast_head":"<!-- This site is optimized with the Yoast SEO plugin v26.6 - https:\/\/yoast.com\/wordpress\/plugins\/seo\/ -->\n<title>AIR JORDAN 4 RETRO FROZEN MOMENTS (W) | Tekkies Store<\/title>\n<meta name=\"robots\" content=\"index, follow, max-snippet:-1, max-image-preview:large, max-video-preview:-1\" \/>\n<link rel=\"canonical\" href=\"https:\/\/www.tekkiesstore.cz\/sk\/produkt\/air-jordan-4-retro-frozen-moments-w\/\" \/>\n<meta property=\"og:locale\" content=\"sk_SK\" \/>\n<meta property=\"og:type\" content=\"article\" \/>\n<meta property=\"og:title\" content=\"AIR JORDAN 4 RETRO FROZEN MOMENTS (W) | Tekkies Store\" \/>\n<meta property=\"og:description\" content=\"Air Jordan 4 \u201eFrozen Moments\u201c sp\u00e1jaj\u00fa ikonick\u00fd dizajn s nezabudnute\u013en\u00fdm momentom \u0161portovej hist\u00f3rie. Elegantn\u00e9 farby a v\u00fdrazn\u00e9 detaily modelu Air Jordan 4 zd\u00f4raz\u0148uj\u00fa chladn\u00fa atmosf\u00e9ru a v\u00e1\u017enos\u0165. Zachytenie momentu Michaela Jordana pri v\u00ed\u0165aznom ko\u0161i dod\u00e1va tenisk\u00e1m historick\u00fd rozmer. Tieto tenisky pon\u00fakaj\u00fa nielen estetick\u00fd z\u00e1\u017eitok, ale vyjadruj\u00fa aj v\u00e1\u0161e\u0148 pre basketbal a \u00factu k legende. Poskytuj\u00fa [&hellip;]\" \/>\n<meta property=\"og:url\" content=\"https:\/\/www.tekkiesstore.cz\/sk\/produkt\/air-jordan-4-retro-frozen-moments-w\/\" \/>\n<meta property=\"og:site_name\" content=\"Tekkies Store\" \/>\n<meta property=\"article:publisher\" content=\"https:\/\/www.facebook.com\/profile.php?id=100090575808845\" \/>\n<meta property=\"article:modified_time\" content=\"2025-12-01T09:44:25+00:00\" \/>\n<meta property=\"og:image\" content=\"https:\/\/www.tekkiesstore.cz\/wp-content\/uploads\/2023\/12\/7_b6df2d39-edb2-4a89-b61b-7ac8cd5833ff.webp\" \/>\n\t<meta property=\"og:image:width\" content=\"1000\" \/>\n\t<meta property=\"og:image:height\" content=\"600\" \/>\n\t<meta property=\"og:image:type\" content=\"image\/webp\" \/>\n<meta name=\"twitter:card\" content=\"summary_large_image\" \/>\n<meta name=\"twitter:label1\" content=\"Predpokladan\u00fd \u010das \u010d\u00edtania\" \/>\n\t<meta name=\"twitter:data1\" content=\"1 min\u00fata\" \/>\n<script type=\"application\/ld+json\" class=\"yoast-schema-graph\">{\"@context\":\"https:\/\/schema.org\",\"@graph\":[{\"@type\":\"WebPage\",\"@id\":\"https:\/\/www.tekkiesstore.cz\/sk\/produkt\/air-jordan-4-retro-frozen-moments-w\/\",\"url\":\"https:\/\/www.tekkiesstore.cz\/sk\/produkt\/air-jordan-4-retro-frozen-moments-w\/\",\"name\":\"AIR JORDAN 4 RETRO FROZEN MOMENTS (W) | Tekkies Store\",\"isPartOf\":{\"@id\":\"https:\/\/www.tekkiesstore.cz\/#website\"},\"primaryImageOfPage\":{\"@id\":\"https:\/\/www.tekkiesstore.cz\/sk\/produkt\/air-jordan-4-retro-frozen-moments-w\/#primaryimage\"},\"image\":{\"@id\":\"https:\/\/www.tekkiesstore.cz\/sk\/produkt\/air-jordan-4-retro-frozen-moments-w\/#primaryimage\"},\"thumbnailUrl\":\"https:\/\/www.tekkiesstore.cz\/wp-content\/uploads\/2023\/12\/7_b6df2d39-edb2-4a89-b61b-7ac8cd5833ff.webp\",\"datePublished\":\"2023-12-01T07:36:27+00:00\",\"dateModified\":\"2025-12-01T09:44:25+00:00\",\"breadcrumb\":{\"@id\":\"https:\/\/www.tekkiesstore.cz\/sk\/produkt\/air-jordan-4-retro-frozen-moments-w\/#breadcrumb\"},\"inLanguage\":\"sk-SK\",\"potentialAction\":[{\"@type\":\"ReadAction\",\"target\":[\"https:\/\/www.tekkiesstore.cz\/sk\/produkt\/air-jordan-4-retro-frozen-moments-w\/\"]}]},{\"@type\":\"ImageObject\",\"inLanguage\":\"sk-SK\",\"@id\":\"https:\/\/www.tekkiesstore.cz\/sk\/produkt\/air-jordan-4-retro-frozen-moments-w\/#primaryimage\",\"url\":\"https:\/\/www.tekkiesstore.cz\/wp-content\/uploads\/2023\/12\/7_b6df2d39-edb2-4a89-b61b-7ac8cd5833ff.webp\",\"contentUrl\":\"https:\/\/www.tekkiesstore.cz\/wp-content\/uploads\/2023\/12\/7_b6df2d39-edb2-4a89-b61b-7ac8cd5833ff.webp\",\"width\":1000,\"height\":600},{\"@type\":\"BreadcrumbList\",\"@id\":\"https:\/\/www.tekkiesstore.cz\/sk\/produkt\/air-jordan-4-retro-frozen-moments-w\/#breadcrumb\",\"itemListElement\":[{\"@type\":\"ListItem\",\"position\":1,\"name\":\"Home\",\"item\":\"https:\/\/www.tekkiesstore.cz\/sk\/\"},{\"@type\":\"ListItem\",\"position\":2,\"name\":\"Produkty\",\"item\":\"https:\/\/www.tekkiesstore.cz\/obchod\/\"},{\"@type\":\"ListItem\",\"position\":3,\"name\":\"AIR JORDAN 4 RETRO FROZEN MOMENTS (W)\"}]},{\"@type\":\"WebSite\",\"@id\":\"https:\/\/www.tekkiesstore.cz\/#website\",\"url\":\"https:\/\/www.tekkiesstore.cz\/\",\"name\":\"Tekkies Store\",\"description\":\"Zna\u010dkov\u00e9 tenisky &amp; oble\u010den\u00ed\",\"publisher\":{\"@id\":\"https:\/\/www.tekkiesstore.cz\/#organization\"},\"potentialAction\":[{\"@type\":\"SearchAction\",\"target\":{\"@type\":\"EntryPoint\",\"urlTemplate\":\"https:\/\/www.tekkiesstore.cz\/?s={search_term_string}\"},\"query-input\":{\"@type\":\"PropertyValueSpecification\",\"valueRequired\":true,\"valueName\":\"search_term_string\"}}],\"inLanguage\":\"sk-SK\"},{\"@type\":\"Organization\",\"@id\":\"https:\/\/www.tekkiesstore.cz\/#organization\",\"name\":\"Tekkies Store\",\"url\":\"https:\/\/www.tekkiesstore.cz\/\",\"logo\":{\"@type\":\"ImageObject\",\"inLanguage\":\"sk-SK\",\"@id\":\"https:\/\/www.tekkiesstore.cz\/#\/schema\/logo\/image\/\",\"url\":\"https:\/\/www.tekkiesstore.cz\/wp-content\/uploads\/2023\/11\/logo.png\",\"contentUrl\":\"https:\/\/www.tekkiesstore.cz\/wp-content\/uploads\/2023\/11\/logo.png\",\"width\":165,\"height\":58,\"caption\":\"Tekkies Store\"},\"image\":{\"@id\":\"https:\/\/www.tekkiesstore.cz\/#\/schema\/logo\/image\/\"},\"sameAs\":[\"https:\/\/www.facebook.com\/profile.php?id=100090575808845\"]}]}<\/script>\n<!-- \/ Yoast SEO plugin. -->","yoast_head_json":{"title":"AIR JORDAN 4 RETRO FROZEN MOMENTS (W) | Tekkies Store","robots":{"index":"index","follow":"follow","max-snippet":"max-snippet:-1","max-image-preview":"max-image-preview:large","max-video-preview":"max-video-preview:-1"},"canonical":"https:\/\/www.tekkiesstore.cz\/sk\/produkt\/air-jordan-4-retro-frozen-moments-w\/","og_locale":"sk_SK","og_type":"article","og_title":"AIR JORDAN 4 RETRO FROZEN MOMENTS (W) | Tekkies Store","og_description":"Air Jordan 4 \u201eFrozen Moments\u201c sp\u00e1jaj\u00fa ikonick\u00fd dizajn s nezabudnute\u013en\u00fdm momentom \u0161portovej hist\u00f3rie. Elegantn\u00e9 farby a v\u00fdrazn\u00e9 detaily modelu Air Jordan 4 zd\u00f4raz\u0148uj\u00fa chladn\u00fa atmosf\u00e9ru a v\u00e1\u017enos\u0165. Zachytenie momentu Michaela Jordana pri v\u00ed\u0165aznom ko\u0161i dod\u00e1va tenisk\u00e1m historick\u00fd rozmer. Tieto tenisky pon\u00fakaj\u00fa nielen estetick\u00fd z\u00e1\u017eitok, ale vyjadruj\u00fa aj v\u00e1\u0161e\u0148 pre basketbal a \u00factu k legende. Poskytuj\u00fa [&hellip;]","og_url":"https:\/\/www.tekkiesstore.cz\/sk\/produkt\/air-jordan-4-retro-frozen-moments-w\/","og_site_name":"Tekkies Store","article_publisher":"https:\/\/www.facebook.com\/profile.php?id=100090575808845","article_modified_time":"2025-12-01T09:44:25+00:00","og_image":[{"width":1000,"height":600,"url":"https:\/\/www.tekkiesstore.cz\/wp-content\/uploads\/2023\/12\/7_b6df2d39-edb2-4a89-b61b-7ac8cd5833ff.webp","type":"image\/webp"}],"twitter_card":"summary_large_image","twitter_misc":{"Predpokladan\u00fd \u010das \u010d\u00edtania":"1 min\u00fata"},"schema":{"@context":"https:\/\/schema.org","@graph":[{"@type":"WebPage","@id":"https:\/\/www.tekkiesstore.cz\/sk\/produkt\/air-jordan-4-retro-frozen-moments-w\/","url":"https:\/\/www.tekkiesstore.cz\/sk\/produkt\/air-jordan-4-retro-frozen-moments-w\/","name":"AIR JORDAN 4 RETRO FROZEN MOMENTS (W) | Tekkies Store","isPartOf":{"@id":"https:\/\/www.tekkiesstore.cz\/#website"},"primaryImageOfPage":{"@id":"https:\/\/www.tekkiesstore.cz\/sk\/produkt\/air-jordan-4-retro-frozen-moments-w\/#primaryimage"},"image":{"@id":"https:\/\/www.tekkiesstore.cz\/sk\/produkt\/air-jordan-4-retro-frozen-moments-w\/#primaryimage"},"thumbnailUrl":"https:\/\/www.tekkiesstore.cz\/wp-content\/uploads\/2023\/12\/7_b6df2d39-edb2-4a89-b61b-7ac8cd5833ff.webp","datePublished":"2023-12-01T07:36:27+00:00","dateModified":"2025-12-01T09:44:25+00:00","breadcrumb":{"@id":"https:\/\/www.tekkiesstore.cz\/sk\/produkt\/air-jordan-4-retro-frozen-moments-w\/#breadcrumb"},"inLanguage":"sk-SK","potentialAction":[{"@type":"ReadAction","target":["https:\/\/www.tekkiesstore.cz\/sk\/produkt\/air-jordan-4-retro-frozen-moments-w\/"]}]},{"@type":"ImageObject","inLanguage":"sk-SK","@id":"https:\/\/www.tekkiesstore.cz\/sk\/produkt\/air-jordan-4-retro-frozen-moments-w\/#primaryimage","url":"https:\/\/www.tekkiesstore.cz\/wp-content\/uploads\/2023\/12\/7_b6df2d39-edb2-4a89-b61b-7ac8cd5833ff.webp","contentUrl":"https:\/\/www.tekkiesstore.cz\/wp-content\/uploads\/2023\/12\/7_b6df2d39-edb2-4a89-b61b-7ac8cd5833ff.webp","width":1000,"height":600},{"@type":"BreadcrumbList","@id":"https:\/\/www.tekkiesstore.cz\/sk\/produkt\/air-jordan-4-retro-frozen-moments-w\/#breadcrumb","itemListElement":[{"@type":"ListItem","position":1,"name":"Home","item":"https:\/\/www.tekkiesstore.cz\/sk\/"},{"@type":"ListItem","position":2,"name":"Produkty","item":"https:\/\/www.tekkiesstore.cz\/obchod\/"},{"@type":"ListItem","position":3,"name":"AIR JORDAN 4 RETRO FROZEN MOMENTS (W)"}]},{"@type":"WebSite","@id":"https:\/\/www.tekkiesstore.cz\/#website","url":"https:\/\/www.tekkiesstore.cz\/","name":"Tekkies Store","description":"Zna\u010dkov\u00e9 tenisky &amp; oble\u010den\u00ed","publisher":{"@id":"https:\/\/www.tekkiesstore.cz\/#organization"},"potentialAction":[{"@type":"SearchAction","target":{"@type":"EntryPoint","urlTemplate":"https:\/\/www.tekkiesstore.cz\/?s={search_term_string}"},"query-input":{"@type":"PropertyValueSpecification","valueRequired":true,"valueName":"search_term_string"}}],"inLanguage":"sk-SK"},{"@type":"Organization","@id":"https:\/\/www.tekkiesstore.cz\/#organization","name":"Tekkies Store","url":"https:\/\/www.tekkiesstore.cz\/","logo":{"@type":"ImageObject","inLanguage":"sk-SK","@id":"https:\/\/www.tekkiesstore.cz\/#\/schema\/logo\/image\/","url":"https:\/\/www.tekkiesstore.cz\/wp-content\/uploads\/2023\/11\/logo.png","contentUrl":"https:\/\/www.tekkiesstore.cz\/wp-content\/uploads\/2023\/11\/logo.png","width":165,"height":58,"caption":"Tekkies Store"},"image":{"@id":"https:\/\/www.tekkiesstore.cz\/#\/schema\/logo\/image\/"},"sameAs":["https:\/\/www.facebook.com\/profile.php?id=100090575808845"]}]}},"_links":{"self":[{"href":"https:\/\/www.tekkiesstore.cz\/sk\/wp-json\/wp\/v2\/product\/21219","targetHints":{"allow":["GET"]}}],"collection":[{"href":"https:\/\/www.tekkiesstore.cz\/sk\/wp-json\/wp\/v2\/product"}],"about":[{"href":"https:\/\/www.tekkiesstore.cz\/sk\/wp-json\/wp\/v2\/types\/product"}],"wp:featuredmedia":[{"embeddable":true,"href":"https:\/\/www.tekkiesstore.cz\/sk\/wp-json\/wp\/v2\/media\/55896"}],"wp:attachment":[{"href":"https:\/\/www.tekkiesstore.cz\/sk\/wp-json\/wp\/v2\/media?parent=21219"}],"wp:term":[{"taxonomy":"product_brand","embeddable":true,"href":"https:\/\/www.tekkiesstore.cz\/sk\/wp-json\/wp\/v2\/product_brand?post=21219"},{"taxonomy":"product_cat","embeddable":true,"href":"https:\/\/www.tekkiesstore.cz\/sk\/wp-json\/wp\/v2\/product_cat?post=21219"},{"taxonomy":"product_tag","embeddable":true,"href":"https:\/\/www.tekkiesstore.cz\/sk\/wp-json\/wp\/v2\/product_tag?post=21219"},{"taxonomy":"woo-feed-brand","embeddable":true,"href":"https:\/\/www.tekkiesstore.cz\/sk\/wp-json\/wp\/v2\/woo-feed-brand?post=21219"}],"curies":[{"name":"wp","href":"https:\/\/api.w.org\/{rel}","templated":true}]}}