{"id":21529,"date":"2023-10-25T07:35:27","date_gmt":"2023-11-22T20:58:33","guid":{"rendered":"https:\/\/www.tekkiesstore.cz\/product\/air-jordan-1-low-sport-blue-gym-red-w\/"},"modified":"2025-12-01T18:09:19","modified_gmt":"2025-12-01T18:09:19","slug":"air-jordan-1-low-sport-blue-gym-red-w","status":"publish","type":"product","link":"https:\/\/www.tekkiesstore.cz\/sk\/produkt\/air-jordan-1-low-sport-blue-gym-red-w\/","title":{"rendered":"AIR JORDAN 1 LOW SPORT BLUE GYM RED (W)"},"content":{"rendered":"<section class=\"elementor-section elementor-top-section elementor-element elementor-element-3a1ff07b elementor-section-gap-beside-no elementor-section-boxed elementor-section-height-default elementor-section-height-default elementor-section-column-vertical-align-stretch\" data-id=\"3a1ff07b\" data-element_type=\"section\">\n<div class=\"elementor-container elementor-column-gap-extended\">\n<div class=\"elementor-row\">\n<div class=\"elementor-column elementor-col-100 elementor-top-column elementor-element elementor-element-1c1d5732\" data-id=\"1c1d5732\" data-element_type=\"column\">\n<div class=\"elementor-column-wrap elementor-element-populated\">\n<div class=\"elementor-widget-wrap\">\n<div class=\"elementor-element elementor-element-e048b3b elementor-widget elementor-widget-tm-single-product-description\" data-id=\"e048b3b\" data-element_type=\"widget\" data-widget_type=\"tm-single-product-description.default\">\n<div class=\"elementor-widget-container\">\n<div class=\"woocommerce-product-details__short-description\">\n<p><strong>Jordan 1 Low Sport Blue Gym Red<\/strong> je d\u00e1mska ed\u00edcia, ktor\u00e1 kombinuje \u0161t\u00fdlov\u00fd dizajn s pohodl\u00edm. Biela ko\u017een\u00e1 kon\u0161trukcia je zdoben\u00e1 \u0161portov\u00fdmi modr\u00fdmi a \u010derven\u00fdmi akcentmi, ktor\u00e9 vytv\u00e1raj\u00fa dynamick\u00fd vizu\u00e1lny dojem.<\/p>\n<p>Top\u00e1nky kombinuj\u00fa ikonick\u00fd dizajn Air Jordan 1 s \u017eensk\u00fdm \u0161armom. Pohodln\u00e1 stielka a podr\u00e1\u017eka zaru\u010duj\u00fa skvel\u00fd z\u00e1\u017eitok z nosenia, \u010di u\u017e ste na ulici alebo v posil\u0148ovni.<\/p>\n<\/div>\n<\/div>\n<\/div>\n<\/div>\n<\/div>\n<\/div>\n<\/div>\n<\/div>\n<\/section>\n","protected":false},"excerpt":{"rendered":"<p>Jordan 1 Low Sport Blue Gym Red je d\u00e1mska ed\u00edcia, ktor\u00e1 kombinuje \u0161t\u00fdlov\u00fd dizajn s pohodl\u00edm. Biela ko\u017een\u00e1 kon\u0161trukcia je zdoben\u00e1 \u0161portov\u00fdmi modr\u00fdmi a \u010derven\u00fdmi akcentmi, ktor\u00e9 vytv\u00e1raj\u00fa dynamick\u00fd vizu\u00e1lny dojem. Top\u00e1nky kombinuj\u00fa ikonick\u00fd dizajn Air Jordan 1 s \u017eensk\u00fdm \u0161armom. Pohodln\u00e1 stielka a podr\u00e1\u017eka zaru\u010duj\u00fa skvel\u00fd z\u00e1\u017eitok z nosenia, \u010di u\u017e ste na ulici [&hellip;]<\/p>\n","protected":false},"featured_media":79729,"template":"","meta":{"_acf_changed":false},"product_brand":[],"product_cat":[59,57,358],"product_tag":[],"woo-feed-brand":[],"class_list":{"0":"post-21529","1":"product","2":"type-product","3":"status-publish","4":"has-post-thumbnail","6":"product_cat-tenisky","7":"product_cat-air-jordan","8":"product_cat-air-jordan-1-low","10":"first","11":"onbackorder","12":"shipping-taxable","13":"purchasable","14":"product-type-variable"},"acf":[],"yoast_head":"<!-- This site is optimized with the Yoast SEO plugin v26.6 - https:\/\/yoast.com\/wordpress\/plugins\/seo\/ -->\n<title>AIR JORDAN 1 LOW SPORT BLUE GYM RED (W) | Tekkies Store<\/title>\n<meta name=\"robots\" content=\"index, follow, max-snippet:-1, max-image-preview:large, max-video-preview:-1\" \/>\n<link rel=\"canonical\" href=\"https:\/\/www.tekkiesstore.cz\/produkt\/air-jordan-1-low-sport-blue-gym-red-w\/\" \/>\n<meta property=\"og:locale\" content=\"sk_SK\" \/>\n<meta property=\"og:type\" content=\"article\" \/>\n<meta property=\"og:title\" content=\"AIR JORDAN 1 LOW SPORT BLUE GYM RED (W) | Tekkies Store\" \/>\n<meta property=\"og:description\" content=\"Jordan 1 Low Sport Blue Gym Red je d\u00e1mska ed\u00edcia, ktor\u00e1 kombinuje \u0161t\u00fdlov\u00fd dizajn s pohodl\u00edm. Biela ko\u017een\u00e1 kon\u0161trukcia je zdoben\u00e1 \u0161portov\u00fdmi modr\u00fdmi a \u010derven\u00fdmi akcentmi, ktor\u00e9 vytv\u00e1raj\u00fa dynamick\u00fd vizu\u00e1lny dojem. Top\u00e1nky kombinuj\u00fa ikonick\u00fd dizajn Air Jordan 1 s \u017eensk\u00fdm \u0161armom. Pohodln\u00e1 stielka a podr\u00e1\u017eka zaru\u010duj\u00fa skvel\u00fd z\u00e1\u017eitok z nosenia, \u010di u\u017e ste na ulici [&hellip;]\" \/>\n<meta property=\"og:url\" content=\"https:\/\/www.tekkiesstore.cz\/produkt\/air-jordan-1-low-sport-blue-gym-red-w\/\" \/>\n<meta property=\"og:site_name\" content=\"Tekkies Store\" \/>\n<meta property=\"article:publisher\" content=\"https:\/\/www.facebook.com\/profile.php?id=100090575808845\" \/>\n<meta property=\"article:modified_time\" content=\"2025-12-01T18:09:19+00:00\" \/>\n<meta property=\"og:image\" content=\"https:\/\/www.tekkiesstore.cz\/wp-content\/uploads\/2023\/10\/Jordan-1-Low-Sport-Blue-Gym-Red-W.webp\" \/>\n\t<meta property=\"og:image:width\" content=\"823\" \/>\n\t<meta property=\"og:image:height\" content=\"494\" \/>\n\t<meta property=\"og:image:type\" content=\"image\/webp\" \/>\n<meta name=\"twitter:card\" content=\"summary_large_image\" \/>\n<script type=\"application\/ld+json\" class=\"yoast-schema-graph\">{\"@context\":\"https:\/\/schema.org\",\"@graph\":[{\"@type\":\"WebPage\",\"@id\":\"https:\/\/www.tekkiesstore.cz\/produkt\/air-jordan-1-low-sport-blue-gym-red-w\/\",\"url\":\"https:\/\/www.tekkiesstore.cz\/produkt\/air-jordan-1-low-sport-blue-gym-red-w\/\",\"name\":\"AIR JORDAN 1 LOW SPORT BLUE GYM RED (W) | Tekkies Store\",\"isPartOf\":{\"@id\":\"https:\/\/www.tekkiesstore.cz\/#website\"},\"primaryImageOfPage\":{\"@id\":\"https:\/\/www.tekkiesstore.cz\/produkt\/air-jordan-1-low-sport-blue-gym-red-w\/#primaryimage\"},\"image\":{\"@id\":\"https:\/\/www.tekkiesstore.cz\/produkt\/air-jordan-1-low-sport-blue-gym-red-w\/#primaryimage\"},\"thumbnailUrl\":\"https:\/\/www.tekkiesstore.cz\/wp-content\/uploads\/2023\/10\/Jordan-1-Low-Sport-Blue-Gym-Red-W.webp\",\"datePublished\":\"2023-11-22T20:58:33+00:00\",\"dateModified\":\"2025-12-01T18:09:19+00:00\",\"breadcrumb\":{\"@id\":\"https:\/\/www.tekkiesstore.cz\/produkt\/air-jordan-1-low-sport-blue-gym-red-w\/#breadcrumb\"},\"inLanguage\":\"sk-SK\",\"potentialAction\":[{\"@type\":\"ReadAction\",\"target\":[\"https:\/\/www.tekkiesstore.cz\/produkt\/air-jordan-1-low-sport-blue-gym-red-w\/\"]}]},{\"@type\":\"ImageObject\",\"inLanguage\":\"sk-SK\",\"@id\":\"https:\/\/www.tekkiesstore.cz\/produkt\/air-jordan-1-low-sport-blue-gym-red-w\/#primaryimage\",\"url\":\"https:\/\/www.tekkiesstore.cz\/wp-content\/uploads\/2023\/10\/Jordan-1-Low-Sport-Blue-Gym-Red-W.webp\",\"contentUrl\":\"https:\/\/www.tekkiesstore.cz\/wp-content\/uploads\/2023\/10\/Jordan-1-Low-Sport-Blue-Gym-Red-W.webp\",\"width\":823,\"height\":494,\"caption\":\"Jordan 1 Low Sport Blue Gym Red (W)\"},{\"@type\":\"BreadcrumbList\",\"@id\":\"https:\/\/www.tekkiesstore.cz\/produkt\/air-jordan-1-low-sport-blue-gym-red-w\/#breadcrumb\",\"itemListElement\":[{\"@type\":\"ListItem\",\"position\":1,\"name\":\"Home\",\"item\":\"https:\/\/www.tekkiesstore.cz\/sk\/\"},{\"@type\":\"ListItem\",\"position\":2,\"name\":\"Produkty\",\"item\":\"https:\/\/www.tekkiesstore.cz\/obchod\/\"},{\"@type\":\"ListItem\",\"position\":3,\"name\":\"AIR JORDAN 1 LOW SPORT BLUE GYM RED (W)\"}]},{\"@type\":\"WebSite\",\"@id\":\"https:\/\/www.tekkiesstore.cz\/#website\",\"url\":\"https:\/\/www.tekkiesstore.cz\/\",\"name\":\"Tekkies Store\",\"description\":\"Zna\u010dkov\u00e9 tenisky &amp; oble\u010den\u00ed\",\"publisher\":{\"@id\":\"https:\/\/www.tekkiesstore.cz\/#organization\"},\"potentialAction\":[{\"@type\":\"SearchAction\",\"target\":{\"@type\":\"EntryPoint\",\"urlTemplate\":\"https:\/\/www.tekkiesstore.cz\/?s={search_term_string}\"},\"query-input\":{\"@type\":\"PropertyValueSpecification\",\"valueRequired\":true,\"valueName\":\"search_term_string\"}}],\"inLanguage\":\"sk-SK\"},{\"@type\":\"Organization\",\"@id\":\"https:\/\/www.tekkiesstore.cz\/#organization\",\"name\":\"Tekkies Store\",\"url\":\"https:\/\/www.tekkiesstore.cz\/\",\"logo\":{\"@type\":\"ImageObject\",\"inLanguage\":\"sk-SK\",\"@id\":\"https:\/\/www.tekkiesstore.cz\/#\/schema\/logo\/image\/\",\"url\":\"https:\/\/www.tekkiesstore.cz\/wp-content\/uploads\/2023\/11\/logo.png\",\"contentUrl\":\"https:\/\/www.tekkiesstore.cz\/wp-content\/uploads\/2023\/11\/logo.png\",\"width\":165,\"height\":58,\"caption\":\"Tekkies Store\"},\"image\":{\"@id\":\"https:\/\/www.tekkiesstore.cz\/#\/schema\/logo\/image\/\"},\"sameAs\":[\"https:\/\/www.facebook.com\/profile.php?id=100090575808845\"]}]}<\/script>\n<!-- \/ Yoast SEO plugin. -->","yoast_head_json":{"title":"AIR JORDAN 1 LOW SPORT BLUE GYM RED (W) | Tekkies Store","robots":{"index":"index","follow":"follow","max-snippet":"max-snippet:-1","max-image-preview":"max-image-preview:large","max-video-preview":"max-video-preview:-1"},"canonical":"https:\/\/www.tekkiesstore.cz\/produkt\/air-jordan-1-low-sport-blue-gym-red-w\/","og_locale":"sk_SK","og_type":"article","og_title":"AIR JORDAN 1 LOW SPORT BLUE GYM RED (W) | Tekkies Store","og_description":"Jordan 1 Low Sport Blue Gym Red je d\u00e1mska ed\u00edcia, ktor\u00e1 kombinuje \u0161t\u00fdlov\u00fd dizajn s pohodl\u00edm. Biela ko\u017een\u00e1 kon\u0161trukcia je zdoben\u00e1 \u0161portov\u00fdmi modr\u00fdmi a \u010derven\u00fdmi akcentmi, ktor\u00e9 vytv\u00e1raj\u00fa dynamick\u00fd vizu\u00e1lny dojem. Top\u00e1nky kombinuj\u00fa ikonick\u00fd dizajn Air Jordan 1 s \u017eensk\u00fdm \u0161armom. Pohodln\u00e1 stielka a podr\u00e1\u017eka zaru\u010duj\u00fa skvel\u00fd z\u00e1\u017eitok z nosenia, \u010di u\u017e ste na ulici [&hellip;]","og_url":"https:\/\/www.tekkiesstore.cz\/produkt\/air-jordan-1-low-sport-blue-gym-red-w\/","og_site_name":"Tekkies Store","article_publisher":"https:\/\/www.facebook.com\/profile.php?id=100090575808845","article_modified_time":"2025-12-01T18:09:19+00:00","og_image":[{"width":823,"height":494,"url":"https:\/\/www.tekkiesstore.cz\/wp-content\/uploads\/2023\/10\/Jordan-1-Low-Sport-Blue-Gym-Red-W.webp","type":"image\/webp"}],"twitter_card":"summary_large_image","schema":{"@context":"https:\/\/schema.org","@graph":[{"@type":"WebPage","@id":"https:\/\/www.tekkiesstore.cz\/produkt\/air-jordan-1-low-sport-blue-gym-red-w\/","url":"https:\/\/www.tekkiesstore.cz\/produkt\/air-jordan-1-low-sport-blue-gym-red-w\/","name":"AIR JORDAN 1 LOW SPORT BLUE GYM RED (W) | Tekkies Store","isPartOf":{"@id":"https:\/\/www.tekkiesstore.cz\/#website"},"primaryImageOfPage":{"@id":"https:\/\/www.tekkiesstore.cz\/produkt\/air-jordan-1-low-sport-blue-gym-red-w\/#primaryimage"},"image":{"@id":"https:\/\/www.tekkiesstore.cz\/produkt\/air-jordan-1-low-sport-blue-gym-red-w\/#primaryimage"},"thumbnailUrl":"https:\/\/www.tekkiesstore.cz\/wp-content\/uploads\/2023\/10\/Jordan-1-Low-Sport-Blue-Gym-Red-W.webp","datePublished":"2023-11-22T20:58:33+00:00","dateModified":"2025-12-01T18:09:19+00:00","breadcrumb":{"@id":"https:\/\/www.tekkiesstore.cz\/produkt\/air-jordan-1-low-sport-blue-gym-red-w\/#breadcrumb"},"inLanguage":"sk-SK","potentialAction":[{"@type":"ReadAction","target":["https:\/\/www.tekkiesstore.cz\/produkt\/air-jordan-1-low-sport-blue-gym-red-w\/"]}]},{"@type":"ImageObject","inLanguage":"sk-SK","@id":"https:\/\/www.tekkiesstore.cz\/produkt\/air-jordan-1-low-sport-blue-gym-red-w\/#primaryimage","url":"https:\/\/www.tekkiesstore.cz\/wp-content\/uploads\/2023\/10\/Jordan-1-Low-Sport-Blue-Gym-Red-W.webp","contentUrl":"https:\/\/www.tekkiesstore.cz\/wp-content\/uploads\/2023\/10\/Jordan-1-Low-Sport-Blue-Gym-Red-W.webp","width":823,"height":494,"caption":"Jordan 1 Low Sport Blue Gym Red (W)"},{"@type":"BreadcrumbList","@id":"https:\/\/www.tekkiesstore.cz\/produkt\/air-jordan-1-low-sport-blue-gym-red-w\/#breadcrumb","itemListElement":[{"@type":"ListItem","position":1,"name":"Home","item":"https:\/\/www.tekkiesstore.cz\/sk\/"},{"@type":"ListItem","position":2,"name":"Produkty","item":"https:\/\/www.tekkiesstore.cz\/obchod\/"},{"@type":"ListItem","position":3,"name":"AIR JORDAN 1 LOW SPORT BLUE GYM RED (W)"}]},{"@type":"WebSite","@id":"https:\/\/www.tekkiesstore.cz\/#website","url":"https:\/\/www.tekkiesstore.cz\/","name":"Tekkies Store","description":"Zna\u010dkov\u00e9 tenisky &amp; oble\u010den\u00ed","publisher":{"@id":"https:\/\/www.tekkiesstore.cz\/#organization"},"potentialAction":[{"@type":"SearchAction","target":{"@type":"EntryPoint","urlTemplate":"https:\/\/www.tekkiesstore.cz\/?s={search_term_string}"},"query-input":{"@type":"PropertyValueSpecification","valueRequired":true,"valueName":"search_term_string"}}],"inLanguage":"sk-SK"},{"@type":"Organization","@id":"https:\/\/www.tekkiesstore.cz\/#organization","name":"Tekkies Store","url":"https:\/\/www.tekkiesstore.cz\/","logo":{"@type":"ImageObject","inLanguage":"sk-SK","@id":"https:\/\/www.tekkiesstore.cz\/#\/schema\/logo\/image\/","url":"https:\/\/www.tekkiesstore.cz\/wp-content\/uploads\/2023\/11\/logo.png","contentUrl":"https:\/\/www.tekkiesstore.cz\/wp-content\/uploads\/2023\/11\/logo.png","width":165,"height":58,"caption":"Tekkies Store"},"image":{"@id":"https:\/\/www.tekkiesstore.cz\/#\/schema\/logo\/image\/"},"sameAs":["https:\/\/www.facebook.com\/profile.php?id=100090575808845"]}]}},"_links":{"self":[{"href":"https:\/\/www.tekkiesstore.cz\/sk\/wp-json\/wp\/v2\/product\/21529","targetHints":{"allow":["GET"]}}],"collection":[{"href":"https:\/\/www.tekkiesstore.cz\/sk\/wp-json\/wp\/v2\/product"}],"about":[{"href":"https:\/\/www.tekkiesstore.cz\/sk\/wp-json\/wp\/v2\/types\/product"}],"wp:featuredmedia":[{"embeddable":true,"href":"https:\/\/www.tekkiesstore.cz\/sk\/wp-json\/wp\/v2\/media\/79729"}],"wp:attachment":[{"href":"https:\/\/www.tekkiesstore.cz\/sk\/wp-json\/wp\/v2\/media?parent=21529"}],"wp:term":[{"taxonomy":"product_brand","embeddable":true,"href":"https:\/\/www.tekkiesstore.cz\/sk\/wp-json\/wp\/v2\/product_brand?post=21529"},{"taxonomy":"product_cat","embeddable":true,"href":"https:\/\/www.tekkiesstore.cz\/sk\/wp-json\/wp\/v2\/product_cat?post=21529"},{"taxonomy":"product_tag","embeddable":true,"href":"https:\/\/www.tekkiesstore.cz\/sk\/wp-json\/wp\/v2\/product_tag?post=21529"},{"taxonomy":"woo-feed-brand","embeddable":true,"href":"https:\/\/www.tekkiesstore.cz\/sk\/wp-json\/wp\/v2\/woo-feed-brand?post=21529"}],"curies":[{"name":"wp","href":"https:\/\/api.w.org\/{rel}","templated":true}]}}