{"id":21895,"date":"2023-10-25T07:34:16","date_gmt":"2023-10-25T07:34:16","guid":{"rendered":"https:\/\/www.tekkiesstore.cz\/product\/air-jordan-1-mid-desert-berry-gs\/"},"modified":"2025-12-01T18:46:41","modified_gmt":"2025-12-01T18:46:41","slug":"jordan-1-mid-valentines-day-gs","status":"publish","type":"product","link":"https:\/\/www.tekkiesstore.cz\/sk\/produkt\/jordan-1-mid-valentines-day-gs\/","title":{"rendered":"JORDAN 1 MID VALENTINE&#8217;S DAY  (GS)"},"content":{"rendered":"<p><strong>Air Jordan 1 Mid Valentine&#8217;s Day 2023 GS<\/strong> je \u0161peci\u00e1lna ed\u00edcia klasick\u00e9ho modelu Air Jordan 1, ktor\u00e1 oslavuje Valent\u00edna.<\/p>\n<p>Top\u00e1nka m\u00e1 bielu ko\u017een\u00fa zvr\u0161ok s perforovan\u00fdmi detailmi na \u0161pi\u010dke v klasickom \u0161t\u00fdle Air Jordan 1. Ru\u017eov\u00e9 prekrytia sa nach\u00e1dzaj\u00fa v strede chodidla, na o\u010dk\u00e1ch na \u0161n\u00farky, \u010dlenku a p\u00e4te so \u0161vami po celej zvr\u0161ku a podr\u00e1\u017eke, \u010do je charakteristick\u00e9 pre v\u00e4\u010d\u0161inu modelov tohto strihu.<\/p>\n<p>Swoosh je v e\u0161te tmav\u0161om odtieni ru\u017eovej, \u010do vytv\u00e1ra kontrastn\u00fd efekt, ktor\u00fd sa odr\u00e1\u017ea aj na podr\u00e1\u017eke. Medzi detaily zna\u010dky patr\u00ed logo Air Jordan Wings na vonkaj\u0161ej strane \u010dlenka a logo Jumpman s logom Air na jazyku.<\/p>\n","protected":false},"excerpt":{"rendered":"<p>Air Jordan 1 Mid Valentine&#8217;s Day 2023 GS je \u0161peci\u00e1lna ed\u00edcia klasick\u00e9ho modelu Air Jordan 1, ktor\u00e1 oslavuje Valent\u00edna. Top\u00e1nka m\u00e1 bielu ko\u017een\u00fa zvr\u0161ok s perforovan\u00fdmi detailmi na \u0161pi\u010dke v klasickom \u0161t\u00fdle Air Jordan 1. Ru\u017eov\u00e9 prekrytia sa nach\u00e1dzaj\u00fa v strede chodidla, na o\u010dk\u00e1ch na \u0161n\u00farky, \u010dlenku a p\u00e4te so \u0161vami po celej zvr\u0161ku a [&hellip;]<\/p>\n","protected":false},"featured_media":79766,"template":"","meta":{"_acf_changed":false},"product_brand":[],"product_cat":[59,57,320],"product_tag":[],"woo-feed-brand":[],"class_list":{"0":"post-21895","1":"product","2":"type-product","3":"status-publish","4":"has-post-thumbnail","6":"product_cat-tenisky","7":"product_cat-air-jordan","8":"product_cat-air-jordan-1-mid","10":"first","11":"onbackorder","12":"shipping-taxable","13":"purchasable","14":"product-type-variable"},"acf":[],"yoast_head":"<!-- This site is optimized with the Yoast SEO plugin v26.6 - https:\/\/yoast.com\/wordpress\/plugins\/seo\/ -->\n<title>JORDAN 1 MID VALENTINE&#039;S DAY (GS) | Tekkies Store<\/title>\n<meta name=\"robots\" content=\"index, follow, max-snippet:-1, max-image-preview:large, max-video-preview:-1\" \/>\n<link rel=\"canonical\" href=\"https:\/\/www.tekkiesstore.cz\/sk\/produkt\/jordan-1-mid-valentines-day-gs\/\" \/>\n<meta property=\"og:locale\" content=\"sk_SK\" \/>\n<meta property=\"og:type\" content=\"article\" \/>\n<meta property=\"og:title\" content=\"JORDAN 1 MID VALENTINE&#039;S DAY (GS) | Tekkies Store\" \/>\n<meta property=\"og:description\" content=\"Air Jordan 1 Mid Valentine&#8217;s Day 2023 GS je \u0161peci\u00e1lna ed\u00edcia klasick\u00e9ho modelu Air Jordan 1, ktor\u00e1 oslavuje Valent\u00edna. Top\u00e1nka m\u00e1 bielu ko\u017een\u00fa zvr\u0161ok s perforovan\u00fdmi detailmi na \u0161pi\u010dke v klasickom \u0161t\u00fdle Air Jordan 1. Ru\u017eov\u00e9 prekrytia sa nach\u00e1dzaj\u00fa v strede chodidla, na o\u010dk\u00e1ch na \u0161n\u00farky, \u010dlenku a p\u00e4te so \u0161vami po celej zvr\u0161ku a [&hellip;]\" \/>\n<meta property=\"og:url\" content=\"https:\/\/www.tekkiesstore.cz\/sk\/produkt\/jordan-1-mid-valentines-day-gs\/\" \/>\n<meta property=\"og:site_name\" content=\"Tekkies Store\" \/>\n<meta property=\"article:publisher\" content=\"https:\/\/www.facebook.com\/profile.php?id=100090575808845\" \/>\n<meta property=\"article:modified_time\" content=\"2025-12-01T18:46:41+00:00\" \/>\n<meta property=\"og:image\" content=\"https:\/\/www.tekkiesstore.cz\/wp-content\/uploads\/2023\/10\/JORDAN-1-MID-VALENTINES-DAY-GS.webp\" \/>\n\t<meta property=\"og:image:width\" content=\"823\" \/>\n\t<meta property=\"og:image:height\" content=\"494\" \/>\n\t<meta property=\"og:image:type\" content=\"image\/webp\" \/>\n<meta name=\"twitter:card\" content=\"summary_large_image\" \/>\n<meta name=\"twitter:label1\" content=\"Predpokladan\u00fd \u010das \u010d\u00edtania\" \/>\n\t<meta name=\"twitter:data1\" content=\"1 min\u00fata\" \/>\n<script type=\"application\/ld+json\" class=\"yoast-schema-graph\">{\"@context\":\"https:\/\/schema.org\",\"@graph\":[{\"@type\":\"WebPage\",\"@id\":\"https:\/\/www.tekkiesstore.cz\/sk\/produkt\/jordan-1-mid-valentines-day-gs\/\",\"url\":\"https:\/\/www.tekkiesstore.cz\/sk\/produkt\/jordan-1-mid-valentines-day-gs\/\",\"name\":\"JORDAN 1 MID VALENTINE'S DAY (GS) | Tekkies Store\",\"isPartOf\":{\"@id\":\"https:\/\/www.tekkiesstore.cz\/#website\"},\"primaryImageOfPage\":{\"@id\":\"https:\/\/www.tekkiesstore.cz\/sk\/produkt\/jordan-1-mid-valentines-day-gs\/#primaryimage\"},\"image\":{\"@id\":\"https:\/\/www.tekkiesstore.cz\/sk\/produkt\/jordan-1-mid-valentines-day-gs\/#primaryimage\"},\"thumbnailUrl\":\"https:\/\/www.tekkiesstore.cz\/wp-content\/uploads\/2023\/10\/JORDAN-1-MID-VALENTINES-DAY-GS.webp\",\"datePublished\":\"2023-10-25T07:34:16+00:00\",\"dateModified\":\"2025-12-01T18:46:41+00:00\",\"breadcrumb\":{\"@id\":\"https:\/\/www.tekkiesstore.cz\/sk\/produkt\/jordan-1-mid-valentines-day-gs\/#breadcrumb\"},\"inLanguage\":\"sk-SK\",\"potentialAction\":[{\"@type\":\"ReadAction\",\"target\":[\"https:\/\/www.tekkiesstore.cz\/sk\/produkt\/jordan-1-mid-valentines-day-gs\/\"]}]},{\"@type\":\"ImageObject\",\"inLanguage\":\"sk-SK\",\"@id\":\"https:\/\/www.tekkiesstore.cz\/sk\/produkt\/jordan-1-mid-valentines-day-gs\/#primaryimage\",\"url\":\"https:\/\/www.tekkiesstore.cz\/wp-content\/uploads\/2023\/10\/JORDAN-1-MID-VALENTINES-DAY-GS.webp\",\"contentUrl\":\"https:\/\/www.tekkiesstore.cz\/wp-content\/uploads\/2023\/10\/JORDAN-1-MID-VALENTINES-DAY-GS.webp\",\"width\":823,\"height\":494,\"caption\":\"JORDAN 1 MID VALENTINE'S DAY (GS)\"},{\"@type\":\"BreadcrumbList\",\"@id\":\"https:\/\/www.tekkiesstore.cz\/sk\/produkt\/jordan-1-mid-valentines-day-gs\/#breadcrumb\",\"itemListElement\":[{\"@type\":\"ListItem\",\"position\":1,\"name\":\"Home\",\"item\":\"https:\/\/www.tekkiesstore.cz\/sk\/\"},{\"@type\":\"ListItem\",\"position\":2,\"name\":\"Produkty\",\"item\":\"https:\/\/www.tekkiesstore.cz\/obchod\/\"},{\"@type\":\"ListItem\",\"position\":3,\"name\":\"JORDAN 1 MID VALENTINE&#8217;S DAY (GS)\"}]},{\"@type\":\"WebSite\",\"@id\":\"https:\/\/www.tekkiesstore.cz\/#website\",\"url\":\"https:\/\/www.tekkiesstore.cz\/\",\"name\":\"Tekkies Store\",\"description\":\"Zna\u010dkov\u00e9 tenisky &amp; oble\u010den\u00ed\",\"publisher\":{\"@id\":\"https:\/\/www.tekkiesstore.cz\/#organization\"},\"potentialAction\":[{\"@type\":\"SearchAction\",\"target\":{\"@type\":\"EntryPoint\",\"urlTemplate\":\"https:\/\/www.tekkiesstore.cz\/?s={search_term_string}\"},\"query-input\":{\"@type\":\"PropertyValueSpecification\",\"valueRequired\":true,\"valueName\":\"search_term_string\"}}],\"inLanguage\":\"sk-SK\"},{\"@type\":\"Organization\",\"@id\":\"https:\/\/www.tekkiesstore.cz\/#organization\",\"name\":\"Tekkies Store\",\"url\":\"https:\/\/www.tekkiesstore.cz\/\",\"logo\":{\"@type\":\"ImageObject\",\"inLanguage\":\"sk-SK\",\"@id\":\"https:\/\/www.tekkiesstore.cz\/#\/schema\/logo\/image\/\",\"url\":\"https:\/\/www.tekkiesstore.cz\/wp-content\/uploads\/2023\/11\/logo.png\",\"contentUrl\":\"https:\/\/www.tekkiesstore.cz\/wp-content\/uploads\/2023\/11\/logo.png\",\"width\":165,\"height\":58,\"caption\":\"Tekkies Store\"},\"image\":{\"@id\":\"https:\/\/www.tekkiesstore.cz\/#\/schema\/logo\/image\/\"},\"sameAs\":[\"https:\/\/www.facebook.com\/profile.php?id=100090575808845\"]}]}<\/script>\n<!-- \/ Yoast SEO plugin. -->","yoast_head_json":{"title":"JORDAN 1 MID VALENTINE'S DAY (GS) | Tekkies Store","robots":{"index":"index","follow":"follow","max-snippet":"max-snippet:-1","max-image-preview":"max-image-preview:large","max-video-preview":"max-video-preview:-1"},"canonical":"https:\/\/www.tekkiesstore.cz\/sk\/produkt\/jordan-1-mid-valentines-day-gs\/","og_locale":"sk_SK","og_type":"article","og_title":"JORDAN 1 MID VALENTINE'S DAY (GS) | Tekkies Store","og_description":"Air Jordan 1 Mid Valentine&#8217;s Day 2023 GS je \u0161peci\u00e1lna ed\u00edcia klasick\u00e9ho modelu Air Jordan 1, ktor\u00e1 oslavuje Valent\u00edna. Top\u00e1nka m\u00e1 bielu ko\u017een\u00fa zvr\u0161ok s perforovan\u00fdmi detailmi na \u0161pi\u010dke v klasickom \u0161t\u00fdle Air Jordan 1. Ru\u017eov\u00e9 prekrytia sa nach\u00e1dzaj\u00fa v strede chodidla, na o\u010dk\u00e1ch na \u0161n\u00farky, \u010dlenku a p\u00e4te so \u0161vami po celej zvr\u0161ku a [&hellip;]","og_url":"https:\/\/www.tekkiesstore.cz\/sk\/produkt\/jordan-1-mid-valentines-day-gs\/","og_site_name":"Tekkies Store","article_publisher":"https:\/\/www.facebook.com\/profile.php?id=100090575808845","article_modified_time":"2025-12-01T18:46:41+00:00","og_image":[{"width":823,"height":494,"url":"https:\/\/www.tekkiesstore.cz\/wp-content\/uploads\/2023\/10\/JORDAN-1-MID-VALENTINES-DAY-GS.webp","type":"image\/webp"}],"twitter_card":"summary_large_image","twitter_misc":{"Predpokladan\u00fd \u010das \u010d\u00edtania":"1 min\u00fata"},"schema":{"@context":"https:\/\/schema.org","@graph":[{"@type":"WebPage","@id":"https:\/\/www.tekkiesstore.cz\/sk\/produkt\/jordan-1-mid-valentines-day-gs\/","url":"https:\/\/www.tekkiesstore.cz\/sk\/produkt\/jordan-1-mid-valentines-day-gs\/","name":"JORDAN 1 MID VALENTINE'S DAY (GS) | Tekkies Store","isPartOf":{"@id":"https:\/\/www.tekkiesstore.cz\/#website"},"primaryImageOfPage":{"@id":"https:\/\/www.tekkiesstore.cz\/sk\/produkt\/jordan-1-mid-valentines-day-gs\/#primaryimage"},"image":{"@id":"https:\/\/www.tekkiesstore.cz\/sk\/produkt\/jordan-1-mid-valentines-day-gs\/#primaryimage"},"thumbnailUrl":"https:\/\/www.tekkiesstore.cz\/wp-content\/uploads\/2023\/10\/JORDAN-1-MID-VALENTINES-DAY-GS.webp","datePublished":"2023-10-25T07:34:16+00:00","dateModified":"2025-12-01T18:46:41+00:00","breadcrumb":{"@id":"https:\/\/www.tekkiesstore.cz\/sk\/produkt\/jordan-1-mid-valentines-day-gs\/#breadcrumb"},"inLanguage":"sk-SK","potentialAction":[{"@type":"ReadAction","target":["https:\/\/www.tekkiesstore.cz\/sk\/produkt\/jordan-1-mid-valentines-day-gs\/"]}]},{"@type":"ImageObject","inLanguage":"sk-SK","@id":"https:\/\/www.tekkiesstore.cz\/sk\/produkt\/jordan-1-mid-valentines-day-gs\/#primaryimage","url":"https:\/\/www.tekkiesstore.cz\/wp-content\/uploads\/2023\/10\/JORDAN-1-MID-VALENTINES-DAY-GS.webp","contentUrl":"https:\/\/www.tekkiesstore.cz\/wp-content\/uploads\/2023\/10\/JORDAN-1-MID-VALENTINES-DAY-GS.webp","width":823,"height":494,"caption":"JORDAN 1 MID VALENTINE'S DAY (GS)"},{"@type":"BreadcrumbList","@id":"https:\/\/www.tekkiesstore.cz\/sk\/produkt\/jordan-1-mid-valentines-day-gs\/#breadcrumb","itemListElement":[{"@type":"ListItem","position":1,"name":"Home","item":"https:\/\/www.tekkiesstore.cz\/sk\/"},{"@type":"ListItem","position":2,"name":"Produkty","item":"https:\/\/www.tekkiesstore.cz\/obchod\/"},{"@type":"ListItem","position":3,"name":"JORDAN 1 MID VALENTINE&#8217;S DAY (GS)"}]},{"@type":"WebSite","@id":"https:\/\/www.tekkiesstore.cz\/#website","url":"https:\/\/www.tekkiesstore.cz\/","name":"Tekkies Store","description":"Zna\u010dkov\u00e9 tenisky &amp; oble\u010den\u00ed","publisher":{"@id":"https:\/\/www.tekkiesstore.cz\/#organization"},"potentialAction":[{"@type":"SearchAction","target":{"@type":"EntryPoint","urlTemplate":"https:\/\/www.tekkiesstore.cz\/?s={search_term_string}"},"query-input":{"@type":"PropertyValueSpecification","valueRequired":true,"valueName":"search_term_string"}}],"inLanguage":"sk-SK"},{"@type":"Organization","@id":"https:\/\/www.tekkiesstore.cz\/#organization","name":"Tekkies Store","url":"https:\/\/www.tekkiesstore.cz\/","logo":{"@type":"ImageObject","inLanguage":"sk-SK","@id":"https:\/\/www.tekkiesstore.cz\/#\/schema\/logo\/image\/","url":"https:\/\/www.tekkiesstore.cz\/wp-content\/uploads\/2023\/11\/logo.png","contentUrl":"https:\/\/www.tekkiesstore.cz\/wp-content\/uploads\/2023\/11\/logo.png","width":165,"height":58,"caption":"Tekkies Store"},"image":{"@id":"https:\/\/www.tekkiesstore.cz\/#\/schema\/logo\/image\/"},"sameAs":["https:\/\/www.facebook.com\/profile.php?id=100090575808845"]}]}},"_links":{"self":[{"href":"https:\/\/www.tekkiesstore.cz\/sk\/wp-json\/wp\/v2\/product\/21895","targetHints":{"allow":["GET"]}}],"collection":[{"href":"https:\/\/www.tekkiesstore.cz\/sk\/wp-json\/wp\/v2\/product"}],"about":[{"href":"https:\/\/www.tekkiesstore.cz\/sk\/wp-json\/wp\/v2\/types\/product"}],"wp:featuredmedia":[{"embeddable":true,"href":"https:\/\/www.tekkiesstore.cz\/sk\/wp-json\/wp\/v2\/media\/79766"}],"wp:attachment":[{"href":"https:\/\/www.tekkiesstore.cz\/sk\/wp-json\/wp\/v2\/media?parent=21895"}],"wp:term":[{"taxonomy":"product_brand","embeddable":true,"href":"https:\/\/www.tekkiesstore.cz\/sk\/wp-json\/wp\/v2\/product_brand?post=21895"},{"taxonomy":"product_cat","embeddable":true,"href":"https:\/\/www.tekkiesstore.cz\/sk\/wp-json\/wp\/v2\/product_cat?post=21895"},{"taxonomy":"product_tag","embeddable":true,"href":"https:\/\/www.tekkiesstore.cz\/sk\/wp-json\/wp\/v2\/product_tag?post=21895"},{"taxonomy":"woo-feed-brand","embeddable":true,"href":"https:\/\/www.tekkiesstore.cz\/sk\/wp-json\/wp\/v2\/woo-feed-brand?post=21895"}],"curies":[{"name":"wp","href":"https:\/\/api.w.org\/{rel}","templated":true}]}}