{"id":22153,"date":"2023-10-25T07:33:37","date_gmt":"2023-11-22T22:44:26","guid":{"rendered":"https:\/\/www.tekkiesstore.cz\/product\/air-jordan-4-retro-sb-pine-green\/"},"modified":"2025-12-01T19:01:55","modified_gmt":"2025-12-01T19:01:55","slug":"air-jordan-4-sb-pine-green","status":"publish","type":"product","link":"https:\/\/www.tekkiesstore.cz\/sk\/produkt\/air-jordan-4-sb-pine-green\/","title":{"rendered":"AIR JORDAN 4 RETRO SB PINE GREEN"},"content":{"rendered":"<p>Prv\u00fd model kombinuj\u00faci Nike SB a Jordan \u2013 <strong>Air Jordan 4 SB Pine Green<\/strong>. T\u00e1to nov\u00e1 verzia prin\u00e1\u0161a v\u00fdznamn\u00e9 zmeny v dizajne a vracia sa k p\u00f4vodn\u00e9mu \u0161t\u00fdlu z 90. rokov. Vysoko kvalitn\u00e9 materi\u00e1ly, vr\u00e1tane hladkej a odolnej kr\u00e9movej ko\u017ee, dod\u00e1vaj\u00fa tejto ed\u00edcii jedine\u010dn\u00fd vzh\u013ead. Nov\u00e1 dimenzia v kolekcii Jordan 4, k\u00fapte si Pine Green u\u017e teraz!<\/p>\n","protected":false},"excerpt":{"rendered":"<p>Prv\u00fd model kombinuj\u00faci Nike SB a Jordan \u2013 Air Jordan 4 SB Pine Green. T\u00e1to nov\u00e1 verzia prin\u00e1\u0161a v\u00fdznamn\u00e9 zmeny v dizajne a vracia sa k p\u00f4vodn\u00e9mu \u0161t\u00fdlu z 90. rokov. Vysoko kvalitn\u00e9 materi\u00e1ly, vr\u00e1tane hladkej a odolnej kr\u00e9movej ko\u017ee, dod\u00e1vaj\u00fa tejto ed\u00edcii jedine\u010dn\u00fd vzh\u013ead. Nov\u00e1 dimenzia v kolekcii Jordan 4, k\u00fapte si Pine Green [&hellip;]<\/p>\n","protected":false},"featured_media":79785,"template":"","meta":{"_acf_changed":false},"product_brand":[],"product_cat":[59,57,58],"product_tag":[],"woo-feed-brand":[],"class_list":{"0":"post-22153","1":"product","2":"type-product","3":"status-publish","4":"has-post-thumbnail","6":"product_cat-tenisky","7":"product_cat-air-jordan","8":"product_cat-air-jordan-4","10":"first","11":"onbackorder","12":"shipping-taxable","13":"purchasable","14":"product-type-variable"},"acf":[],"yoast_head":"<!-- This site is optimized with the Yoast SEO plugin v26.6 - https:\/\/yoast.com\/wordpress\/plugins\/seo\/ -->\n<title>AIR JORDAN 4 RETRO SB PINE GREEN | Tekkies Store<\/title>\n<meta name=\"robots\" content=\"index, follow, max-snippet:-1, max-image-preview:large, max-video-preview:-1\" \/>\n<link rel=\"canonical\" href=\"https:\/\/www.tekkiesstore.cz\/sk\/produkt\/air-jordan-4-sb-pine-green\/\" \/>\n<meta property=\"og:locale\" content=\"sk_SK\" \/>\n<meta property=\"og:type\" content=\"article\" \/>\n<meta property=\"og:title\" content=\"AIR JORDAN 4 RETRO SB PINE GREEN | Tekkies Store\" \/>\n<meta property=\"og:description\" content=\"Prv\u00fd model kombinuj\u00faci Nike SB a Jordan \u2013 Air Jordan 4 SB Pine Green. T\u00e1to nov\u00e1 verzia prin\u00e1\u0161a v\u00fdznamn\u00e9 zmeny v dizajne a vracia sa k p\u00f4vodn\u00e9mu \u0161t\u00fdlu z 90. rokov. Vysoko kvalitn\u00e9 materi\u00e1ly, vr\u00e1tane hladkej a odolnej kr\u00e9movej ko\u017ee, dod\u00e1vaj\u00fa tejto ed\u00edcii jedine\u010dn\u00fd vzh\u013ead. Nov\u00e1 dimenzia v kolekcii Jordan 4, k\u00fapte si Pine Green [&hellip;]\" \/>\n<meta property=\"og:url\" content=\"https:\/\/www.tekkiesstore.cz\/sk\/produkt\/air-jordan-4-sb-pine-green\/\" \/>\n<meta property=\"og:site_name\" content=\"Tekkies Store\" \/>\n<meta property=\"article:publisher\" content=\"https:\/\/www.facebook.com\/profile.php?id=100090575808845\" \/>\n<meta property=\"article:modified_time\" content=\"2025-12-01T19:01:55+00:00\" \/>\n<meta property=\"og:image\" content=\"https:\/\/www.tekkiesstore.cz\/wp-content\/uploads\/2023\/10\/AIR-JORDAN-4-RETRO-SB-PINE-GREEN.webp\" \/>\n\t<meta property=\"og:image:width\" content=\"823\" \/>\n\t<meta property=\"og:image:height\" content=\"494\" \/>\n\t<meta property=\"og:image:type\" content=\"image\/webp\" \/>\n<meta name=\"twitter:card\" content=\"summary_large_image\" \/>\n<script type=\"application\/ld+json\" class=\"yoast-schema-graph\">{\"@context\":\"https:\/\/schema.org\",\"@graph\":[{\"@type\":\"WebPage\",\"@id\":\"https:\/\/www.tekkiesstore.cz\/sk\/produkt\/air-jordan-4-sb-pine-green\/\",\"url\":\"https:\/\/www.tekkiesstore.cz\/sk\/produkt\/air-jordan-4-sb-pine-green\/\",\"name\":\"AIR JORDAN 4 RETRO SB PINE GREEN | Tekkies Store\",\"isPartOf\":{\"@id\":\"https:\/\/www.tekkiesstore.cz\/#website\"},\"primaryImageOfPage\":{\"@id\":\"https:\/\/www.tekkiesstore.cz\/sk\/produkt\/air-jordan-4-sb-pine-green\/#primaryimage\"},\"image\":{\"@id\":\"https:\/\/www.tekkiesstore.cz\/sk\/produkt\/air-jordan-4-sb-pine-green\/#primaryimage\"},\"thumbnailUrl\":\"https:\/\/www.tekkiesstore.cz\/wp-content\/uploads\/2023\/10\/AIR-JORDAN-4-RETRO-SB-PINE-GREEN.webp\",\"datePublished\":\"2023-11-22T22:44:26+00:00\",\"dateModified\":\"2025-12-01T19:01:55+00:00\",\"breadcrumb\":{\"@id\":\"https:\/\/www.tekkiesstore.cz\/sk\/produkt\/air-jordan-4-sb-pine-green\/#breadcrumb\"},\"inLanguage\":\"sk-SK\",\"potentialAction\":[{\"@type\":\"ReadAction\",\"target\":[\"https:\/\/www.tekkiesstore.cz\/sk\/produkt\/air-jordan-4-sb-pine-green\/\"]}]},{\"@type\":\"ImageObject\",\"inLanguage\":\"sk-SK\",\"@id\":\"https:\/\/www.tekkiesstore.cz\/sk\/produkt\/air-jordan-4-sb-pine-green\/#primaryimage\",\"url\":\"https:\/\/www.tekkiesstore.cz\/wp-content\/uploads\/2023\/10\/AIR-JORDAN-4-RETRO-SB-PINE-GREEN.webp\",\"contentUrl\":\"https:\/\/www.tekkiesstore.cz\/wp-content\/uploads\/2023\/10\/AIR-JORDAN-4-RETRO-SB-PINE-GREEN.webp\",\"width\":823,\"height\":494,\"caption\":\"AIR JORDAN 4 RETRO SB PINE GREEN\"},{\"@type\":\"BreadcrumbList\",\"@id\":\"https:\/\/www.tekkiesstore.cz\/sk\/produkt\/air-jordan-4-sb-pine-green\/#breadcrumb\",\"itemListElement\":[{\"@type\":\"ListItem\",\"position\":1,\"name\":\"Home\",\"item\":\"https:\/\/www.tekkiesstore.cz\/sk\/\"},{\"@type\":\"ListItem\",\"position\":2,\"name\":\"Produkty\",\"item\":\"https:\/\/www.tekkiesstore.cz\/obchod\/\"},{\"@type\":\"ListItem\",\"position\":3,\"name\":\"AIR JORDAN 4 RETRO SB PINE GREEN\"}]},{\"@type\":\"WebSite\",\"@id\":\"https:\/\/www.tekkiesstore.cz\/#website\",\"url\":\"https:\/\/www.tekkiesstore.cz\/\",\"name\":\"Tekkies Store\",\"description\":\"Zna\u010dkov\u00e9 tenisky &amp; oble\u010den\u00ed\",\"publisher\":{\"@id\":\"https:\/\/www.tekkiesstore.cz\/#organization\"},\"potentialAction\":[{\"@type\":\"SearchAction\",\"target\":{\"@type\":\"EntryPoint\",\"urlTemplate\":\"https:\/\/www.tekkiesstore.cz\/?s={search_term_string}\"},\"query-input\":{\"@type\":\"PropertyValueSpecification\",\"valueRequired\":true,\"valueName\":\"search_term_string\"}}],\"inLanguage\":\"sk-SK\"},{\"@type\":\"Organization\",\"@id\":\"https:\/\/www.tekkiesstore.cz\/#organization\",\"name\":\"Tekkies Store\",\"url\":\"https:\/\/www.tekkiesstore.cz\/\",\"logo\":{\"@type\":\"ImageObject\",\"inLanguage\":\"sk-SK\",\"@id\":\"https:\/\/www.tekkiesstore.cz\/#\/schema\/logo\/image\/\",\"url\":\"https:\/\/www.tekkiesstore.cz\/wp-content\/uploads\/2023\/11\/logo.png\",\"contentUrl\":\"https:\/\/www.tekkiesstore.cz\/wp-content\/uploads\/2023\/11\/logo.png\",\"width\":165,\"height\":58,\"caption\":\"Tekkies Store\"},\"image\":{\"@id\":\"https:\/\/www.tekkiesstore.cz\/#\/schema\/logo\/image\/\"},\"sameAs\":[\"https:\/\/www.facebook.com\/profile.php?id=100090575808845\"]}]}<\/script>\n<!-- \/ Yoast SEO plugin. -->","yoast_head_json":{"title":"AIR JORDAN 4 RETRO SB PINE GREEN | Tekkies Store","robots":{"index":"index","follow":"follow","max-snippet":"max-snippet:-1","max-image-preview":"max-image-preview:large","max-video-preview":"max-video-preview:-1"},"canonical":"https:\/\/www.tekkiesstore.cz\/sk\/produkt\/air-jordan-4-sb-pine-green\/","og_locale":"sk_SK","og_type":"article","og_title":"AIR JORDAN 4 RETRO SB PINE GREEN | Tekkies Store","og_description":"Prv\u00fd model kombinuj\u00faci Nike SB a Jordan \u2013 Air Jordan 4 SB Pine Green. T\u00e1to nov\u00e1 verzia prin\u00e1\u0161a v\u00fdznamn\u00e9 zmeny v dizajne a vracia sa k p\u00f4vodn\u00e9mu \u0161t\u00fdlu z 90. rokov. Vysoko kvalitn\u00e9 materi\u00e1ly, vr\u00e1tane hladkej a odolnej kr\u00e9movej ko\u017ee, dod\u00e1vaj\u00fa tejto ed\u00edcii jedine\u010dn\u00fd vzh\u013ead. Nov\u00e1 dimenzia v kolekcii Jordan 4, k\u00fapte si Pine Green [&hellip;]","og_url":"https:\/\/www.tekkiesstore.cz\/sk\/produkt\/air-jordan-4-sb-pine-green\/","og_site_name":"Tekkies Store","article_publisher":"https:\/\/www.facebook.com\/profile.php?id=100090575808845","article_modified_time":"2025-12-01T19:01:55+00:00","og_image":[{"width":823,"height":494,"url":"https:\/\/www.tekkiesstore.cz\/wp-content\/uploads\/2023\/10\/AIR-JORDAN-4-RETRO-SB-PINE-GREEN.webp","type":"image\/webp"}],"twitter_card":"summary_large_image","schema":{"@context":"https:\/\/schema.org","@graph":[{"@type":"WebPage","@id":"https:\/\/www.tekkiesstore.cz\/sk\/produkt\/air-jordan-4-sb-pine-green\/","url":"https:\/\/www.tekkiesstore.cz\/sk\/produkt\/air-jordan-4-sb-pine-green\/","name":"AIR JORDAN 4 RETRO SB PINE GREEN | Tekkies Store","isPartOf":{"@id":"https:\/\/www.tekkiesstore.cz\/#website"},"primaryImageOfPage":{"@id":"https:\/\/www.tekkiesstore.cz\/sk\/produkt\/air-jordan-4-sb-pine-green\/#primaryimage"},"image":{"@id":"https:\/\/www.tekkiesstore.cz\/sk\/produkt\/air-jordan-4-sb-pine-green\/#primaryimage"},"thumbnailUrl":"https:\/\/www.tekkiesstore.cz\/wp-content\/uploads\/2023\/10\/AIR-JORDAN-4-RETRO-SB-PINE-GREEN.webp","datePublished":"2023-11-22T22:44:26+00:00","dateModified":"2025-12-01T19:01:55+00:00","breadcrumb":{"@id":"https:\/\/www.tekkiesstore.cz\/sk\/produkt\/air-jordan-4-sb-pine-green\/#breadcrumb"},"inLanguage":"sk-SK","potentialAction":[{"@type":"ReadAction","target":["https:\/\/www.tekkiesstore.cz\/sk\/produkt\/air-jordan-4-sb-pine-green\/"]}]},{"@type":"ImageObject","inLanguage":"sk-SK","@id":"https:\/\/www.tekkiesstore.cz\/sk\/produkt\/air-jordan-4-sb-pine-green\/#primaryimage","url":"https:\/\/www.tekkiesstore.cz\/wp-content\/uploads\/2023\/10\/AIR-JORDAN-4-RETRO-SB-PINE-GREEN.webp","contentUrl":"https:\/\/www.tekkiesstore.cz\/wp-content\/uploads\/2023\/10\/AIR-JORDAN-4-RETRO-SB-PINE-GREEN.webp","width":823,"height":494,"caption":"AIR JORDAN 4 RETRO SB PINE GREEN"},{"@type":"BreadcrumbList","@id":"https:\/\/www.tekkiesstore.cz\/sk\/produkt\/air-jordan-4-sb-pine-green\/#breadcrumb","itemListElement":[{"@type":"ListItem","position":1,"name":"Home","item":"https:\/\/www.tekkiesstore.cz\/sk\/"},{"@type":"ListItem","position":2,"name":"Produkty","item":"https:\/\/www.tekkiesstore.cz\/obchod\/"},{"@type":"ListItem","position":3,"name":"AIR JORDAN 4 RETRO SB PINE GREEN"}]},{"@type":"WebSite","@id":"https:\/\/www.tekkiesstore.cz\/#website","url":"https:\/\/www.tekkiesstore.cz\/","name":"Tekkies Store","description":"Zna\u010dkov\u00e9 tenisky &amp; oble\u010den\u00ed","publisher":{"@id":"https:\/\/www.tekkiesstore.cz\/#organization"},"potentialAction":[{"@type":"SearchAction","target":{"@type":"EntryPoint","urlTemplate":"https:\/\/www.tekkiesstore.cz\/?s={search_term_string}"},"query-input":{"@type":"PropertyValueSpecification","valueRequired":true,"valueName":"search_term_string"}}],"inLanguage":"sk-SK"},{"@type":"Organization","@id":"https:\/\/www.tekkiesstore.cz\/#organization","name":"Tekkies Store","url":"https:\/\/www.tekkiesstore.cz\/","logo":{"@type":"ImageObject","inLanguage":"sk-SK","@id":"https:\/\/www.tekkiesstore.cz\/#\/schema\/logo\/image\/","url":"https:\/\/www.tekkiesstore.cz\/wp-content\/uploads\/2023\/11\/logo.png","contentUrl":"https:\/\/www.tekkiesstore.cz\/wp-content\/uploads\/2023\/11\/logo.png","width":165,"height":58,"caption":"Tekkies Store"},"image":{"@id":"https:\/\/www.tekkiesstore.cz\/#\/schema\/logo\/image\/"},"sameAs":["https:\/\/www.facebook.com\/profile.php?id=100090575808845"]}]}},"_links":{"self":[{"href":"https:\/\/www.tekkiesstore.cz\/sk\/wp-json\/wp\/v2\/product\/22153","targetHints":{"allow":["GET"]}}],"collection":[{"href":"https:\/\/www.tekkiesstore.cz\/sk\/wp-json\/wp\/v2\/product"}],"about":[{"href":"https:\/\/www.tekkiesstore.cz\/sk\/wp-json\/wp\/v2\/types\/product"}],"wp:featuredmedia":[{"embeddable":true,"href":"https:\/\/www.tekkiesstore.cz\/sk\/wp-json\/wp\/v2\/media\/79785"}],"wp:attachment":[{"href":"https:\/\/www.tekkiesstore.cz\/sk\/wp-json\/wp\/v2\/media?parent=22153"}],"wp:term":[{"taxonomy":"product_brand","embeddable":true,"href":"https:\/\/www.tekkiesstore.cz\/sk\/wp-json\/wp\/v2\/product_brand?post=22153"},{"taxonomy":"product_cat","embeddable":true,"href":"https:\/\/www.tekkiesstore.cz\/sk\/wp-json\/wp\/v2\/product_cat?post=22153"},{"taxonomy":"product_tag","embeddable":true,"href":"https:\/\/www.tekkiesstore.cz\/sk\/wp-json\/wp\/v2\/product_tag?post=22153"},{"taxonomy":"woo-feed-brand","embeddable":true,"href":"https:\/\/www.tekkiesstore.cz\/sk\/wp-json\/wp\/v2\/woo-feed-brand?post=22153"}],"curies":[{"name":"wp","href":"https:\/\/api.w.org\/{rel}","templated":true}]}}