{"id":22420,"date":"2023-10-25T07:32:51","date_gmt":"2023-11-22T23:00:34","guid":{"rendered":"https:\/\/www.tekkiesstore.cz\/product\/air-jordan-4-craft-photon-dust\/"},"modified":"2025-12-05T12:15:09","modified_gmt":"2025-12-05T12:15:09","slug":"air-jordan-4-craft-photon-dust","status":"publish","type":"product","link":"https:\/\/www.tekkiesstore.cz\/sk\/produkt\/air-jordan-4-craft-photon-dust\/","title":{"rendered":"AIR JORDAN 4 CRAFT PHOTON DUST"},"content":{"rendered":"<p>Objavte <strong>Air Jordan 4 Retro SE Craft Photon Dust<\/strong> \u2013 vrchol remeseln\u00e9ho majstrovstva v ikonickom dizajne. T\u00e1to \u0161peci\u00e1lna ed\u00edcia sa vyzna\u010duje detailn\u00fdm, vrstven\u00fdm zvr\u0161kom z luxusnej semi\u0161ovej ko\u017ee a ko\u017ee v kombin\u00e1cii tlmen\u00fdch odtie\u0148ov \u0161edej a smotanovej farby s n\u00e1znakom \u017eltej. Ka\u017ed\u00fd detail bol starostlivo premyslen\u00fd, aby zabezpe\u010dil nielen v\u00fdnimo\u010dn\u00fd vzh\u013ead, ale aj pohodlie a odolnos\u0165. Z\u00edskajte si svoj p\u00e1r a posu\u0148te svoj \u0161t\u00fdl obuvi na vy\u0161\u0161iu \u00farove\u0148.<\/p>\n","protected":false},"excerpt":{"rendered":"<p>Objavte Air Jordan 4 Retro SE Craft Photon Dust \u2013 vrchol remeseln\u00e9ho majstrovstva v ikonickom dizajne. T\u00e1to \u0161peci\u00e1lna ed\u00edcia sa vyzna\u010duje detailn\u00fdm, vrstven\u00fdm zvr\u0161kom z luxusnej semi\u0161ovej ko\u017ee a ko\u017ee v kombin\u00e1cii tlmen\u00fdch odtie\u0148ov \u0161edej a smotanovej farby s n\u00e1znakom \u017eltej. Ka\u017ed\u00fd detail bol starostlivo premyslen\u00fd, aby zabezpe\u010dil nielen v\u00fdnimo\u010dn\u00fd vzh\u013ead, ale aj pohodlie a [&hellip;]<\/p>\n","protected":false},"featured_media":7275,"template":"","meta":{"_acf_changed":false},"product_brand":[],"product_cat":[59,57,58],"product_tag":[],"woo-feed-brand":[],"class_list":{"0":"post-22420","1":"product","2":"type-product","3":"status-publish","4":"has-post-thumbnail","6":"product_cat-tenisky","7":"product_cat-air-jordan","8":"product_cat-air-jordan-4","10":"first","11":"onbackorder","12":"sale","13":"shipping-taxable","14":"purchasable","15":"product-type-variable"},"acf":[],"yoast_head":"<!-- This site is optimized with the Yoast SEO plugin v26.6 - https:\/\/yoast.com\/wordpress\/plugins\/seo\/ -->\n<title>AIR JORDAN 4 CRAFT PHOTON DUST | Tekkies Store<\/title>\n<meta name=\"robots\" content=\"index, follow, max-snippet:-1, max-image-preview:large, max-video-preview:-1\" \/>\n<link rel=\"canonical\" href=\"https:\/\/www.tekkiesstore.cz\/sk\/produkt\/air-jordan-4-craft-photon-dust\/\" \/>\n<meta property=\"og:locale\" content=\"sk_SK\" \/>\n<meta property=\"og:type\" content=\"article\" \/>\n<meta property=\"og:title\" content=\"AIR JORDAN 4 CRAFT PHOTON DUST | Tekkies Store\" \/>\n<meta property=\"og:description\" content=\"Objavte Air Jordan 4 Retro SE Craft Photon Dust \u2013 vrchol remeseln\u00e9ho majstrovstva v ikonickom dizajne. T\u00e1to \u0161peci\u00e1lna ed\u00edcia sa vyzna\u010duje detailn\u00fdm, vrstven\u00fdm zvr\u0161kom z luxusnej semi\u0161ovej ko\u017ee a ko\u017ee v kombin\u00e1cii tlmen\u00fdch odtie\u0148ov \u0161edej a smotanovej farby s n\u00e1znakom \u017eltej. Ka\u017ed\u00fd detail bol starostlivo premyslen\u00fd, aby zabezpe\u010dil nielen v\u00fdnimo\u010dn\u00fd vzh\u013ead, ale aj pohodlie a [&hellip;]\" \/>\n<meta property=\"og:url\" content=\"https:\/\/www.tekkiesstore.cz\/sk\/produkt\/air-jordan-4-craft-photon-dust\/\" \/>\n<meta property=\"og:site_name\" content=\"Tekkies Store\" \/>\n<meta property=\"article:publisher\" content=\"https:\/\/www.facebook.com\/profile.php?id=100090575808845\" \/>\n<meta property=\"article:modified_time\" content=\"2025-12-05T12:15:09+00:00\" \/>\n<meta property=\"og:image\" content=\"https:\/\/www.tekkiesstore.cz\/wp-content\/uploads\/2023\/10\/19418587_43290249_2048.webp\" \/>\n\t<meta property=\"og:image:width\" content=\"1100\" \/>\n\t<meta property=\"og:image:height\" content=\"660\" \/>\n\t<meta property=\"og:image:type\" content=\"image\/webp\" \/>\n<meta name=\"twitter:card\" content=\"summary_large_image\" \/>\n<script type=\"application\/ld+json\" class=\"yoast-schema-graph\">{\"@context\":\"https:\/\/schema.org\",\"@graph\":[{\"@type\":\"WebPage\",\"@id\":\"https:\/\/www.tekkiesstore.cz\/sk\/produkt\/air-jordan-4-craft-photon-dust\/\",\"url\":\"https:\/\/www.tekkiesstore.cz\/sk\/produkt\/air-jordan-4-craft-photon-dust\/\",\"name\":\"AIR JORDAN 4 CRAFT PHOTON DUST | Tekkies Store\",\"isPartOf\":{\"@id\":\"https:\/\/www.tekkiesstore.cz\/#website\"},\"primaryImageOfPage\":{\"@id\":\"https:\/\/www.tekkiesstore.cz\/sk\/produkt\/air-jordan-4-craft-photon-dust\/#primaryimage\"},\"image\":{\"@id\":\"https:\/\/www.tekkiesstore.cz\/sk\/produkt\/air-jordan-4-craft-photon-dust\/#primaryimage\"},\"thumbnailUrl\":\"https:\/\/www.tekkiesstore.cz\/wp-content\/uploads\/2023\/10\/19418587_43290249_2048.webp\",\"datePublished\":\"2023-11-22T23:00:34+00:00\",\"dateModified\":\"2025-12-05T12:15:09+00:00\",\"breadcrumb\":{\"@id\":\"https:\/\/www.tekkiesstore.cz\/sk\/produkt\/air-jordan-4-craft-photon-dust\/#breadcrumb\"},\"inLanguage\":\"sk-SK\",\"potentialAction\":[{\"@type\":\"ReadAction\",\"target\":[\"https:\/\/www.tekkiesstore.cz\/sk\/produkt\/air-jordan-4-craft-photon-dust\/\"]}]},{\"@type\":\"ImageObject\",\"inLanguage\":\"sk-SK\",\"@id\":\"https:\/\/www.tekkiesstore.cz\/sk\/produkt\/air-jordan-4-craft-photon-dust\/#primaryimage\",\"url\":\"https:\/\/www.tekkiesstore.cz\/wp-content\/uploads\/2023\/10\/19418587_43290249_2048.webp\",\"contentUrl\":\"https:\/\/www.tekkiesstore.cz\/wp-content\/uploads\/2023\/10\/19418587_43290249_2048.webp\",\"width\":1100,\"height\":660},{\"@type\":\"BreadcrumbList\",\"@id\":\"https:\/\/www.tekkiesstore.cz\/sk\/produkt\/air-jordan-4-craft-photon-dust\/#breadcrumb\",\"itemListElement\":[{\"@type\":\"ListItem\",\"position\":1,\"name\":\"Home\",\"item\":\"https:\/\/www.tekkiesstore.cz\/sk\/\"},{\"@type\":\"ListItem\",\"position\":2,\"name\":\"Produkty\",\"item\":\"https:\/\/www.tekkiesstore.cz\/obchod\/\"},{\"@type\":\"ListItem\",\"position\":3,\"name\":\"AIR JORDAN 4 CRAFT PHOTON DUST\"}]},{\"@type\":\"WebSite\",\"@id\":\"https:\/\/www.tekkiesstore.cz\/#website\",\"url\":\"https:\/\/www.tekkiesstore.cz\/\",\"name\":\"Tekkies Store\",\"description\":\"Zna\u010dkov\u00e9 tenisky &amp; oble\u010den\u00ed\",\"publisher\":{\"@id\":\"https:\/\/www.tekkiesstore.cz\/#organization\"},\"potentialAction\":[{\"@type\":\"SearchAction\",\"target\":{\"@type\":\"EntryPoint\",\"urlTemplate\":\"https:\/\/www.tekkiesstore.cz\/?s={search_term_string}\"},\"query-input\":{\"@type\":\"PropertyValueSpecification\",\"valueRequired\":true,\"valueName\":\"search_term_string\"}}],\"inLanguage\":\"sk-SK\"},{\"@type\":\"Organization\",\"@id\":\"https:\/\/www.tekkiesstore.cz\/#organization\",\"name\":\"Tekkies Store\",\"url\":\"https:\/\/www.tekkiesstore.cz\/\",\"logo\":{\"@type\":\"ImageObject\",\"inLanguage\":\"sk-SK\",\"@id\":\"https:\/\/www.tekkiesstore.cz\/#\/schema\/logo\/image\/\",\"url\":\"https:\/\/www.tekkiesstore.cz\/wp-content\/uploads\/2023\/11\/logo.png\",\"contentUrl\":\"https:\/\/www.tekkiesstore.cz\/wp-content\/uploads\/2023\/11\/logo.png\",\"width\":165,\"height\":58,\"caption\":\"Tekkies Store\"},\"image\":{\"@id\":\"https:\/\/www.tekkiesstore.cz\/#\/schema\/logo\/image\/\"},\"sameAs\":[\"https:\/\/www.facebook.com\/profile.php?id=100090575808845\"]}]}<\/script>\n<!-- \/ Yoast SEO plugin. -->","yoast_head_json":{"title":"AIR JORDAN 4 CRAFT PHOTON DUST | Tekkies Store","robots":{"index":"index","follow":"follow","max-snippet":"max-snippet:-1","max-image-preview":"max-image-preview:large","max-video-preview":"max-video-preview:-1"},"canonical":"https:\/\/www.tekkiesstore.cz\/sk\/produkt\/air-jordan-4-craft-photon-dust\/","og_locale":"sk_SK","og_type":"article","og_title":"AIR JORDAN 4 CRAFT PHOTON DUST | Tekkies Store","og_description":"Objavte Air Jordan 4 Retro SE Craft Photon Dust \u2013 vrchol remeseln\u00e9ho majstrovstva v ikonickom dizajne. T\u00e1to \u0161peci\u00e1lna ed\u00edcia sa vyzna\u010duje detailn\u00fdm, vrstven\u00fdm zvr\u0161kom z luxusnej semi\u0161ovej ko\u017ee a ko\u017ee v kombin\u00e1cii tlmen\u00fdch odtie\u0148ov \u0161edej a smotanovej farby s n\u00e1znakom \u017eltej. Ka\u017ed\u00fd detail bol starostlivo premyslen\u00fd, aby zabezpe\u010dil nielen v\u00fdnimo\u010dn\u00fd vzh\u013ead, ale aj pohodlie a [&hellip;]","og_url":"https:\/\/www.tekkiesstore.cz\/sk\/produkt\/air-jordan-4-craft-photon-dust\/","og_site_name":"Tekkies Store","article_publisher":"https:\/\/www.facebook.com\/profile.php?id=100090575808845","article_modified_time":"2025-12-05T12:15:09+00:00","og_image":[{"width":1100,"height":660,"url":"https:\/\/www.tekkiesstore.cz\/wp-content\/uploads\/2023\/10\/19418587_43290249_2048.webp","type":"image\/webp"}],"twitter_card":"summary_large_image","schema":{"@context":"https:\/\/schema.org","@graph":[{"@type":"WebPage","@id":"https:\/\/www.tekkiesstore.cz\/sk\/produkt\/air-jordan-4-craft-photon-dust\/","url":"https:\/\/www.tekkiesstore.cz\/sk\/produkt\/air-jordan-4-craft-photon-dust\/","name":"AIR JORDAN 4 CRAFT PHOTON DUST | Tekkies Store","isPartOf":{"@id":"https:\/\/www.tekkiesstore.cz\/#website"},"primaryImageOfPage":{"@id":"https:\/\/www.tekkiesstore.cz\/sk\/produkt\/air-jordan-4-craft-photon-dust\/#primaryimage"},"image":{"@id":"https:\/\/www.tekkiesstore.cz\/sk\/produkt\/air-jordan-4-craft-photon-dust\/#primaryimage"},"thumbnailUrl":"https:\/\/www.tekkiesstore.cz\/wp-content\/uploads\/2023\/10\/19418587_43290249_2048.webp","datePublished":"2023-11-22T23:00:34+00:00","dateModified":"2025-12-05T12:15:09+00:00","breadcrumb":{"@id":"https:\/\/www.tekkiesstore.cz\/sk\/produkt\/air-jordan-4-craft-photon-dust\/#breadcrumb"},"inLanguage":"sk-SK","potentialAction":[{"@type":"ReadAction","target":["https:\/\/www.tekkiesstore.cz\/sk\/produkt\/air-jordan-4-craft-photon-dust\/"]}]},{"@type":"ImageObject","inLanguage":"sk-SK","@id":"https:\/\/www.tekkiesstore.cz\/sk\/produkt\/air-jordan-4-craft-photon-dust\/#primaryimage","url":"https:\/\/www.tekkiesstore.cz\/wp-content\/uploads\/2023\/10\/19418587_43290249_2048.webp","contentUrl":"https:\/\/www.tekkiesstore.cz\/wp-content\/uploads\/2023\/10\/19418587_43290249_2048.webp","width":1100,"height":660},{"@type":"BreadcrumbList","@id":"https:\/\/www.tekkiesstore.cz\/sk\/produkt\/air-jordan-4-craft-photon-dust\/#breadcrumb","itemListElement":[{"@type":"ListItem","position":1,"name":"Home","item":"https:\/\/www.tekkiesstore.cz\/sk\/"},{"@type":"ListItem","position":2,"name":"Produkty","item":"https:\/\/www.tekkiesstore.cz\/obchod\/"},{"@type":"ListItem","position":3,"name":"AIR JORDAN 4 CRAFT PHOTON DUST"}]},{"@type":"WebSite","@id":"https:\/\/www.tekkiesstore.cz\/#website","url":"https:\/\/www.tekkiesstore.cz\/","name":"Tekkies Store","description":"Zna\u010dkov\u00e9 tenisky &amp; oble\u010den\u00ed","publisher":{"@id":"https:\/\/www.tekkiesstore.cz\/#organization"},"potentialAction":[{"@type":"SearchAction","target":{"@type":"EntryPoint","urlTemplate":"https:\/\/www.tekkiesstore.cz\/?s={search_term_string}"},"query-input":{"@type":"PropertyValueSpecification","valueRequired":true,"valueName":"search_term_string"}}],"inLanguage":"sk-SK"},{"@type":"Organization","@id":"https:\/\/www.tekkiesstore.cz\/#organization","name":"Tekkies Store","url":"https:\/\/www.tekkiesstore.cz\/","logo":{"@type":"ImageObject","inLanguage":"sk-SK","@id":"https:\/\/www.tekkiesstore.cz\/#\/schema\/logo\/image\/","url":"https:\/\/www.tekkiesstore.cz\/wp-content\/uploads\/2023\/11\/logo.png","contentUrl":"https:\/\/www.tekkiesstore.cz\/wp-content\/uploads\/2023\/11\/logo.png","width":165,"height":58,"caption":"Tekkies Store"},"image":{"@id":"https:\/\/www.tekkiesstore.cz\/#\/schema\/logo\/image\/"},"sameAs":["https:\/\/www.facebook.com\/profile.php?id=100090575808845"]}]}},"_links":{"self":[{"href":"https:\/\/www.tekkiesstore.cz\/sk\/wp-json\/wp\/v2\/product\/22420","targetHints":{"allow":["GET"]}}],"collection":[{"href":"https:\/\/www.tekkiesstore.cz\/sk\/wp-json\/wp\/v2\/product"}],"about":[{"href":"https:\/\/www.tekkiesstore.cz\/sk\/wp-json\/wp\/v2\/types\/product"}],"wp:featuredmedia":[{"embeddable":true,"href":"https:\/\/www.tekkiesstore.cz\/sk\/wp-json\/wp\/v2\/media\/7275"}],"wp:attachment":[{"href":"https:\/\/www.tekkiesstore.cz\/sk\/wp-json\/wp\/v2\/media?parent=22420"}],"wp:term":[{"taxonomy":"product_brand","embeddable":true,"href":"https:\/\/www.tekkiesstore.cz\/sk\/wp-json\/wp\/v2\/product_brand?post=22420"},{"taxonomy":"product_cat","embeddable":true,"href":"https:\/\/www.tekkiesstore.cz\/sk\/wp-json\/wp\/v2\/product_cat?post=22420"},{"taxonomy":"product_tag","embeddable":true,"href":"https:\/\/www.tekkiesstore.cz\/sk\/wp-json\/wp\/v2\/product_tag?post=22420"},{"taxonomy":"woo-feed-brand","embeddable":true,"href":"https:\/\/www.tekkiesstore.cz\/sk\/wp-json\/wp\/v2\/woo-feed-brand?post=22420"}],"curies":[{"name":"wp","href":"https:\/\/api.w.org\/{rel}","templated":true}]}}