{"id":23584,"date":"2023-10-25T07:30:43","date_gmt":"2023-11-23T06:14:20","guid":{"rendered":"https:\/\/www.tekkiesstore.cz\/product\/air-jordan-1-mid-true-blue\/"},"modified":"2025-12-05T12:53:38","modified_gmt":"2025-12-05T12:53:38","slug":"air-jordan-1-mid-true-blue","status":"publish","type":"product","link":"https:\/\/www.tekkiesstore.cz\/sk\/produkt\/air-jordan-1-mid-true-blue\/","title":{"rendered":"AIR JORDAN 1 MID TRUE BLUE"},"content":{"rendered":"<p><strong>Air Jordan 1 Mid True Blue<\/strong> sa vyzna\u010duje kombin\u00e1ciou farieb, kde dominuj\u00fa cementovo siv\u00e1, biela a modr\u00e1.<\/p>\n<p>Tento model Air Jordan 1 Mid m\u00e1 bielu ko\u017een\u00fa zvr\u0161ok s perfor\u00e1ciami na \u0161pi\u010dke. Top\u00e1nky maj\u00fa tie\u017e modr\u00e9 detaily na \u0161n\u00farkach, ve\u013ek\u00fd embl\u00e9m Swoosh okolo p\u00e4ty, na podr\u00e1\u017eke a na pod\u0161\u00edvke goliera. Model Nike m\u00e1 tie\u017e modr\u00fd syst\u00e9m \u0161nurovania a vzduchov\u00e9 jednotky v podr\u00e1\u017eke.<\/p>\n","protected":false},"excerpt":{"rendered":"<p>Air Jordan 1 Mid True Blue sa vyzna\u010duje kombin\u00e1ciou farieb, kde dominuj\u00fa cementovo siv\u00e1, biela a modr\u00e1. Tento model Air Jordan 1 Mid m\u00e1 bielu ko\u017een\u00fa zvr\u0161ok s perfor\u00e1ciami na \u0161pi\u010dke. Top\u00e1nky maj\u00fa tie\u017e modr\u00e9 detaily na \u0161n\u00farkach, ve\u013ek\u00fd embl\u00e9m Swoosh okolo p\u00e4ty, na podr\u00e1\u017eke a na pod\u0161\u00edvke goliera. Model Nike m\u00e1 tie\u017e modr\u00fd syst\u00e9m [&hellip;]<\/p>\n","protected":false},"featured_media":6879,"template":"","meta":{"_acf_changed":false},"product_brand":[],"product_cat":[59,57,320],"product_tag":[],"woo-feed-brand":[],"class_list":{"0":"post-23584","1":"product","2":"type-product","3":"status-publish","4":"has-post-thumbnail","6":"product_cat-tenisky","7":"product_cat-air-jordan","8":"product_cat-air-jordan-1-mid","10":"first","11":"onbackorder","12":"shipping-taxable","13":"purchasable","14":"product-type-variable"},"acf":[],"yoast_head":"<!-- This site is optimized with the Yoast SEO plugin v26.6 - https:\/\/yoast.com\/wordpress\/plugins\/seo\/ -->\n<title>AIR JORDAN 1 MID TRUE BLUE | Tekkies Store<\/title>\n<meta name=\"robots\" content=\"index, follow, max-snippet:-1, max-image-preview:large, max-video-preview:-1\" \/>\n<link rel=\"canonical\" href=\"https:\/\/www.tekkiesstore.cz\/sk\/produkt\/air-jordan-1-mid-true-blue\/\" \/>\n<meta property=\"og:locale\" content=\"sk_SK\" \/>\n<meta property=\"og:type\" content=\"article\" \/>\n<meta property=\"og:title\" content=\"AIR JORDAN 1 MID TRUE BLUE | Tekkies Store\" \/>\n<meta property=\"og:description\" content=\"Air Jordan 1 Mid True Blue sa vyzna\u010duje kombin\u00e1ciou farieb, kde dominuj\u00fa cementovo siv\u00e1, biela a modr\u00e1. Tento model Air Jordan 1 Mid m\u00e1 bielu ko\u017een\u00fa zvr\u0161ok s perfor\u00e1ciami na \u0161pi\u010dke. Top\u00e1nky maj\u00fa tie\u017e modr\u00e9 detaily na \u0161n\u00farkach, ve\u013ek\u00fd embl\u00e9m Swoosh okolo p\u00e4ty, na podr\u00e1\u017eke a na pod\u0161\u00edvke goliera. Model Nike m\u00e1 tie\u017e modr\u00fd syst\u00e9m [&hellip;]\" \/>\n<meta property=\"og:url\" content=\"https:\/\/www.tekkiesstore.cz\/sk\/produkt\/air-jordan-1-mid-true-blue\/\" \/>\n<meta property=\"og:site_name\" content=\"Tekkies Store\" \/>\n<meta property=\"article:publisher\" content=\"https:\/\/www.facebook.com\/profile.php?id=100090575808845\" \/>\n<meta property=\"article:modified_time\" content=\"2025-12-05T12:53:38+00:00\" \/>\n<meta property=\"og:image\" content=\"https:\/\/www.tekkiesstore.cz\/wp-content\/uploads\/2023\/10\/19487368_43696189_2048.webp\" \/>\n\t<meta property=\"og:image:width\" content=\"1100\" \/>\n\t<meta property=\"og:image:height\" content=\"660\" \/>\n\t<meta property=\"og:image:type\" content=\"image\/webp\" \/>\n<meta name=\"twitter:card\" content=\"summary_large_image\" \/>\n<script type=\"application\/ld+json\" class=\"yoast-schema-graph\">{\"@context\":\"https:\/\/schema.org\",\"@graph\":[{\"@type\":\"WebPage\",\"@id\":\"https:\/\/www.tekkiesstore.cz\/sk\/produkt\/air-jordan-1-mid-true-blue\/\",\"url\":\"https:\/\/www.tekkiesstore.cz\/sk\/produkt\/air-jordan-1-mid-true-blue\/\",\"name\":\"AIR JORDAN 1 MID TRUE BLUE | Tekkies Store\",\"isPartOf\":{\"@id\":\"https:\/\/www.tekkiesstore.cz\/#website\"},\"primaryImageOfPage\":{\"@id\":\"https:\/\/www.tekkiesstore.cz\/sk\/produkt\/air-jordan-1-mid-true-blue\/#primaryimage\"},\"image\":{\"@id\":\"https:\/\/www.tekkiesstore.cz\/sk\/produkt\/air-jordan-1-mid-true-blue\/#primaryimage\"},\"thumbnailUrl\":\"https:\/\/www.tekkiesstore.cz\/wp-content\/uploads\/2023\/10\/19487368_43696189_2048.webp\",\"datePublished\":\"2023-11-23T06:14:20+00:00\",\"dateModified\":\"2025-12-05T12:53:38+00:00\",\"breadcrumb\":{\"@id\":\"https:\/\/www.tekkiesstore.cz\/sk\/produkt\/air-jordan-1-mid-true-blue\/#breadcrumb\"},\"inLanguage\":\"sk-SK\",\"potentialAction\":[{\"@type\":\"ReadAction\",\"target\":[\"https:\/\/www.tekkiesstore.cz\/sk\/produkt\/air-jordan-1-mid-true-blue\/\"]}]},{\"@type\":\"ImageObject\",\"inLanguage\":\"sk-SK\",\"@id\":\"https:\/\/www.tekkiesstore.cz\/sk\/produkt\/air-jordan-1-mid-true-blue\/#primaryimage\",\"url\":\"https:\/\/www.tekkiesstore.cz\/wp-content\/uploads\/2023\/10\/19487368_43696189_2048.webp\",\"contentUrl\":\"https:\/\/www.tekkiesstore.cz\/wp-content\/uploads\/2023\/10\/19487368_43696189_2048.webp\",\"width\":1100,\"height\":660},{\"@type\":\"BreadcrumbList\",\"@id\":\"https:\/\/www.tekkiesstore.cz\/sk\/produkt\/air-jordan-1-mid-true-blue\/#breadcrumb\",\"itemListElement\":[{\"@type\":\"ListItem\",\"position\":1,\"name\":\"Home\",\"item\":\"https:\/\/www.tekkiesstore.cz\/sk\/\"},{\"@type\":\"ListItem\",\"position\":2,\"name\":\"Produkty\",\"item\":\"https:\/\/www.tekkiesstore.cz\/obchod\/\"},{\"@type\":\"ListItem\",\"position\":3,\"name\":\"AIR JORDAN 1 MID TRUE BLUE\"}]},{\"@type\":\"WebSite\",\"@id\":\"https:\/\/www.tekkiesstore.cz\/#website\",\"url\":\"https:\/\/www.tekkiesstore.cz\/\",\"name\":\"Tekkies Store\",\"description\":\"Zna\u010dkov\u00e9 tenisky &amp; oble\u010den\u00ed\",\"publisher\":{\"@id\":\"https:\/\/www.tekkiesstore.cz\/#organization\"},\"potentialAction\":[{\"@type\":\"SearchAction\",\"target\":{\"@type\":\"EntryPoint\",\"urlTemplate\":\"https:\/\/www.tekkiesstore.cz\/?s={search_term_string}\"},\"query-input\":{\"@type\":\"PropertyValueSpecification\",\"valueRequired\":true,\"valueName\":\"search_term_string\"}}],\"inLanguage\":\"sk-SK\"},{\"@type\":\"Organization\",\"@id\":\"https:\/\/www.tekkiesstore.cz\/#organization\",\"name\":\"Tekkies Store\",\"url\":\"https:\/\/www.tekkiesstore.cz\/\",\"logo\":{\"@type\":\"ImageObject\",\"inLanguage\":\"sk-SK\",\"@id\":\"https:\/\/www.tekkiesstore.cz\/#\/schema\/logo\/image\/\",\"url\":\"https:\/\/www.tekkiesstore.cz\/wp-content\/uploads\/2023\/11\/logo.png\",\"contentUrl\":\"https:\/\/www.tekkiesstore.cz\/wp-content\/uploads\/2023\/11\/logo.png\",\"width\":165,\"height\":58,\"caption\":\"Tekkies Store\"},\"image\":{\"@id\":\"https:\/\/www.tekkiesstore.cz\/#\/schema\/logo\/image\/\"},\"sameAs\":[\"https:\/\/www.facebook.com\/profile.php?id=100090575808845\"]}]}<\/script>\n<!-- \/ Yoast SEO plugin. -->","yoast_head_json":{"title":"AIR JORDAN 1 MID TRUE BLUE | Tekkies Store","robots":{"index":"index","follow":"follow","max-snippet":"max-snippet:-1","max-image-preview":"max-image-preview:large","max-video-preview":"max-video-preview:-1"},"canonical":"https:\/\/www.tekkiesstore.cz\/sk\/produkt\/air-jordan-1-mid-true-blue\/","og_locale":"sk_SK","og_type":"article","og_title":"AIR JORDAN 1 MID TRUE BLUE | Tekkies Store","og_description":"Air Jordan 1 Mid True Blue sa vyzna\u010duje kombin\u00e1ciou farieb, kde dominuj\u00fa cementovo siv\u00e1, biela a modr\u00e1. Tento model Air Jordan 1 Mid m\u00e1 bielu ko\u017een\u00fa zvr\u0161ok s perfor\u00e1ciami na \u0161pi\u010dke. Top\u00e1nky maj\u00fa tie\u017e modr\u00e9 detaily na \u0161n\u00farkach, ve\u013ek\u00fd embl\u00e9m Swoosh okolo p\u00e4ty, na podr\u00e1\u017eke a na pod\u0161\u00edvke goliera. Model Nike m\u00e1 tie\u017e modr\u00fd syst\u00e9m [&hellip;]","og_url":"https:\/\/www.tekkiesstore.cz\/sk\/produkt\/air-jordan-1-mid-true-blue\/","og_site_name":"Tekkies Store","article_publisher":"https:\/\/www.facebook.com\/profile.php?id=100090575808845","article_modified_time":"2025-12-05T12:53:38+00:00","og_image":[{"width":1100,"height":660,"url":"https:\/\/www.tekkiesstore.cz\/wp-content\/uploads\/2023\/10\/19487368_43696189_2048.webp","type":"image\/webp"}],"twitter_card":"summary_large_image","schema":{"@context":"https:\/\/schema.org","@graph":[{"@type":"WebPage","@id":"https:\/\/www.tekkiesstore.cz\/sk\/produkt\/air-jordan-1-mid-true-blue\/","url":"https:\/\/www.tekkiesstore.cz\/sk\/produkt\/air-jordan-1-mid-true-blue\/","name":"AIR JORDAN 1 MID TRUE BLUE | Tekkies Store","isPartOf":{"@id":"https:\/\/www.tekkiesstore.cz\/#website"},"primaryImageOfPage":{"@id":"https:\/\/www.tekkiesstore.cz\/sk\/produkt\/air-jordan-1-mid-true-blue\/#primaryimage"},"image":{"@id":"https:\/\/www.tekkiesstore.cz\/sk\/produkt\/air-jordan-1-mid-true-blue\/#primaryimage"},"thumbnailUrl":"https:\/\/www.tekkiesstore.cz\/wp-content\/uploads\/2023\/10\/19487368_43696189_2048.webp","datePublished":"2023-11-23T06:14:20+00:00","dateModified":"2025-12-05T12:53:38+00:00","breadcrumb":{"@id":"https:\/\/www.tekkiesstore.cz\/sk\/produkt\/air-jordan-1-mid-true-blue\/#breadcrumb"},"inLanguage":"sk-SK","potentialAction":[{"@type":"ReadAction","target":["https:\/\/www.tekkiesstore.cz\/sk\/produkt\/air-jordan-1-mid-true-blue\/"]}]},{"@type":"ImageObject","inLanguage":"sk-SK","@id":"https:\/\/www.tekkiesstore.cz\/sk\/produkt\/air-jordan-1-mid-true-blue\/#primaryimage","url":"https:\/\/www.tekkiesstore.cz\/wp-content\/uploads\/2023\/10\/19487368_43696189_2048.webp","contentUrl":"https:\/\/www.tekkiesstore.cz\/wp-content\/uploads\/2023\/10\/19487368_43696189_2048.webp","width":1100,"height":660},{"@type":"BreadcrumbList","@id":"https:\/\/www.tekkiesstore.cz\/sk\/produkt\/air-jordan-1-mid-true-blue\/#breadcrumb","itemListElement":[{"@type":"ListItem","position":1,"name":"Home","item":"https:\/\/www.tekkiesstore.cz\/sk\/"},{"@type":"ListItem","position":2,"name":"Produkty","item":"https:\/\/www.tekkiesstore.cz\/obchod\/"},{"@type":"ListItem","position":3,"name":"AIR JORDAN 1 MID TRUE BLUE"}]},{"@type":"WebSite","@id":"https:\/\/www.tekkiesstore.cz\/#website","url":"https:\/\/www.tekkiesstore.cz\/","name":"Tekkies Store","description":"Zna\u010dkov\u00e9 tenisky &amp; oble\u010den\u00ed","publisher":{"@id":"https:\/\/www.tekkiesstore.cz\/#organization"},"potentialAction":[{"@type":"SearchAction","target":{"@type":"EntryPoint","urlTemplate":"https:\/\/www.tekkiesstore.cz\/?s={search_term_string}"},"query-input":{"@type":"PropertyValueSpecification","valueRequired":true,"valueName":"search_term_string"}}],"inLanguage":"sk-SK"},{"@type":"Organization","@id":"https:\/\/www.tekkiesstore.cz\/#organization","name":"Tekkies Store","url":"https:\/\/www.tekkiesstore.cz\/","logo":{"@type":"ImageObject","inLanguage":"sk-SK","@id":"https:\/\/www.tekkiesstore.cz\/#\/schema\/logo\/image\/","url":"https:\/\/www.tekkiesstore.cz\/wp-content\/uploads\/2023\/11\/logo.png","contentUrl":"https:\/\/www.tekkiesstore.cz\/wp-content\/uploads\/2023\/11\/logo.png","width":165,"height":58,"caption":"Tekkies Store"},"image":{"@id":"https:\/\/www.tekkiesstore.cz\/#\/schema\/logo\/image\/"},"sameAs":["https:\/\/www.facebook.com\/profile.php?id=100090575808845"]}]}},"_links":{"self":[{"href":"https:\/\/www.tekkiesstore.cz\/sk\/wp-json\/wp\/v2\/product\/23584","targetHints":{"allow":["GET"]}}],"collection":[{"href":"https:\/\/www.tekkiesstore.cz\/sk\/wp-json\/wp\/v2\/product"}],"about":[{"href":"https:\/\/www.tekkiesstore.cz\/sk\/wp-json\/wp\/v2\/types\/product"}],"wp:featuredmedia":[{"embeddable":true,"href":"https:\/\/www.tekkiesstore.cz\/sk\/wp-json\/wp\/v2\/media\/6879"}],"wp:attachment":[{"href":"https:\/\/www.tekkiesstore.cz\/sk\/wp-json\/wp\/v2\/media?parent=23584"}],"wp:term":[{"taxonomy":"product_brand","embeddable":true,"href":"https:\/\/www.tekkiesstore.cz\/sk\/wp-json\/wp\/v2\/product_brand?post=23584"},{"taxonomy":"product_cat","embeddable":true,"href":"https:\/\/www.tekkiesstore.cz\/sk\/wp-json\/wp\/v2\/product_cat?post=23584"},{"taxonomy":"product_tag","embeddable":true,"href":"https:\/\/www.tekkiesstore.cz\/sk\/wp-json\/wp\/v2\/product_tag?post=23584"},{"taxonomy":"woo-feed-brand","embeddable":true,"href":"https:\/\/www.tekkiesstore.cz\/sk\/wp-json\/wp\/v2\/woo-feed-brand?post=23584"}],"curies":[{"name":"wp","href":"https:\/\/api.w.org\/{rel}","templated":true}]}}