{"id":27064,"date":"2023-10-25T07:23:09","date_gmt":"2023-10-25T07:23:09","guid":{"rendered":"https:\/\/www.tekkiesstore.cz\/product\/air-jordan-4-psg-paris-saint-germain-neutral-grey-bordeaux\/"},"modified":"2024-12-11T19:12:52","modified_gmt":"2024-12-11T19:12:52","slug":"jordan-4-retro-psg-paris-saint-germain","status":"publish","type":"product","link":"https:\/\/www.tekkiesstore.cz\/sk\/produkt\/jordan-4-retro-psg-paris-saint-germain\/","title":{"rendered":"JORDAN 4 RETRO PSG PARIS SAINT-GERMAIN"},"content":{"rendered":"<p>Vidite\u013en\u00fd vzduchov\u00fd vank\u00fa\u0161 v p\u00e4te, ktor\u00fd Hatfield spopularizoval na Air Max 1 a Jordan 3, je pr\u00edtomn\u00fd aj na tomto ikonickom modeli. Zna\u010dka Jordan spolupracovala s mnoh\u00fdmi zn\u00e1mymi dizajn\u00e9rmi, umelcami a zna\u010dkami, ako s\u00fa Off-White, Supreme a Travis Scott. Dopl\u0148te svoju zbierku o ikonick\u00fd model Air Jordan 4, ktor\u00fd je k dispoz\u00edcii v obchode Tekkiesstore. Pravidelne \u010distite povrch tenisiek m\u00e4kkou vlhkou handri\u010dkou, aby vyzerali ako nov\u00e9.<\/p>\n","protected":false},"excerpt":{"rendered":"<p>Vidite\u013en\u00fd vzduchov\u00fd vank\u00fa\u0161 v p\u00e4te, ktor\u00fd Hatfield spopularizoval na Air Max 1 a Jordan 3, je pr\u00edtomn\u00fd aj na tomto ikonickom modeli. Zna\u010dka Jordan spolupracovala s mnoh\u00fdmi zn\u00e1mymi dizajn\u00e9rmi, umelcami a zna\u010dkami, ako s\u00fa Off-White, Supreme a Travis Scott. Dopl\u0148te svoju zbierku o ikonick\u00fd model Air Jordan 4, ktor\u00fd je k dispoz\u00edcii v obchode Tekkiesstore. [&hellip;]<\/p>\n","protected":false},"featured_media":5466,"template":"","meta":{"_acf_changed":false},"product_brand":[],"product_cat":[59,57,58],"product_tag":[],"woo-feed-brand":[],"class_list":{"0":"post-27064","1":"product","2":"type-product","3":"status-publish","4":"has-post-thumbnail","6":"product_cat-tenisky","7":"product_cat-air-jordan","8":"product_cat-air-jordan-4","10":"first","11":"onbackorder","12":"shipping-taxable","13":"purchasable","14":"product-type-variable"},"acf":[],"yoast_head":"<!-- This site is optimized with the Yoast SEO plugin v26.6 - https:\/\/yoast.com\/wordpress\/plugins\/seo\/ -->\n<title>JORDAN 4 RETRO PSG PARIS SAINT-GERMAIN | Tekkies Store<\/title>\n<meta name=\"robots\" content=\"index, follow, max-snippet:-1, max-image-preview:large, max-video-preview:-1\" \/>\n<link rel=\"canonical\" href=\"https:\/\/www.tekkiesstore.cz\/sk\/produkt\/jordan-4-retro-psg-paris-saint-germain\/\" \/>\n<meta property=\"og:locale\" content=\"sk_SK\" \/>\n<meta property=\"og:type\" content=\"article\" \/>\n<meta property=\"og:title\" content=\"JORDAN 4 RETRO PSG PARIS SAINT-GERMAIN | Tekkies Store\" \/>\n<meta property=\"og:description\" content=\"Vidite\u013en\u00fd vzduchov\u00fd vank\u00fa\u0161 v p\u00e4te, ktor\u00fd Hatfield spopularizoval na Air Max 1 a Jordan 3, je pr\u00edtomn\u00fd aj na tomto ikonickom modeli. Zna\u010dka Jordan spolupracovala s mnoh\u00fdmi zn\u00e1mymi dizajn\u00e9rmi, umelcami a zna\u010dkami, ako s\u00fa Off-White, Supreme a Travis Scott. Dopl\u0148te svoju zbierku o ikonick\u00fd model Air Jordan 4, ktor\u00fd je k dispoz\u00edcii v obchode Tekkiesstore. [&hellip;]\" \/>\n<meta property=\"og:url\" content=\"https:\/\/www.tekkiesstore.cz\/sk\/produkt\/jordan-4-retro-psg-paris-saint-germain\/\" \/>\n<meta property=\"og:site_name\" content=\"Tekkies Store\" \/>\n<meta property=\"article:publisher\" content=\"https:\/\/www.facebook.com\/profile.php?id=100090575808845\" \/>\n<meta property=\"article:modified_time\" content=\"2024-12-11T19:12:52+00:00\" \/>\n<meta property=\"og:image\" content=\"https:\/\/www.tekkiesstore.cz\/wp-content\/uploads\/2023\/10\/15817631_43088662_2048.webp\" \/>\n\t<meta property=\"og:image:width\" content=\"1100\" \/>\n\t<meta property=\"og:image:height\" content=\"660\" \/>\n\t<meta property=\"og:image:type\" content=\"image\/webp\" \/>\n<meta name=\"twitter:card\" content=\"summary_large_image\" \/>\n<meta name=\"twitter:label1\" content=\"Predpokladan\u00fd \u010das \u010d\u00edtania\" \/>\n\t<meta name=\"twitter:data1\" content=\"1 min\u00fata\" \/>\n<script type=\"application\/ld+json\" class=\"yoast-schema-graph\">{\"@context\":\"https:\/\/schema.org\",\"@graph\":[{\"@type\":\"WebPage\",\"@id\":\"https:\/\/www.tekkiesstore.cz\/sk\/produkt\/jordan-4-retro-psg-paris-saint-germain\/\",\"url\":\"https:\/\/www.tekkiesstore.cz\/sk\/produkt\/jordan-4-retro-psg-paris-saint-germain\/\",\"name\":\"JORDAN 4 RETRO PSG PARIS SAINT-GERMAIN | Tekkies Store\",\"isPartOf\":{\"@id\":\"https:\/\/www.tekkiesstore.cz\/#website\"},\"primaryImageOfPage\":{\"@id\":\"https:\/\/www.tekkiesstore.cz\/sk\/produkt\/jordan-4-retro-psg-paris-saint-germain\/#primaryimage\"},\"image\":{\"@id\":\"https:\/\/www.tekkiesstore.cz\/sk\/produkt\/jordan-4-retro-psg-paris-saint-germain\/#primaryimage\"},\"thumbnailUrl\":\"https:\/\/www.tekkiesstore.cz\/wp-content\/uploads\/2023\/10\/15817631_43088662_2048.webp\",\"datePublished\":\"2023-10-25T07:23:09+00:00\",\"dateModified\":\"2024-12-11T19:12:52+00:00\",\"breadcrumb\":{\"@id\":\"https:\/\/www.tekkiesstore.cz\/sk\/produkt\/jordan-4-retro-psg-paris-saint-germain\/#breadcrumb\"},\"inLanguage\":\"sk-SK\",\"potentialAction\":[{\"@type\":\"ReadAction\",\"target\":[\"https:\/\/www.tekkiesstore.cz\/sk\/produkt\/jordan-4-retro-psg-paris-saint-germain\/\"]}]},{\"@type\":\"ImageObject\",\"inLanguage\":\"sk-SK\",\"@id\":\"https:\/\/www.tekkiesstore.cz\/sk\/produkt\/jordan-4-retro-psg-paris-saint-germain\/#primaryimage\",\"url\":\"https:\/\/www.tekkiesstore.cz\/wp-content\/uploads\/2023\/10\/15817631_43088662_2048.webp\",\"contentUrl\":\"https:\/\/www.tekkiesstore.cz\/wp-content\/uploads\/2023\/10\/15817631_43088662_2048.webp\",\"width\":1100,\"height\":660},{\"@type\":\"BreadcrumbList\",\"@id\":\"https:\/\/www.tekkiesstore.cz\/sk\/produkt\/jordan-4-retro-psg-paris-saint-germain\/#breadcrumb\",\"itemListElement\":[{\"@type\":\"ListItem\",\"position\":1,\"name\":\"Home\",\"item\":\"https:\/\/www.tekkiesstore.cz\/sk\/\"},{\"@type\":\"ListItem\",\"position\":2,\"name\":\"Produkty\",\"item\":\"https:\/\/www.tekkiesstore.cz\/obchod\/\"},{\"@type\":\"ListItem\",\"position\":3,\"name\":\"JORDAN 4 RETRO PSG PARIS SAINT-GERMAIN\"}]},{\"@type\":\"WebSite\",\"@id\":\"https:\/\/www.tekkiesstore.cz\/#website\",\"url\":\"https:\/\/www.tekkiesstore.cz\/\",\"name\":\"Tekkies Store\",\"description\":\"Zna\u010dkov\u00e9 tenisky &amp; oble\u010den\u00ed\",\"publisher\":{\"@id\":\"https:\/\/www.tekkiesstore.cz\/#organization\"},\"potentialAction\":[{\"@type\":\"SearchAction\",\"target\":{\"@type\":\"EntryPoint\",\"urlTemplate\":\"https:\/\/www.tekkiesstore.cz\/?s={search_term_string}\"},\"query-input\":{\"@type\":\"PropertyValueSpecification\",\"valueRequired\":true,\"valueName\":\"search_term_string\"}}],\"inLanguage\":\"sk-SK\"},{\"@type\":\"Organization\",\"@id\":\"https:\/\/www.tekkiesstore.cz\/#organization\",\"name\":\"Tekkies Store\",\"url\":\"https:\/\/www.tekkiesstore.cz\/\",\"logo\":{\"@type\":\"ImageObject\",\"inLanguage\":\"sk-SK\",\"@id\":\"https:\/\/www.tekkiesstore.cz\/#\/schema\/logo\/image\/\",\"url\":\"https:\/\/www.tekkiesstore.cz\/wp-content\/uploads\/2023\/11\/logo.png\",\"contentUrl\":\"https:\/\/www.tekkiesstore.cz\/wp-content\/uploads\/2023\/11\/logo.png\",\"width\":165,\"height\":58,\"caption\":\"Tekkies Store\"},\"image\":{\"@id\":\"https:\/\/www.tekkiesstore.cz\/#\/schema\/logo\/image\/\"},\"sameAs\":[\"https:\/\/www.facebook.com\/profile.php?id=100090575808845\"]}]}<\/script>\n<!-- \/ Yoast SEO plugin. -->","yoast_head_json":{"title":"JORDAN 4 RETRO PSG PARIS SAINT-GERMAIN | Tekkies Store","robots":{"index":"index","follow":"follow","max-snippet":"max-snippet:-1","max-image-preview":"max-image-preview:large","max-video-preview":"max-video-preview:-1"},"canonical":"https:\/\/www.tekkiesstore.cz\/sk\/produkt\/jordan-4-retro-psg-paris-saint-germain\/","og_locale":"sk_SK","og_type":"article","og_title":"JORDAN 4 RETRO PSG PARIS SAINT-GERMAIN | Tekkies Store","og_description":"Vidite\u013en\u00fd vzduchov\u00fd vank\u00fa\u0161 v p\u00e4te, ktor\u00fd Hatfield spopularizoval na Air Max 1 a Jordan 3, je pr\u00edtomn\u00fd aj na tomto ikonickom modeli. Zna\u010dka Jordan spolupracovala s mnoh\u00fdmi zn\u00e1mymi dizajn\u00e9rmi, umelcami a zna\u010dkami, ako s\u00fa Off-White, Supreme a Travis Scott. Dopl\u0148te svoju zbierku o ikonick\u00fd model Air Jordan 4, ktor\u00fd je k dispoz\u00edcii v obchode Tekkiesstore. [&hellip;]","og_url":"https:\/\/www.tekkiesstore.cz\/sk\/produkt\/jordan-4-retro-psg-paris-saint-germain\/","og_site_name":"Tekkies Store","article_publisher":"https:\/\/www.facebook.com\/profile.php?id=100090575808845","article_modified_time":"2024-12-11T19:12:52+00:00","og_image":[{"width":1100,"height":660,"url":"https:\/\/www.tekkiesstore.cz\/wp-content\/uploads\/2023\/10\/15817631_43088662_2048.webp","type":"image\/webp"}],"twitter_card":"summary_large_image","twitter_misc":{"Predpokladan\u00fd \u010das \u010d\u00edtania":"1 min\u00fata"},"schema":{"@context":"https:\/\/schema.org","@graph":[{"@type":"WebPage","@id":"https:\/\/www.tekkiesstore.cz\/sk\/produkt\/jordan-4-retro-psg-paris-saint-germain\/","url":"https:\/\/www.tekkiesstore.cz\/sk\/produkt\/jordan-4-retro-psg-paris-saint-germain\/","name":"JORDAN 4 RETRO PSG PARIS SAINT-GERMAIN | Tekkies Store","isPartOf":{"@id":"https:\/\/www.tekkiesstore.cz\/#website"},"primaryImageOfPage":{"@id":"https:\/\/www.tekkiesstore.cz\/sk\/produkt\/jordan-4-retro-psg-paris-saint-germain\/#primaryimage"},"image":{"@id":"https:\/\/www.tekkiesstore.cz\/sk\/produkt\/jordan-4-retro-psg-paris-saint-germain\/#primaryimage"},"thumbnailUrl":"https:\/\/www.tekkiesstore.cz\/wp-content\/uploads\/2023\/10\/15817631_43088662_2048.webp","datePublished":"2023-10-25T07:23:09+00:00","dateModified":"2024-12-11T19:12:52+00:00","breadcrumb":{"@id":"https:\/\/www.tekkiesstore.cz\/sk\/produkt\/jordan-4-retro-psg-paris-saint-germain\/#breadcrumb"},"inLanguage":"sk-SK","potentialAction":[{"@type":"ReadAction","target":["https:\/\/www.tekkiesstore.cz\/sk\/produkt\/jordan-4-retro-psg-paris-saint-germain\/"]}]},{"@type":"ImageObject","inLanguage":"sk-SK","@id":"https:\/\/www.tekkiesstore.cz\/sk\/produkt\/jordan-4-retro-psg-paris-saint-germain\/#primaryimage","url":"https:\/\/www.tekkiesstore.cz\/wp-content\/uploads\/2023\/10\/15817631_43088662_2048.webp","contentUrl":"https:\/\/www.tekkiesstore.cz\/wp-content\/uploads\/2023\/10\/15817631_43088662_2048.webp","width":1100,"height":660},{"@type":"BreadcrumbList","@id":"https:\/\/www.tekkiesstore.cz\/sk\/produkt\/jordan-4-retro-psg-paris-saint-germain\/#breadcrumb","itemListElement":[{"@type":"ListItem","position":1,"name":"Home","item":"https:\/\/www.tekkiesstore.cz\/sk\/"},{"@type":"ListItem","position":2,"name":"Produkty","item":"https:\/\/www.tekkiesstore.cz\/obchod\/"},{"@type":"ListItem","position":3,"name":"JORDAN 4 RETRO PSG PARIS SAINT-GERMAIN"}]},{"@type":"WebSite","@id":"https:\/\/www.tekkiesstore.cz\/#website","url":"https:\/\/www.tekkiesstore.cz\/","name":"Tekkies Store","description":"Zna\u010dkov\u00e9 tenisky &amp; oble\u010den\u00ed","publisher":{"@id":"https:\/\/www.tekkiesstore.cz\/#organization"},"potentialAction":[{"@type":"SearchAction","target":{"@type":"EntryPoint","urlTemplate":"https:\/\/www.tekkiesstore.cz\/?s={search_term_string}"},"query-input":{"@type":"PropertyValueSpecification","valueRequired":true,"valueName":"search_term_string"}}],"inLanguage":"sk-SK"},{"@type":"Organization","@id":"https:\/\/www.tekkiesstore.cz\/#organization","name":"Tekkies Store","url":"https:\/\/www.tekkiesstore.cz\/","logo":{"@type":"ImageObject","inLanguage":"sk-SK","@id":"https:\/\/www.tekkiesstore.cz\/#\/schema\/logo\/image\/","url":"https:\/\/www.tekkiesstore.cz\/wp-content\/uploads\/2023\/11\/logo.png","contentUrl":"https:\/\/www.tekkiesstore.cz\/wp-content\/uploads\/2023\/11\/logo.png","width":165,"height":58,"caption":"Tekkies Store"},"image":{"@id":"https:\/\/www.tekkiesstore.cz\/#\/schema\/logo\/image\/"},"sameAs":["https:\/\/www.facebook.com\/profile.php?id=100090575808845"]}]}},"_links":{"self":[{"href":"https:\/\/www.tekkiesstore.cz\/sk\/wp-json\/wp\/v2\/product\/27064","targetHints":{"allow":["GET"]}}],"collection":[{"href":"https:\/\/www.tekkiesstore.cz\/sk\/wp-json\/wp\/v2\/product"}],"about":[{"href":"https:\/\/www.tekkiesstore.cz\/sk\/wp-json\/wp\/v2\/types\/product"}],"wp:featuredmedia":[{"embeddable":true,"href":"https:\/\/www.tekkiesstore.cz\/sk\/wp-json\/wp\/v2\/media\/5466"}],"wp:attachment":[{"href":"https:\/\/www.tekkiesstore.cz\/sk\/wp-json\/wp\/v2\/media?parent=27064"}],"wp:term":[{"taxonomy":"product_brand","embeddable":true,"href":"https:\/\/www.tekkiesstore.cz\/sk\/wp-json\/wp\/v2\/product_brand?post=27064"},{"taxonomy":"product_cat","embeddable":true,"href":"https:\/\/www.tekkiesstore.cz\/sk\/wp-json\/wp\/v2\/product_cat?post=27064"},{"taxonomy":"product_tag","embeddable":true,"href":"https:\/\/www.tekkiesstore.cz\/sk\/wp-json\/wp\/v2\/product_tag?post=27064"},{"taxonomy":"woo-feed-brand","embeddable":true,"href":"https:\/\/www.tekkiesstore.cz\/sk\/wp-json\/wp\/v2\/woo-feed-brand?post=27064"}],"curies":[{"name":"wp","href":"https:\/\/api.w.org\/{rel}","templated":true}]}}