{"id":33803,"date":"2023-10-25T07:19:00","date_gmt":"2023-10-25T07:19:00","guid":{"rendered":"https:\/\/www.tekkiesstore.cz\/product\/air-jordan-1-mid-light-smoke-grey-w\/"},"modified":"2024-11-25T00:19:42","modified_gmt":"2024-11-25T00:19:42","slug":"air-jordan-1-mid-light-smoke-grey-w","status":"publish","type":"product","link":"https:\/\/www.tekkiesstore.cz\/sk\/produkt\/air-jordan-1-mid-light-smoke-grey-w\/","title":{"rendered":"AIR JORDAN 1 MID LIGHT SMOKE GREY (W)"},"content":{"rendered":"<p>Top\u00e1nky s\u00fa vyroben\u00e9 z prvotriednych materi\u00e1lov, ktor\u00e9 poskytuj\u00fa pohodlie a odolnos\u0165. V rokoch 1985 a\u017e 1986 stihla spolo\u010dnos\u0165 Nike vyda\u0165 celkovo 13 farebn\u00fdch preveden\u00ed vr\u00e1tane farieb Banned, Retro Royal, Chicago a Carolina Blue. Objavte pohodlie a jedine\u010dn\u00fd \u0161t\u00fdl s modelom Air Jordan 1 od Tekkiesstore. Povrch tenisiek pravidelne \u010distite m\u00e4kkou vlhkou handri\u010dkou, aby vyzerali ako nov\u00e9.<\/p>\n","protected":false},"excerpt":{"rendered":"<p>Top\u00e1nky s\u00fa vyroben\u00e9 z prvotriednych materi\u00e1lov, ktor\u00e9 poskytuj\u00fa pohodlie a odolnos\u0165. V rokoch 1985 a\u017e 1986 stihla spolo\u010dnos\u0165 Nike vyda\u0165 celkovo 13 farebn\u00fdch preveden\u00ed vr\u00e1tane farieb Banned, Retro Royal, Chicago a Carolina Blue. Objavte pohodlie a jedine\u010dn\u00fd \u0161t\u00fdl s modelom Air Jordan 1 od Tekkiesstore. Povrch tenisiek pravidelne \u010distite m\u00e4kkou vlhkou handri\u010dkou, aby vyzerali ako [&hellip;]<\/p>\n","protected":false},"featured_media":4676,"template":"","meta":{"_acf_changed":false},"product_brand":[],"product_cat":[59,57,320],"product_tag":[],"woo-feed-brand":[],"class_list":{"0":"post-33803","1":"product","2":"type-product","3":"status-publish","4":"has-post-thumbnail","6":"product_cat-tenisky","7":"product_cat-air-jordan","8":"product_cat-air-jordan-1-mid","10":"first","11":"onbackorder","12":"shipping-taxable","13":"purchasable","14":"product-type-variable"},"acf":[],"yoast_head":"<!-- This site is optimized with the Yoast SEO plugin v26.6 - https:\/\/yoast.com\/wordpress\/plugins\/seo\/ -->\n<title>AIR JORDAN 1 MID LIGHT SMOKE GREY (W) | Tekkies Store<\/title>\n<meta name=\"robots\" content=\"index, follow, max-snippet:-1, max-image-preview:large, max-video-preview:-1\" \/>\n<link rel=\"canonical\" href=\"https:\/\/www.tekkiesstore.cz\/sk\/produkt\/air-jordan-1-mid-light-smoke-grey-w\/\" \/>\n<meta property=\"og:locale\" content=\"sk_SK\" \/>\n<meta property=\"og:type\" content=\"article\" \/>\n<meta property=\"og:title\" content=\"AIR JORDAN 1 MID LIGHT SMOKE GREY (W) | Tekkies Store\" \/>\n<meta property=\"og:description\" content=\"Top\u00e1nky s\u00fa vyroben\u00e9 z prvotriednych materi\u00e1lov, ktor\u00e9 poskytuj\u00fa pohodlie a odolnos\u0165. V rokoch 1985 a\u017e 1986 stihla spolo\u010dnos\u0165 Nike vyda\u0165 celkovo 13 farebn\u00fdch preveden\u00ed vr\u00e1tane farieb Banned, Retro Royal, Chicago a Carolina Blue. Objavte pohodlie a jedine\u010dn\u00fd \u0161t\u00fdl s modelom Air Jordan 1 od Tekkiesstore. Povrch tenisiek pravidelne \u010distite m\u00e4kkou vlhkou handri\u010dkou, aby vyzerali ako [&hellip;]\" \/>\n<meta property=\"og:url\" content=\"https:\/\/www.tekkiesstore.cz\/sk\/produkt\/air-jordan-1-mid-light-smoke-grey-w\/\" \/>\n<meta property=\"og:site_name\" content=\"Tekkies Store\" \/>\n<meta property=\"article:publisher\" content=\"https:\/\/www.facebook.com\/profile.php?id=100090575808845\" \/>\n<meta property=\"article:modified_time\" content=\"2024-11-25T00:19:42+00:00\" \/>\n<meta property=\"og:image\" content=\"https:\/\/www.tekkiesstore.cz\/wp-content\/uploads\/2023\/10\/17523559_43042726_2048.webp\" \/>\n\t<meta property=\"og:image:width\" content=\"1100\" \/>\n\t<meta property=\"og:image:height\" content=\"660\" \/>\n\t<meta property=\"og:image:type\" content=\"image\/webp\" \/>\n<meta name=\"twitter:card\" content=\"summary_large_image\" \/>\n<script type=\"application\/ld+json\" class=\"yoast-schema-graph\">{\"@context\":\"https:\/\/schema.org\",\"@graph\":[{\"@type\":\"WebPage\",\"@id\":\"https:\/\/www.tekkiesstore.cz\/sk\/produkt\/air-jordan-1-mid-light-smoke-grey-w\/\",\"url\":\"https:\/\/www.tekkiesstore.cz\/sk\/produkt\/air-jordan-1-mid-light-smoke-grey-w\/\",\"name\":\"AIR JORDAN 1 MID LIGHT SMOKE GREY (W) | Tekkies Store\",\"isPartOf\":{\"@id\":\"https:\/\/www.tekkiesstore.cz\/#website\"},\"primaryImageOfPage\":{\"@id\":\"https:\/\/www.tekkiesstore.cz\/sk\/produkt\/air-jordan-1-mid-light-smoke-grey-w\/#primaryimage\"},\"image\":{\"@id\":\"https:\/\/www.tekkiesstore.cz\/sk\/produkt\/air-jordan-1-mid-light-smoke-grey-w\/#primaryimage\"},\"thumbnailUrl\":\"https:\/\/www.tekkiesstore.cz\/wp-content\/uploads\/2023\/10\/17523559_43042726_2048.webp\",\"datePublished\":\"2023-10-25T07:19:00+00:00\",\"dateModified\":\"2024-11-25T00:19:42+00:00\",\"breadcrumb\":{\"@id\":\"https:\/\/www.tekkiesstore.cz\/sk\/produkt\/air-jordan-1-mid-light-smoke-grey-w\/#breadcrumb\"},\"inLanguage\":\"sk-SK\",\"potentialAction\":[{\"@type\":\"ReadAction\",\"target\":[\"https:\/\/www.tekkiesstore.cz\/sk\/produkt\/air-jordan-1-mid-light-smoke-grey-w\/\"]}]},{\"@type\":\"ImageObject\",\"inLanguage\":\"sk-SK\",\"@id\":\"https:\/\/www.tekkiesstore.cz\/sk\/produkt\/air-jordan-1-mid-light-smoke-grey-w\/#primaryimage\",\"url\":\"https:\/\/www.tekkiesstore.cz\/wp-content\/uploads\/2023\/10\/17523559_43042726_2048.webp\",\"contentUrl\":\"https:\/\/www.tekkiesstore.cz\/wp-content\/uploads\/2023\/10\/17523559_43042726_2048.webp\",\"width\":1100,\"height\":660},{\"@type\":\"BreadcrumbList\",\"@id\":\"https:\/\/www.tekkiesstore.cz\/sk\/produkt\/air-jordan-1-mid-light-smoke-grey-w\/#breadcrumb\",\"itemListElement\":[{\"@type\":\"ListItem\",\"position\":1,\"name\":\"Home\",\"item\":\"https:\/\/www.tekkiesstore.cz\/sk\/\"},{\"@type\":\"ListItem\",\"position\":2,\"name\":\"Produkty\",\"item\":\"https:\/\/www.tekkiesstore.cz\/obchod\/\"},{\"@type\":\"ListItem\",\"position\":3,\"name\":\"AIR JORDAN 1 MID LIGHT SMOKE GREY (W)\"}]},{\"@type\":\"WebSite\",\"@id\":\"https:\/\/www.tekkiesstore.cz\/#website\",\"url\":\"https:\/\/www.tekkiesstore.cz\/\",\"name\":\"Tekkies Store\",\"description\":\"Zna\u010dkov\u00e9 tenisky &amp; oble\u010den\u00ed\",\"publisher\":{\"@id\":\"https:\/\/www.tekkiesstore.cz\/#organization\"},\"potentialAction\":[{\"@type\":\"SearchAction\",\"target\":{\"@type\":\"EntryPoint\",\"urlTemplate\":\"https:\/\/www.tekkiesstore.cz\/?s={search_term_string}\"},\"query-input\":{\"@type\":\"PropertyValueSpecification\",\"valueRequired\":true,\"valueName\":\"search_term_string\"}}],\"inLanguage\":\"sk-SK\"},{\"@type\":\"Organization\",\"@id\":\"https:\/\/www.tekkiesstore.cz\/#organization\",\"name\":\"Tekkies Store\",\"url\":\"https:\/\/www.tekkiesstore.cz\/\",\"logo\":{\"@type\":\"ImageObject\",\"inLanguage\":\"sk-SK\",\"@id\":\"https:\/\/www.tekkiesstore.cz\/#\/schema\/logo\/image\/\",\"url\":\"https:\/\/www.tekkiesstore.cz\/wp-content\/uploads\/2023\/11\/logo.png\",\"contentUrl\":\"https:\/\/www.tekkiesstore.cz\/wp-content\/uploads\/2023\/11\/logo.png\",\"width\":165,\"height\":58,\"caption\":\"Tekkies Store\"},\"image\":{\"@id\":\"https:\/\/www.tekkiesstore.cz\/#\/schema\/logo\/image\/\"},\"sameAs\":[\"https:\/\/www.facebook.com\/profile.php?id=100090575808845\"]}]}<\/script>\n<!-- \/ Yoast SEO plugin. -->","yoast_head_json":{"title":"AIR JORDAN 1 MID LIGHT SMOKE GREY (W) | Tekkies Store","robots":{"index":"index","follow":"follow","max-snippet":"max-snippet:-1","max-image-preview":"max-image-preview:large","max-video-preview":"max-video-preview:-1"},"canonical":"https:\/\/www.tekkiesstore.cz\/sk\/produkt\/air-jordan-1-mid-light-smoke-grey-w\/","og_locale":"sk_SK","og_type":"article","og_title":"AIR JORDAN 1 MID LIGHT SMOKE GREY (W) | Tekkies Store","og_description":"Top\u00e1nky s\u00fa vyroben\u00e9 z prvotriednych materi\u00e1lov, ktor\u00e9 poskytuj\u00fa pohodlie a odolnos\u0165. V rokoch 1985 a\u017e 1986 stihla spolo\u010dnos\u0165 Nike vyda\u0165 celkovo 13 farebn\u00fdch preveden\u00ed vr\u00e1tane farieb Banned, Retro Royal, Chicago a Carolina Blue. Objavte pohodlie a jedine\u010dn\u00fd \u0161t\u00fdl s modelom Air Jordan 1 od Tekkiesstore. Povrch tenisiek pravidelne \u010distite m\u00e4kkou vlhkou handri\u010dkou, aby vyzerali ako [&hellip;]","og_url":"https:\/\/www.tekkiesstore.cz\/sk\/produkt\/air-jordan-1-mid-light-smoke-grey-w\/","og_site_name":"Tekkies Store","article_publisher":"https:\/\/www.facebook.com\/profile.php?id=100090575808845","article_modified_time":"2024-11-25T00:19:42+00:00","og_image":[{"width":1100,"height":660,"url":"https:\/\/www.tekkiesstore.cz\/wp-content\/uploads\/2023\/10\/17523559_43042726_2048.webp","type":"image\/webp"}],"twitter_card":"summary_large_image","schema":{"@context":"https:\/\/schema.org","@graph":[{"@type":"WebPage","@id":"https:\/\/www.tekkiesstore.cz\/sk\/produkt\/air-jordan-1-mid-light-smoke-grey-w\/","url":"https:\/\/www.tekkiesstore.cz\/sk\/produkt\/air-jordan-1-mid-light-smoke-grey-w\/","name":"AIR JORDAN 1 MID LIGHT SMOKE GREY (W) | Tekkies Store","isPartOf":{"@id":"https:\/\/www.tekkiesstore.cz\/#website"},"primaryImageOfPage":{"@id":"https:\/\/www.tekkiesstore.cz\/sk\/produkt\/air-jordan-1-mid-light-smoke-grey-w\/#primaryimage"},"image":{"@id":"https:\/\/www.tekkiesstore.cz\/sk\/produkt\/air-jordan-1-mid-light-smoke-grey-w\/#primaryimage"},"thumbnailUrl":"https:\/\/www.tekkiesstore.cz\/wp-content\/uploads\/2023\/10\/17523559_43042726_2048.webp","datePublished":"2023-10-25T07:19:00+00:00","dateModified":"2024-11-25T00:19:42+00:00","breadcrumb":{"@id":"https:\/\/www.tekkiesstore.cz\/sk\/produkt\/air-jordan-1-mid-light-smoke-grey-w\/#breadcrumb"},"inLanguage":"sk-SK","potentialAction":[{"@type":"ReadAction","target":["https:\/\/www.tekkiesstore.cz\/sk\/produkt\/air-jordan-1-mid-light-smoke-grey-w\/"]}]},{"@type":"ImageObject","inLanguage":"sk-SK","@id":"https:\/\/www.tekkiesstore.cz\/sk\/produkt\/air-jordan-1-mid-light-smoke-grey-w\/#primaryimage","url":"https:\/\/www.tekkiesstore.cz\/wp-content\/uploads\/2023\/10\/17523559_43042726_2048.webp","contentUrl":"https:\/\/www.tekkiesstore.cz\/wp-content\/uploads\/2023\/10\/17523559_43042726_2048.webp","width":1100,"height":660},{"@type":"BreadcrumbList","@id":"https:\/\/www.tekkiesstore.cz\/sk\/produkt\/air-jordan-1-mid-light-smoke-grey-w\/#breadcrumb","itemListElement":[{"@type":"ListItem","position":1,"name":"Home","item":"https:\/\/www.tekkiesstore.cz\/sk\/"},{"@type":"ListItem","position":2,"name":"Produkty","item":"https:\/\/www.tekkiesstore.cz\/obchod\/"},{"@type":"ListItem","position":3,"name":"AIR JORDAN 1 MID LIGHT SMOKE GREY (W)"}]},{"@type":"WebSite","@id":"https:\/\/www.tekkiesstore.cz\/#website","url":"https:\/\/www.tekkiesstore.cz\/","name":"Tekkies Store","description":"Zna\u010dkov\u00e9 tenisky &amp; oble\u010den\u00ed","publisher":{"@id":"https:\/\/www.tekkiesstore.cz\/#organization"},"potentialAction":[{"@type":"SearchAction","target":{"@type":"EntryPoint","urlTemplate":"https:\/\/www.tekkiesstore.cz\/?s={search_term_string}"},"query-input":{"@type":"PropertyValueSpecification","valueRequired":true,"valueName":"search_term_string"}}],"inLanguage":"sk-SK"},{"@type":"Organization","@id":"https:\/\/www.tekkiesstore.cz\/#organization","name":"Tekkies Store","url":"https:\/\/www.tekkiesstore.cz\/","logo":{"@type":"ImageObject","inLanguage":"sk-SK","@id":"https:\/\/www.tekkiesstore.cz\/#\/schema\/logo\/image\/","url":"https:\/\/www.tekkiesstore.cz\/wp-content\/uploads\/2023\/11\/logo.png","contentUrl":"https:\/\/www.tekkiesstore.cz\/wp-content\/uploads\/2023\/11\/logo.png","width":165,"height":58,"caption":"Tekkies Store"},"image":{"@id":"https:\/\/www.tekkiesstore.cz\/#\/schema\/logo\/image\/"},"sameAs":["https:\/\/www.facebook.com\/profile.php?id=100090575808845"]}]}},"_links":{"self":[{"href":"https:\/\/www.tekkiesstore.cz\/sk\/wp-json\/wp\/v2\/product\/33803","targetHints":{"allow":["GET"]}}],"collection":[{"href":"https:\/\/www.tekkiesstore.cz\/sk\/wp-json\/wp\/v2\/product"}],"about":[{"href":"https:\/\/www.tekkiesstore.cz\/sk\/wp-json\/wp\/v2\/types\/product"}],"wp:featuredmedia":[{"embeddable":true,"href":"https:\/\/www.tekkiesstore.cz\/sk\/wp-json\/wp\/v2\/media\/4676"}],"wp:attachment":[{"href":"https:\/\/www.tekkiesstore.cz\/sk\/wp-json\/wp\/v2\/media?parent=33803"}],"wp:term":[{"taxonomy":"product_brand","embeddable":true,"href":"https:\/\/www.tekkiesstore.cz\/sk\/wp-json\/wp\/v2\/product_brand?post=33803"},{"taxonomy":"product_cat","embeddable":true,"href":"https:\/\/www.tekkiesstore.cz\/sk\/wp-json\/wp\/v2\/product_cat?post=33803"},{"taxonomy":"product_tag","embeddable":true,"href":"https:\/\/www.tekkiesstore.cz\/sk\/wp-json\/wp\/v2\/product_tag?post=33803"},{"taxonomy":"woo-feed-brand","embeddable":true,"href":"https:\/\/www.tekkiesstore.cz\/sk\/wp-json\/wp\/v2\/woo-feed-brand?post=33803"}],"curies":[{"name":"wp","href":"https:\/\/api.w.org\/{rel}","templated":true}]}}