{"id":36222,"date":"2023-10-25T06:53:58","date_gmt":"2023-11-24T14:54:42","guid":{"rendered":"https:\/\/www.tekkiesstore.cz\/product\/nike-dunk-low-goldenrod\/"},"modified":"2023-11-24T14:54:42","modified_gmt":"2023-11-24T14:54:42","slug":"nike-dunk-low-goldenrod-2021","status":"publish","type":"product","link":"https:\/\/www.tekkiesstore.cz\/sk\/produkt\/nike-dunk-low-goldenrod-2021\/","title":{"rendered":"NIKE DUNK LOW GOLDENROD"},"content":{"rendered":"<p>Nike Dunk bola p\u00f4vodne navrhnut\u00e1 ako basketbalov\u00e1 teniska, ale postupne sa stala m\u00f3dnou ikonou streetwearu. Spolo\u010dnos\u0165 Nike \u010dasto spolupracuje s r\u00f4znymi dizajn\u00e9rmi, umelcami, zna\u010dkami a celebritami, aby vytvorila jedine\u010dn\u00e9 a limitovan\u00e9 ed\u00edcie produktov. Prezrite si na\u0161u exkluz\u00edvnu kolekciu na Tekkiesstore a objednajte si svoj p\u00e1r e\u0161te dnes! Odpor\u00fa\u010dame pou\u017ei\u0165 kvalitn\u00fa impregn\u00e1ciu na ochranu tenisiek pred vodou a in\u00fdmi vonkaj\u0161\u00edmi vplyvmi.<\/p>\n","protected":false},"excerpt":{"rendered":"<p>Nike Dunk bola p\u00f4vodne navrhnut\u00e1 ako basketbalov\u00e1 teniska, ale postupne sa stala m\u00f3dnou ikonou streetwearu. Spolo\u010dnos\u0165 Nike \u010dasto spolupracuje s r\u00f4znymi dizajn\u00e9rmi, umelcami, zna\u010dkami a celebritami, aby vytvorila jedine\u010dn\u00e9 a limitovan\u00e9 ed\u00edcie produktov. Prezrite si na\u0161u exkluz\u00edvnu kolekciu na Tekkiesstore a objednajte si svoj p\u00e1r e\u0161te dnes! Odpor\u00fa\u010dame pou\u017ei\u0165 kvalitn\u00fa impregn\u00e1ciu na ochranu tenisiek pred [&hellip;]<\/p>\n","protected":false},"featured_media":698,"template":"","meta":{"_acf_changed":false},"product_brand":[],"product_cat":[59,325,329],"product_tag":[],"woo-feed-brand":[],"class_list":{"0":"post-36222","1":"product","2":"type-product","3":"status-publish","4":"has-post-thumbnail","6":"product_cat-tenisky","7":"product_cat-nike","8":"product_cat-nike-dunk-low","10":"first","11":"onbackorder","12":"shipping-taxable","13":"purchasable","14":"product-type-variable"},"acf":[],"yoast_head":"<!-- This site is optimized with the Yoast SEO plugin v26.6 - https:\/\/yoast.com\/wordpress\/plugins\/seo\/ -->\n<title>NIKE DUNK LOW GOLDENROD | Tekkies Store<\/title>\n<meta name=\"robots\" content=\"index, follow, max-snippet:-1, max-image-preview:large, max-video-preview:-1\" \/>\n<link rel=\"canonical\" href=\"https:\/\/www.tekkiesstore.cz\/sk\/produkt\/nike-dunk-low-goldenrod-2021\/\" \/>\n<meta property=\"og:locale\" content=\"sk_SK\" \/>\n<meta property=\"og:type\" content=\"article\" \/>\n<meta property=\"og:title\" content=\"NIKE DUNK LOW GOLDENROD | Tekkies Store\" \/>\n<meta property=\"og:description\" content=\"Nike Dunk bola p\u00f4vodne navrhnut\u00e1 ako basketbalov\u00e1 teniska, ale postupne sa stala m\u00f3dnou ikonou streetwearu. Spolo\u010dnos\u0165 Nike \u010dasto spolupracuje s r\u00f4znymi dizajn\u00e9rmi, umelcami, zna\u010dkami a celebritami, aby vytvorila jedine\u010dn\u00e9 a limitovan\u00e9 ed\u00edcie produktov. Prezrite si na\u0161u exkluz\u00edvnu kolekciu na Tekkiesstore a objednajte si svoj p\u00e1r e\u0161te dnes! Odpor\u00fa\u010dame pou\u017ei\u0165 kvalitn\u00fa impregn\u00e1ciu na ochranu tenisiek pred [&hellip;]\" \/>\n<meta property=\"og:url\" content=\"https:\/\/www.tekkiesstore.cz\/sk\/produkt\/nike-dunk-low-goldenrod-2021\/\" \/>\n<meta property=\"og:site_name\" content=\"Tekkies Store\" \/>\n<meta property=\"article:publisher\" content=\"https:\/\/www.facebook.com\/profile.php?id=100090575808845\" \/>\n<meta property=\"og:image\" content=\"https:\/\/www.tekkiesstore.cz\/wp-content\/uploads\/2023\/10\/nike-dunk-low-goldenrod-1-1000.png\" \/>\n\t<meta property=\"og:image:width\" content=\"1000\" \/>\n\t<meta property=\"og:image:height\" content=\"600\" \/>\n\t<meta property=\"og:image:type\" content=\"image\/png\" \/>\n<meta name=\"twitter:card\" content=\"summary_large_image\" \/>\n<script type=\"application\/ld+json\" class=\"yoast-schema-graph\">{\"@context\":\"https:\/\/schema.org\",\"@graph\":[{\"@type\":\"WebPage\",\"@id\":\"https:\/\/www.tekkiesstore.cz\/sk\/produkt\/nike-dunk-low-goldenrod-2021\/\",\"url\":\"https:\/\/www.tekkiesstore.cz\/sk\/produkt\/nike-dunk-low-goldenrod-2021\/\",\"name\":\"NIKE DUNK LOW GOLDENROD | Tekkies Store\",\"isPartOf\":{\"@id\":\"https:\/\/www.tekkiesstore.cz\/#website\"},\"primaryImageOfPage\":{\"@id\":\"https:\/\/www.tekkiesstore.cz\/sk\/produkt\/nike-dunk-low-goldenrod-2021\/#primaryimage\"},\"image\":{\"@id\":\"https:\/\/www.tekkiesstore.cz\/sk\/produkt\/nike-dunk-low-goldenrod-2021\/#primaryimage\"},\"thumbnailUrl\":\"https:\/\/www.tekkiesstore.cz\/wp-content\/uploads\/2023\/10\/nike-dunk-low-goldenrod-1-1000.png\",\"datePublished\":\"2023-11-24T14:54:42+00:00\",\"breadcrumb\":{\"@id\":\"https:\/\/www.tekkiesstore.cz\/sk\/produkt\/nike-dunk-low-goldenrod-2021\/#breadcrumb\"},\"inLanguage\":\"sk-SK\",\"potentialAction\":[{\"@type\":\"ReadAction\",\"target\":[\"https:\/\/www.tekkiesstore.cz\/sk\/produkt\/nike-dunk-low-goldenrod-2021\/\"]}]},{\"@type\":\"ImageObject\",\"inLanguage\":\"sk-SK\",\"@id\":\"https:\/\/www.tekkiesstore.cz\/sk\/produkt\/nike-dunk-low-goldenrod-2021\/#primaryimage\",\"url\":\"https:\/\/www.tekkiesstore.cz\/wp-content\/uploads\/2023\/10\/nike-dunk-low-goldenrod-1-1000.png\",\"contentUrl\":\"https:\/\/www.tekkiesstore.cz\/wp-content\/uploads\/2023\/10\/nike-dunk-low-goldenrod-1-1000.png\",\"width\":1000,\"height\":600},{\"@type\":\"BreadcrumbList\",\"@id\":\"https:\/\/www.tekkiesstore.cz\/sk\/produkt\/nike-dunk-low-goldenrod-2021\/#breadcrumb\",\"itemListElement\":[{\"@type\":\"ListItem\",\"position\":1,\"name\":\"Home\",\"item\":\"https:\/\/www.tekkiesstore.cz\/sk\/\"},{\"@type\":\"ListItem\",\"position\":2,\"name\":\"Produkty\",\"item\":\"https:\/\/www.tekkiesstore.cz\/obchod\/\"},{\"@type\":\"ListItem\",\"position\":3,\"name\":\"NIKE DUNK LOW GOLDENROD\"}]},{\"@type\":\"WebSite\",\"@id\":\"https:\/\/www.tekkiesstore.cz\/#website\",\"url\":\"https:\/\/www.tekkiesstore.cz\/\",\"name\":\"Tekkies Store\",\"description\":\"Zna\u010dkov\u00e9 tenisky &amp; oble\u010den\u00ed\",\"publisher\":{\"@id\":\"https:\/\/www.tekkiesstore.cz\/#organization\"},\"potentialAction\":[{\"@type\":\"SearchAction\",\"target\":{\"@type\":\"EntryPoint\",\"urlTemplate\":\"https:\/\/www.tekkiesstore.cz\/?s={search_term_string}\"},\"query-input\":{\"@type\":\"PropertyValueSpecification\",\"valueRequired\":true,\"valueName\":\"search_term_string\"}}],\"inLanguage\":\"sk-SK\"},{\"@type\":\"Organization\",\"@id\":\"https:\/\/www.tekkiesstore.cz\/#organization\",\"name\":\"Tekkies Store\",\"url\":\"https:\/\/www.tekkiesstore.cz\/\",\"logo\":{\"@type\":\"ImageObject\",\"inLanguage\":\"sk-SK\",\"@id\":\"https:\/\/www.tekkiesstore.cz\/#\/schema\/logo\/image\/\",\"url\":\"https:\/\/www.tekkiesstore.cz\/wp-content\/uploads\/2023\/11\/logo.png\",\"contentUrl\":\"https:\/\/www.tekkiesstore.cz\/wp-content\/uploads\/2023\/11\/logo.png\",\"width\":165,\"height\":58,\"caption\":\"Tekkies Store\"},\"image\":{\"@id\":\"https:\/\/www.tekkiesstore.cz\/#\/schema\/logo\/image\/\"},\"sameAs\":[\"https:\/\/www.facebook.com\/profile.php?id=100090575808845\"]}]}<\/script>\n<!-- \/ Yoast SEO plugin. -->","yoast_head_json":{"title":"NIKE DUNK LOW GOLDENROD | Tekkies Store","robots":{"index":"index","follow":"follow","max-snippet":"max-snippet:-1","max-image-preview":"max-image-preview:large","max-video-preview":"max-video-preview:-1"},"canonical":"https:\/\/www.tekkiesstore.cz\/sk\/produkt\/nike-dunk-low-goldenrod-2021\/","og_locale":"sk_SK","og_type":"article","og_title":"NIKE DUNK LOW GOLDENROD | Tekkies Store","og_description":"Nike Dunk bola p\u00f4vodne navrhnut\u00e1 ako basketbalov\u00e1 teniska, ale postupne sa stala m\u00f3dnou ikonou streetwearu. Spolo\u010dnos\u0165 Nike \u010dasto spolupracuje s r\u00f4znymi dizajn\u00e9rmi, umelcami, zna\u010dkami a celebritami, aby vytvorila jedine\u010dn\u00e9 a limitovan\u00e9 ed\u00edcie produktov. Prezrite si na\u0161u exkluz\u00edvnu kolekciu na Tekkiesstore a objednajte si svoj p\u00e1r e\u0161te dnes! Odpor\u00fa\u010dame pou\u017ei\u0165 kvalitn\u00fa impregn\u00e1ciu na ochranu tenisiek pred [&hellip;]","og_url":"https:\/\/www.tekkiesstore.cz\/sk\/produkt\/nike-dunk-low-goldenrod-2021\/","og_site_name":"Tekkies Store","article_publisher":"https:\/\/www.facebook.com\/profile.php?id=100090575808845","og_image":[{"width":1000,"height":600,"url":"https:\/\/www.tekkiesstore.cz\/wp-content\/uploads\/2023\/10\/nike-dunk-low-goldenrod-1-1000.png","type":"image\/png"}],"twitter_card":"summary_large_image","schema":{"@context":"https:\/\/schema.org","@graph":[{"@type":"WebPage","@id":"https:\/\/www.tekkiesstore.cz\/sk\/produkt\/nike-dunk-low-goldenrod-2021\/","url":"https:\/\/www.tekkiesstore.cz\/sk\/produkt\/nike-dunk-low-goldenrod-2021\/","name":"NIKE DUNK LOW GOLDENROD | Tekkies Store","isPartOf":{"@id":"https:\/\/www.tekkiesstore.cz\/#website"},"primaryImageOfPage":{"@id":"https:\/\/www.tekkiesstore.cz\/sk\/produkt\/nike-dunk-low-goldenrod-2021\/#primaryimage"},"image":{"@id":"https:\/\/www.tekkiesstore.cz\/sk\/produkt\/nike-dunk-low-goldenrod-2021\/#primaryimage"},"thumbnailUrl":"https:\/\/www.tekkiesstore.cz\/wp-content\/uploads\/2023\/10\/nike-dunk-low-goldenrod-1-1000.png","datePublished":"2023-11-24T14:54:42+00:00","breadcrumb":{"@id":"https:\/\/www.tekkiesstore.cz\/sk\/produkt\/nike-dunk-low-goldenrod-2021\/#breadcrumb"},"inLanguage":"sk-SK","potentialAction":[{"@type":"ReadAction","target":["https:\/\/www.tekkiesstore.cz\/sk\/produkt\/nike-dunk-low-goldenrod-2021\/"]}]},{"@type":"ImageObject","inLanguage":"sk-SK","@id":"https:\/\/www.tekkiesstore.cz\/sk\/produkt\/nike-dunk-low-goldenrod-2021\/#primaryimage","url":"https:\/\/www.tekkiesstore.cz\/wp-content\/uploads\/2023\/10\/nike-dunk-low-goldenrod-1-1000.png","contentUrl":"https:\/\/www.tekkiesstore.cz\/wp-content\/uploads\/2023\/10\/nike-dunk-low-goldenrod-1-1000.png","width":1000,"height":600},{"@type":"BreadcrumbList","@id":"https:\/\/www.tekkiesstore.cz\/sk\/produkt\/nike-dunk-low-goldenrod-2021\/#breadcrumb","itemListElement":[{"@type":"ListItem","position":1,"name":"Home","item":"https:\/\/www.tekkiesstore.cz\/sk\/"},{"@type":"ListItem","position":2,"name":"Produkty","item":"https:\/\/www.tekkiesstore.cz\/obchod\/"},{"@type":"ListItem","position":3,"name":"NIKE DUNK LOW GOLDENROD"}]},{"@type":"WebSite","@id":"https:\/\/www.tekkiesstore.cz\/#website","url":"https:\/\/www.tekkiesstore.cz\/","name":"Tekkies Store","description":"Zna\u010dkov\u00e9 tenisky &amp; oble\u010den\u00ed","publisher":{"@id":"https:\/\/www.tekkiesstore.cz\/#organization"},"potentialAction":[{"@type":"SearchAction","target":{"@type":"EntryPoint","urlTemplate":"https:\/\/www.tekkiesstore.cz\/?s={search_term_string}"},"query-input":{"@type":"PropertyValueSpecification","valueRequired":true,"valueName":"search_term_string"}}],"inLanguage":"sk-SK"},{"@type":"Organization","@id":"https:\/\/www.tekkiesstore.cz\/#organization","name":"Tekkies Store","url":"https:\/\/www.tekkiesstore.cz\/","logo":{"@type":"ImageObject","inLanguage":"sk-SK","@id":"https:\/\/www.tekkiesstore.cz\/#\/schema\/logo\/image\/","url":"https:\/\/www.tekkiesstore.cz\/wp-content\/uploads\/2023\/11\/logo.png","contentUrl":"https:\/\/www.tekkiesstore.cz\/wp-content\/uploads\/2023\/11\/logo.png","width":165,"height":58,"caption":"Tekkies Store"},"image":{"@id":"https:\/\/www.tekkiesstore.cz\/#\/schema\/logo\/image\/"},"sameAs":["https:\/\/www.facebook.com\/profile.php?id=100090575808845"]}]}},"_links":{"self":[{"href":"https:\/\/www.tekkiesstore.cz\/sk\/wp-json\/wp\/v2\/product\/36222","targetHints":{"allow":["GET"]}}],"collection":[{"href":"https:\/\/www.tekkiesstore.cz\/sk\/wp-json\/wp\/v2\/product"}],"about":[{"href":"https:\/\/www.tekkiesstore.cz\/sk\/wp-json\/wp\/v2\/types\/product"}],"wp:featuredmedia":[{"embeddable":true,"href":"https:\/\/www.tekkiesstore.cz\/sk\/wp-json\/wp\/v2\/media\/698"}],"wp:attachment":[{"href":"https:\/\/www.tekkiesstore.cz\/sk\/wp-json\/wp\/v2\/media?parent=36222"}],"wp:term":[{"taxonomy":"product_brand","embeddable":true,"href":"https:\/\/www.tekkiesstore.cz\/sk\/wp-json\/wp\/v2\/product_brand?post=36222"},{"taxonomy":"product_cat","embeddable":true,"href":"https:\/\/www.tekkiesstore.cz\/sk\/wp-json\/wp\/v2\/product_cat?post=36222"},{"taxonomy":"product_tag","embeddable":true,"href":"https:\/\/www.tekkiesstore.cz\/sk\/wp-json\/wp\/v2\/product_tag?post=36222"},{"taxonomy":"woo-feed-brand","embeddable":true,"href":"https:\/\/www.tekkiesstore.cz\/sk\/wp-json\/wp\/v2\/woo-feed-brand?post=36222"}],"curies":[{"name":"wp","href":"https:\/\/api.w.org\/{rel}","templated":true}]}}