{"id":37258,"date":"2023-10-25T06:51:28","date_gmt":"2023-10-25T06:51:28","guid":{"rendered":"https:\/\/www.tekkiesstore.cz\/product\/nike-dunk-low-panda\/"},"modified":"2025-12-09T12:04:36","modified_gmt":"2025-12-09T12:04:36","slug":"nike-dunk-low-retro-white-black","status":"publish","type":"product","link":"https:\/\/www.tekkiesstore.cz\/sk\/produkt\/nike-dunk-low-retro-white-black\/","title":{"rendered":"NIKE DUNK LOW PANDA"},"content":{"rendered":"<p><strong>Nike Dunk Low Retro White Black \u201ePanda\u201c<\/strong> je ikonick\u00e1 teniska, ktor\u00e1 sa stala celosvetov\u00fdm fenom\u00e9nom. V\u010faka svojej nad\u010dasovej \u010dierno-bielej farebnej kombin\u00e1cii sa hod\u00ed ku ka\u017ed\u00e9mu \u0161t\u00fdlu, od streetwearu a\u017e po minimalistick\u00fd look. Vysoko kvalitn\u00fd hladk\u00fd ko\u017een\u00fd zvr\u0161ok, klasick\u00fd tvar Dunk a pohodln\u00e1 podr\u00e1\u017eka zaru\u010duj\u00fa celodenn\u00e9 pohodlie a odolnos\u0165. V\u010faka svojej jednoduchosti, univerz\u00e1lnosti a \u010dist\u00e9mu dizajnu patria Panda Dunks medzi najpred\u00e1vanej\u0161ie a najvyh\u013ead\u00e1vanej\u0161ie tenisky na trhu. Ak chcete nen\u00e1ro\u010dn\u00fd \u0161t\u00fdl, t\u00e1to vo\u013eba je istou st\u00e1vkou.<\/p>\n","protected":false},"excerpt":{"rendered":"<p>Nike Dunk Low Retro White Black \u201ePanda\u201c je ikonick\u00e1 teniska, ktor\u00e1 sa stala celosvetov\u00fdm fenom\u00e9nom. V\u010faka svojej nad\u010dasovej \u010dierno-bielej farebnej kombin\u00e1cii sa hod\u00ed ku ka\u017ed\u00e9mu \u0161t\u00fdlu, od streetwearu a\u017e po minimalistick\u00fd look. Vysoko kvalitn\u00fd hladk\u00fd ko\u017een\u00fd zvr\u0161ok, klasick\u00fd tvar Dunk a pohodln\u00e1 podr\u00e1\u017eka zaru\u010duj\u00fa celodenn\u00e9 pohodlie a odolnos\u0165. V\u010faka svojej jednoduchosti, univerz\u00e1lnosti a \u010dist\u00e9mu dizajnu [&hellip;]<\/p>\n","protected":false},"featured_media":512,"template":"","meta":{"_acf_changed":false},"product_brand":[],"product_cat":[59,325,329],"product_tag":[],"woo-feed-brand":[],"class_list":{"0":"post-37258","1":"product","2":"type-product","3":"status-publish","4":"has-post-thumbnail","6":"product_cat-tenisky","7":"product_cat-nike","8":"product_cat-nike-dunk-low","10":"first","11":"onbackorder","12":"shipping-taxable","13":"purchasable","14":"product-type-variable"},"acf":[],"yoast_head":"<!-- This site is optimized with the Yoast SEO plugin v26.6 - https:\/\/yoast.com\/wordpress\/plugins\/seo\/ -->\n<title>NIKE DUNK LOW PANDA | Tekkies Store<\/title>\n<meta name=\"robots\" content=\"index, follow, max-snippet:-1, max-image-preview:large, max-video-preview:-1\" \/>\n<link rel=\"canonical\" href=\"https:\/\/www.tekkiesstore.cz\/sk\/produkt\/nike-dunk-low-retro-white-black\/\" \/>\n<meta property=\"og:locale\" content=\"sk_SK\" \/>\n<meta property=\"og:type\" content=\"article\" \/>\n<meta property=\"og:title\" content=\"NIKE DUNK LOW PANDA | Tekkies Store\" \/>\n<meta property=\"og:description\" content=\"Nike Dunk Low Retro White Black \u201ePanda\u201c je ikonick\u00e1 teniska, ktor\u00e1 sa stala celosvetov\u00fdm fenom\u00e9nom. V\u010faka svojej nad\u010dasovej \u010dierno-bielej farebnej kombin\u00e1cii sa hod\u00ed ku ka\u017ed\u00e9mu \u0161t\u00fdlu, od streetwearu a\u017e po minimalistick\u00fd look. Vysoko kvalitn\u00fd hladk\u00fd ko\u017een\u00fd zvr\u0161ok, klasick\u00fd tvar Dunk a pohodln\u00e1 podr\u00e1\u017eka zaru\u010duj\u00fa celodenn\u00e9 pohodlie a odolnos\u0165. V\u010faka svojej jednoduchosti, univerz\u00e1lnosti a \u010dist\u00e9mu dizajnu [&hellip;]\" \/>\n<meta property=\"og:url\" content=\"https:\/\/www.tekkiesstore.cz\/sk\/produkt\/nike-dunk-low-retro-white-black\/\" \/>\n<meta property=\"og:site_name\" content=\"Tekkies Store\" \/>\n<meta property=\"article:publisher\" content=\"https:\/\/www.facebook.com\/profile.php?id=100090575808845\" \/>\n<meta property=\"article:modified_time\" content=\"2025-12-09T12:04:36+00:00\" \/>\n<meta property=\"og:image\" content=\"https:\/\/www.tekkiesstore.cz\/wp-content\/uploads\/2023\/10\/nike-dunk-low-retro-white-black-2021-1-1000.png\" \/>\n\t<meta property=\"og:image:width\" content=\"1000\" \/>\n\t<meta property=\"og:image:height\" content=\"600\" \/>\n\t<meta property=\"og:image:type\" content=\"image\/png\" \/>\n<meta name=\"twitter:card\" content=\"summary_large_image\" \/>\n<meta name=\"twitter:label1\" content=\"Predpokladan\u00fd \u010das \u010d\u00edtania\" \/>\n\t<meta name=\"twitter:data1\" content=\"1 min\u00fata\" \/>\n<script type=\"application\/ld+json\" class=\"yoast-schema-graph\">{\"@context\":\"https:\/\/schema.org\",\"@graph\":[{\"@type\":\"WebPage\",\"@id\":\"https:\/\/www.tekkiesstore.cz\/sk\/produkt\/nike-dunk-low-retro-white-black\/\",\"url\":\"https:\/\/www.tekkiesstore.cz\/sk\/produkt\/nike-dunk-low-retro-white-black\/\",\"name\":\"NIKE DUNK LOW PANDA | Tekkies Store\",\"isPartOf\":{\"@id\":\"https:\/\/www.tekkiesstore.cz\/#website\"},\"primaryImageOfPage\":{\"@id\":\"https:\/\/www.tekkiesstore.cz\/sk\/produkt\/nike-dunk-low-retro-white-black\/#primaryimage\"},\"image\":{\"@id\":\"https:\/\/www.tekkiesstore.cz\/sk\/produkt\/nike-dunk-low-retro-white-black\/#primaryimage\"},\"thumbnailUrl\":\"https:\/\/www.tekkiesstore.cz\/wp-content\/uploads\/2023\/10\/nike-dunk-low-retro-white-black-2021-1-1000.png\",\"datePublished\":\"2023-10-25T06:51:28+00:00\",\"dateModified\":\"2025-12-09T12:04:36+00:00\",\"breadcrumb\":{\"@id\":\"https:\/\/www.tekkiesstore.cz\/sk\/produkt\/nike-dunk-low-retro-white-black\/#breadcrumb\"},\"inLanguage\":\"sk-SK\",\"potentialAction\":[{\"@type\":\"ReadAction\",\"target\":[\"https:\/\/www.tekkiesstore.cz\/sk\/produkt\/nike-dunk-low-retro-white-black\/\"]}]},{\"@type\":\"ImageObject\",\"inLanguage\":\"sk-SK\",\"@id\":\"https:\/\/www.tekkiesstore.cz\/sk\/produkt\/nike-dunk-low-retro-white-black\/#primaryimage\",\"url\":\"https:\/\/www.tekkiesstore.cz\/wp-content\/uploads\/2023\/10\/nike-dunk-low-retro-white-black-2021-1-1000.png\",\"contentUrl\":\"https:\/\/www.tekkiesstore.cz\/wp-content\/uploads\/2023\/10\/nike-dunk-low-retro-white-black-2021-1-1000.png\",\"width\":1000,\"height\":600},{\"@type\":\"BreadcrumbList\",\"@id\":\"https:\/\/www.tekkiesstore.cz\/sk\/produkt\/nike-dunk-low-retro-white-black\/#breadcrumb\",\"itemListElement\":[{\"@type\":\"ListItem\",\"position\":1,\"name\":\"Home\",\"item\":\"https:\/\/www.tekkiesstore.cz\/sk\/\"},{\"@type\":\"ListItem\",\"position\":2,\"name\":\"Produkty\",\"item\":\"https:\/\/www.tekkiesstore.cz\/obchod\/\"},{\"@type\":\"ListItem\",\"position\":3,\"name\":\"NIKE DUNK LOW PANDA\"}]},{\"@type\":\"WebSite\",\"@id\":\"https:\/\/www.tekkiesstore.cz\/#website\",\"url\":\"https:\/\/www.tekkiesstore.cz\/\",\"name\":\"Tekkies Store\",\"description\":\"Zna\u010dkov\u00e9 tenisky &amp; oble\u010den\u00ed\",\"publisher\":{\"@id\":\"https:\/\/www.tekkiesstore.cz\/#organization\"},\"potentialAction\":[{\"@type\":\"SearchAction\",\"target\":{\"@type\":\"EntryPoint\",\"urlTemplate\":\"https:\/\/www.tekkiesstore.cz\/?s={search_term_string}\"},\"query-input\":{\"@type\":\"PropertyValueSpecification\",\"valueRequired\":true,\"valueName\":\"search_term_string\"}}],\"inLanguage\":\"sk-SK\"},{\"@type\":\"Organization\",\"@id\":\"https:\/\/www.tekkiesstore.cz\/#organization\",\"name\":\"Tekkies Store\",\"url\":\"https:\/\/www.tekkiesstore.cz\/\",\"logo\":{\"@type\":\"ImageObject\",\"inLanguage\":\"sk-SK\",\"@id\":\"https:\/\/www.tekkiesstore.cz\/#\/schema\/logo\/image\/\",\"url\":\"https:\/\/www.tekkiesstore.cz\/wp-content\/uploads\/2023\/11\/logo.png\",\"contentUrl\":\"https:\/\/www.tekkiesstore.cz\/wp-content\/uploads\/2023\/11\/logo.png\",\"width\":165,\"height\":58,\"caption\":\"Tekkies Store\"},\"image\":{\"@id\":\"https:\/\/www.tekkiesstore.cz\/#\/schema\/logo\/image\/\"},\"sameAs\":[\"https:\/\/www.facebook.com\/profile.php?id=100090575808845\"]}]}<\/script>\n<!-- \/ Yoast SEO plugin. -->","yoast_head_json":{"title":"NIKE DUNK LOW PANDA | Tekkies Store","robots":{"index":"index","follow":"follow","max-snippet":"max-snippet:-1","max-image-preview":"max-image-preview:large","max-video-preview":"max-video-preview:-1"},"canonical":"https:\/\/www.tekkiesstore.cz\/sk\/produkt\/nike-dunk-low-retro-white-black\/","og_locale":"sk_SK","og_type":"article","og_title":"NIKE DUNK LOW PANDA | Tekkies Store","og_description":"Nike Dunk Low Retro White Black \u201ePanda\u201c je ikonick\u00e1 teniska, ktor\u00e1 sa stala celosvetov\u00fdm fenom\u00e9nom. V\u010faka svojej nad\u010dasovej \u010dierno-bielej farebnej kombin\u00e1cii sa hod\u00ed ku ka\u017ed\u00e9mu \u0161t\u00fdlu, od streetwearu a\u017e po minimalistick\u00fd look. Vysoko kvalitn\u00fd hladk\u00fd ko\u017een\u00fd zvr\u0161ok, klasick\u00fd tvar Dunk a pohodln\u00e1 podr\u00e1\u017eka zaru\u010duj\u00fa celodenn\u00e9 pohodlie a odolnos\u0165. V\u010faka svojej jednoduchosti, univerz\u00e1lnosti a \u010dist\u00e9mu dizajnu [&hellip;]","og_url":"https:\/\/www.tekkiesstore.cz\/sk\/produkt\/nike-dunk-low-retro-white-black\/","og_site_name":"Tekkies Store","article_publisher":"https:\/\/www.facebook.com\/profile.php?id=100090575808845","article_modified_time":"2025-12-09T12:04:36+00:00","og_image":[{"width":1000,"height":600,"url":"https:\/\/www.tekkiesstore.cz\/wp-content\/uploads\/2023\/10\/nike-dunk-low-retro-white-black-2021-1-1000.png","type":"image\/png"}],"twitter_card":"summary_large_image","twitter_misc":{"Predpokladan\u00fd \u010das \u010d\u00edtania":"1 min\u00fata"},"schema":{"@context":"https:\/\/schema.org","@graph":[{"@type":"WebPage","@id":"https:\/\/www.tekkiesstore.cz\/sk\/produkt\/nike-dunk-low-retro-white-black\/","url":"https:\/\/www.tekkiesstore.cz\/sk\/produkt\/nike-dunk-low-retro-white-black\/","name":"NIKE DUNK LOW PANDA | Tekkies Store","isPartOf":{"@id":"https:\/\/www.tekkiesstore.cz\/#website"},"primaryImageOfPage":{"@id":"https:\/\/www.tekkiesstore.cz\/sk\/produkt\/nike-dunk-low-retro-white-black\/#primaryimage"},"image":{"@id":"https:\/\/www.tekkiesstore.cz\/sk\/produkt\/nike-dunk-low-retro-white-black\/#primaryimage"},"thumbnailUrl":"https:\/\/www.tekkiesstore.cz\/wp-content\/uploads\/2023\/10\/nike-dunk-low-retro-white-black-2021-1-1000.png","datePublished":"2023-10-25T06:51:28+00:00","dateModified":"2025-12-09T12:04:36+00:00","breadcrumb":{"@id":"https:\/\/www.tekkiesstore.cz\/sk\/produkt\/nike-dunk-low-retro-white-black\/#breadcrumb"},"inLanguage":"sk-SK","potentialAction":[{"@type":"ReadAction","target":["https:\/\/www.tekkiesstore.cz\/sk\/produkt\/nike-dunk-low-retro-white-black\/"]}]},{"@type":"ImageObject","inLanguage":"sk-SK","@id":"https:\/\/www.tekkiesstore.cz\/sk\/produkt\/nike-dunk-low-retro-white-black\/#primaryimage","url":"https:\/\/www.tekkiesstore.cz\/wp-content\/uploads\/2023\/10\/nike-dunk-low-retro-white-black-2021-1-1000.png","contentUrl":"https:\/\/www.tekkiesstore.cz\/wp-content\/uploads\/2023\/10\/nike-dunk-low-retro-white-black-2021-1-1000.png","width":1000,"height":600},{"@type":"BreadcrumbList","@id":"https:\/\/www.tekkiesstore.cz\/sk\/produkt\/nike-dunk-low-retro-white-black\/#breadcrumb","itemListElement":[{"@type":"ListItem","position":1,"name":"Home","item":"https:\/\/www.tekkiesstore.cz\/sk\/"},{"@type":"ListItem","position":2,"name":"Produkty","item":"https:\/\/www.tekkiesstore.cz\/obchod\/"},{"@type":"ListItem","position":3,"name":"NIKE DUNK LOW PANDA"}]},{"@type":"WebSite","@id":"https:\/\/www.tekkiesstore.cz\/#website","url":"https:\/\/www.tekkiesstore.cz\/","name":"Tekkies Store","description":"Zna\u010dkov\u00e9 tenisky &amp; oble\u010den\u00ed","publisher":{"@id":"https:\/\/www.tekkiesstore.cz\/#organization"},"potentialAction":[{"@type":"SearchAction","target":{"@type":"EntryPoint","urlTemplate":"https:\/\/www.tekkiesstore.cz\/?s={search_term_string}"},"query-input":{"@type":"PropertyValueSpecification","valueRequired":true,"valueName":"search_term_string"}}],"inLanguage":"sk-SK"},{"@type":"Organization","@id":"https:\/\/www.tekkiesstore.cz\/#organization","name":"Tekkies Store","url":"https:\/\/www.tekkiesstore.cz\/","logo":{"@type":"ImageObject","inLanguage":"sk-SK","@id":"https:\/\/www.tekkiesstore.cz\/#\/schema\/logo\/image\/","url":"https:\/\/www.tekkiesstore.cz\/wp-content\/uploads\/2023\/11\/logo.png","contentUrl":"https:\/\/www.tekkiesstore.cz\/wp-content\/uploads\/2023\/11\/logo.png","width":165,"height":58,"caption":"Tekkies Store"},"image":{"@id":"https:\/\/www.tekkiesstore.cz\/#\/schema\/logo\/image\/"},"sameAs":["https:\/\/www.facebook.com\/profile.php?id=100090575808845"]}]}},"_links":{"self":[{"href":"https:\/\/www.tekkiesstore.cz\/sk\/wp-json\/wp\/v2\/product\/37258","targetHints":{"allow":["GET"]}}],"collection":[{"href":"https:\/\/www.tekkiesstore.cz\/sk\/wp-json\/wp\/v2\/product"}],"about":[{"href":"https:\/\/www.tekkiesstore.cz\/sk\/wp-json\/wp\/v2\/types\/product"}],"wp:featuredmedia":[{"embeddable":true,"href":"https:\/\/www.tekkiesstore.cz\/sk\/wp-json\/wp\/v2\/media\/512"}],"wp:attachment":[{"href":"https:\/\/www.tekkiesstore.cz\/sk\/wp-json\/wp\/v2\/media?parent=37258"}],"wp:term":[{"taxonomy":"product_brand","embeddable":true,"href":"https:\/\/www.tekkiesstore.cz\/sk\/wp-json\/wp\/v2\/product_brand?post=37258"},{"taxonomy":"product_cat","embeddable":true,"href":"https:\/\/www.tekkiesstore.cz\/sk\/wp-json\/wp\/v2\/product_cat?post=37258"},{"taxonomy":"product_tag","embeddable":true,"href":"https:\/\/www.tekkiesstore.cz\/sk\/wp-json\/wp\/v2\/product_tag?post=37258"},{"taxonomy":"woo-feed-brand","embeddable":true,"href":"https:\/\/www.tekkiesstore.cz\/sk\/wp-json\/wp\/v2\/woo-feed-brand?post=37258"}],"curies":[{"name":"wp","href":"https:\/\/api.w.org\/{rel}","templated":true}]}}