{"id":50344,"date":"2024-04-27T14:07:43","date_gmt":"2024-04-27T14:07:43","guid":{"rendered":"https:\/\/www.tekkiesstore.cz\/?post_type=product&#038;p=50344"},"modified":"2025-11-28T12:11:02","modified_gmt":"2025-11-28T12:11:02","slug":"air-jordan-4-retro-hyper-violet-gs","status":"publish","type":"product","link":"https:\/\/www.tekkiesstore.cz\/sk\/produkt\/air-jordan-4-retro-hyper-violet-gs\/","title":{"rendered":"AIR JORDAN 4 RETRO HYPER VIOLET (GS)"},"content":{"rendered":"<div class=\"content-wrapper-in\">\n<p><strong>Jordan 4 Retro Hyper Violet<\/strong> s\u00fa oslniv\u00e9 tenisky pre diev\u010dat\u00e1, ktor\u00e9 kombinuj\u00fa ikonick\u00fd \u0161t\u00fdl Jordan 4 s modern\u00fdm n\u00e1dychom energie. Svoj\u00edm v\u00fdrazn\u00fdm hyper fialov\u00fdm odtie\u0148om pon\u00fakaj\u00fa tieto tenisky odv\u00e1\u017eny, ale sofistikovan\u00fd vzh\u013ead. V\u010faka pohodlnej kon\u0161trukcii a pr\u00e9miov\u00fdm materi\u00e1lom s\u00fa tieto tenisky nielen \u0161t\u00fdlov\u00fdm doplnkom k ak\u00e9muko\u013evek ka\u017edodenn\u00e9mu outfitu, ale aj skvelou vo\u013ebou pre \u0161port a akt\u00edvny \u017eivotn\u00fd \u0161t\u00fdl. Pre v\u0161etky mlad\u00e9 nad\u0161enkyne tenisiek s\u00fa tenisky Jordan 4 Retro Hyper Violet perfektn\u00fdm sp\u00f4sobom, ako vyjadri\u0165 svoj jedine\u010dn\u00fd \u0161t\u00fdl a energiu.<\/p>\n<\/div>\n","protected":false},"excerpt":{"rendered":"<p>Jordan 4 Retro Hyper Violet s\u00fa oslniv\u00e9 tenisky pre diev\u010dat\u00e1, ktor\u00e9 kombinuj\u00fa ikonick\u00fd \u0161t\u00fdl Jordan 4 s modern\u00fdm n\u00e1dychom energie. Svoj\u00edm v\u00fdrazn\u00fdm hyper fialov\u00fdm odtie\u0148om pon\u00fakaj\u00fa tieto tenisky odv\u00e1\u017eny, ale sofistikovan\u00fd vzh\u013ead. V\u010faka pohodlnej kon\u0161trukcii a pr\u00e9miov\u00fdm materi\u00e1lom s\u00fa tieto tenisky nielen \u0161t\u00fdlov\u00fdm doplnkom k ak\u00e9muko\u013evek ka\u017edodenn\u00e9mu outfitu, ale aj skvelou vo\u013ebou pre \u0161port a [&hellip;]<\/p>\n","protected":false},"featured_media":50408,"template":"","meta":{"_acf_changed":false},"product_brand":[],"product_cat":[59,57,58],"product_tag":[],"woo-feed-brand":[],"class_list":{"0":"post-50344","1":"product","2":"type-product","3":"status-publish","4":"has-post-thumbnail","6":"product_cat-tenisky","7":"product_cat-air-jordan","8":"product_cat-air-jordan-4","10":"first","11":"onbackorder","12":"sale","13":"shipping-taxable","14":"purchasable","15":"product-type-variable"},"acf":[],"yoast_head":"<!-- This site is optimized with the Yoast SEO plugin v26.6 - https:\/\/yoast.com\/wordpress\/plugins\/seo\/ -->\n<title>AIR JORDAN 4 RETRO HYPER VIOLET (GS) | Tekkies Store<\/title>\n<meta name=\"robots\" content=\"index, follow, max-snippet:-1, max-image-preview:large, max-video-preview:-1\" \/>\n<link rel=\"canonical\" href=\"https:\/\/www.tekkiesstore.cz\/sk\/produkt\/air-jordan-4-retro-hyper-violet-gs\/\" \/>\n<meta property=\"og:locale\" content=\"sk_SK\" \/>\n<meta property=\"og:type\" content=\"article\" \/>\n<meta property=\"og:title\" content=\"AIR JORDAN 4 RETRO HYPER VIOLET (GS) | Tekkies Store\" \/>\n<meta property=\"og:description\" content=\"Jordan 4 Retro Hyper Violet s\u00fa oslniv\u00e9 tenisky pre diev\u010dat\u00e1, ktor\u00e9 kombinuj\u00fa ikonick\u00fd \u0161t\u00fdl Jordan 4 s modern\u00fdm n\u00e1dychom energie. Svoj\u00edm v\u00fdrazn\u00fdm hyper fialov\u00fdm odtie\u0148om pon\u00fakaj\u00fa tieto tenisky odv\u00e1\u017eny, ale sofistikovan\u00fd vzh\u013ead. V\u010faka pohodlnej kon\u0161trukcii a pr\u00e9miov\u00fdm materi\u00e1lom s\u00fa tieto tenisky nielen \u0161t\u00fdlov\u00fdm doplnkom k ak\u00e9muko\u013evek ka\u017edodenn\u00e9mu outfitu, ale aj skvelou vo\u013ebou pre \u0161port a [&hellip;]\" \/>\n<meta property=\"og:url\" content=\"https:\/\/www.tekkiesstore.cz\/sk\/produkt\/air-jordan-4-retro-hyper-violet-gs\/\" \/>\n<meta property=\"og:site_name\" content=\"Tekkies Store\" \/>\n<meta property=\"article:publisher\" content=\"https:\/\/www.facebook.com\/profile.php?id=100090575808845\" \/>\n<meta property=\"article:modified_time\" content=\"2025-11-28T12:11:02+00:00\" \/>\n<meta property=\"og:image\" content=\"https:\/\/www.tekkiesstore.cz\/wp-content\/uploads\/2024\/04\/11.webp\" \/>\n\t<meta property=\"og:image:width\" content=\"900\" \/>\n\t<meta property=\"og:image:height\" content=\"540\" \/>\n\t<meta property=\"og:image:type\" content=\"image\/webp\" \/>\n<meta name=\"twitter:card\" content=\"summary_large_image\" \/>\n<meta name=\"twitter:label1\" content=\"Predpokladan\u00fd \u010das \u010d\u00edtania\" \/>\n\t<meta name=\"twitter:data1\" content=\"1 min\u00fata\" \/>\n<script type=\"application\/ld+json\" class=\"yoast-schema-graph\">{\"@context\":\"https:\/\/schema.org\",\"@graph\":[{\"@type\":\"WebPage\",\"@id\":\"https:\/\/www.tekkiesstore.cz\/sk\/produkt\/air-jordan-4-retro-hyper-violet-gs\/\",\"url\":\"https:\/\/www.tekkiesstore.cz\/sk\/produkt\/air-jordan-4-retro-hyper-violet-gs\/\",\"name\":\"AIR JORDAN 4 RETRO HYPER VIOLET (GS) | Tekkies Store\",\"isPartOf\":{\"@id\":\"https:\/\/www.tekkiesstore.cz\/#website\"},\"primaryImageOfPage\":{\"@id\":\"https:\/\/www.tekkiesstore.cz\/sk\/produkt\/air-jordan-4-retro-hyper-violet-gs\/#primaryimage\"},\"image\":{\"@id\":\"https:\/\/www.tekkiesstore.cz\/sk\/produkt\/air-jordan-4-retro-hyper-violet-gs\/#primaryimage\"},\"thumbnailUrl\":\"https:\/\/www.tekkiesstore.cz\/wp-content\/uploads\/2024\/04\/11.webp\",\"datePublished\":\"2024-04-27T14:07:43+00:00\",\"dateModified\":\"2025-11-28T12:11:02+00:00\",\"breadcrumb\":{\"@id\":\"https:\/\/www.tekkiesstore.cz\/sk\/produkt\/air-jordan-4-retro-hyper-violet-gs\/#breadcrumb\"},\"inLanguage\":\"sk-SK\",\"potentialAction\":[{\"@type\":\"ReadAction\",\"target\":[\"https:\/\/www.tekkiesstore.cz\/sk\/produkt\/air-jordan-4-retro-hyper-violet-gs\/\"]}]},{\"@type\":\"ImageObject\",\"inLanguage\":\"sk-SK\",\"@id\":\"https:\/\/www.tekkiesstore.cz\/sk\/produkt\/air-jordan-4-retro-hyper-violet-gs\/#primaryimage\",\"url\":\"https:\/\/www.tekkiesstore.cz\/wp-content\/uploads\/2024\/04\/11.webp\",\"contentUrl\":\"https:\/\/www.tekkiesstore.cz\/wp-content\/uploads\/2024\/04\/11.webp\",\"width\":900,\"height\":540},{\"@type\":\"BreadcrumbList\",\"@id\":\"https:\/\/www.tekkiesstore.cz\/sk\/produkt\/air-jordan-4-retro-hyper-violet-gs\/#breadcrumb\",\"itemListElement\":[{\"@type\":\"ListItem\",\"position\":1,\"name\":\"Home\",\"item\":\"https:\/\/www.tekkiesstore.cz\/sk\/\"},{\"@type\":\"ListItem\",\"position\":2,\"name\":\"Produkty\",\"item\":\"https:\/\/www.tekkiesstore.cz\/obchod\/\"},{\"@type\":\"ListItem\",\"position\":3,\"name\":\"AIR JORDAN 4 RETRO HYPER VIOLET (GS)\"}]},{\"@type\":\"WebSite\",\"@id\":\"https:\/\/www.tekkiesstore.cz\/#website\",\"url\":\"https:\/\/www.tekkiesstore.cz\/\",\"name\":\"Tekkies Store\",\"description\":\"Zna\u010dkov\u00e9 tenisky &amp; oble\u010den\u00ed\",\"publisher\":{\"@id\":\"https:\/\/www.tekkiesstore.cz\/#organization\"},\"potentialAction\":[{\"@type\":\"SearchAction\",\"target\":{\"@type\":\"EntryPoint\",\"urlTemplate\":\"https:\/\/www.tekkiesstore.cz\/?s={search_term_string}\"},\"query-input\":{\"@type\":\"PropertyValueSpecification\",\"valueRequired\":true,\"valueName\":\"search_term_string\"}}],\"inLanguage\":\"sk-SK\"},{\"@type\":\"Organization\",\"@id\":\"https:\/\/www.tekkiesstore.cz\/#organization\",\"name\":\"Tekkies Store\",\"url\":\"https:\/\/www.tekkiesstore.cz\/\",\"logo\":{\"@type\":\"ImageObject\",\"inLanguage\":\"sk-SK\",\"@id\":\"https:\/\/www.tekkiesstore.cz\/#\/schema\/logo\/image\/\",\"url\":\"https:\/\/www.tekkiesstore.cz\/wp-content\/uploads\/2023\/11\/logo.png\",\"contentUrl\":\"https:\/\/www.tekkiesstore.cz\/wp-content\/uploads\/2023\/11\/logo.png\",\"width\":165,\"height\":58,\"caption\":\"Tekkies Store\"},\"image\":{\"@id\":\"https:\/\/www.tekkiesstore.cz\/#\/schema\/logo\/image\/\"},\"sameAs\":[\"https:\/\/www.facebook.com\/profile.php?id=100090575808845\"]}]}<\/script>\n<!-- \/ Yoast SEO plugin. -->","yoast_head_json":{"title":"AIR JORDAN 4 RETRO HYPER VIOLET (GS) | Tekkies Store","robots":{"index":"index","follow":"follow","max-snippet":"max-snippet:-1","max-image-preview":"max-image-preview:large","max-video-preview":"max-video-preview:-1"},"canonical":"https:\/\/www.tekkiesstore.cz\/sk\/produkt\/air-jordan-4-retro-hyper-violet-gs\/","og_locale":"sk_SK","og_type":"article","og_title":"AIR JORDAN 4 RETRO HYPER VIOLET (GS) | Tekkies Store","og_description":"Jordan 4 Retro Hyper Violet s\u00fa oslniv\u00e9 tenisky pre diev\u010dat\u00e1, ktor\u00e9 kombinuj\u00fa ikonick\u00fd \u0161t\u00fdl Jordan 4 s modern\u00fdm n\u00e1dychom energie. Svoj\u00edm v\u00fdrazn\u00fdm hyper fialov\u00fdm odtie\u0148om pon\u00fakaj\u00fa tieto tenisky odv\u00e1\u017eny, ale sofistikovan\u00fd vzh\u013ead. V\u010faka pohodlnej kon\u0161trukcii a pr\u00e9miov\u00fdm materi\u00e1lom s\u00fa tieto tenisky nielen \u0161t\u00fdlov\u00fdm doplnkom k ak\u00e9muko\u013evek ka\u017edodenn\u00e9mu outfitu, ale aj skvelou vo\u013ebou pre \u0161port a [&hellip;]","og_url":"https:\/\/www.tekkiesstore.cz\/sk\/produkt\/air-jordan-4-retro-hyper-violet-gs\/","og_site_name":"Tekkies Store","article_publisher":"https:\/\/www.facebook.com\/profile.php?id=100090575808845","article_modified_time":"2025-11-28T12:11:02+00:00","og_image":[{"width":900,"height":540,"url":"https:\/\/www.tekkiesstore.cz\/wp-content\/uploads\/2024\/04\/11.webp","type":"image\/webp"}],"twitter_card":"summary_large_image","twitter_misc":{"Predpokladan\u00fd \u010das \u010d\u00edtania":"1 min\u00fata"},"schema":{"@context":"https:\/\/schema.org","@graph":[{"@type":"WebPage","@id":"https:\/\/www.tekkiesstore.cz\/sk\/produkt\/air-jordan-4-retro-hyper-violet-gs\/","url":"https:\/\/www.tekkiesstore.cz\/sk\/produkt\/air-jordan-4-retro-hyper-violet-gs\/","name":"AIR JORDAN 4 RETRO HYPER VIOLET (GS) | Tekkies Store","isPartOf":{"@id":"https:\/\/www.tekkiesstore.cz\/#website"},"primaryImageOfPage":{"@id":"https:\/\/www.tekkiesstore.cz\/sk\/produkt\/air-jordan-4-retro-hyper-violet-gs\/#primaryimage"},"image":{"@id":"https:\/\/www.tekkiesstore.cz\/sk\/produkt\/air-jordan-4-retro-hyper-violet-gs\/#primaryimage"},"thumbnailUrl":"https:\/\/www.tekkiesstore.cz\/wp-content\/uploads\/2024\/04\/11.webp","datePublished":"2024-04-27T14:07:43+00:00","dateModified":"2025-11-28T12:11:02+00:00","breadcrumb":{"@id":"https:\/\/www.tekkiesstore.cz\/sk\/produkt\/air-jordan-4-retro-hyper-violet-gs\/#breadcrumb"},"inLanguage":"sk-SK","potentialAction":[{"@type":"ReadAction","target":["https:\/\/www.tekkiesstore.cz\/sk\/produkt\/air-jordan-4-retro-hyper-violet-gs\/"]}]},{"@type":"ImageObject","inLanguage":"sk-SK","@id":"https:\/\/www.tekkiesstore.cz\/sk\/produkt\/air-jordan-4-retro-hyper-violet-gs\/#primaryimage","url":"https:\/\/www.tekkiesstore.cz\/wp-content\/uploads\/2024\/04\/11.webp","contentUrl":"https:\/\/www.tekkiesstore.cz\/wp-content\/uploads\/2024\/04\/11.webp","width":900,"height":540},{"@type":"BreadcrumbList","@id":"https:\/\/www.tekkiesstore.cz\/sk\/produkt\/air-jordan-4-retro-hyper-violet-gs\/#breadcrumb","itemListElement":[{"@type":"ListItem","position":1,"name":"Home","item":"https:\/\/www.tekkiesstore.cz\/sk\/"},{"@type":"ListItem","position":2,"name":"Produkty","item":"https:\/\/www.tekkiesstore.cz\/obchod\/"},{"@type":"ListItem","position":3,"name":"AIR JORDAN 4 RETRO HYPER VIOLET (GS)"}]},{"@type":"WebSite","@id":"https:\/\/www.tekkiesstore.cz\/#website","url":"https:\/\/www.tekkiesstore.cz\/","name":"Tekkies Store","description":"Zna\u010dkov\u00e9 tenisky &amp; oble\u010den\u00ed","publisher":{"@id":"https:\/\/www.tekkiesstore.cz\/#organization"},"potentialAction":[{"@type":"SearchAction","target":{"@type":"EntryPoint","urlTemplate":"https:\/\/www.tekkiesstore.cz\/?s={search_term_string}"},"query-input":{"@type":"PropertyValueSpecification","valueRequired":true,"valueName":"search_term_string"}}],"inLanguage":"sk-SK"},{"@type":"Organization","@id":"https:\/\/www.tekkiesstore.cz\/#organization","name":"Tekkies Store","url":"https:\/\/www.tekkiesstore.cz\/","logo":{"@type":"ImageObject","inLanguage":"sk-SK","@id":"https:\/\/www.tekkiesstore.cz\/#\/schema\/logo\/image\/","url":"https:\/\/www.tekkiesstore.cz\/wp-content\/uploads\/2023\/11\/logo.png","contentUrl":"https:\/\/www.tekkiesstore.cz\/wp-content\/uploads\/2023\/11\/logo.png","width":165,"height":58,"caption":"Tekkies Store"},"image":{"@id":"https:\/\/www.tekkiesstore.cz\/#\/schema\/logo\/image\/"},"sameAs":["https:\/\/www.facebook.com\/profile.php?id=100090575808845"]}]}},"_links":{"self":[{"href":"https:\/\/www.tekkiesstore.cz\/sk\/wp-json\/wp\/v2\/product\/50344","targetHints":{"allow":["GET"]}}],"collection":[{"href":"https:\/\/www.tekkiesstore.cz\/sk\/wp-json\/wp\/v2\/product"}],"about":[{"href":"https:\/\/www.tekkiesstore.cz\/sk\/wp-json\/wp\/v2\/types\/product"}],"wp:featuredmedia":[{"embeddable":true,"href":"https:\/\/www.tekkiesstore.cz\/sk\/wp-json\/wp\/v2\/media\/50408"}],"wp:attachment":[{"href":"https:\/\/www.tekkiesstore.cz\/sk\/wp-json\/wp\/v2\/media?parent=50344"}],"wp:term":[{"taxonomy":"product_brand","embeddable":true,"href":"https:\/\/www.tekkiesstore.cz\/sk\/wp-json\/wp\/v2\/product_brand?post=50344"},{"taxonomy":"product_cat","embeddable":true,"href":"https:\/\/www.tekkiesstore.cz\/sk\/wp-json\/wp\/v2\/product_cat?post=50344"},{"taxonomy":"product_tag","embeddable":true,"href":"https:\/\/www.tekkiesstore.cz\/sk\/wp-json\/wp\/v2\/product_tag?post=50344"},{"taxonomy":"woo-feed-brand","embeddable":true,"href":"https:\/\/www.tekkiesstore.cz\/sk\/wp-json\/wp\/v2\/woo-feed-brand?post=50344"}],"curies":[{"name":"wp","href":"https:\/\/api.w.org\/{rel}","templated":true}]}}