{"id":50690,"date":"2024-05-12T10:04:18","date_gmt":"2024-05-12T10:04:18","guid":{"rendered":"https:\/\/www.tekkiesstore.cz\/?post_type=product&#038;p=50690"},"modified":"2025-11-28T11:57:07","modified_gmt":"2025-11-28T11:57:07","slug":"air-jordan-4-military-blue-2024","status":"publish","type":"product","link":"https:\/\/www.tekkiesstore.cz\/sk\/produkt\/air-jordan-4-military-blue-2024\/","title":{"rendered":"AIR JORDAN 4 MILITARY BLUE"},"content":{"rendered":"<p><strong>Air Jordan 4 Retro Military Blue (2024)<\/strong> je \u017eiariv\u00fdm pr\u00edkladom inov\u00e1cie a \u0161t\u00fdlu zna\u010dky Jordan Brand. Vyzna\u010duje sa n\u00e1dhern\u00fdm kr\u00e9mov\u00fdm ko\u017een\u00fdm zvr\u0161kom, ktor\u00fd kontrastuje s v\u00fdraznou vojenskou modrou farbou, ktor\u00e1 je rozpt\u00fdlen\u00e1 po vonkaj\u0161\u00edch kr\u00eddlach, p\u00e4te a \u010dastiach medzipodr\u00e1\u017eky, \u010d\u00edm vytv\u00e1ra disciplinovan\u00fd, ale odv\u00e1\u017eny dizajn. Neutr\u00e1lne siv\u00e9 akcenty na prednej \u010dasti a podr\u00e1\u017eke vyva\u017euj\u00fa estetiku a zd\u00f4raz\u0148uj\u00fa \u010dist\u00e9 l\u00ednie a geometrick\u00e9 tvary tenisiek.<\/p>\n","protected":false},"excerpt":{"rendered":"<p>Air Jordan 4 Retro Military Blue (2024) je \u017eiariv\u00fdm pr\u00edkladom inov\u00e1cie a \u0161t\u00fdlu zna\u010dky Jordan Brand. Vyzna\u010duje sa n\u00e1dhern\u00fdm kr\u00e9mov\u00fdm ko\u017een\u00fdm zvr\u0161kom, ktor\u00fd kontrastuje s v\u00fdraznou vojenskou modrou farbou, ktor\u00e1 je rozpt\u00fdlen\u00e1 po vonkaj\u0161\u00edch kr\u00eddlach, p\u00e4te a \u010dastiach medzipodr\u00e1\u017eky, \u010d\u00edm vytv\u00e1ra disciplinovan\u00fd, ale odv\u00e1\u017eny dizajn. Neutr\u00e1lne siv\u00e9 akcenty na prednej \u010dasti a podr\u00e1\u017eke vyva\u017euj\u00fa estetiku [&hellip;]<\/p>\n","protected":false},"featured_media":51529,"template":"","meta":{"_acf_changed":false},"product_brand":[],"product_cat":[59,57,58],"product_tag":[],"woo-feed-brand":[],"class_list":{"0":"post-50690","1":"product","2":"type-product","3":"status-publish","4":"has-post-thumbnail","6":"product_cat-tenisky","7":"product_cat-air-jordan","8":"product_cat-air-jordan-4","10":"first","11":"onbackorder","12":"sale","13":"shipping-taxable","14":"purchasable","15":"product-type-variable"},"acf":[],"yoast_head":"<!-- This site is optimized with the Yoast SEO plugin v26.6 - https:\/\/yoast.com\/wordpress\/plugins\/seo\/ -->\n<title>AIR JORDAN 4 MILITARY BLUE | Tekkies Store<\/title>\n<meta name=\"robots\" content=\"index, follow, max-snippet:-1, max-image-preview:large, max-video-preview:-1\" \/>\n<link rel=\"canonical\" href=\"https:\/\/www.tekkiesstore.cz\/sk\/produkt\/air-jordan-4-military-blue-2024\/\" \/>\n<meta property=\"og:locale\" content=\"sk_SK\" \/>\n<meta property=\"og:type\" content=\"article\" \/>\n<meta property=\"og:title\" content=\"AIR JORDAN 4 MILITARY BLUE | Tekkies Store\" \/>\n<meta property=\"og:description\" content=\"Air Jordan 4 Retro Military Blue (2024) je \u017eiariv\u00fdm pr\u00edkladom inov\u00e1cie a \u0161t\u00fdlu zna\u010dky Jordan Brand. Vyzna\u010duje sa n\u00e1dhern\u00fdm kr\u00e9mov\u00fdm ko\u017een\u00fdm zvr\u0161kom, ktor\u00fd kontrastuje s v\u00fdraznou vojenskou modrou farbou, ktor\u00e1 je rozpt\u00fdlen\u00e1 po vonkaj\u0161\u00edch kr\u00eddlach, p\u00e4te a \u010dastiach medzipodr\u00e1\u017eky, \u010d\u00edm vytv\u00e1ra disciplinovan\u00fd, ale odv\u00e1\u017eny dizajn. Neutr\u00e1lne siv\u00e9 akcenty na prednej \u010dasti a podr\u00e1\u017eke vyva\u017euj\u00fa estetiku [&hellip;]\" \/>\n<meta property=\"og:url\" content=\"https:\/\/www.tekkiesstore.cz\/sk\/produkt\/air-jordan-4-military-blue-2024\/\" \/>\n<meta property=\"og:site_name\" content=\"Tekkies Store\" \/>\n<meta property=\"article:publisher\" content=\"https:\/\/www.facebook.com\/profile.php?id=100090575808845\" \/>\n<meta property=\"article:modified_time\" content=\"2025-11-28T11:57:07+00:00\" \/>\n<meta property=\"og:image\" content=\"https:\/\/www.tekkiesstore.cz\/wp-content\/uploads\/2024\/05\/2475_mbl1.webp\" \/>\n\t<meta property=\"og:image:width\" content=\"1024\" \/>\n\t<meta property=\"og:image:height\" content=\"768\" \/>\n\t<meta property=\"og:image:type\" content=\"image\/webp\" \/>\n<meta name=\"twitter:card\" content=\"summary_large_image\" \/>\n<meta name=\"twitter:label1\" content=\"Predpokladan\u00fd \u010das \u010d\u00edtania\" \/>\n\t<meta name=\"twitter:data1\" content=\"1 min\u00fata\" \/>\n<script type=\"application\/ld+json\" class=\"yoast-schema-graph\">{\"@context\":\"https:\/\/schema.org\",\"@graph\":[{\"@type\":\"WebPage\",\"@id\":\"https:\/\/www.tekkiesstore.cz\/sk\/produkt\/air-jordan-4-military-blue-2024\/\",\"url\":\"https:\/\/www.tekkiesstore.cz\/sk\/produkt\/air-jordan-4-military-blue-2024\/\",\"name\":\"AIR JORDAN 4 MILITARY BLUE | Tekkies Store\",\"isPartOf\":{\"@id\":\"https:\/\/www.tekkiesstore.cz\/#website\"},\"primaryImageOfPage\":{\"@id\":\"https:\/\/www.tekkiesstore.cz\/sk\/produkt\/air-jordan-4-military-blue-2024\/#primaryimage\"},\"image\":{\"@id\":\"https:\/\/www.tekkiesstore.cz\/sk\/produkt\/air-jordan-4-military-blue-2024\/#primaryimage\"},\"thumbnailUrl\":\"https:\/\/www.tekkiesstore.cz\/wp-content\/uploads\/2024\/05\/2475_mbl1.webp\",\"datePublished\":\"2024-05-12T10:04:18+00:00\",\"dateModified\":\"2025-11-28T11:57:07+00:00\",\"breadcrumb\":{\"@id\":\"https:\/\/www.tekkiesstore.cz\/sk\/produkt\/air-jordan-4-military-blue-2024\/#breadcrumb\"},\"inLanguage\":\"sk-SK\",\"potentialAction\":[{\"@type\":\"ReadAction\",\"target\":[\"https:\/\/www.tekkiesstore.cz\/sk\/produkt\/air-jordan-4-military-blue-2024\/\"]}]},{\"@type\":\"ImageObject\",\"inLanguage\":\"sk-SK\",\"@id\":\"https:\/\/www.tekkiesstore.cz\/sk\/produkt\/air-jordan-4-military-blue-2024\/#primaryimage\",\"url\":\"https:\/\/www.tekkiesstore.cz\/wp-content\/uploads\/2024\/05\/2475_mbl1.webp\",\"contentUrl\":\"https:\/\/www.tekkiesstore.cz\/wp-content\/uploads\/2024\/05\/2475_mbl1.webp\",\"width\":1024,\"height\":768},{\"@type\":\"BreadcrumbList\",\"@id\":\"https:\/\/www.tekkiesstore.cz\/sk\/produkt\/air-jordan-4-military-blue-2024\/#breadcrumb\",\"itemListElement\":[{\"@type\":\"ListItem\",\"position\":1,\"name\":\"Home\",\"item\":\"https:\/\/www.tekkiesstore.cz\/sk\/\"},{\"@type\":\"ListItem\",\"position\":2,\"name\":\"Produkty\",\"item\":\"https:\/\/www.tekkiesstore.cz\/obchod\/\"},{\"@type\":\"ListItem\",\"position\":3,\"name\":\"AIR JORDAN 4 MILITARY BLUE\"}]},{\"@type\":\"WebSite\",\"@id\":\"https:\/\/www.tekkiesstore.cz\/#website\",\"url\":\"https:\/\/www.tekkiesstore.cz\/\",\"name\":\"Tekkies Store\",\"description\":\"Zna\u010dkov\u00e9 tenisky &amp; oble\u010den\u00ed\",\"publisher\":{\"@id\":\"https:\/\/www.tekkiesstore.cz\/#organization\"},\"potentialAction\":[{\"@type\":\"SearchAction\",\"target\":{\"@type\":\"EntryPoint\",\"urlTemplate\":\"https:\/\/www.tekkiesstore.cz\/?s={search_term_string}\"},\"query-input\":{\"@type\":\"PropertyValueSpecification\",\"valueRequired\":true,\"valueName\":\"search_term_string\"}}],\"inLanguage\":\"sk-SK\"},{\"@type\":\"Organization\",\"@id\":\"https:\/\/www.tekkiesstore.cz\/#organization\",\"name\":\"Tekkies Store\",\"url\":\"https:\/\/www.tekkiesstore.cz\/\",\"logo\":{\"@type\":\"ImageObject\",\"inLanguage\":\"sk-SK\",\"@id\":\"https:\/\/www.tekkiesstore.cz\/#\/schema\/logo\/image\/\",\"url\":\"https:\/\/www.tekkiesstore.cz\/wp-content\/uploads\/2023\/11\/logo.png\",\"contentUrl\":\"https:\/\/www.tekkiesstore.cz\/wp-content\/uploads\/2023\/11\/logo.png\",\"width\":165,\"height\":58,\"caption\":\"Tekkies Store\"},\"image\":{\"@id\":\"https:\/\/www.tekkiesstore.cz\/#\/schema\/logo\/image\/\"},\"sameAs\":[\"https:\/\/www.facebook.com\/profile.php?id=100090575808845\"]}]}<\/script>\n<!-- \/ Yoast SEO plugin. -->","yoast_head_json":{"title":"AIR JORDAN 4 MILITARY BLUE | Tekkies Store","robots":{"index":"index","follow":"follow","max-snippet":"max-snippet:-1","max-image-preview":"max-image-preview:large","max-video-preview":"max-video-preview:-1"},"canonical":"https:\/\/www.tekkiesstore.cz\/sk\/produkt\/air-jordan-4-military-blue-2024\/","og_locale":"sk_SK","og_type":"article","og_title":"AIR JORDAN 4 MILITARY BLUE | Tekkies Store","og_description":"Air Jordan 4 Retro Military Blue (2024) je \u017eiariv\u00fdm pr\u00edkladom inov\u00e1cie a \u0161t\u00fdlu zna\u010dky Jordan Brand. Vyzna\u010duje sa n\u00e1dhern\u00fdm kr\u00e9mov\u00fdm ko\u017een\u00fdm zvr\u0161kom, ktor\u00fd kontrastuje s v\u00fdraznou vojenskou modrou farbou, ktor\u00e1 je rozpt\u00fdlen\u00e1 po vonkaj\u0161\u00edch kr\u00eddlach, p\u00e4te a \u010dastiach medzipodr\u00e1\u017eky, \u010d\u00edm vytv\u00e1ra disciplinovan\u00fd, ale odv\u00e1\u017eny dizajn. Neutr\u00e1lne siv\u00e9 akcenty na prednej \u010dasti a podr\u00e1\u017eke vyva\u017euj\u00fa estetiku [&hellip;]","og_url":"https:\/\/www.tekkiesstore.cz\/sk\/produkt\/air-jordan-4-military-blue-2024\/","og_site_name":"Tekkies Store","article_publisher":"https:\/\/www.facebook.com\/profile.php?id=100090575808845","article_modified_time":"2025-11-28T11:57:07+00:00","og_image":[{"width":1024,"height":768,"url":"https:\/\/www.tekkiesstore.cz\/wp-content\/uploads\/2024\/05\/2475_mbl1.webp","type":"image\/webp"}],"twitter_card":"summary_large_image","twitter_misc":{"Predpokladan\u00fd \u010das \u010d\u00edtania":"1 min\u00fata"},"schema":{"@context":"https:\/\/schema.org","@graph":[{"@type":"WebPage","@id":"https:\/\/www.tekkiesstore.cz\/sk\/produkt\/air-jordan-4-military-blue-2024\/","url":"https:\/\/www.tekkiesstore.cz\/sk\/produkt\/air-jordan-4-military-blue-2024\/","name":"AIR JORDAN 4 MILITARY BLUE | Tekkies Store","isPartOf":{"@id":"https:\/\/www.tekkiesstore.cz\/#website"},"primaryImageOfPage":{"@id":"https:\/\/www.tekkiesstore.cz\/sk\/produkt\/air-jordan-4-military-blue-2024\/#primaryimage"},"image":{"@id":"https:\/\/www.tekkiesstore.cz\/sk\/produkt\/air-jordan-4-military-blue-2024\/#primaryimage"},"thumbnailUrl":"https:\/\/www.tekkiesstore.cz\/wp-content\/uploads\/2024\/05\/2475_mbl1.webp","datePublished":"2024-05-12T10:04:18+00:00","dateModified":"2025-11-28T11:57:07+00:00","breadcrumb":{"@id":"https:\/\/www.tekkiesstore.cz\/sk\/produkt\/air-jordan-4-military-blue-2024\/#breadcrumb"},"inLanguage":"sk-SK","potentialAction":[{"@type":"ReadAction","target":["https:\/\/www.tekkiesstore.cz\/sk\/produkt\/air-jordan-4-military-blue-2024\/"]}]},{"@type":"ImageObject","inLanguage":"sk-SK","@id":"https:\/\/www.tekkiesstore.cz\/sk\/produkt\/air-jordan-4-military-blue-2024\/#primaryimage","url":"https:\/\/www.tekkiesstore.cz\/wp-content\/uploads\/2024\/05\/2475_mbl1.webp","contentUrl":"https:\/\/www.tekkiesstore.cz\/wp-content\/uploads\/2024\/05\/2475_mbl1.webp","width":1024,"height":768},{"@type":"BreadcrumbList","@id":"https:\/\/www.tekkiesstore.cz\/sk\/produkt\/air-jordan-4-military-blue-2024\/#breadcrumb","itemListElement":[{"@type":"ListItem","position":1,"name":"Home","item":"https:\/\/www.tekkiesstore.cz\/sk\/"},{"@type":"ListItem","position":2,"name":"Produkty","item":"https:\/\/www.tekkiesstore.cz\/obchod\/"},{"@type":"ListItem","position":3,"name":"AIR JORDAN 4 MILITARY BLUE"}]},{"@type":"WebSite","@id":"https:\/\/www.tekkiesstore.cz\/#website","url":"https:\/\/www.tekkiesstore.cz\/","name":"Tekkies Store","description":"Zna\u010dkov\u00e9 tenisky &amp; oble\u010den\u00ed","publisher":{"@id":"https:\/\/www.tekkiesstore.cz\/#organization"},"potentialAction":[{"@type":"SearchAction","target":{"@type":"EntryPoint","urlTemplate":"https:\/\/www.tekkiesstore.cz\/?s={search_term_string}"},"query-input":{"@type":"PropertyValueSpecification","valueRequired":true,"valueName":"search_term_string"}}],"inLanguage":"sk-SK"},{"@type":"Organization","@id":"https:\/\/www.tekkiesstore.cz\/#organization","name":"Tekkies Store","url":"https:\/\/www.tekkiesstore.cz\/","logo":{"@type":"ImageObject","inLanguage":"sk-SK","@id":"https:\/\/www.tekkiesstore.cz\/#\/schema\/logo\/image\/","url":"https:\/\/www.tekkiesstore.cz\/wp-content\/uploads\/2023\/11\/logo.png","contentUrl":"https:\/\/www.tekkiesstore.cz\/wp-content\/uploads\/2023\/11\/logo.png","width":165,"height":58,"caption":"Tekkies Store"},"image":{"@id":"https:\/\/www.tekkiesstore.cz\/#\/schema\/logo\/image\/"},"sameAs":["https:\/\/www.facebook.com\/profile.php?id=100090575808845"]}]}},"_links":{"self":[{"href":"https:\/\/www.tekkiesstore.cz\/sk\/wp-json\/wp\/v2\/product\/50690","targetHints":{"allow":["GET"]}}],"collection":[{"href":"https:\/\/www.tekkiesstore.cz\/sk\/wp-json\/wp\/v2\/product"}],"about":[{"href":"https:\/\/www.tekkiesstore.cz\/sk\/wp-json\/wp\/v2\/types\/product"}],"wp:featuredmedia":[{"embeddable":true,"href":"https:\/\/www.tekkiesstore.cz\/sk\/wp-json\/wp\/v2\/media\/51529"}],"wp:attachment":[{"href":"https:\/\/www.tekkiesstore.cz\/sk\/wp-json\/wp\/v2\/media?parent=50690"}],"wp:term":[{"taxonomy":"product_brand","embeddable":true,"href":"https:\/\/www.tekkiesstore.cz\/sk\/wp-json\/wp\/v2\/product_brand?post=50690"},{"taxonomy":"product_cat","embeddable":true,"href":"https:\/\/www.tekkiesstore.cz\/sk\/wp-json\/wp\/v2\/product_cat?post=50690"},{"taxonomy":"product_tag","embeddable":true,"href":"https:\/\/www.tekkiesstore.cz\/sk\/wp-json\/wp\/v2\/product_tag?post=50690"},{"taxonomy":"woo-feed-brand","embeddable":true,"href":"https:\/\/www.tekkiesstore.cz\/sk\/wp-json\/wp\/v2\/woo-feed-brand?post=50690"}],"curies":[{"name":"wp","href":"https:\/\/api.w.org\/{rel}","templated":true}]}}