{"id":76294,"date":"2025-04-19T00:13:52","date_gmt":"2025-04-19T00:13:52","guid":{"rendered":"https:\/\/www.tekkiesstore.cz\/?post_type=product&#038;p=76294"},"modified":"2025-11-21T10:03:58","modified_gmt":"2025-11-21T10:03:58","slug":"air-jordan-4-retro-sb-navy","status":"publish","type":"product","link":"https:\/\/www.tekkiesstore.cz\/sk\/produkt\/air-jordan-4-retro-sb-navy\/","title":{"rendered":"AIR JORDAN 4 RETRO SB NAVY"},"content":{"rendered":"<p class=\"\" data-start=\"108\" data-end=\"471\">Objavte legend\u00e1rny \u0161t\u00fdl s teniskami <strong>Air Jordan 4 Retro SB Navy<\/strong>, ktor\u00e9 kombinuj\u00fa ikonick\u00fd dizajn Air Jordan 4 s prvkami skateboardovej s\u00e9rie SB. Pr\u00e9miov\u00e9 materi\u00e1ly, tmavomodr\u00e9 t\u00f3ny a pohodln\u00e9 odpru\u017eenie z nich robia dokonal\u00fa vo\u013ebu na ulicu aj na dosku. Limitovan\u00e1 ed\u00edcia, ktor\u00e1 oslov\u00ed nielen sneakerheads.<\/p>\n","protected":false},"excerpt":{"rendered":"<p>Objavte legend\u00e1rny \u0161t\u00fdl s teniskami Air Jordan 4 Retro SB Navy, ktor\u00e9 kombinuj\u00fa ikonick\u00fd dizajn Air Jordan 4 s prvkami skateboardovej s\u00e9rie SB. Pr\u00e9miov\u00e9 materi\u00e1ly, tmavomodr\u00e9 t\u00f3ny a pohodln\u00e9 odpru\u017eenie z nich robia dokonal\u00fa vo\u013ebu na ulicu aj na dosku. Limitovan\u00e1 ed\u00edcia, ktor\u00e1 oslov\u00ed nielen sneakerheads.<\/p>\n","protected":false},"featured_media":76315,"template":"","meta":{"_acf_changed":false},"product_brand":[],"product_cat":[59,57,58],"product_tag":[],"woo-feed-brand":[],"class_list":{"0":"post-76294","1":"product","2":"type-product","3":"status-publish","4":"has-post-thumbnail","6":"product_cat-tenisky","7":"product_cat-air-jordan","8":"product_cat-air-jordan-4","10":"first","11":"onbackorder","12":"shipping-taxable","13":"purchasable","14":"product-type-variable"},"acf":[],"yoast_head":"<!-- This site is optimized with the Yoast SEO plugin v26.6 - https:\/\/yoast.com\/wordpress\/plugins\/seo\/ -->\n<title>AIR JORDAN 4 RETRO SB NAVY | Tekkies Store<\/title>\n<meta name=\"robots\" content=\"index, follow, max-snippet:-1, max-image-preview:large, max-video-preview:-1\" \/>\n<link rel=\"canonical\" href=\"https:\/\/www.tekkiesstore.cz\/sk\/produkt\/air-jordan-4-retro-sb-navy\/\" \/>\n<meta property=\"og:locale\" content=\"sk_SK\" \/>\n<meta property=\"og:type\" content=\"article\" \/>\n<meta property=\"og:title\" content=\"AIR JORDAN 4 RETRO SB NAVY | Tekkies Store\" \/>\n<meta property=\"og:description\" content=\"Objavte legend\u00e1rny \u0161t\u00fdl s teniskami Air Jordan 4 Retro SB Navy, ktor\u00e9 kombinuj\u00fa ikonick\u00fd dizajn Air Jordan 4 s prvkami skateboardovej s\u00e9rie SB. Pr\u00e9miov\u00e9 materi\u00e1ly, tmavomodr\u00e9 t\u00f3ny a pohodln\u00e9 odpru\u017eenie z nich robia dokonal\u00fa vo\u013ebu na ulicu aj na dosku. Limitovan\u00e1 ed\u00edcia, ktor\u00e1 oslov\u00ed nielen sneakerheads.\" \/>\n<meta property=\"og:url\" content=\"https:\/\/www.tekkiesstore.cz\/sk\/produkt\/air-jordan-4-retro-sb-navy\/\" \/>\n<meta property=\"og:site_name\" content=\"Tekkies Store\" \/>\n<meta property=\"article:publisher\" content=\"https:\/\/www.facebook.com\/profile.php?id=100090575808845\" \/>\n<meta property=\"article:modified_time\" content=\"2025-11-21T10:03:58+00:00\" \/>\n<meta property=\"og:image\" content=\"https:\/\/www.tekkiesstore.cz\/wp-content\/uploads\/2025\/04\/Jordan-4-Retro-SB-Navy.webp\" \/>\n\t<meta property=\"og:image:width\" content=\"823\" \/>\n\t<meta property=\"og:image:height\" content=\"494\" \/>\n\t<meta property=\"og:image:type\" content=\"image\/webp\" \/>\n<meta name=\"twitter:card\" content=\"summary_large_image\" \/>\n<meta name=\"twitter:label1\" content=\"Predpokladan\u00fd \u010das \u010d\u00edtania\" \/>\n\t<meta name=\"twitter:data1\" content=\"1 min\u00fata\" \/>\n<script type=\"application\/ld+json\" class=\"yoast-schema-graph\">{\"@context\":\"https:\/\/schema.org\",\"@graph\":[{\"@type\":\"WebPage\",\"@id\":\"https:\/\/www.tekkiesstore.cz\/sk\/produkt\/air-jordan-4-retro-sb-navy\/\",\"url\":\"https:\/\/www.tekkiesstore.cz\/sk\/produkt\/air-jordan-4-retro-sb-navy\/\",\"name\":\"AIR JORDAN 4 RETRO SB NAVY | Tekkies Store\",\"isPartOf\":{\"@id\":\"https:\/\/www.tekkiesstore.cz\/#website\"},\"primaryImageOfPage\":{\"@id\":\"https:\/\/www.tekkiesstore.cz\/sk\/produkt\/air-jordan-4-retro-sb-navy\/#primaryimage\"},\"image\":{\"@id\":\"https:\/\/www.tekkiesstore.cz\/sk\/produkt\/air-jordan-4-retro-sb-navy\/#primaryimage\"},\"thumbnailUrl\":\"https:\/\/www.tekkiesstore.cz\/wp-content\/uploads\/2025\/04\/Jordan-4-Retro-SB-Navy.webp\",\"datePublished\":\"2025-04-19T00:13:52+00:00\",\"dateModified\":\"2025-11-21T10:03:58+00:00\",\"breadcrumb\":{\"@id\":\"https:\/\/www.tekkiesstore.cz\/sk\/produkt\/air-jordan-4-retro-sb-navy\/#breadcrumb\"},\"inLanguage\":\"sk-SK\",\"potentialAction\":[{\"@type\":\"ReadAction\",\"target\":[\"https:\/\/www.tekkiesstore.cz\/sk\/produkt\/air-jordan-4-retro-sb-navy\/\"]}]},{\"@type\":\"ImageObject\",\"inLanguage\":\"sk-SK\",\"@id\":\"https:\/\/www.tekkiesstore.cz\/sk\/produkt\/air-jordan-4-retro-sb-navy\/#primaryimage\",\"url\":\"https:\/\/www.tekkiesstore.cz\/wp-content\/uploads\/2025\/04\/Jordan-4-Retro-SB-Navy.webp\",\"contentUrl\":\"https:\/\/www.tekkiesstore.cz\/wp-content\/uploads\/2025\/04\/Jordan-4-Retro-SB-Navy.webp\",\"width\":823,\"height\":494,\"caption\":\"Jordan 4 Retro SB Navy\"},{\"@type\":\"BreadcrumbList\",\"@id\":\"https:\/\/www.tekkiesstore.cz\/sk\/produkt\/air-jordan-4-retro-sb-navy\/#breadcrumb\",\"itemListElement\":[{\"@type\":\"ListItem\",\"position\":1,\"name\":\"Home\",\"item\":\"https:\/\/www.tekkiesstore.cz\/sk\/\"},{\"@type\":\"ListItem\",\"position\":2,\"name\":\"Produkty\",\"item\":\"https:\/\/www.tekkiesstore.cz\/obchod\/\"},{\"@type\":\"ListItem\",\"position\":3,\"name\":\"AIR JORDAN 4 RETRO SB NAVY\"}]},{\"@type\":\"WebSite\",\"@id\":\"https:\/\/www.tekkiesstore.cz\/#website\",\"url\":\"https:\/\/www.tekkiesstore.cz\/\",\"name\":\"Tekkies Store\",\"description\":\"Zna\u010dkov\u00e9 tenisky &amp; oble\u010den\u00ed\",\"publisher\":{\"@id\":\"https:\/\/www.tekkiesstore.cz\/#organization\"},\"potentialAction\":[{\"@type\":\"SearchAction\",\"target\":{\"@type\":\"EntryPoint\",\"urlTemplate\":\"https:\/\/www.tekkiesstore.cz\/?s={search_term_string}\"},\"query-input\":{\"@type\":\"PropertyValueSpecification\",\"valueRequired\":true,\"valueName\":\"search_term_string\"}}],\"inLanguage\":\"sk-SK\"},{\"@type\":\"Organization\",\"@id\":\"https:\/\/www.tekkiesstore.cz\/#organization\",\"name\":\"Tekkies Store\",\"url\":\"https:\/\/www.tekkiesstore.cz\/\",\"logo\":{\"@type\":\"ImageObject\",\"inLanguage\":\"sk-SK\",\"@id\":\"https:\/\/www.tekkiesstore.cz\/#\/schema\/logo\/image\/\",\"url\":\"https:\/\/www.tekkiesstore.cz\/wp-content\/uploads\/2023\/11\/logo.png\",\"contentUrl\":\"https:\/\/www.tekkiesstore.cz\/wp-content\/uploads\/2023\/11\/logo.png\",\"width\":165,\"height\":58,\"caption\":\"Tekkies Store\"},\"image\":{\"@id\":\"https:\/\/www.tekkiesstore.cz\/#\/schema\/logo\/image\/\"},\"sameAs\":[\"https:\/\/www.facebook.com\/profile.php?id=100090575808845\"]}]}<\/script>\n<!-- \/ Yoast SEO plugin. -->","yoast_head_json":{"title":"AIR JORDAN 4 RETRO SB NAVY | Tekkies Store","robots":{"index":"index","follow":"follow","max-snippet":"max-snippet:-1","max-image-preview":"max-image-preview:large","max-video-preview":"max-video-preview:-1"},"canonical":"https:\/\/www.tekkiesstore.cz\/sk\/produkt\/air-jordan-4-retro-sb-navy\/","og_locale":"sk_SK","og_type":"article","og_title":"AIR JORDAN 4 RETRO SB NAVY | Tekkies Store","og_description":"Objavte legend\u00e1rny \u0161t\u00fdl s teniskami Air Jordan 4 Retro SB Navy, ktor\u00e9 kombinuj\u00fa ikonick\u00fd dizajn Air Jordan 4 s prvkami skateboardovej s\u00e9rie SB. Pr\u00e9miov\u00e9 materi\u00e1ly, tmavomodr\u00e9 t\u00f3ny a pohodln\u00e9 odpru\u017eenie z nich robia dokonal\u00fa vo\u013ebu na ulicu aj na dosku. Limitovan\u00e1 ed\u00edcia, ktor\u00e1 oslov\u00ed nielen sneakerheads.","og_url":"https:\/\/www.tekkiesstore.cz\/sk\/produkt\/air-jordan-4-retro-sb-navy\/","og_site_name":"Tekkies Store","article_publisher":"https:\/\/www.facebook.com\/profile.php?id=100090575808845","article_modified_time":"2025-11-21T10:03:58+00:00","og_image":[{"width":823,"height":494,"url":"https:\/\/www.tekkiesstore.cz\/wp-content\/uploads\/2025\/04\/Jordan-4-Retro-SB-Navy.webp","type":"image\/webp"}],"twitter_card":"summary_large_image","twitter_misc":{"Predpokladan\u00fd \u010das \u010d\u00edtania":"1 min\u00fata"},"schema":{"@context":"https:\/\/schema.org","@graph":[{"@type":"WebPage","@id":"https:\/\/www.tekkiesstore.cz\/sk\/produkt\/air-jordan-4-retro-sb-navy\/","url":"https:\/\/www.tekkiesstore.cz\/sk\/produkt\/air-jordan-4-retro-sb-navy\/","name":"AIR JORDAN 4 RETRO SB NAVY | Tekkies Store","isPartOf":{"@id":"https:\/\/www.tekkiesstore.cz\/#website"},"primaryImageOfPage":{"@id":"https:\/\/www.tekkiesstore.cz\/sk\/produkt\/air-jordan-4-retro-sb-navy\/#primaryimage"},"image":{"@id":"https:\/\/www.tekkiesstore.cz\/sk\/produkt\/air-jordan-4-retro-sb-navy\/#primaryimage"},"thumbnailUrl":"https:\/\/www.tekkiesstore.cz\/wp-content\/uploads\/2025\/04\/Jordan-4-Retro-SB-Navy.webp","datePublished":"2025-04-19T00:13:52+00:00","dateModified":"2025-11-21T10:03:58+00:00","breadcrumb":{"@id":"https:\/\/www.tekkiesstore.cz\/sk\/produkt\/air-jordan-4-retro-sb-navy\/#breadcrumb"},"inLanguage":"sk-SK","potentialAction":[{"@type":"ReadAction","target":["https:\/\/www.tekkiesstore.cz\/sk\/produkt\/air-jordan-4-retro-sb-navy\/"]}]},{"@type":"ImageObject","inLanguage":"sk-SK","@id":"https:\/\/www.tekkiesstore.cz\/sk\/produkt\/air-jordan-4-retro-sb-navy\/#primaryimage","url":"https:\/\/www.tekkiesstore.cz\/wp-content\/uploads\/2025\/04\/Jordan-4-Retro-SB-Navy.webp","contentUrl":"https:\/\/www.tekkiesstore.cz\/wp-content\/uploads\/2025\/04\/Jordan-4-Retro-SB-Navy.webp","width":823,"height":494,"caption":"Jordan 4 Retro SB Navy"},{"@type":"BreadcrumbList","@id":"https:\/\/www.tekkiesstore.cz\/sk\/produkt\/air-jordan-4-retro-sb-navy\/#breadcrumb","itemListElement":[{"@type":"ListItem","position":1,"name":"Home","item":"https:\/\/www.tekkiesstore.cz\/sk\/"},{"@type":"ListItem","position":2,"name":"Produkty","item":"https:\/\/www.tekkiesstore.cz\/obchod\/"},{"@type":"ListItem","position":3,"name":"AIR JORDAN 4 RETRO SB NAVY"}]},{"@type":"WebSite","@id":"https:\/\/www.tekkiesstore.cz\/#website","url":"https:\/\/www.tekkiesstore.cz\/","name":"Tekkies Store","description":"Zna\u010dkov\u00e9 tenisky &amp; oble\u010den\u00ed","publisher":{"@id":"https:\/\/www.tekkiesstore.cz\/#organization"},"potentialAction":[{"@type":"SearchAction","target":{"@type":"EntryPoint","urlTemplate":"https:\/\/www.tekkiesstore.cz\/?s={search_term_string}"},"query-input":{"@type":"PropertyValueSpecification","valueRequired":true,"valueName":"search_term_string"}}],"inLanguage":"sk-SK"},{"@type":"Organization","@id":"https:\/\/www.tekkiesstore.cz\/#organization","name":"Tekkies Store","url":"https:\/\/www.tekkiesstore.cz\/","logo":{"@type":"ImageObject","inLanguage":"sk-SK","@id":"https:\/\/www.tekkiesstore.cz\/#\/schema\/logo\/image\/","url":"https:\/\/www.tekkiesstore.cz\/wp-content\/uploads\/2023\/11\/logo.png","contentUrl":"https:\/\/www.tekkiesstore.cz\/wp-content\/uploads\/2023\/11\/logo.png","width":165,"height":58,"caption":"Tekkies Store"},"image":{"@id":"https:\/\/www.tekkiesstore.cz\/#\/schema\/logo\/image\/"},"sameAs":["https:\/\/www.facebook.com\/profile.php?id=100090575808845"]}]}},"_links":{"self":[{"href":"https:\/\/www.tekkiesstore.cz\/sk\/wp-json\/wp\/v2\/product\/76294","targetHints":{"allow":["GET"]}}],"collection":[{"href":"https:\/\/www.tekkiesstore.cz\/sk\/wp-json\/wp\/v2\/product"}],"about":[{"href":"https:\/\/www.tekkiesstore.cz\/sk\/wp-json\/wp\/v2\/types\/product"}],"wp:featuredmedia":[{"embeddable":true,"href":"https:\/\/www.tekkiesstore.cz\/sk\/wp-json\/wp\/v2\/media\/76315"}],"wp:attachment":[{"href":"https:\/\/www.tekkiesstore.cz\/sk\/wp-json\/wp\/v2\/media?parent=76294"}],"wp:term":[{"taxonomy":"product_brand","embeddable":true,"href":"https:\/\/www.tekkiesstore.cz\/sk\/wp-json\/wp\/v2\/product_brand?post=76294"},{"taxonomy":"product_cat","embeddable":true,"href":"https:\/\/www.tekkiesstore.cz\/sk\/wp-json\/wp\/v2\/product_cat?post=76294"},{"taxonomy":"product_tag","embeddable":true,"href":"https:\/\/www.tekkiesstore.cz\/sk\/wp-json\/wp\/v2\/product_tag?post=76294"},{"taxonomy":"woo-feed-brand","embeddable":true,"href":"https:\/\/www.tekkiesstore.cz\/sk\/wp-json\/wp\/v2\/woo-feed-brand?post=76294"}],"curies":[{"name":"wp","href":"https:\/\/api.w.org\/{rel}","templated":true}]}}