{"id":78509,"date":"2025-10-17T17:39:52","date_gmt":"2025-10-17T17:39:52","guid":{"rendered":"https:\/\/www.tekkiesstore.cz\/?post_type=product&#038;p=78509"},"modified":"2026-04-26T09:29:48","modified_gmt":"2026-04-26T09:29:48","slug":"nike-air-max-plus-triple-black","status":"publish","type":"product","link":"https:\/\/www.tekkiesstore.cz\/sk\/produkt\/nike-air-max-plus-triple-black\/","title":{"rendered":"NIKE AIR MAX PLUS TRIPLE BLACK"},"content":{"rendered":"<p><strong>Nike Air Max TN Plus Triple Black<\/strong> sa vyzna\u010duje ikonick\u00fdm celo\u010diernym dizajnom, ktor\u00fd dokonale dop\u013a\u0148a ak\u00e9ko\u013evek streetwearov\u00e9 oble\u010denie. Priedu\u0161n\u00fd syntetick\u00fd zvr\u0161ok s TPU v\u00fdstu\u017eami a zosilnenou \u0161pi\u010dkou zais\u0165uje odolnos\u0165 a pohodlie pri ka\u017edodennom nosen\u00ed. V\u010faka technol\u00f3gi\u00e1m <strong>Tuned Air<\/strong> a <strong>Max Air<\/strong> v medzipodr\u00e1\u017eke pon\u00faka model <strong>Nike Air Max TN Plus Triple Black<\/strong> skvel\u00e9 odpru\u017eenie, stabilitu a maxim\u00e1lne pohodlie.<\/p>\n","protected":false},"excerpt":{"rendered":"<p>Nike Air Max TN Plus Triple Black sa vyzna\u010duje ikonick\u00fdm celo\u010diernym dizajnom, ktor\u00fd dokonale dop\u013a\u0148a ak\u00e9ko\u013evek streetwearov\u00e9 oble\u010denie. Priedu\u0161n\u00fd syntetick\u00fd zvr\u0161ok s TPU v\u00fdstu\u017eami a zosilnenou \u0161pi\u010dkou zais\u0165uje odolnos\u0165 a pohodlie pri ka\u017edodennom nosen\u00ed. V\u010faka technol\u00f3gi\u00e1m Tuned Air a Max Air v medzipodr\u00e1\u017eke pon\u00faka model Nike Air Max TN Plus Triple Black skvel\u00e9 odpru\u017eenie, stabilitu [&hellip;]<\/p>\n","protected":false},"featured_media":78530,"template":"","meta":{"_acf_changed":false},"product_brand":[],"product_cat":[59,325,563],"product_tag":[],"woo-feed-brand":[532],"class_list":{"0":"post-78509","1":"product","2":"type-product","3":"status-publish","4":"has-post-thumbnail","6":"product_cat-tenisky","7":"product_cat-nike","8":"product_cat-nike-air-max","9":"woo-feed-brand--nejoblibenejsi","11":"first","12":"onbackorder","13":"shipping-taxable","14":"purchasable","15":"product-type-variable"},"acf":[],"yoast_head":"<!-- This site is optimized with the Yoast SEO plugin v26.6 - https:\/\/yoast.com\/wordpress\/plugins\/seo\/ -->\n<title>Nike Air Max TN Plus Triple Black | Tekkies Store<\/title>\n<meta name=\"description\" content=\"Nike Air Max TN Plus Triple Black \u2013 ikonick\u00e9 \u010dern\u00e9 tenisky s technologi\u00ed Tuned Air pro maxim\u00e1ln\u00ed pohodl\u00ed a streetwear styl.\" \/>\n<meta name=\"robots\" content=\"index, follow, max-snippet:-1, max-image-preview:large, max-video-preview:-1\" \/>\n<link rel=\"canonical\" href=\"https:\/\/www.tekkiesstore.cz\/sk\/produkt\/nike-air-max-plus-triple-black\/\" \/>\n<meta property=\"og:locale\" content=\"sk_SK\" \/>\n<meta property=\"og:type\" content=\"article\" \/>\n<meta property=\"og:title\" content=\"Nike Air Max TN Plus Triple Black | Tekkies Store\" \/>\n<meta property=\"og:description\" content=\"Nike Air Max TN Plus Triple Black \u2013 ikonick\u00e9 \u010dern\u00e9 tenisky s technologi\u00ed Tuned Air pro maxim\u00e1ln\u00ed pohodl\u00ed a streetwear styl.\" \/>\n<meta property=\"og:url\" content=\"https:\/\/www.tekkiesstore.cz\/sk\/produkt\/nike-air-max-plus-triple-black\/\" \/>\n<meta property=\"og:site_name\" content=\"Tekkies Store\" \/>\n<meta property=\"article:publisher\" content=\"https:\/\/www.facebook.com\/profile.php?id=100090575808845\" \/>\n<meta property=\"article:modified_time\" content=\"2026-04-26T09:29:48+00:00\" \/>\n<meta property=\"og:image\" content=\"https:\/\/www.tekkiesstore.cz\/wp-content\/uploads\/2025\/10\/Nike-Air-Max-Tn-Plus-Triple-Black.webp\" \/>\n\t<meta property=\"og:image:width\" content=\"1000\" \/>\n\t<meta property=\"og:image:height\" content=\"600\" \/>\n\t<meta property=\"og:image:type\" content=\"image\/webp\" \/>\n<meta name=\"twitter:card\" content=\"summary_large_image\" \/>\n<meta name=\"twitter:label1\" content=\"Predpokladan\u00fd \u010das \u010d\u00edtania\" \/>\n\t<meta name=\"twitter:data1\" content=\"1 min\u00fata\" \/>\n<script type=\"application\/ld+json\" class=\"yoast-schema-graph\">{\"@context\":\"https:\/\/schema.org\",\"@graph\":[{\"@type\":\"WebPage\",\"@id\":\"https:\/\/www.tekkiesstore.cz\/sk\/produkt\/nike-air-max-plus-triple-black\/\",\"url\":\"https:\/\/www.tekkiesstore.cz\/sk\/produkt\/nike-air-max-plus-triple-black\/\",\"name\":\"Nike Air Max TN Plus Triple Black | Tekkies Store\",\"isPartOf\":{\"@id\":\"https:\/\/www.tekkiesstore.cz\/#website\"},\"primaryImageOfPage\":{\"@id\":\"https:\/\/www.tekkiesstore.cz\/sk\/produkt\/nike-air-max-plus-triple-black\/#primaryimage\"},\"image\":{\"@id\":\"https:\/\/www.tekkiesstore.cz\/sk\/produkt\/nike-air-max-plus-triple-black\/#primaryimage\"},\"thumbnailUrl\":\"https:\/\/www.tekkiesstore.cz\/wp-content\/uploads\/2025\/10\/Nike-Air-Max-Tn-Plus-Triple-Black.webp\",\"datePublished\":\"2025-10-17T17:39:52+00:00\",\"dateModified\":\"2026-04-26T09:29:48+00:00\",\"description\":\"Nike Air Max TN Plus Triple Black \u2013 ikonick\u00e9 \u010dern\u00e9 tenisky s technologi\u00ed Tuned Air pro maxim\u00e1ln\u00ed pohodl\u00ed a streetwear styl.\",\"breadcrumb\":{\"@id\":\"https:\/\/www.tekkiesstore.cz\/sk\/produkt\/nike-air-max-plus-triple-black\/#breadcrumb\"},\"inLanguage\":\"sk-SK\",\"potentialAction\":[{\"@type\":\"ReadAction\",\"target\":[\"https:\/\/www.tekkiesstore.cz\/sk\/produkt\/nike-air-max-plus-triple-black\/\"]}]},{\"@type\":\"ImageObject\",\"inLanguage\":\"sk-SK\",\"@id\":\"https:\/\/www.tekkiesstore.cz\/sk\/produkt\/nike-air-max-plus-triple-black\/#primaryimage\",\"url\":\"https:\/\/www.tekkiesstore.cz\/wp-content\/uploads\/2025\/10\/Nike-Air-Max-Tn-Plus-Triple-Black.webp\",\"contentUrl\":\"https:\/\/www.tekkiesstore.cz\/wp-content\/uploads\/2025\/10\/Nike-Air-Max-Tn-Plus-Triple-Black.webp\",\"width\":1000,\"height\":600,\"caption\":\"Nike Air Max Tn Plus Triple Black\"},{\"@type\":\"BreadcrumbList\",\"@id\":\"https:\/\/www.tekkiesstore.cz\/sk\/produkt\/nike-air-max-plus-triple-black\/#breadcrumb\",\"itemListElement\":[{\"@type\":\"ListItem\",\"position\":1,\"name\":\"Home\",\"item\":\"https:\/\/www.tekkiesstore.cz\/sk\/\"},{\"@type\":\"ListItem\",\"position\":2,\"name\":\"Produkty\",\"item\":\"https:\/\/www.tekkiesstore.cz\/obchod\/\"},{\"@type\":\"ListItem\",\"position\":3,\"name\":\"NIKE AIR MAX PLUS TRIPLE BLACK\"}]},{\"@type\":\"WebSite\",\"@id\":\"https:\/\/www.tekkiesstore.cz\/#website\",\"url\":\"https:\/\/www.tekkiesstore.cz\/\",\"name\":\"Tekkies Store\",\"description\":\"Zna\u010dkov\u00e9 tenisky &amp; oble\u010den\u00ed\",\"publisher\":{\"@id\":\"https:\/\/www.tekkiesstore.cz\/#organization\"},\"potentialAction\":[{\"@type\":\"SearchAction\",\"target\":{\"@type\":\"EntryPoint\",\"urlTemplate\":\"https:\/\/www.tekkiesstore.cz\/?s={search_term_string}\"},\"query-input\":{\"@type\":\"PropertyValueSpecification\",\"valueRequired\":true,\"valueName\":\"search_term_string\"}}],\"inLanguage\":\"sk-SK\"},{\"@type\":\"Organization\",\"@id\":\"https:\/\/www.tekkiesstore.cz\/#organization\",\"name\":\"Tekkies Store\",\"url\":\"https:\/\/www.tekkiesstore.cz\/\",\"logo\":{\"@type\":\"ImageObject\",\"inLanguage\":\"sk-SK\",\"@id\":\"https:\/\/www.tekkiesstore.cz\/#\/schema\/logo\/image\/\",\"url\":\"https:\/\/www.tekkiesstore.cz\/wp-content\/uploads\/2023\/11\/logo.png\",\"contentUrl\":\"https:\/\/www.tekkiesstore.cz\/wp-content\/uploads\/2023\/11\/logo.png\",\"width\":165,\"height\":58,\"caption\":\"Tekkies Store\"},\"image\":{\"@id\":\"https:\/\/www.tekkiesstore.cz\/#\/schema\/logo\/image\/\"},\"sameAs\":[\"https:\/\/www.facebook.com\/profile.php?id=100090575808845\"]}]}<\/script>\n<!-- \/ Yoast SEO plugin. -->","yoast_head_json":{"title":"Nike Air Max TN Plus Triple Black | Tekkies Store","description":"Nike Air Max TN Plus Triple Black \u2013 ikonick\u00e9 \u010dern\u00e9 tenisky s technologi\u00ed Tuned Air pro maxim\u00e1ln\u00ed pohodl\u00ed a streetwear styl.","robots":{"index":"index","follow":"follow","max-snippet":"max-snippet:-1","max-image-preview":"max-image-preview:large","max-video-preview":"max-video-preview:-1"},"canonical":"https:\/\/www.tekkiesstore.cz\/sk\/produkt\/nike-air-max-plus-triple-black\/","og_locale":"sk_SK","og_type":"article","og_title":"Nike Air Max TN Plus Triple Black | Tekkies Store","og_description":"Nike Air Max TN Plus Triple Black \u2013 ikonick\u00e9 \u010dern\u00e9 tenisky s technologi\u00ed Tuned Air pro maxim\u00e1ln\u00ed pohodl\u00ed a streetwear styl.","og_url":"https:\/\/www.tekkiesstore.cz\/sk\/produkt\/nike-air-max-plus-triple-black\/","og_site_name":"Tekkies Store","article_publisher":"https:\/\/www.facebook.com\/profile.php?id=100090575808845","article_modified_time":"2026-04-26T09:29:48+00:00","og_image":[{"width":1000,"height":600,"url":"https:\/\/www.tekkiesstore.cz\/wp-content\/uploads\/2025\/10\/Nike-Air-Max-Tn-Plus-Triple-Black.webp","type":"image\/webp"}],"twitter_card":"summary_large_image","twitter_misc":{"Predpokladan\u00fd \u010das \u010d\u00edtania":"1 min\u00fata"},"schema":{"@context":"https:\/\/schema.org","@graph":[{"@type":"WebPage","@id":"https:\/\/www.tekkiesstore.cz\/sk\/produkt\/nike-air-max-plus-triple-black\/","url":"https:\/\/www.tekkiesstore.cz\/sk\/produkt\/nike-air-max-plus-triple-black\/","name":"Nike Air Max TN Plus Triple Black | Tekkies Store","isPartOf":{"@id":"https:\/\/www.tekkiesstore.cz\/#website"},"primaryImageOfPage":{"@id":"https:\/\/www.tekkiesstore.cz\/sk\/produkt\/nike-air-max-plus-triple-black\/#primaryimage"},"image":{"@id":"https:\/\/www.tekkiesstore.cz\/sk\/produkt\/nike-air-max-plus-triple-black\/#primaryimage"},"thumbnailUrl":"https:\/\/www.tekkiesstore.cz\/wp-content\/uploads\/2025\/10\/Nike-Air-Max-Tn-Plus-Triple-Black.webp","datePublished":"2025-10-17T17:39:52+00:00","dateModified":"2026-04-26T09:29:48+00:00","description":"Nike Air Max TN Plus Triple Black \u2013 ikonick\u00e9 \u010dern\u00e9 tenisky s technologi\u00ed Tuned Air pro maxim\u00e1ln\u00ed pohodl\u00ed a streetwear styl.","breadcrumb":{"@id":"https:\/\/www.tekkiesstore.cz\/sk\/produkt\/nike-air-max-plus-triple-black\/#breadcrumb"},"inLanguage":"sk-SK","potentialAction":[{"@type":"ReadAction","target":["https:\/\/www.tekkiesstore.cz\/sk\/produkt\/nike-air-max-plus-triple-black\/"]}]},{"@type":"ImageObject","inLanguage":"sk-SK","@id":"https:\/\/www.tekkiesstore.cz\/sk\/produkt\/nike-air-max-plus-triple-black\/#primaryimage","url":"https:\/\/www.tekkiesstore.cz\/wp-content\/uploads\/2025\/10\/Nike-Air-Max-Tn-Plus-Triple-Black.webp","contentUrl":"https:\/\/www.tekkiesstore.cz\/wp-content\/uploads\/2025\/10\/Nike-Air-Max-Tn-Plus-Triple-Black.webp","width":1000,"height":600,"caption":"Nike Air Max Tn Plus Triple Black"},{"@type":"BreadcrumbList","@id":"https:\/\/www.tekkiesstore.cz\/sk\/produkt\/nike-air-max-plus-triple-black\/#breadcrumb","itemListElement":[{"@type":"ListItem","position":1,"name":"Home","item":"https:\/\/www.tekkiesstore.cz\/sk\/"},{"@type":"ListItem","position":2,"name":"Produkty","item":"https:\/\/www.tekkiesstore.cz\/obchod\/"},{"@type":"ListItem","position":3,"name":"NIKE AIR MAX PLUS TRIPLE BLACK"}]},{"@type":"WebSite","@id":"https:\/\/www.tekkiesstore.cz\/#website","url":"https:\/\/www.tekkiesstore.cz\/","name":"Tekkies Store","description":"Zna\u010dkov\u00e9 tenisky &amp; oble\u010den\u00ed","publisher":{"@id":"https:\/\/www.tekkiesstore.cz\/#organization"},"potentialAction":[{"@type":"SearchAction","target":{"@type":"EntryPoint","urlTemplate":"https:\/\/www.tekkiesstore.cz\/?s={search_term_string}"},"query-input":{"@type":"PropertyValueSpecification","valueRequired":true,"valueName":"search_term_string"}}],"inLanguage":"sk-SK"},{"@type":"Organization","@id":"https:\/\/www.tekkiesstore.cz\/#organization","name":"Tekkies Store","url":"https:\/\/www.tekkiesstore.cz\/","logo":{"@type":"ImageObject","inLanguage":"sk-SK","@id":"https:\/\/www.tekkiesstore.cz\/#\/schema\/logo\/image\/","url":"https:\/\/www.tekkiesstore.cz\/wp-content\/uploads\/2023\/11\/logo.png","contentUrl":"https:\/\/www.tekkiesstore.cz\/wp-content\/uploads\/2023\/11\/logo.png","width":165,"height":58,"caption":"Tekkies Store"},"image":{"@id":"https:\/\/www.tekkiesstore.cz\/#\/schema\/logo\/image\/"},"sameAs":["https:\/\/www.facebook.com\/profile.php?id=100090575808845"]}]}},"_links":{"self":[{"href":"https:\/\/www.tekkiesstore.cz\/sk\/wp-json\/wp\/v2\/product\/78509","targetHints":{"allow":["GET"]}}],"collection":[{"href":"https:\/\/www.tekkiesstore.cz\/sk\/wp-json\/wp\/v2\/product"}],"about":[{"href":"https:\/\/www.tekkiesstore.cz\/sk\/wp-json\/wp\/v2\/types\/product"}],"wp:featuredmedia":[{"embeddable":true,"href":"https:\/\/www.tekkiesstore.cz\/sk\/wp-json\/wp\/v2\/media\/78530"}],"wp:attachment":[{"href":"https:\/\/www.tekkiesstore.cz\/sk\/wp-json\/wp\/v2\/media?parent=78509"}],"wp:term":[{"taxonomy":"product_brand","embeddable":true,"href":"https:\/\/www.tekkiesstore.cz\/sk\/wp-json\/wp\/v2\/product_brand?post=78509"},{"taxonomy":"product_cat","embeddable":true,"href":"https:\/\/www.tekkiesstore.cz\/sk\/wp-json\/wp\/v2\/product_cat?post=78509"},{"taxonomy":"product_tag","embeddable":true,"href":"https:\/\/www.tekkiesstore.cz\/sk\/wp-json\/wp\/v2\/product_tag?post=78509"},{"taxonomy":"woo-feed-brand","embeddable":true,"href":"https:\/\/www.tekkiesstore.cz\/sk\/wp-json\/wp\/v2\/woo-feed-brand?post=78509"}],"curies":[{"name":"wp","href":"https:\/\/api.w.org\/{rel}","templated":true}]}}