{"id":80676,"date":"2026-02-03T13:19:42","date_gmt":"2026-02-03T13:19:42","guid":{"rendered":"https:\/\/www.tekkiesstore.cz\/?post_type=product&#038;p=80676"},"modified":"2026-02-03T13:23:34","modified_gmt":"2026-02-03T13:23:34","slug":"fear-of-god-essentials-hoodie-fw24-black","status":"publish","type":"product","link":"https:\/\/www.tekkiesstore.cz\/sk\/produkt\/fear-of-god-essentials-hoodie-fw24-black\/","title":{"rendered":"FEAR OF GOD ESSENTIALS HOODIE (FW24) BLACK"},"content":{"rendered":"<p>Vychutnajte si moment, ke\u010f streetwear dosahuje nov\u00e9 \u00farovne sofistikovanosti. T\u00e1to mikina Fear of God Essentials FW24 v \u010diernej farbe kombinuje \u010dist\u00fd dizajn s mestsk\u00fdm duchom \u2013 presne to, \u010do nos\u00ed jej tvorca Jerry Lorenzo a \u010fal\u0161\u00ed ambas\u00e1dori zna\u010dky. Je vyroben\u00e1 z vysoko kvalitn\u00e9ho flisov\u00e9ho materi\u00e1lu, ktor\u00fd pon\u00faka pohodlie, odolnos\u0165 a ikonick\u00fd strih, ktor\u00fd sa st\u00e1va z\u00e1kladom ka\u017ed\u00e9ho \u0161t\u00fdlov\u00e9ho outfitu. Logo \u201eEssentials\u201c diskr\u00e9tne zdob\u00ed predn\u00fa stranu, zatia\u013e \u010do zadn\u00e1 strana je ozdoben\u00e1 v\u00fdrazn\u00fdm grafick\u00fdm dizajnom, ktor\u00fd dod\u00e1va charakter.<\/p>\n","protected":false},"excerpt":{"rendered":"<p>Vychutnajte si moment, ke\u010f streetwear dosahuje nov\u00e9 \u00farovne sofistikovanosti. T\u00e1to mikina Fear of God Essentials FW24 v \u010diernej farbe kombinuje \u010dist\u00fd dizajn s mestsk\u00fdm duchom \u2013 presne to, \u010do nos\u00ed jej tvorca Jerry Lorenzo a \u010fal\u0161\u00ed ambas\u00e1dori zna\u010dky. Je vyroben\u00e1 z vysoko kvalitn\u00e9ho flisov\u00e9ho materi\u00e1lu, ktor\u00fd pon\u00faka pohodlie, odolnos\u0165 a ikonick\u00fd strih, ktor\u00fd sa st\u00e1va [&hellip;]<\/p>\n","protected":false},"featured_media":80694,"template":"","meta":{"_acf_changed":false},"product_brand":[],"product_cat":[264,549],"product_tag":[],"woo-feed-brand":[],"class_list":{"0":"post-80676","1":"product","2":"type-product","3":"status-publish","4":"has-post-thumbnail","6":"product_cat-oblecenie","7":"product_cat-mikiny","9":"first","10":"onbackorder","11":"shipping-taxable","12":"purchasable","13":"product-type-variable"},"acf":[],"yoast_head":"<!-- This site is optimized with the Yoast SEO plugin v26.6 - https:\/\/yoast.com\/wordpress\/plugins\/seo\/ -->\n<title>FEAR OF GOD ESSENTIALS HOODIE (FW24) BLACK | Tekkies Store<\/title>\n<meta name=\"robots\" content=\"index, follow, max-snippet:-1, max-image-preview:large, max-video-preview:-1\" \/>\n<link rel=\"canonical\" href=\"https:\/\/www.tekkiesstore.cz\/sk\/produkt\/fear-of-god-essentials-hoodie-fw24-black\/\" \/>\n<meta property=\"og:locale\" content=\"sk_SK\" \/>\n<meta property=\"og:type\" content=\"article\" \/>\n<meta property=\"og:title\" content=\"FEAR OF GOD ESSENTIALS HOODIE (FW24) BLACK | Tekkies Store\" \/>\n<meta property=\"og:description\" content=\"Vychutnajte si moment, ke\u010f streetwear dosahuje nov\u00e9 \u00farovne sofistikovanosti. T\u00e1to mikina Fear of God Essentials FW24 v \u010diernej farbe kombinuje \u010dist\u00fd dizajn s mestsk\u00fdm duchom \u2013 presne to, \u010do nos\u00ed jej tvorca Jerry Lorenzo a \u010fal\u0161\u00ed ambas\u00e1dori zna\u010dky. Je vyroben\u00e1 z vysoko kvalitn\u00e9ho flisov\u00e9ho materi\u00e1lu, ktor\u00fd pon\u00faka pohodlie, odolnos\u0165 a ikonick\u00fd strih, ktor\u00fd sa st\u00e1va [&hellip;]\" \/>\n<meta property=\"og:url\" content=\"https:\/\/www.tekkiesstore.cz\/sk\/produkt\/fear-of-god-essentials-hoodie-fw24-black\/\" \/>\n<meta property=\"og:site_name\" content=\"Tekkies Store\" \/>\n<meta property=\"article:publisher\" content=\"https:\/\/www.facebook.com\/profile.php?id=100090575808845\" \/>\n<meta property=\"article:modified_time\" content=\"2026-02-03T13:23:34+00:00\" \/>\n<meta property=\"og:image\" content=\"https:\/\/www.tekkiesstore.cz\/wp-content\/uploads\/2026\/02\/Fear-of-God-Essentials-Hoodie-FW24-Black.webp\" \/>\n\t<meta property=\"og:image:width\" content=\"1024\" \/>\n\t<meta property=\"og:image:height\" content=\"768\" \/>\n\t<meta property=\"og:image:type\" content=\"image\/webp\" \/>\n<meta name=\"twitter:card\" content=\"summary_large_image\" \/>\n<meta name=\"twitter:label1\" content=\"Predpokladan\u00fd \u010das \u010d\u00edtania\" \/>\n\t<meta name=\"twitter:data1\" content=\"1 min\u00fata\" \/>\n<script type=\"application\/ld+json\" class=\"yoast-schema-graph\">{\"@context\":\"https:\/\/schema.org\",\"@graph\":[{\"@type\":\"WebPage\",\"@id\":\"https:\/\/www.tekkiesstore.cz\/sk\/produkt\/fear-of-god-essentials-hoodie-fw24-black\/\",\"url\":\"https:\/\/www.tekkiesstore.cz\/sk\/produkt\/fear-of-god-essentials-hoodie-fw24-black\/\",\"name\":\"FEAR OF GOD ESSENTIALS HOODIE (FW24) BLACK | Tekkies Store\",\"isPartOf\":{\"@id\":\"https:\/\/www.tekkiesstore.cz\/#website\"},\"primaryImageOfPage\":{\"@id\":\"https:\/\/www.tekkiesstore.cz\/sk\/produkt\/fear-of-god-essentials-hoodie-fw24-black\/#primaryimage\"},\"image\":{\"@id\":\"https:\/\/www.tekkiesstore.cz\/sk\/produkt\/fear-of-god-essentials-hoodie-fw24-black\/#primaryimage\"},\"thumbnailUrl\":\"https:\/\/www.tekkiesstore.cz\/wp-content\/uploads\/2026\/02\/Fear-of-God-Essentials-Hoodie-FW24-Black.webp\",\"datePublished\":\"2026-02-03T13:19:42+00:00\",\"dateModified\":\"2026-02-03T13:23:34+00:00\",\"breadcrumb\":{\"@id\":\"https:\/\/www.tekkiesstore.cz\/sk\/produkt\/fear-of-god-essentials-hoodie-fw24-black\/#breadcrumb\"},\"inLanguage\":\"sk-SK\",\"potentialAction\":[{\"@type\":\"ReadAction\",\"target\":[\"https:\/\/www.tekkiesstore.cz\/sk\/produkt\/fear-of-god-essentials-hoodie-fw24-black\/\"]}]},{\"@type\":\"ImageObject\",\"inLanguage\":\"sk-SK\",\"@id\":\"https:\/\/www.tekkiesstore.cz\/sk\/produkt\/fear-of-god-essentials-hoodie-fw24-black\/#primaryimage\",\"url\":\"https:\/\/www.tekkiesstore.cz\/wp-content\/uploads\/2026\/02\/Fear-of-God-Essentials-Hoodie-FW24-Black.webp\",\"contentUrl\":\"https:\/\/www.tekkiesstore.cz\/wp-content\/uploads\/2026\/02\/Fear-of-God-Essentials-Hoodie-FW24-Black.webp\",\"width\":1024,\"height\":768,\"caption\":\"Fear of God Essentials Hoodie (FW24) Black\"},{\"@type\":\"BreadcrumbList\",\"@id\":\"https:\/\/www.tekkiesstore.cz\/sk\/produkt\/fear-of-god-essentials-hoodie-fw24-black\/#breadcrumb\",\"itemListElement\":[{\"@type\":\"ListItem\",\"position\":1,\"name\":\"Home\",\"item\":\"https:\/\/www.tekkiesstore.cz\/sk\/\"},{\"@type\":\"ListItem\",\"position\":2,\"name\":\"Produkty\",\"item\":\"https:\/\/www.tekkiesstore.cz\/obchod\/\"},{\"@type\":\"ListItem\",\"position\":3,\"name\":\"FEAR OF GOD ESSENTIALS HOODIE (FW24) BLACK\"}]},{\"@type\":\"WebSite\",\"@id\":\"https:\/\/www.tekkiesstore.cz\/#website\",\"url\":\"https:\/\/www.tekkiesstore.cz\/\",\"name\":\"Tekkies Store\",\"description\":\"Zna\u010dkov\u00e9 tenisky &amp; oble\u010den\u00ed\",\"publisher\":{\"@id\":\"https:\/\/www.tekkiesstore.cz\/#organization\"},\"potentialAction\":[{\"@type\":\"SearchAction\",\"target\":{\"@type\":\"EntryPoint\",\"urlTemplate\":\"https:\/\/www.tekkiesstore.cz\/?s={search_term_string}\"},\"query-input\":{\"@type\":\"PropertyValueSpecification\",\"valueRequired\":true,\"valueName\":\"search_term_string\"}}],\"inLanguage\":\"sk-SK\"},{\"@type\":\"Organization\",\"@id\":\"https:\/\/www.tekkiesstore.cz\/#organization\",\"name\":\"Tekkies Store\",\"url\":\"https:\/\/www.tekkiesstore.cz\/\",\"logo\":{\"@type\":\"ImageObject\",\"inLanguage\":\"sk-SK\",\"@id\":\"https:\/\/www.tekkiesstore.cz\/#\/schema\/logo\/image\/\",\"url\":\"https:\/\/www.tekkiesstore.cz\/wp-content\/uploads\/2023\/11\/logo.png\",\"contentUrl\":\"https:\/\/www.tekkiesstore.cz\/wp-content\/uploads\/2023\/11\/logo.png\",\"width\":165,\"height\":58,\"caption\":\"Tekkies Store\"},\"image\":{\"@id\":\"https:\/\/www.tekkiesstore.cz\/#\/schema\/logo\/image\/\"},\"sameAs\":[\"https:\/\/www.facebook.com\/profile.php?id=100090575808845\"]}]}<\/script>\n<!-- \/ Yoast SEO plugin. -->","yoast_head_json":{"title":"FEAR OF GOD ESSENTIALS HOODIE (FW24) BLACK | Tekkies Store","robots":{"index":"index","follow":"follow","max-snippet":"max-snippet:-1","max-image-preview":"max-image-preview:large","max-video-preview":"max-video-preview:-1"},"canonical":"https:\/\/www.tekkiesstore.cz\/sk\/produkt\/fear-of-god-essentials-hoodie-fw24-black\/","og_locale":"sk_SK","og_type":"article","og_title":"FEAR OF GOD ESSENTIALS HOODIE (FW24) BLACK | Tekkies Store","og_description":"Vychutnajte si moment, ke\u010f streetwear dosahuje nov\u00e9 \u00farovne sofistikovanosti. T\u00e1to mikina Fear of God Essentials FW24 v \u010diernej farbe kombinuje \u010dist\u00fd dizajn s mestsk\u00fdm duchom \u2013 presne to, \u010do nos\u00ed jej tvorca Jerry Lorenzo a \u010fal\u0161\u00ed ambas\u00e1dori zna\u010dky. Je vyroben\u00e1 z vysoko kvalitn\u00e9ho flisov\u00e9ho materi\u00e1lu, ktor\u00fd pon\u00faka pohodlie, odolnos\u0165 a ikonick\u00fd strih, ktor\u00fd sa st\u00e1va [&hellip;]","og_url":"https:\/\/www.tekkiesstore.cz\/sk\/produkt\/fear-of-god-essentials-hoodie-fw24-black\/","og_site_name":"Tekkies Store","article_publisher":"https:\/\/www.facebook.com\/profile.php?id=100090575808845","article_modified_time":"2026-02-03T13:23:34+00:00","og_image":[{"width":1024,"height":768,"url":"https:\/\/www.tekkiesstore.cz\/wp-content\/uploads\/2026\/02\/Fear-of-God-Essentials-Hoodie-FW24-Black.webp","type":"image\/webp"}],"twitter_card":"summary_large_image","twitter_misc":{"Predpokladan\u00fd \u010das \u010d\u00edtania":"1 min\u00fata"},"schema":{"@context":"https:\/\/schema.org","@graph":[{"@type":"WebPage","@id":"https:\/\/www.tekkiesstore.cz\/sk\/produkt\/fear-of-god-essentials-hoodie-fw24-black\/","url":"https:\/\/www.tekkiesstore.cz\/sk\/produkt\/fear-of-god-essentials-hoodie-fw24-black\/","name":"FEAR OF GOD ESSENTIALS HOODIE (FW24) BLACK | Tekkies Store","isPartOf":{"@id":"https:\/\/www.tekkiesstore.cz\/#website"},"primaryImageOfPage":{"@id":"https:\/\/www.tekkiesstore.cz\/sk\/produkt\/fear-of-god-essentials-hoodie-fw24-black\/#primaryimage"},"image":{"@id":"https:\/\/www.tekkiesstore.cz\/sk\/produkt\/fear-of-god-essentials-hoodie-fw24-black\/#primaryimage"},"thumbnailUrl":"https:\/\/www.tekkiesstore.cz\/wp-content\/uploads\/2026\/02\/Fear-of-God-Essentials-Hoodie-FW24-Black.webp","datePublished":"2026-02-03T13:19:42+00:00","dateModified":"2026-02-03T13:23:34+00:00","breadcrumb":{"@id":"https:\/\/www.tekkiesstore.cz\/sk\/produkt\/fear-of-god-essentials-hoodie-fw24-black\/#breadcrumb"},"inLanguage":"sk-SK","potentialAction":[{"@type":"ReadAction","target":["https:\/\/www.tekkiesstore.cz\/sk\/produkt\/fear-of-god-essentials-hoodie-fw24-black\/"]}]},{"@type":"ImageObject","inLanguage":"sk-SK","@id":"https:\/\/www.tekkiesstore.cz\/sk\/produkt\/fear-of-god-essentials-hoodie-fw24-black\/#primaryimage","url":"https:\/\/www.tekkiesstore.cz\/wp-content\/uploads\/2026\/02\/Fear-of-God-Essentials-Hoodie-FW24-Black.webp","contentUrl":"https:\/\/www.tekkiesstore.cz\/wp-content\/uploads\/2026\/02\/Fear-of-God-Essentials-Hoodie-FW24-Black.webp","width":1024,"height":768,"caption":"Fear of God Essentials Hoodie (FW24) Black"},{"@type":"BreadcrumbList","@id":"https:\/\/www.tekkiesstore.cz\/sk\/produkt\/fear-of-god-essentials-hoodie-fw24-black\/#breadcrumb","itemListElement":[{"@type":"ListItem","position":1,"name":"Home","item":"https:\/\/www.tekkiesstore.cz\/sk\/"},{"@type":"ListItem","position":2,"name":"Produkty","item":"https:\/\/www.tekkiesstore.cz\/obchod\/"},{"@type":"ListItem","position":3,"name":"FEAR OF GOD ESSENTIALS HOODIE (FW24) BLACK"}]},{"@type":"WebSite","@id":"https:\/\/www.tekkiesstore.cz\/#website","url":"https:\/\/www.tekkiesstore.cz\/","name":"Tekkies Store","description":"Zna\u010dkov\u00e9 tenisky &amp; oble\u010den\u00ed","publisher":{"@id":"https:\/\/www.tekkiesstore.cz\/#organization"},"potentialAction":[{"@type":"SearchAction","target":{"@type":"EntryPoint","urlTemplate":"https:\/\/www.tekkiesstore.cz\/?s={search_term_string}"},"query-input":{"@type":"PropertyValueSpecification","valueRequired":true,"valueName":"search_term_string"}}],"inLanguage":"sk-SK"},{"@type":"Organization","@id":"https:\/\/www.tekkiesstore.cz\/#organization","name":"Tekkies Store","url":"https:\/\/www.tekkiesstore.cz\/","logo":{"@type":"ImageObject","inLanguage":"sk-SK","@id":"https:\/\/www.tekkiesstore.cz\/#\/schema\/logo\/image\/","url":"https:\/\/www.tekkiesstore.cz\/wp-content\/uploads\/2023\/11\/logo.png","contentUrl":"https:\/\/www.tekkiesstore.cz\/wp-content\/uploads\/2023\/11\/logo.png","width":165,"height":58,"caption":"Tekkies Store"},"image":{"@id":"https:\/\/www.tekkiesstore.cz\/#\/schema\/logo\/image\/"},"sameAs":["https:\/\/www.facebook.com\/profile.php?id=100090575808845"]}]}},"_links":{"self":[{"href":"https:\/\/www.tekkiesstore.cz\/sk\/wp-json\/wp\/v2\/product\/80676","targetHints":{"allow":["GET"]}}],"collection":[{"href":"https:\/\/www.tekkiesstore.cz\/sk\/wp-json\/wp\/v2\/product"}],"about":[{"href":"https:\/\/www.tekkiesstore.cz\/sk\/wp-json\/wp\/v2\/types\/product"}],"wp:featuredmedia":[{"embeddable":true,"href":"https:\/\/www.tekkiesstore.cz\/sk\/wp-json\/wp\/v2\/media\/80694"}],"wp:attachment":[{"href":"https:\/\/www.tekkiesstore.cz\/sk\/wp-json\/wp\/v2\/media?parent=80676"}],"wp:term":[{"taxonomy":"product_brand","embeddable":true,"href":"https:\/\/www.tekkiesstore.cz\/sk\/wp-json\/wp\/v2\/product_brand?post=80676"},{"taxonomy":"product_cat","embeddable":true,"href":"https:\/\/www.tekkiesstore.cz\/sk\/wp-json\/wp\/v2\/product_cat?post=80676"},{"taxonomy":"product_tag","embeddable":true,"href":"https:\/\/www.tekkiesstore.cz\/sk\/wp-json\/wp\/v2\/product_tag?post=80676"},{"taxonomy":"woo-feed-brand","embeddable":true,"href":"https:\/\/www.tekkiesstore.cz\/sk\/wp-json\/wp\/v2\/woo-feed-brand?post=80676"}],"curies":[{"name":"wp","href":"https:\/\/api.w.org\/{rel}","templated":true}]}}