{"id":80933,"date":"2026-02-04T11:42:54","date_gmt":"2026-02-04T11:42:54","guid":{"rendered":"https:\/\/www.tekkiesstore.cz\/?post_type=product&#038;p=80933"},"modified":"2026-02-04T11:46:25","modified_gmt":"2026-02-04T11:46:25","slug":"fear-of-god-essentials-sweatpants-ss22-light-oatmeal","status":"publish","type":"product","link":"https:\/\/www.tekkiesstore.cz\/sk\/produkt\/fear-of-god-essentials-sweatpants-ss22-light-oatmeal\/","title":{"rendered":"FEAR OF GOD ESSENTIALS SWEATPANTS (SS22) LIGHT OATMEAL"},"content":{"rendered":"<p><strong>Tepl\u00e1ky Fear of God Essentials (SS22) Dark Oatmeal<\/strong> s\u00fa stelesnen\u00edm modern\u00e9ho streetwearu \u2013 minimalistick\u00fd dizajn, d\u00f4raz na kvalitu a perfektn\u00fd strih. Tmav\u00fd b\u00e9\u017eov\u00fd odtie\u0148 \u201eDark Oatmeal\u201c sa perfektne hod\u00ed k ostatn\u00fdm k\u00faskom z kolekcie Essentials a pon\u00faka v\u0161estrann\u00e9 vyu\u017eitie od vo\u013eno\u010dasov\u00fdch outfitov a\u017e po \u0161t\u00fdlov\u00e9 ka\u017edodenn\u00e9 oble\u010denie.<\/p>\n","protected":false},"excerpt":{"rendered":"<p>Tepl\u00e1ky Fear of God Essentials (SS22) Dark Oatmeal s\u00fa stelesnen\u00edm modern\u00e9ho streetwearu \u2013 minimalistick\u00fd dizajn, d\u00f4raz na kvalitu a perfektn\u00fd strih. Tmav\u00fd b\u00e9\u017eov\u00fd odtie\u0148 \u201eDark Oatmeal\u201c sa perfektne hod\u00ed k ostatn\u00fdm k\u00faskom z kolekcie Essentials a pon\u00faka v\u0161estrann\u00e9 vyu\u017eitie od vo\u013eno\u010dasov\u00fdch outfitov a\u017e po \u0161t\u00fdlov\u00e9 ka\u017edodenn\u00e9 oble\u010denie.<\/p>\n","protected":false},"featured_media":80953,"template":"","meta":{"_acf_changed":false},"product_brand":[],"product_cat":[264,545],"product_tag":[],"woo-feed-brand":[],"class_list":{"0":"post-80933","1":"product","2":"type-product","3":"status-publish","4":"has-post-thumbnail","6":"product_cat-oblecenie","7":"product_cat-teplaky","9":"first","10":"onbackorder","11":"shipping-taxable","12":"purchasable","13":"product-type-variable"},"acf":[],"yoast_head":"<!-- This site is optimized with the Yoast SEO plugin v26.6 - https:\/\/yoast.com\/wordpress\/plugins\/seo\/ -->\n<title>FEAR OF GOD ESSENTIALS SWEATPANTS (SS22) LIGHT OATMEAL | Tekkies Store<\/title>\n<meta name=\"robots\" content=\"index, follow, max-snippet:-1, max-image-preview:large, max-video-preview:-1\" \/>\n<link rel=\"canonical\" href=\"https:\/\/www.tekkiesstore.cz\/sk\/produkt\/fear-of-god-essentials-sweatpants-ss22-light-oatmeal\/\" \/>\n<meta property=\"og:locale\" content=\"sk_SK\" \/>\n<meta property=\"og:type\" content=\"article\" \/>\n<meta property=\"og:title\" content=\"FEAR OF GOD ESSENTIALS SWEATPANTS (SS22) LIGHT OATMEAL | Tekkies Store\" \/>\n<meta property=\"og:description\" content=\"Tepl\u00e1ky Fear of God Essentials (SS22) Dark Oatmeal s\u00fa stelesnen\u00edm modern\u00e9ho streetwearu \u2013 minimalistick\u00fd dizajn, d\u00f4raz na kvalitu a perfektn\u00fd strih. Tmav\u00fd b\u00e9\u017eov\u00fd odtie\u0148 \u201eDark Oatmeal\u201c sa perfektne hod\u00ed k ostatn\u00fdm k\u00faskom z kolekcie Essentials a pon\u00faka v\u0161estrann\u00e9 vyu\u017eitie od vo\u013eno\u010dasov\u00fdch outfitov a\u017e po \u0161t\u00fdlov\u00e9 ka\u017edodenn\u00e9 oble\u010denie.\" \/>\n<meta property=\"og:url\" content=\"https:\/\/www.tekkiesstore.cz\/sk\/produkt\/fear-of-god-essentials-sweatpants-ss22-light-oatmeal\/\" \/>\n<meta property=\"og:site_name\" content=\"Tekkies Store\" \/>\n<meta property=\"article:publisher\" content=\"https:\/\/www.facebook.com\/profile.php?id=100090575808845\" \/>\n<meta property=\"article:modified_time\" content=\"2026-02-04T11:46:25+00:00\" \/>\n<meta property=\"og:image\" content=\"https:\/\/www.tekkiesstore.cz\/wp-content\/uploads\/2026\/02\/Fear-of-God-Essentials-Sweatpants-SS22-Light-Oatmeal.webp\" \/>\n\t<meta property=\"og:image:width\" content=\"1024\" \/>\n\t<meta property=\"og:image:height\" content=\"768\" \/>\n\t<meta property=\"og:image:type\" content=\"image\/webp\" \/>\n<meta name=\"twitter:card\" content=\"summary_large_image\" \/>\n<meta name=\"twitter:label1\" content=\"Predpokladan\u00fd \u010das \u010d\u00edtania\" \/>\n\t<meta name=\"twitter:data1\" content=\"1 min\u00fata\" \/>\n<script type=\"application\/ld+json\" class=\"yoast-schema-graph\">{\"@context\":\"https:\/\/schema.org\",\"@graph\":[{\"@type\":\"WebPage\",\"@id\":\"https:\/\/www.tekkiesstore.cz\/sk\/produkt\/fear-of-god-essentials-sweatpants-ss22-light-oatmeal\/\",\"url\":\"https:\/\/www.tekkiesstore.cz\/sk\/produkt\/fear-of-god-essentials-sweatpants-ss22-light-oatmeal\/\",\"name\":\"FEAR OF GOD ESSENTIALS SWEATPANTS (SS22) LIGHT OATMEAL | Tekkies Store\",\"isPartOf\":{\"@id\":\"https:\/\/www.tekkiesstore.cz\/#website\"},\"primaryImageOfPage\":{\"@id\":\"https:\/\/www.tekkiesstore.cz\/sk\/produkt\/fear-of-god-essentials-sweatpants-ss22-light-oatmeal\/#primaryimage\"},\"image\":{\"@id\":\"https:\/\/www.tekkiesstore.cz\/sk\/produkt\/fear-of-god-essentials-sweatpants-ss22-light-oatmeal\/#primaryimage\"},\"thumbnailUrl\":\"https:\/\/www.tekkiesstore.cz\/wp-content\/uploads\/2026\/02\/Fear-of-God-Essentials-Sweatpants-SS22-Light-Oatmeal.webp\",\"datePublished\":\"2026-02-04T11:42:54+00:00\",\"dateModified\":\"2026-02-04T11:46:25+00:00\",\"breadcrumb\":{\"@id\":\"https:\/\/www.tekkiesstore.cz\/sk\/produkt\/fear-of-god-essentials-sweatpants-ss22-light-oatmeal\/#breadcrumb\"},\"inLanguage\":\"sk-SK\",\"potentialAction\":[{\"@type\":\"ReadAction\",\"target\":[\"https:\/\/www.tekkiesstore.cz\/sk\/produkt\/fear-of-god-essentials-sweatpants-ss22-light-oatmeal\/\"]}]},{\"@type\":\"ImageObject\",\"inLanguage\":\"sk-SK\",\"@id\":\"https:\/\/www.tekkiesstore.cz\/sk\/produkt\/fear-of-god-essentials-sweatpants-ss22-light-oatmeal\/#primaryimage\",\"url\":\"https:\/\/www.tekkiesstore.cz\/wp-content\/uploads\/2026\/02\/Fear-of-God-Essentials-Sweatpants-SS22-Light-Oatmeal.webp\",\"contentUrl\":\"https:\/\/www.tekkiesstore.cz\/wp-content\/uploads\/2026\/02\/Fear-of-God-Essentials-Sweatpants-SS22-Light-Oatmeal.webp\",\"width\":1024,\"height\":768,\"caption\":\"Fear of God Essentials Sweatpants (SS22) Light Oatmeal\"},{\"@type\":\"BreadcrumbList\",\"@id\":\"https:\/\/www.tekkiesstore.cz\/sk\/produkt\/fear-of-god-essentials-sweatpants-ss22-light-oatmeal\/#breadcrumb\",\"itemListElement\":[{\"@type\":\"ListItem\",\"position\":1,\"name\":\"Home\",\"item\":\"https:\/\/www.tekkiesstore.cz\/sk\/\"},{\"@type\":\"ListItem\",\"position\":2,\"name\":\"Produkty\",\"item\":\"https:\/\/www.tekkiesstore.cz\/obchod\/\"},{\"@type\":\"ListItem\",\"position\":3,\"name\":\"FEAR OF GOD ESSENTIALS SWEATPANTS (SS22) LIGHT OATMEAL\"}]},{\"@type\":\"WebSite\",\"@id\":\"https:\/\/www.tekkiesstore.cz\/#website\",\"url\":\"https:\/\/www.tekkiesstore.cz\/\",\"name\":\"Tekkies Store\",\"description\":\"Zna\u010dkov\u00e9 tenisky &amp; oble\u010den\u00ed\",\"publisher\":{\"@id\":\"https:\/\/www.tekkiesstore.cz\/#organization\"},\"potentialAction\":[{\"@type\":\"SearchAction\",\"target\":{\"@type\":\"EntryPoint\",\"urlTemplate\":\"https:\/\/www.tekkiesstore.cz\/?s={search_term_string}\"},\"query-input\":{\"@type\":\"PropertyValueSpecification\",\"valueRequired\":true,\"valueName\":\"search_term_string\"}}],\"inLanguage\":\"sk-SK\"},{\"@type\":\"Organization\",\"@id\":\"https:\/\/www.tekkiesstore.cz\/#organization\",\"name\":\"Tekkies Store\",\"url\":\"https:\/\/www.tekkiesstore.cz\/\",\"logo\":{\"@type\":\"ImageObject\",\"inLanguage\":\"sk-SK\",\"@id\":\"https:\/\/www.tekkiesstore.cz\/#\/schema\/logo\/image\/\",\"url\":\"https:\/\/www.tekkiesstore.cz\/wp-content\/uploads\/2023\/11\/logo.png\",\"contentUrl\":\"https:\/\/www.tekkiesstore.cz\/wp-content\/uploads\/2023\/11\/logo.png\",\"width\":165,\"height\":58,\"caption\":\"Tekkies Store\"},\"image\":{\"@id\":\"https:\/\/www.tekkiesstore.cz\/#\/schema\/logo\/image\/\"},\"sameAs\":[\"https:\/\/www.facebook.com\/profile.php?id=100090575808845\"]}]}<\/script>\n<!-- \/ Yoast SEO plugin. -->","yoast_head_json":{"title":"FEAR OF GOD ESSENTIALS SWEATPANTS (SS22) LIGHT OATMEAL | Tekkies Store","robots":{"index":"index","follow":"follow","max-snippet":"max-snippet:-1","max-image-preview":"max-image-preview:large","max-video-preview":"max-video-preview:-1"},"canonical":"https:\/\/www.tekkiesstore.cz\/sk\/produkt\/fear-of-god-essentials-sweatpants-ss22-light-oatmeal\/","og_locale":"sk_SK","og_type":"article","og_title":"FEAR OF GOD ESSENTIALS SWEATPANTS (SS22) LIGHT OATMEAL | Tekkies Store","og_description":"Tepl\u00e1ky Fear of God Essentials (SS22) Dark Oatmeal s\u00fa stelesnen\u00edm modern\u00e9ho streetwearu \u2013 minimalistick\u00fd dizajn, d\u00f4raz na kvalitu a perfektn\u00fd strih. Tmav\u00fd b\u00e9\u017eov\u00fd odtie\u0148 \u201eDark Oatmeal\u201c sa perfektne hod\u00ed k ostatn\u00fdm k\u00faskom z kolekcie Essentials a pon\u00faka v\u0161estrann\u00e9 vyu\u017eitie od vo\u013eno\u010dasov\u00fdch outfitov a\u017e po \u0161t\u00fdlov\u00e9 ka\u017edodenn\u00e9 oble\u010denie.","og_url":"https:\/\/www.tekkiesstore.cz\/sk\/produkt\/fear-of-god-essentials-sweatpants-ss22-light-oatmeal\/","og_site_name":"Tekkies Store","article_publisher":"https:\/\/www.facebook.com\/profile.php?id=100090575808845","article_modified_time":"2026-02-04T11:46:25+00:00","og_image":[{"width":1024,"height":768,"url":"https:\/\/www.tekkiesstore.cz\/wp-content\/uploads\/2026\/02\/Fear-of-God-Essentials-Sweatpants-SS22-Light-Oatmeal.webp","type":"image\/webp"}],"twitter_card":"summary_large_image","twitter_misc":{"Predpokladan\u00fd \u010das \u010d\u00edtania":"1 min\u00fata"},"schema":{"@context":"https:\/\/schema.org","@graph":[{"@type":"WebPage","@id":"https:\/\/www.tekkiesstore.cz\/sk\/produkt\/fear-of-god-essentials-sweatpants-ss22-light-oatmeal\/","url":"https:\/\/www.tekkiesstore.cz\/sk\/produkt\/fear-of-god-essentials-sweatpants-ss22-light-oatmeal\/","name":"FEAR OF GOD ESSENTIALS SWEATPANTS (SS22) LIGHT OATMEAL | Tekkies Store","isPartOf":{"@id":"https:\/\/www.tekkiesstore.cz\/#website"},"primaryImageOfPage":{"@id":"https:\/\/www.tekkiesstore.cz\/sk\/produkt\/fear-of-god-essentials-sweatpants-ss22-light-oatmeal\/#primaryimage"},"image":{"@id":"https:\/\/www.tekkiesstore.cz\/sk\/produkt\/fear-of-god-essentials-sweatpants-ss22-light-oatmeal\/#primaryimage"},"thumbnailUrl":"https:\/\/www.tekkiesstore.cz\/wp-content\/uploads\/2026\/02\/Fear-of-God-Essentials-Sweatpants-SS22-Light-Oatmeal.webp","datePublished":"2026-02-04T11:42:54+00:00","dateModified":"2026-02-04T11:46:25+00:00","breadcrumb":{"@id":"https:\/\/www.tekkiesstore.cz\/sk\/produkt\/fear-of-god-essentials-sweatpants-ss22-light-oatmeal\/#breadcrumb"},"inLanguage":"sk-SK","potentialAction":[{"@type":"ReadAction","target":["https:\/\/www.tekkiesstore.cz\/sk\/produkt\/fear-of-god-essentials-sweatpants-ss22-light-oatmeal\/"]}]},{"@type":"ImageObject","inLanguage":"sk-SK","@id":"https:\/\/www.tekkiesstore.cz\/sk\/produkt\/fear-of-god-essentials-sweatpants-ss22-light-oatmeal\/#primaryimage","url":"https:\/\/www.tekkiesstore.cz\/wp-content\/uploads\/2026\/02\/Fear-of-God-Essentials-Sweatpants-SS22-Light-Oatmeal.webp","contentUrl":"https:\/\/www.tekkiesstore.cz\/wp-content\/uploads\/2026\/02\/Fear-of-God-Essentials-Sweatpants-SS22-Light-Oatmeal.webp","width":1024,"height":768,"caption":"Fear of God Essentials Sweatpants (SS22) Light Oatmeal"},{"@type":"BreadcrumbList","@id":"https:\/\/www.tekkiesstore.cz\/sk\/produkt\/fear-of-god-essentials-sweatpants-ss22-light-oatmeal\/#breadcrumb","itemListElement":[{"@type":"ListItem","position":1,"name":"Home","item":"https:\/\/www.tekkiesstore.cz\/sk\/"},{"@type":"ListItem","position":2,"name":"Produkty","item":"https:\/\/www.tekkiesstore.cz\/obchod\/"},{"@type":"ListItem","position":3,"name":"FEAR OF GOD ESSENTIALS SWEATPANTS (SS22) LIGHT OATMEAL"}]},{"@type":"WebSite","@id":"https:\/\/www.tekkiesstore.cz\/#website","url":"https:\/\/www.tekkiesstore.cz\/","name":"Tekkies Store","description":"Zna\u010dkov\u00e9 tenisky &amp; oble\u010den\u00ed","publisher":{"@id":"https:\/\/www.tekkiesstore.cz\/#organization"},"potentialAction":[{"@type":"SearchAction","target":{"@type":"EntryPoint","urlTemplate":"https:\/\/www.tekkiesstore.cz\/?s={search_term_string}"},"query-input":{"@type":"PropertyValueSpecification","valueRequired":true,"valueName":"search_term_string"}}],"inLanguage":"sk-SK"},{"@type":"Organization","@id":"https:\/\/www.tekkiesstore.cz\/#organization","name":"Tekkies Store","url":"https:\/\/www.tekkiesstore.cz\/","logo":{"@type":"ImageObject","inLanguage":"sk-SK","@id":"https:\/\/www.tekkiesstore.cz\/#\/schema\/logo\/image\/","url":"https:\/\/www.tekkiesstore.cz\/wp-content\/uploads\/2023\/11\/logo.png","contentUrl":"https:\/\/www.tekkiesstore.cz\/wp-content\/uploads\/2023\/11\/logo.png","width":165,"height":58,"caption":"Tekkies Store"},"image":{"@id":"https:\/\/www.tekkiesstore.cz\/#\/schema\/logo\/image\/"},"sameAs":["https:\/\/www.facebook.com\/profile.php?id=100090575808845"]}]}},"_links":{"self":[{"href":"https:\/\/www.tekkiesstore.cz\/sk\/wp-json\/wp\/v2\/product\/80933","targetHints":{"allow":["GET"]}}],"collection":[{"href":"https:\/\/www.tekkiesstore.cz\/sk\/wp-json\/wp\/v2\/product"}],"about":[{"href":"https:\/\/www.tekkiesstore.cz\/sk\/wp-json\/wp\/v2\/types\/product"}],"wp:featuredmedia":[{"embeddable":true,"href":"https:\/\/www.tekkiesstore.cz\/sk\/wp-json\/wp\/v2\/media\/80953"}],"wp:attachment":[{"href":"https:\/\/www.tekkiesstore.cz\/sk\/wp-json\/wp\/v2\/media?parent=80933"}],"wp:term":[{"taxonomy":"product_brand","embeddable":true,"href":"https:\/\/www.tekkiesstore.cz\/sk\/wp-json\/wp\/v2\/product_brand?post=80933"},{"taxonomy":"product_cat","embeddable":true,"href":"https:\/\/www.tekkiesstore.cz\/sk\/wp-json\/wp\/v2\/product_cat?post=80933"},{"taxonomy":"product_tag","embeddable":true,"href":"https:\/\/www.tekkiesstore.cz\/sk\/wp-json\/wp\/v2\/product_tag?post=80933"},{"taxonomy":"woo-feed-brand","embeddable":true,"href":"https:\/\/www.tekkiesstore.cz\/sk\/wp-json\/wp\/v2\/woo-feed-brand?post=80933"}],"curies":[{"name":"wp","href":"https:\/\/api.w.org\/{rel}","templated":true}]}}