{"id":83138,"date":"2026-03-19T09:52:53","date_gmt":"2026-03-19T09:52:53","guid":{"rendered":"https:\/\/www.tekkiesstore.cz\/?post_type=product&#038;p=83138"},"modified":"2026-03-19T09:57:45","modified_gmt":"2026-03-19T09:57:45","slug":"nike-air-force-1-low-07-white-double-rope-laces-white-white","status":"publish","type":"product","link":"https:\/\/www.tekkiesstore.cz\/sk\/produkt\/nike-air-force-1-low-07-white-double-rope-laces-white-white\/","title":{"rendered":"NIKE AIR FORCE 1 LOW \u201807 WHITE DOUBLE ROPE LACES WHITE WHITE"},"content":{"rendered":"<div class=\"f-product-single__block f-product-single__block--collapsible_tab\">\n<div class=\"collapsible__content\" data-content=\"\" aria-hidden=\"false\">\n<div class=\"collapsible__content-inner rte\">\n<div class=\"tab-content desc active\">\n<div class=\"basic-description\">\n<div class=\"text-grey-dark mt-15\">\n<p class=\"\" data-start=\"103\" data-end=\"531\"><strong>Nike Air Force 1 Low \u201807 White Double Rope Laces White White<\/strong> v custom preveden\u00ed s dvojit\u00fdmi \u0161n\u00farkami v \u010dierno-ru\u017eovej kombin\u00e1cii sp\u00e1jaj\u00fa temn\u00fd, minimalistick\u00fd z\u00e1klad s jemne kontrastn\u00fdm akcentom, ktor\u00fd modelu dod\u00e1va ne\u010dakan\u00fa \u013eahkos\u0165 a modern\u00fd v\u00fdraz. \u010cierny ko\u017een\u00fd zvr\u0161ok p\u00f4sob\u00ed sebavedome a nad\u010dasovo, zatia\u013e \u010do vrstven\u00e9 \u0161n\u00farky s ru\u017eov\u00fdm detailom nar\u00fa\u0161aj\u00fa stroh\u00fa estetiku a prin\u00e1\u0161aj\u00fa vizu\u00e1lnu dynamiku bez straty elegancie. Dvojit\u00e9 \u0161n\u00farky vytv\u00e1raj\u00fa h\u013abku, \u0161trukt\u00faru a osobit\u00fd rukopis, v\u010faka ktor\u00e9mu sa tento p\u00e1r jasne odli\u0161uje od klasick\u00fdch Air Force 1. Celkov\u00fd vzh\u013ead zost\u00e1va vyv\u00e1\u017een\u00fd a \u013eahko kombinovate\u013en\u00fd, ale z\u00e1rove\u0148 dostato\u010dne v\u00fdrazn\u00fd, aby fungoval ako v\u00fdrazn\u00fd prvok outfitu. Zachovan\u00e1 je robustn\u00e1 kon\u0161trukcia s technol\u00f3giou Nike Air v podr\u00e1\u017eke, ktor\u00e1 zais\u0165uje komfort pri ka\u017edodennom nosen\u00ed. Tento custom model je ide\u00e1lnou vo\u013ebou pre t\u00fdch, ktor\u00ed chc\u00fa ikonick\u00fd tvar v tmavom preveden\u00ed, ale s jemn\u00fdm farebn\u00fdm akcentom a d\u00f4razom na detail.<\/p>\n<\/div>\n<\/div>\n<\/div>\n<\/div>\n<\/div>\n<\/div>\n","protected":false},"excerpt":{"rendered":"<p>Nike Air Force 1 Low \u201807 White Double Rope Laces White White v custom preveden\u00ed s dvojit\u00fdmi \u0161n\u00farkami v \u010dierno-ru\u017eovej kombin\u00e1cii sp\u00e1jaj\u00fa temn\u00fd, minimalistick\u00fd z\u00e1klad s jemne kontrastn\u00fdm akcentom, ktor\u00fd modelu dod\u00e1va ne\u010dakan\u00fa \u013eahkos\u0165 a modern\u00fd v\u00fdraz. \u010cierny ko\u017een\u00fd zvr\u0161ok p\u00f4sob\u00ed sebavedome a nad\u010dasovo, zatia\u013e \u010do vrstven\u00e9 \u0161n\u00farky s ru\u017eov\u00fdm detailom nar\u00fa\u0161aj\u00fa stroh\u00fa estetiku a [&hellip;]<\/p>\n","protected":false},"featured_media":83176,"template":"","meta":{"_acf_changed":false},"product_brand":[],"product_cat":[59,325,446],"product_tag":[552],"woo-feed-brand":[],"class_list":{"0":"post-83138","1":"product","2":"type-product","3":"status-publish","4":"has-post-thumbnail","6":"product_cat-tenisky","7":"product_cat-nike","8":"product_cat-rope-laces","9":"product_tag-novinky","11":"first","12":"onbackorder","13":"shipping-taxable","14":"purchasable","15":"product-type-variable"},"acf":[],"yoast_head":"<!-- This site is optimized with the Yoast SEO plugin v26.6 - https:\/\/yoast.com\/wordpress\/plugins\/seo\/ -->\n<title>NIKE AIR FORCE 1 LOW \u201807 WHITE DOUBLE ROPE LACES WHITE WHITE | Tekkies Store<\/title>\n<meta name=\"robots\" content=\"index, follow, max-snippet:-1, max-image-preview:large, max-video-preview:-1\" \/>\n<link rel=\"canonical\" href=\"https:\/\/www.tekkiesstore.cz\/sk\/produkt\/nike-air-force-1-low-07-white-double-rope-laces-white-white\/\" \/>\n<meta property=\"og:locale\" content=\"sk_SK\" \/>\n<meta property=\"og:type\" content=\"article\" \/>\n<meta property=\"og:title\" content=\"NIKE AIR FORCE 1 LOW \u201807 WHITE DOUBLE ROPE LACES WHITE WHITE | Tekkies Store\" \/>\n<meta property=\"og:description\" content=\"Nike Air Force 1 Low \u201807 White Double Rope Laces White White v custom preveden\u00ed s dvojit\u00fdmi \u0161n\u00farkami v \u010dierno-ru\u017eovej kombin\u00e1cii sp\u00e1jaj\u00fa temn\u00fd, minimalistick\u00fd z\u00e1klad s jemne kontrastn\u00fdm akcentom, ktor\u00fd modelu dod\u00e1va ne\u010dakan\u00fa \u013eahkos\u0165 a modern\u00fd v\u00fdraz. \u010cierny ko\u017een\u00fd zvr\u0161ok p\u00f4sob\u00ed sebavedome a nad\u010dasovo, zatia\u013e \u010do vrstven\u00e9 \u0161n\u00farky s ru\u017eov\u00fdm detailom nar\u00fa\u0161aj\u00fa stroh\u00fa estetiku a [&hellip;]\" \/>\n<meta property=\"og:url\" content=\"https:\/\/www.tekkiesstore.cz\/sk\/produkt\/nike-air-force-1-low-07-white-double-rope-laces-white-white\/\" \/>\n<meta property=\"og:site_name\" content=\"Tekkies Store\" \/>\n<meta property=\"article:publisher\" content=\"https:\/\/www.facebook.com\/profile.php?id=100090575808845\" \/>\n<meta property=\"article:modified_time\" content=\"2026-03-19T09:57:45+00:00\" \/>\n<meta property=\"og:image\" content=\"https:\/\/www.tekkiesstore.cz\/wp-content\/uploads\/2026\/03\/NIKE-AIR-FORCE-1-LOW-\u201807-WHITE-DOUBLE-ROPE-LACES-WHITE-WHITE.png\" \/>\n\t<meta property=\"og:image:width\" content=\"1024\" \/>\n\t<meta property=\"og:image:height\" content=\"768\" \/>\n\t<meta property=\"og:image:type\" content=\"image\/png\" \/>\n<meta name=\"twitter:card\" content=\"summary_large_image\" \/>\n<meta name=\"twitter:label1\" content=\"Predpokladan\u00fd \u010das \u010d\u00edtania\" \/>\n\t<meta name=\"twitter:data1\" content=\"1 min\u00fata\" \/>\n<script type=\"application\/ld+json\" class=\"yoast-schema-graph\">{\"@context\":\"https:\/\/schema.org\",\"@graph\":[{\"@type\":\"WebPage\",\"@id\":\"https:\/\/www.tekkiesstore.cz\/sk\/produkt\/nike-air-force-1-low-07-white-double-rope-laces-white-white\/\",\"url\":\"https:\/\/www.tekkiesstore.cz\/sk\/produkt\/nike-air-force-1-low-07-white-double-rope-laces-white-white\/\",\"name\":\"NIKE AIR FORCE 1 LOW \u201807 WHITE DOUBLE ROPE LACES WHITE WHITE | Tekkies Store\",\"isPartOf\":{\"@id\":\"https:\/\/www.tekkiesstore.cz\/#website\"},\"primaryImageOfPage\":{\"@id\":\"https:\/\/www.tekkiesstore.cz\/sk\/produkt\/nike-air-force-1-low-07-white-double-rope-laces-white-white\/#primaryimage\"},\"image\":{\"@id\":\"https:\/\/www.tekkiesstore.cz\/sk\/produkt\/nike-air-force-1-low-07-white-double-rope-laces-white-white\/#primaryimage\"},\"thumbnailUrl\":\"https:\/\/www.tekkiesstore.cz\/wp-content\/uploads\/2026\/03\/NIKE-AIR-FORCE-1-LOW-\u201807-WHITE-DOUBLE-ROPE-LACES-WHITE-WHITE.png\",\"datePublished\":\"2026-03-19T09:52:53+00:00\",\"dateModified\":\"2026-03-19T09:57:45+00:00\",\"breadcrumb\":{\"@id\":\"https:\/\/www.tekkiesstore.cz\/sk\/produkt\/nike-air-force-1-low-07-white-double-rope-laces-white-white\/#breadcrumb\"},\"inLanguage\":\"sk-SK\",\"potentialAction\":[{\"@type\":\"ReadAction\",\"target\":[\"https:\/\/www.tekkiesstore.cz\/sk\/produkt\/nike-air-force-1-low-07-white-double-rope-laces-white-white\/\"]}]},{\"@type\":\"ImageObject\",\"inLanguage\":\"sk-SK\",\"@id\":\"https:\/\/www.tekkiesstore.cz\/sk\/produkt\/nike-air-force-1-low-07-white-double-rope-laces-white-white\/#primaryimage\",\"url\":\"https:\/\/www.tekkiesstore.cz\/wp-content\/uploads\/2026\/03\/NIKE-AIR-FORCE-1-LOW-\u201807-WHITE-DOUBLE-ROPE-LACES-WHITE-WHITE.png\",\"contentUrl\":\"https:\/\/www.tekkiesstore.cz\/wp-content\/uploads\/2026\/03\/NIKE-AIR-FORCE-1-LOW-\u201807-WHITE-DOUBLE-ROPE-LACES-WHITE-WHITE.png\",\"width\":1024,\"height\":768,\"caption\":\"NIKE AIR FORCE 1 LOW \u201807 WHITE DOUBLE ROPE LACES WHITE WHITE\"},{\"@type\":\"BreadcrumbList\",\"@id\":\"https:\/\/www.tekkiesstore.cz\/sk\/produkt\/nike-air-force-1-low-07-white-double-rope-laces-white-white\/#breadcrumb\",\"itemListElement\":[{\"@type\":\"ListItem\",\"position\":1,\"name\":\"Home\",\"item\":\"https:\/\/www.tekkiesstore.cz\/sk\/\"},{\"@type\":\"ListItem\",\"position\":2,\"name\":\"Produkty\",\"item\":\"https:\/\/www.tekkiesstore.cz\/obchod\/\"},{\"@type\":\"ListItem\",\"position\":3,\"name\":\"NIKE AIR FORCE 1 LOW \u201807 WHITE DOUBLE ROPE LACES WHITE WHITE\"}]},{\"@type\":\"WebSite\",\"@id\":\"https:\/\/www.tekkiesstore.cz\/#website\",\"url\":\"https:\/\/www.tekkiesstore.cz\/\",\"name\":\"Tekkies Store\",\"description\":\"Zna\u010dkov\u00e9 tenisky &amp; oble\u010den\u00ed\",\"publisher\":{\"@id\":\"https:\/\/www.tekkiesstore.cz\/#organization\"},\"potentialAction\":[{\"@type\":\"SearchAction\",\"target\":{\"@type\":\"EntryPoint\",\"urlTemplate\":\"https:\/\/www.tekkiesstore.cz\/?s={search_term_string}\"},\"query-input\":{\"@type\":\"PropertyValueSpecification\",\"valueRequired\":true,\"valueName\":\"search_term_string\"}}],\"inLanguage\":\"sk-SK\"},{\"@type\":\"Organization\",\"@id\":\"https:\/\/www.tekkiesstore.cz\/#organization\",\"name\":\"Tekkies Store\",\"url\":\"https:\/\/www.tekkiesstore.cz\/\",\"logo\":{\"@type\":\"ImageObject\",\"inLanguage\":\"sk-SK\",\"@id\":\"https:\/\/www.tekkiesstore.cz\/#\/schema\/logo\/image\/\",\"url\":\"https:\/\/www.tekkiesstore.cz\/wp-content\/uploads\/2023\/11\/logo.png\",\"contentUrl\":\"https:\/\/www.tekkiesstore.cz\/wp-content\/uploads\/2023\/11\/logo.png\",\"width\":165,\"height\":58,\"caption\":\"Tekkies Store\"},\"image\":{\"@id\":\"https:\/\/www.tekkiesstore.cz\/#\/schema\/logo\/image\/\"},\"sameAs\":[\"https:\/\/www.facebook.com\/profile.php?id=100090575808845\"]}]}<\/script>\n<!-- \/ Yoast SEO plugin. -->","yoast_head_json":{"title":"NIKE AIR FORCE 1 LOW \u201807 WHITE DOUBLE ROPE LACES WHITE WHITE | Tekkies Store","robots":{"index":"index","follow":"follow","max-snippet":"max-snippet:-1","max-image-preview":"max-image-preview:large","max-video-preview":"max-video-preview:-1"},"canonical":"https:\/\/www.tekkiesstore.cz\/sk\/produkt\/nike-air-force-1-low-07-white-double-rope-laces-white-white\/","og_locale":"sk_SK","og_type":"article","og_title":"NIKE AIR FORCE 1 LOW \u201807 WHITE DOUBLE ROPE LACES WHITE WHITE | Tekkies Store","og_description":"Nike Air Force 1 Low \u201807 White Double Rope Laces White White v custom preveden\u00ed s dvojit\u00fdmi \u0161n\u00farkami v \u010dierno-ru\u017eovej kombin\u00e1cii sp\u00e1jaj\u00fa temn\u00fd, minimalistick\u00fd z\u00e1klad s jemne kontrastn\u00fdm akcentom, ktor\u00fd modelu dod\u00e1va ne\u010dakan\u00fa \u013eahkos\u0165 a modern\u00fd v\u00fdraz. \u010cierny ko\u017een\u00fd zvr\u0161ok p\u00f4sob\u00ed sebavedome a nad\u010dasovo, zatia\u013e \u010do vrstven\u00e9 \u0161n\u00farky s ru\u017eov\u00fdm detailom nar\u00fa\u0161aj\u00fa stroh\u00fa estetiku a [&hellip;]","og_url":"https:\/\/www.tekkiesstore.cz\/sk\/produkt\/nike-air-force-1-low-07-white-double-rope-laces-white-white\/","og_site_name":"Tekkies Store","article_publisher":"https:\/\/www.facebook.com\/profile.php?id=100090575808845","article_modified_time":"2026-03-19T09:57:45+00:00","og_image":[{"width":1024,"height":768,"url":"https:\/\/www.tekkiesstore.cz\/wp-content\/uploads\/2026\/03\/NIKE-AIR-FORCE-1-LOW-\u201807-WHITE-DOUBLE-ROPE-LACES-WHITE-WHITE.png","type":"image\/png"}],"twitter_card":"summary_large_image","twitter_misc":{"Predpokladan\u00fd \u010das \u010d\u00edtania":"1 min\u00fata"},"schema":{"@context":"https:\/\/schema.org","@graph":[{"@type":"WebPage","@id":"https:\/\/www.tekkiesstore.cz\/sk\/produkt\/nike-air-force-1-low-07-white-double-rope-laces-white-white\/","url":"https:\/\/www.tekkiesstore.cz\/sk\/produkt\/nike-air-force-1-low-07-white-double-rope-laces-white-white\/","name":"NIKE AIR FORCE 1 LOW \u201807 WHITE DOUBLE ROPE LACES WHITE WHITE | Tekkies Store","isPartOf":{"@id":"https:\/\/www.tekkiesstore.cz\/#website"},"primaryImageOfPage":{"@id":"https:\/\/www.tekkiesstore.cz\/sk\/produkt\/nike-air-force-1-low-07-white-double-rope-laces-white-white\/#primaryimage"},"image":{"@id":"https:\/\/www.tekkiesstore.cz\/sk\/produkt\/nike-air-force-1-low-07-white-double-rope-laces-white-white\/#primaryimage"},"thumbnailUrl":"https:\/\/www.tekkiesstore.cz\/wp-content\/uploads\/2026\/03\/NIKE-AIR-FORCE-1-LOW-\u201807-WHITE-DOUBLE-ROPE-LACES-WHITE-WHITE.png","datePublished":"2026-03-19T09:52:53+00:00","dateModified":"2026-03-19T09:57:45+00:00","breadcrumb":{"@id":"https:\/\/www.tekkiesstore.cz\/sk\/produkt\/nike-air-force-1-low-07-white-double-rope-laces-white-white\/#breadcrumb"},"inLanguage":"sk-SK","potentialAction":[{"@type":"ReadAction","target":["https:\/\/www.tekkiesstore.cz\/sk\/produkt\/nike-air-force-1-low-07-white-double-rope-laces-white-white\/"]}]},{"@type":"ImageObject","inLanguage":"sk-SK","@id":"https:\/\/www.tekkiesstore.cz\/sk\/produkt\/nike-air-force-1-low-07-white-double-rope-laces-white-white\/#primaryimage","url":"https:\/\/www.tekkiesstore.cz\/wp-content\/uploads\/2026\/03\/NIKE-AIR-FORCE-1-LOW-\u201807-WHITE-DOUBLE-ROPE-LACES-WHITE-WHITE.png","contentUrl":"https:\/\/www.tekkiesstore.cz\/wp-content\/uploads\/2026\/03\/NIKE-AIR-FORCE-1-LOW-\u201807-WHITE-DOUBLE-ROPE-LACES-WHITE-WHITE.png","width":1024,"height":768,"caption":"NIKE AIR FORCE 1 LOW \u201807 WHITE DOUBLE ROPE LACES WHITE WHITE"},{"@type":"BreadcrumbList","@id":"https:\/\/www.tekkiesstore.cz\/sk\/produkt\/nike-air-force-1-low-07-white-double-rope-laces-white-white\/#breadcrumb","itemListElement":[{"@type":"ListItem","position":1,"name":"Home","item":"https:\/\/www.tekkiesstore.cz\/sk\/"},{"@type":"ListItem","position":2,"name":"Produkty","item":"https:\/\/www.tekkiesstore.cz\/obchod\/"},{"@type":"ListItem","position":3,"name":"NIKE AIR FORCE 1 LOW \u201807 WHITE DOUBLE ROPE LACES WHITE WHITE"}]},{"@type":"WebSite","@id":"https:\/\/www.tekkiesstore.cz\/#website","url":"https:\/\/www.tekkiesstore.cz\/","name":"Tekkies Store","description":"Zna\u010dkov\u00e9 tenisky &amp; oble\u010den\u00ed","publisher":{"@id":"https:\/\/www.tekkiesstore.cz\/#organization"},"potentialAction":[{"@type":"SearchAction","target":{"@type":"EntryPoint","urlTemplate":"https:\/\/www.tekkiesstore.cz\/?s={search_term_string}"},"query-input":{"@type":"PropertyValueSpecification","valueRequired":true,"valueName":"search_term_string"}}],"inLanguage":"sk-SK"},{"@type":"Organization","@id":"https:\/\/www.tekkiesstore.cz\/#organization","name":"Tekkies Store","url":"https:\/\/www.tekkiesstore.cz\/","logo":{"@type":"ImageObject","inLanguage":"sk-SK","@id":"https:\/\/www.tekkiesstore.cz\/#\/schema\/logo\/image\/","url":"https:\/\/www.tekkiesstore.cz\/wp-content\/uploads\/2023\/11\/logo.png","contentUrl":"https:\/\/www.tekkiesstore.cz\/wp-content\/uploads\/2023\/11\/logo.png","width":165,"height":58,"caption":"Tekkies Store"},"image":{"@id":"https:\/\/www.tekkiesstore.cz\/#\/schema\/logo\/image\/"},"sameAs":["https:\/\/www.facebook.com\/profile.php?id=100090575808845"]}]}},"_links":{"self":[{"href":"https:\/\/www.tekkiesstore.cz\/sk\/wp-json\/wp\/v2\/product\/83138","targetHints":{"allow":["GET"]}}],"collection":[{"href":"https:\/\/www.tekkiesstore.cz\/sk\/wp-json\/wp\/v2\/product"}],"about":[{"href":"https:\/\/www.tekkiesstore.cz\/sk\/wp-json\/wp\/v2\/types\/product"}],"wp:featuredmedia":[{"embeddable":true,"href":"https:\/\/www.tekkiesstore.cz\/sk\/wp-json\/wp\/v2\/media\/83176"}],"wp:attachment":[{"href":"https:\/\/www.tekkiesstore.cz\/sk\/wp-json\/wp\/v2\/media?parent=83138"}],"wp:term":[{"taxonomy":"product_brand","embeddable":true,"href":"https:\/\/www.tekkiesstore.cz\/sk\/wp-json\/wp\/v2\/product_brand?post=83138"},{"taxonomy":"product_cat","embeddable":true,"href":"https:\/\/www.tekkiesstore.cz\/sk\/wp-json\/wp\/v2\/product_cat?post=83138"},{"taxonomy":"product_tag","embeddable":true,"href":"https:\/\/www.tekkiesstore.cz\/sk\/wp-json\/wp\/v2\/product_tag?post=83138"},{"taxonomy":"woo-feed-brand","embeddable":true,"href":"https:\/\/www.tekkiesstore.cz\/sk\/wp-json\/wp\/v2\/woo-feed-brand?post=83138"}],"curies":[{"name":"wp","href":"https:\/\/api.w.org\/{rel}","templated":true}]}}