{"id":84608,"date":"2026-04-26T09:23:35","date_gmt":"2026-04-26T09:23:35","guid":{"rendered":"https:\/\/www.tekkiesstore.cz\/?post_type=product&#038;p=84608"},"modified":"2026-04-26T09:39:49","modified_gmt":"2026-04-26T09:39:49","slug":"nike-air-max-plus-white","status":"publish","type":"product","link":"https:\/\/www.tekkiesstore.cz\/sk\/produkt\/nike-air-max-plus-white\/","title":{"rendered":"NIKE AIR MAX PLUS WHITE"},"content":{"rendered":"<p><strong>Nike Air Max Plus White<\/strong> patria medzi najikonickej\u0161ie modely tenisiek, ktor\u00e9 sp\u00e1jaj\u00fa futuristick\u00fd dizajn a \u0161pi\u010dkov\u00fa technol\u00f3giu odpru\u017eenia. Tento model, p\u00f4vodne navrhnut\u00fd v roku 1998, je dodnes symbolom streetwearovej kult\u00fary a ka\u017edodenn\u00e9ho pohodlia.<\/p>\n<p>V\u010faka technol\u00f3gii <strong>Tuned Air<\/strong> poskytuj\u00fa top\u00e1nky cielen\u00e9 tlmenie n\u00e1razov a stabilitu pri ka\u017edom kroku. Priedu\u0161n\u00fd sie\u0165ovan\u00fd zvr\u0161ok zais\u0165uje optim\u00e1lnu ventil\u00e1ciu, zatia\u013e \u010do charakteristick\u00e9 vlny z TPU dod\u00e1vaj\u00fa top\u00e1nkam nezamenite\u013en\u00fd vzh\u013ead aj pevnos\u0165.<\/p>\n","protected":false},"excerpt":{"rendered":"<p>Nike Air Max Plus White patria medzi najikonickej\u0161ie modely tenisiek, ktor\u00e9 sp\u00e1jaj\u00fa futuristick\u00fd dizajn a \u0161pi\u010dkov\u00fa technol\u00f3giu odpru\u017eenia. Tento model, p\u00f4vodne navrhnut\u00fd v roku 1998, je dodnes symbolom streetwearovej kult\u00fary a ka\u017edodenn\u00e9ho pohodlia. V\u010faka technol\u00f3gii Tuned Air poskytuj\u00fa top\u00e1nky cielen\u00e9 tlmenie n\u00e1razov a stabilitu pri ka\u017edom kroku. Priedu\u0161n\u00fd sie\u0165ovan\u00fd zvr\u0161ok zais\u0165uje optim\u00e1lnu ventil\u00e1ciu, zatia\u013e \u010do [&hellip;]<\/p>\n","protected":false},"featured_media":84639,"template":"","meta":{"_acf_changed":false},"product_brand":[],"product_cat":[59,325,563],"product_tag":[],"woo-feed-brand":[],"class_list":{"0":"post-84608","1":"product","2":"type-product","3":"status-publish","4":"has-post-thumbnail","6":"product_cat-tenisky","7":"product_cat-nike","8":"product_cat-nike-air-max","10":"first","11":"onbackorder","12":"shipping-taxable","13":"purchasable","14":"product-type-variable"},"acf":[],"yoast_head":"<!-- This site is optimized with the Yoast SEO plugin v26.6 - https:\/\/yoast.com\/wordpress\/plugins\/seo\/ -->\n<title>Nike Air Max Plus White | Tekkies Store<\/title>\n<meta name=\"description\" content=\"Nike Air Max Plus White (TN) \u2013 ikonick\u00e9 b\u00edl\u00e9 sneakers s technologi\u00ed Tuned Air pro maxim\u00e1ln\u00ed pohodl\u00ed. Stylov\u00fd streetwear model\" \/>\n<meta name=\"robots\" content=\"index, follow, max-snippet:-1, max-image-preview:large, max-video-preview:-1\" \/>\n<link rel=\"canonical\" href=\"https:\/\/www.tekkiesstore.cz\/sk\/produkt\/nike-air-max-plus-white\/\" \/>\n<meta property=\"og:locale\" content=\"sk_SK\" \/>\n<meta property=\"og:type\" content=\"article\" \/>\n<meta property=\"og:title\" content=\"Nike Air Max Plus White | Tekkies Store\" \/>\n<meta property=\"og:description\" content=\"Nike Air Max Plus White (TN) \u2013 ikonick\u00e9 b\u00edl\u00e9 sneakers s technologi\u00ed Tuned Air pro maxim\u00e1ln\u00ed pohodl\u00ed. Stylov\u00fd streetwear model\" \/>\n<meta property=\"og:url\" content=\"https:\/\/www.tekkiesstore.cz\/sk\/produkt\/nike-air-max-plus-white\/\" \/>\n<meta property=\"og:site_name\" content=\"Tekkies Store\" \/>\n<meta property=\"article:publisher\" content=\"https:\/\/www.facebook.com\/profile.php?id=100090575808845\" \/>\n<meta property=\"article:modified_time\" content=\"2026-04-26T09:39:49+00:00\" \/>\n<meta property=\"og:image\" content=\"https:\/\/www.tekkiesstore.cz\/wp-content\/uploads\/2026\/04\/Nike-Air-Max-Plus-White.webp\" \/>\n\t<meta property=\"og:image:width\" content=\"700\" \/>\n\t<meta property=\"og:image:height\" content=\"420\" \/>\n\t<meta property=\"og:image:type\" content=\"image\/webp\" \/>\n<meta name=\"twitter:card\" content=\"summary_large_image\" \/>\n<meta name=\"twitter:label1\" content=\"Predpokladan\u00fd \u010das \u010d\u00edtania\" \/>\n\t<meta name=\"twitter:data1\" content=\"1 min\u00fata\" \/>\n<script type=\"application\/ld+json\" class=\"yoast-schema-graph\">{\"@context\":\"https:\/\/schema.org\",\"@graph\":[{\"@type\":\"WebPage\",\"@id\":\"https:\/\/www.tekkiesstore.cz\/sk\/produkt\/nike-air-max-plus-white\/\",\"url\":\"https:\/\/www.tekkiesstore.cz\/sk\/produkt\/nike-air-max-plus-white\/\",\"name\":\"Nike Air Max Plus White | Tekkies Store\",\"isPartOf\":{\"@id\":\"https:\/\/www.tekkiesstore.cz\/#website\"},\"primaryImageOfPage\":{\"@id\":\"https:\/\/www.tekkiesstore.cz\/sk\/produkt\/nike-air-max-plus-white\/#primaryimage\"},\"image\":{\"@id\":\"https:\/\/www.tekkiesstore.cz\/sk\/produkt\/nike-air-max-plus-white\/#primaryimage\"},\"thumbnailUrl\":\"https:\/\/www.tekkiesstore.cz\/wp-content\/uploads\/2026\/04\/Nike-Air-Max-Plus-White.webp\",\"datePublished\":\"2026-04-26T09:23:35+00:00\",\"dateModified\":\"2026-04-26T09:39:49+00:00\",\"description\":\"Nike Air Max Plus White (TN) \u2013 ikonick\u00e9 b\u00edl\u00e9 sneakers s technologi\u00ed Tuned Air pro maxim\u00e1ln\u00ed pohodl\u00ed. Stylov\u00fd streetwear model\",\"breadcrumb\":{\"@id\":\"https:\/\/www.tekkiesstore.cz\/sk\/produkt\/nike-air-max-plus-white\/#breadcrumb\"},\"inLanguage\":\"sk-SK\",\"potentialAction\":[{\"@type\":\"ReadAction\",\"target\":[\"https:\/\/www.tekkiesstore.cz\/sk\/produkt\/nike-air-max-plus-white\/\"]}]},{\"@type\":\"ImageObject\",\"inLanguage\":\"sk-SK\",\"@id\":\"https:\/\/www.tekkiesstore.cz\/sk\/produkt\/nike-air-max-plus-white\/#primaryimage\",\"url\":\"https:\/\/www.tekkiesstore.cz\/wp-content\/uploads\/2026\/04\/Nike-Air-Max-Plus-White.webp\",\"contentUrl\":\"https:\/\/www.tekkiesstore.cz\/wp-content\/uploads\/2026\/04\/Nike-Air-Max-Plus-White.webp\",\"width\":700,\"height\":420},{\"@type\":\"BreadcrumbList\",\"@id\":\"https:\/\/www.tekkiesstore.cz\/sk\/produkt\/nike-air-max-plus-white\/#breadcrumb\",\"itemListElement\":[{\"@type\":\"ListItem\",\"position\":1,\"name\":\"Home\",\"item\":\"https:\/\/www.tekkiesstore.cz\/sk\/\"},{\"@type\":\"ListItem\",\"position\":2,\"name\":\"Produkty\",\"item\":\"https:\/\/www.tekkiesstore.cz\/obchod\/\"},{\"@type\":\"ListItem\",\"position\":3,\"name\":\"NIKE AIR MAX PLUS WHITE\"}]},{\"@type\":\"WebSite\",\"@id\":\"https:\/\/www.tekkiesstore.cz\/#website\",\"url\":\"https:\/\/www.tekkiesstore.cz\/\",\"name\":\"Tekkies Store\",\"description\":\"Zna\u010dkov\u00e9 tenisky &amp; oble\u010den\u00ed\",\"publisher\":{\"@id\":\"https:\/\/www.tekkiesstore.cz\/#organization\"},\"potentialAction\":[{\"@type\":\"SearchAction\",\"target\":{\"@type\":\"EntryPoint\",\"urlTemplate\":\"https:\/\/www.tekkiesstore.cz\/?s={search_term_string}\"},\"query-input\":{\"@type\":\"PropertyValueSpecification\",\"valueRequired\":true,\"valueName\":\"search_term_string\"}}],\"inLanguage\":\"sk-SK\"},{\"@type\":\"Organization\",\"@id\":\"https:\/\/www.tekkiesstore.cz\/#organization\",\"name\":\"Tekkies Store\",\"url\":\"https:\/\/www.tekkiesstore.cz\/\",\"logo\":{\"@type\":\"ImageObject\",\"inLanguage\":\"sk-SK\",\"@id\":\"https:\/\/www.tekkiesstore.cz\/#\/schema\/logo\/image\/\",\"url\":\"https:\/\/www.tekkiesstore.cz\/wp-content\/uploads\/2023\/11\/logo.png\",\"contentUrl\":\"https:\/\/www.tekkiesstore.cz\/wp-content\/uploads\/2023\/11\/logo.png\",\"width\":165,\"height\":58,\"caption\":\"Tekkies Store\"},\"image\":{\"@id\":\"https:\/\/www.tekkiesstore.cz\/#\/schema\/logo\/image\/\"},\"sameAs\":[\"https:\/\/www.facebook.com\/profile.php?id=100090575808845\"]}]}<\/script>\n<!-- \/ Yoast SEO plugin. -->","yoast_head_json":{"title":"Nike Air Max Plus White | Tekkies Store","description":"Nike Air Max Plus White (TN) \u2013 ikonick\u00e9 b\u00edl\u00e9 sneakers s technologi\u00ed Tuned Air pro maxim\u00e1ln\u00ed pohodl\u00ed. Stylov\u00fd streetwear model","robots":{"index":"index","follow":"follow","max-snippet":"max-snippet:-1","max-image-preview":"max-image-preview:large","max-video-preview":"max-video-preview:-1"},"canonical":"https:\/\/www.tekkiesstore.cz\/sk\/produkt\/nike-air-max-plus-white\/","og_locale":"sk_SK","og_type":"article","og_title":"Nike Air Max Plus White | Tekkies Store","og_description":"Nike Air Max Plus White (TN) \u2013 ikonick\u00e9 b\u00edl\u00e9 sneakers s technologi\u00ed Tuned Air pro maxim\u00e1ln\u00ed pohodl\u00ed. Stylov\u00fd streetwear model","og_url":"https:\/\/www.tekkiesstore.cz\/sk\/produkt\/nike-air-max-plus-white\/","og_site_name":"Tekkies Store","article_publisher":"https:\/\/www.facebook.com\/profile.php?id=100090575808845","article_modified_time":"2026-04-26T09:39:49+00:00","og_image":[{"width":700,"height":420,"url":"https:\/\/www.tekkiesstore.cz\/wp-content\/uploads\/2026\/04\/Nike-Air-Max-Plus-White.webp","type":"image\/webp"}],"twitter_card":"summary_large_image","twitter_misc":{"Predpokladan\u00fd \u010das \u010d\u00edtania":"1 min\u00fata"},"schema":{"@context":"https:\/\/schema.org","@graph":[{"@type":"WebPage","@id":"https:\/\/www.tekkiesstore.cz\/sk\/produkt\/nike-air-max-plus-white\/","url":"https:\/\/www.tekkiesstore.cz\/sk\/produkt\/nike-air-max-plus-white\/","name":"Nike Air Max Plus White | Tekkies Store","isPartOf":{"@id":"https:\/\/www.tekkiesstore.cz\/#website"},"primaryImageOfPage":{"@id":"https:\/\/www.tekkiesstore.cz\/sk\/produkt\/nike-air-max-plus-white\/#primaryimage"},"image":{"@id":"https:\/\/www.tekkiesstore.cz\/sk\/produkt\/nike-air-max-plus-white\/#primaryimage"},"thumbnailUrl":"https:\/\/www.tekkiesstore.cz\/wp-content\/uploads\/2026\/04\/Nike-Air-Max-Plus-White.webp","datePublished":"2026-04-26T09:23:35+00:00","dateModified":"2026-04-26T09:39:49+00:00","description":"Nike Air Max Plus White (TN) \u2013 ikonick\u00e9 b\u00edl\u00e9 sneakers s technologi\u00ed Tuned Air pro maxim\u00e1ln\u00ed pohodl\u00ed. Stylov\u00fd streetwear model","breadcrumb":{"@id":"https:\/\/www.tekkiesstore.cz\/sk\/produkt\/nike-air-max-plus-white\/#breadcrumb"},"inLanguage":"sk-SK","potentialAction":[{"@type":"ReadAction","target":["https:\/\/www.tekkiesstore.cz\/sk\/produkt\/nike-air-max-plus-white\/"]}]},{"@type":"ImageObject","inLanguage":"sk-SK","@id":"https:\/\/www.tekkiesstore.cz\/sk\/produkt\/nike-air-max-plus-white\/#primaryimage","url":"https:\/\/www.tekkiesstore.cz\/wp-content\/uploads\/2026\/04\/Nike-Air-Max-Plus-White.webp","contentUrl":"https:\/\/www.tekkiesstore.cz\/wp-content\/uploads\/2026\/04\/Nike-Air-Max-Plus-White.webp","width":700,"height":420},{"@type":"BreadcrumbList","@id":"https:\/\/www.tekkiesstore.cz\/sk\/produkt\/nike-air-max-plus-white\/#breadcrumb","itemListElement":[{"@type":"ListItem","position":1,"name":"Home","item":"https:\/\/www.tekkiesstore.cz\/sk\/"},{"@type":"ListItem","position":2,"name":"Produkty","item":"https:\/\/www.tekkiesstore.cz\/obchod\/"},{"@type":"ListItem","position":3,"name":"NIKE AIR MAX PLUS WHITE"}]},{"@type":"WebSite","@id":"https:\/\/www.tekkiesstore.cz\/#website","url":"https:\/\/www.tekkiesstore.cz\/","name":"Tekkies Store","description":"Zna\u010dkov\u00e9 tenisky &amp; oble\u010den\u00ed","publisher":{"@id":"https:\/\/www.tekkiesstore.cz\/#organization"},"potentialAction":[{"@type":"SearchAction","target":{"@type":"EntryPoint","urlTemplate":"https:\/\/www.tekkiesstore.cz\/?s={search_term_string}"},"query-input":{"@type":"PropertyValueSpecification","valueRequired":true,"valueName":"search_term_string"}}],"inLanguage":"sk-SK"},{"@type":"Organization","@id":"https:\/\/www.tekkiesstore.cz\/#organization","name":"Tekkies Store","url":"https:\/\/www.tekkiesstore.cz\/","logo":{"@type":"ImageObject","inLanguage":"sk-SK","@id":"https:\/\/www.tekkiesstore.cz\/#\/schema\/logo\/image\/","url":"https:\/\/www.tekkiesstore.cz\/wp-content\/uploads\/2023\/11\/logo.png","contentUrl":"https:\/\/www.tekkiesstore.cz\/wp-content\/uploads\/2023\/11\/logo.png","width":165,"height":58,"caption":"Tekkies Store"},"image":{"@id":"https:\/\/www.tekkiesstore.cz\/#\/schema\/logo\/image\/"},"sameAs":["https:\/\/www.facebook.com\/profile.php?id=100090575808845"]}]}},"_links":{"self":[{"href":"https:\/\/www.tekkiesstore.cz\/sk\/wp-json\/wp\/v2\/product\/84608","targetHints":{"allow":["GET"]}}],"collection":[{"href":"https:\/\/www.tekkiesstore.cz\/sk\/wp-json\/wp\/v2\/product"}],"about":[{"href":"https:\/\/www.tekkiesstore.cz\/sk\/wp-json\/wp\/v2\/types\/product"}],"wp:featuredmedia":[{"embeddable":true,"href":"https:\/\/www.tekkiesstore.cz\/sk\/wp-json\/wp\/v2\/media\/84639"}],"wp:attachment":[{"href":"https:\/\/www.tekkiesstore.cz\/sk\/wp-json\/wp\/v2\/media?parent=84608"}],"wp:term":[{"taxonomy":"product_brand","embeddable":true,"href":"https:\/\/www.tekkiesstore.cz\/sk\/wp-json\/wp\/v2\/product_brand?post=84608"},{"taxonomy":"product_cat","embeddable":true,"href":"https:\/\/www.tekkiesstore.cz\/sk\/wp-json\/wp\/v2\/product_cat?post=84608"},{"taxonomy":"product_tag","embeddable":true,"href":"https:\/\/www.tekkiesstore.cz\/sk\/wp-json\/wp\/v2\/product_tag?post=84608"},{"taxonomy":"woo-feed-brand","embeddable":true,"href":"https:\/\/www.tekkiesstore.cz\/sk\/wp-json\/wp\/v2\/woo-feed-brand?post=84608"}],"curies":[{"name":"wp","href":"https:\/\/api.w.org\/{rel}","templated":true}]}}